{"id":192,"date":"2018-12-17T10:24:46","date_gmt":"2018-12-17T12:24:46","guid":{"rendered":"https:\/\/www.ufsm.br\/cursos\/graduacao\/santa-maria\/ciencias-contabeis\/?page_id=192"},"modified":"2018-12-17T10:24:47","modified_gmt":"2018-12-17T12:24:47","slug":"premiacoes","status":"publish","type":"page","link":"https:\/\/www.ufsm.br\/cursos\/graduacao\/santa-maria\/ciencias-contabeis\/premiacoes","title":{"rendered":"Premia\u00e7\u00f5es"},"content":{"rendered":"<p>Crit\u00e9rios para a escolha de formandos a serem agraciados pelo Pr\u00eamios \u201cDistin\u00e7\u00e3o CACISM\u201d e \u201cDIPLOMA DE M\u00c9RITO\u201d<\/p>\n<p>Ser\u00e3o escolhidos 2 alunos sem reprova\u00e7\u00f5es que obtiverem a melhor nota atrav\u00e9s dos seguintes crit\u00e9rios: maior media em disciplinas obrigat\u00f3rias de contabilidade com peso 5, o TCCC com peso 2 e as ACGs com peso 3. Para isto o n\u00famero de ACGs ser\u00e1 convertido em nota de zero a dez e para fins desta convers\u00e3o ser\u00e1 atribu\u00edda a nota dez ao candidato com maior n\u00famero de ACGs entre todos os formandos. Para todos os demais formandos aplica-se a regra de tr\u00eas simples para atribui\u00e7\u00e3o da nota nas ACGs. O aluno que obtiver a melhor nota atrav\u00e9s da soma destes crit\u00e9rios receber\u00e1 o pr\u00eamio \u201cDIPLOMA DE M\u00c9RITO\u201d oferecido pelo CRC-RS e o aluno que obtiver a segunda melhor nota atrav\u00e9s destes crit\u00e9rios, receber\u00e1 o pr\u00eamio \u201cDistin\u00e7\u00e3o CACISM\u201d oferecido pela CACISM.<\/p>\n","protected":false},"excerpt":{"rendered":"<p>Crit\u00e9rios para a escolha de formandos a serem agraciados pelo Pr\u00eamios \u201cDistin\u00e7\u00e3o CACISM\u201d e \u201cDIPLOMA DE M\u00c9RITO\u201d Ser\u00e3o escolhidos 2 alunos sem reprova\u00e7\u00f5es que obtiverem a melhor nota atrav\u00e9s dos seguintes crit\u00e9rios: maior media em disciplinas obrigat\u00f3rias de contabilidade com peso 5, o TCCC com peso 2 e as ACGs com peso 3. Para isto [&hellip;]<\/p>\n","protected":false},"author":115,"featured_media":0,"parent":0,"menu_order":0,"comment_status":"closed","ping_status":"closed","template":"","meta":{"footnotes":""},"categories":[],"tags":[],"class_list":["post-192","page","type-page","status-publish","hentry"],"acf":[],"_links":{"self":[{"href":"https:\/\/www.ufsm.br\/cursos\/graduacao\/santa-maria\/ciencias-contabeis\/wp-json\/wp\/v2\/pages\/192","targetHints":{"allow":["GET"]}}],"collection":[{"href":"https:\/\/www.ufsm.br\/cursos\/graduacao\/santa-maria\/ciencias-contabeis\/wp-json\/wp\/v2\/pages"}],"about":[{"href":"https:\/\/www.ufsm.br\/cursos\/graduacao\/santa-maria\/ciencias-contabeis\/wp-json\/wp\/v2\/types\/page"}],"author":[{"embeddable":true,"href":"https:\/\/www.ufsm.br\/cursos\/graduacao\/santa-maria\/ciencias-contabeis\/wp-json\/wp\/v2\/users\/115"}],"replies":[{"embeddable":true,"href":"https:\/\/www.ufsm.br\/cursos\/graduacao\/santa-maria\/ciencias-contabeis\/wp-json\/wp\/v2\/comments?post=192"}],"version-history":[{"count":0,"href":"https:\/\/www.ufsm.br\/cursos\/graduacao\/santa-maria\/ciencias-contabeis\/wp-json\/wp\/v2\/pages\/192\/revisions"}],"wp:attachment":[{"href":"https:\/\/www.ufsm.br\/cursos\/graduacao\/santa-maria\/ciencias-contabeis\/wp-json\/wp\/v2\/media?parent=192"}],"wp:term":[{"taxonomy":"category","embeddable":true,"href":"https:\/\/www.ufsm.br\/cursos\/graduacao\/santa-maria\/ciencias-contabeis\/wp-json\/wp\/v2\/categories?post=192"},{"taxonomy":"post_tag","embeddable":true,"href":"https:\/\/www.ufsm.br\/cursos\/graduacao\/santa-maria\/ciencias-contabeis\/wp-json\/wp\/v2\/tags?post=192"}],"curies":[{"name":"wp","href":"https:\/\/api.w.org\/{rel}","templated":true}]}}