{"id":2180,"date":"2022-06-03T13:51:01","date_gmt":"2022-06-03T16:51:01","guid":{"rendered":"https:\/\/www.ufsm.br\/cursos\/graduacao\/santa-maria\/ciencias-contabeis\/?page_id=2180"},"modified":"2024-07-16T13:48:17","modified_gmt":"2024-07-16T16:48:17","slug":"perguntas-e-respostas","status":"publish","type":"page","link":"https:\/\/www.ufsm.br\/cursos\/graduacao\/santa-maria\/ciencias-contabeis\/perguntas-e-respostas","title":{"rendered":"Perguntas e Respostas"},"content":{"rendered":"\n<h2 class=\"wp-block-heading\">Perguntas e Respostas:<\/h2>\n\n\n\n<p><a><strong>1. Meu curso de origem \u00e9 Ci\u00eancias Cont\u00e1beis diurno, posso me matricular em mat\u00e9rias no turno da noite?<\/strong><\/a><\/p>\n\n\n\n<p>Sim, desde que haja vaga na disciplina e  que esteja matriculado em pelo menos 180h no curso diurno.<\/p>\n\n\n\n<p><a><strong>2. Qual o per\u00edodo eu posso solicitar disciplina no turno inverso?<\/strong><\/a><\/p>\n\n\n\n<p>(Lembrando que Cont\u00e1beis Diurno e Noturno s\u00e3o dois cursos, n\u00e3o apenas turnos inversos)<\/p>\n\n\n\n<p>Para tentar matr\u00edcula em disciplinas de outro turno ser\u00e1 <strong>,via portal do aluno<\/strong>, no periodo normal de solicita\u00e7\u00e3o de matr\u00edcula que consta no calend\u00e1rio acad\u00eamico.&nbsp;&nbsp;<\/p>\n\n\n\n<p><a><strong>3. Como fa\u00e7o para trocar meu Curso que \u00e9 Diurno para o Noturno?<\/strong><\/a><\/p>\n\n\n\n<p>Para trocar de curso existem 3 formas:<\/p>\n\n\n\n<p>1\u00ba) Atrav\u00e9s do edital de ingresso\/reingresso. (As datas de divulga\u00e7\u00e3o est\u00e3o no calend\u00e1rio acad\u00eamico)<\/p>\n\n\n\n<p>2\u00ba) Via &nbsp;SiSU ou;<\/p>\n\n\n\n<p>3\u00ba) Edital de vagas remanescentes (verificar no site da UFSM).<\/p>\n\n\n\n<p><a><strong>4. Posso cursar DCG durante o TCCC?<\/strong><\/a><\/p>\n\n\n\n<p>Sim, DCGs podem ser cursadas junto com o TCCC.<\/p>\n\n\n\n<p><a><strong>5. Como fa\u00e7o para solicitar o registro de ACGs?<\/strong><\/a><\/p>\n\n\n\n<p>A Coordena\u00e7\u00e3o, por enquanto, optou por n\u00e3o utilizar o Portal do Aluno. Ent\u00e3o disponibilizamos um link para anexar os comprovantes, quando o aluno est\u00e1 matriculado no Projeto ou&nbsp; no TCCC.<\/p>\n\n\n\n<p><a><strong>6. Onde encontro a informa\u00e7\u00e3o sobre o que \u00e9 v\u00e1lido como ACG?<\/strong><\/a><\/p>\n\n\n\n<p>No site do curso voc\u00ea encontra a rela\u00e7\u00e3o das ACGs aceitas aprovadas pelo Colegiado. (<a href=\"https:\/\/www.ufsm.br\/cursos\/graduacao\/santa-maria\/ciencias-contabeis\/normas-de-acg\/\">ACG \u2013 Curso e Ci\u00eancias Cont\u00e1beis<\/a>)<\/p>\n\n\n\n<p><a><strong>7. Estou indo para o 4\u00ba semestre, eu posso fazer uma DCG do 8\u00ba semestre?<\/strong><\/a><\/p>\n\n\n\n<p>Sim, se voc\u00ea tiver os pr\u00e9-requisitos, pode fazer DCG de qualquer semestre.<\/p>\n\n\n\n<p><a><strong>8. Gostaria de saber em quantas cadeiras do diurno eu preciso me matricular para manter o v\u00ednculo com a UFSM?<\/strong><\/a><\/p>\n\n\n\n<p>A carga hor\u00e1ria m\u00ednima exigida no curso de origem \u00e9 180h. <\/p>\n\n\n\n<p><a><strong>9. O fato de eu estar matriculada em disciplina de outro semestre, que n\u00e3o o 9\u00ba, vai ser rejeitada minha solicita\u00e7\u00e3o de matr\u00edcula no Projeto de TCCC? O que devo fazer?<\/strong><\/a><\/p>\n\n\n\n<p>Sim, o sistema vai recusar.&nbsp; Voc\u00ea dever\u00e1 mandar um e-mail para graduacao74c.ccsh@ufsm.br, solicitando a matr\u00edcula em projeto de TCCC e anexando o comprovante de matricula &nbsp;onde conste todas as disciplinas que te faltam.<\/p>\n\n\n\n<p>10. <a><a><strong style=\"font-weight: bold\">Como fa\u00e7o para solicitar aproveitamento de disciplinas?<\/strong><\/a><\/a><\/p>\n\n\n\n<p>Deve solicitar via Portal do Aluno. Conforme o <a href=\"http:\/\/coral.ufsm.br\/derca\/images\/Tutorial_Dispensa_-_Aluno.pdf\">tutorial de dispensa de disciplina<\/a>.<\/p>\n\n\n\n<p><a><strong>11. Como fa\u00e7o para me matricular em disciplina do primeiro semestre?<\/strong><\/a><\/p>\n\n\n\n<p>As disciplinas s\u00e3o do 1\u00b0 semestre s\u00e3o de prefer\u00eancia dos Calouros. Fique atento ao site que todo semestre \u00e9 disponibilizado um formul\u00e1rio online para solicitar essas disciplinas. Por\u00e9m essas matr\u00edculas s\u00e3o efetuadas somente ap\u00f3s a chamada de todos os calouros e de acordo com vagas que sobram.<\/p>\n\n\n\n<p><a><strong>12. Calouros s\u00e3o matriculados automaticamente em todas a s cadeiras do primeiro semestre, para trancar total \u00e9 s\u00f3 solicitar no per\u00edodo o trancamento?<\/strong><\/a><\/p>\n\n\n\n<p>Sim, j\u00e1 pode realizar o trancamento pelo portal. Por\u00e9m nossa orienta\u00e7\u00e3o \u00e9 para que o aluno do 1\u00ba semestre cumpra todas as disciplinas que estiver matriculado, pois s\u00e3o cadeiras dif\u00edceis de conseguir vaga nos semestres seguintes (Ver pergunta 11)<\/p>\n\n\n\n<p><a><strong>13. Qual o per\u00edodo de trancamento de curso?<\/strong><\/a><\/p>\n\n\n\n<p>Ver no calend\u00e1rio acad\u00eamico.<\/p>\n\n\n\n<p><a><strong>14. Posso cursar disciplina em outra institui\u00e7\u00e3o enquanto tenho v\u00ednculo ativo no curso  e solicitar aproveitamento?<\/strong><\/a><\/p>\n\n\n\n<p>Para cursar uma disciplina em outra institui\u00e7\u00e3o e posteriormente solicitar o aproveitamento no curso de Ci\u00eancias Cont\u00e1beis da UFSM, \u00e9 necess\u00e1rio preencher este formul\u00e1rio, avisar a coordena\u00e7\u00e3o via email:&nbsp;<a href=\"mailto:coordcontabeis.ccsh@ufsm.br\">coordcontabeis.ccsh@ufsm.br<\/a>&nbsp;e aguardar o retorno. Clique no link&nbsp;<a href=\"https:\/\/forms.gle\/CPpk6bKuy2wbtrhX9\">AUTORIZA\u00c7\u00c3O PARA CURSAR DISCIPLINA FORA DA UFSM<\/a>&nbsp;para abrir o formul\u00e1rio.<\/p>\n\n\n\n<p><a><strong>15. Onde me informo sobre disciplinas ofertadas em outros cursos?<\/strong><\/a><\/p>\n\n\n\n<p>Disciplinas em outros cursos da UFSM e\/ou saldo de vaga em disciplinas podem ser consultados no site dos cursos.<\/p>\n\n\n\n<p><a><strong>16. Solicitei uma disciplina no Portal do Aluno, como vou saber se foi aceita?<\/strong><\/a><\/p>\n\n\n\n<p>\u00c9 responsabilidade do estudante verificar se as solicita\u00e7\u00f5es de matr\u00edcula e seus ajustes foram aceitas pelo sistema, consultando o Hist\u00f3rico Escolar ou o comprovante de matr\u00edcula. \u00c9 preciso atentar para as datas de processamento de matr\u00edcula web, em especial, no per\u00edodo de ajuste. Os processamentos de matr\u00edcula s\u00e3o realizados pelo CPD..<\/p>\n\n\n\n<p><a><strong>17. Como \u00e9 calculado o ranking dos alunos?<\/strong><\/a><\/p>\n\n\n\n<p>O crit\u00e9rio de processamento das solicita\u00e7\u00f5es de matr\u00edcula \u00e9 baseado no \u00cdndice de Desempenho Acad\u00eamico de cada aluno (cuja f\u00f3rmula de c\u00e1lculo est\u00e1 dispon\u00edvel no hist\u00f3rico escolar do Portal do Aluno), mais alguns b\u00f4nus conforme a situa\u00e7\u00e3o de cada aluno em rela\u00e7\u00e3o \u00e0 disciplina solicitada.<\/p>\n\n\n\n<p>Ent\u00e3o, o \u00edndice de desempenho acad\u00eamico \u00e9 a \u201cnota de partida\u201d de cada aluno e conforme a sua situa\u00e7\u00e3o em rela\u00e7\u00e3o \u00e0 disciplina solicitada s\u00e3o atribu\u00eddos b\u00f4nus. Esse resultado \u00e9 o ranking de prioridade por disciplina solicitada na hora do processamento dos pedidos.<\/p>\n\n\n\n<p>Os b\u00f4nus s\u00e3o de 30.000 a 50.000 pontos a mais sobre o \u00cdndice de Desempenho Acad\u00eamico se:<\/p>\n\n\n\n<p>1) \u00e9 aluno do Curso;<\/p>\n\n\n\n<p>2) est\u00e1 no mesmo semestre da disciplina solicitada;<\/p>\n\n\n\n<p>3) se est\u00e1 seguindo a sequ\u00eancia aconselhada do PPC;<\/p>\n\n\n\n<p>4) \u00e9 formando;<\/p>\n\n\n\n<p>5) \u00e9 aluno do mesmo Centro do Curso que est\u00e1 ofertando a disciplina.<\/p>\n\n\n\n<p><a><strong>18. Como fa\u00e7o para abonar faltas?<\/strong><\/a><\/p>\n\n\n\n<p>Conforme o Guia acad\u00eamico 2019, p\u00e1g. 29, o abono de faltas&nbsp;\u00e9 expressamente vedado, exceto quando amparado pela Lei N. 4.375\/64, pelo Decreto-Lei N.&nbsp;715\/69 e pelo Decreto N. 80.228\/77.&nbsp;<\/p>\n\n\n\n<p>Em caso de atestado m\u00e9dico, as orienta\u00e7\u00f5es est\u00e3o no Guia acad\u00eamico em:<\/p>\n\n\n\n<p>Regime de exerc\u00edcios domiciliares para afastamento superior a 5 dias \u2026\u2026\u2026\u2026\u2026\u2026\u2026\u2026\u2026\u2026 45&nbsp;<\/p>\n\n\n\n<p>Regime de exerc\u00edcios domiciliares para alunas gestantes \u2026\u2026\u2026\u2026\u2026\u2026\u2026\u2026\u2026\u2026\u2026\u2026\u2026\u2026\u2026\u2026.. 46&nbsp;<\/p>\n\n\n\n<p>Regime de exerc\u00edcios domiciliares para afastamento inferior a 5&nbsp; dias \u2026\u2026\u2026\u2026\u2026\u2026\u2026\u2026\u2026\u2026. 46&nbsp;<\/p>\n\n\n\n<p>19. <strong>Fui convocado pelas For\u00e7as Armadas para exerc\u00edcio militar ou manobra. Neste caso, posso abonar minhas faltas?<\/strong><\/p>\n\n\n\n<p>Para o aluno reservista, o Decreto-lei n\u00ba 745\/69 assegura o abono de faltas para todo convocado matriculado em \u00d3rg\u00e3o de Forma\u00e7\u00e3o de Reserva ou reservista que seja&nbsp;<strong>obrigado<\/strong>&nbsp; a faltar as suas atividades civis por for\u00e7a de exerc\u00edcio ou manobra. A lei n\u00e3o ampara o militar de carreira, portanto suas faltas, mesmo que independentes de sua vontade, n\u00e3o ter\u00e3o direito a abono. Para assegurar seu direito, o estudante deve abrir processo eletr\u00f4nico no PEN SIE e adicionar o documento de convoca\u00e7\u00e3o fornecido pelas For\u00e7as Armadas, seguindo o&nbsp;<a href=\"https:\/\/www.ufsm.br\/app\/uploads\/sites\/416\/2021\/07\/ABERTURA-ASSINATURA-E-TRAMITE.pdf\">Tutorial para tr\u00e2mite de documentos no PEN SIE<\/a><\/p>\n\n\n\n<p><a href=\"https:\/\/www.ufsm.br\/app\/uploads\/sites\/421\/2023\/04\/Nao-Abono-de-Faltas-Militares-de-carreira.pdf\" target=\"_blank\" rel=\"noreferrer noopener\">Documento da PROGRAD sobre o abono de faltas para militares<\/a><\/p>\n\n\n\n<p><\/p>\n\n\n\n<p><\/p>\n\n\n\n<p><\/p>\n\n\n\n<p><\/p>\n\n\n\n<p><\/p>\n\n\n\n<p><\/p>\n\n\n\n<p><\/p>\n\n\n\n<p><\/p>\n\n\n\n<p><\/p>\n","protected":false},"excerpt":{"rendered":"<p>Perguntas e Respostas: 1. Meu curso de origem \u00e9 Ci\u00eancias Cont\u00e1beis diurno, posso me matricular em mat\u00e9rias no turno da noite? Sim, desde que haja vaga na disciplina e que esteja matriculado em pelo menos 180h no curso diurno. 2. Qual o per\u00edodo eu posso solicitar disciplina no turno inverso? (Lembrando que Cont\u00e1beis Diurno e [&hellip;]<\/p>\n","protected":false},"author":555,"featured_media":0,"parent":0,"menu_order":0,"comment_status":"closed","ping_status":"closed","template":"","meta":{"footnotes":""},"categories":[],"tags":[],"class_list":["post-2180","page","type-page","status-publish","hentry"],"acf":[],"_links":{"self":[{"href":"https:\/\/www.ufsm.br\/cursos\/graduacao\/santa-maria\/ciencias-contabeis\/wp-json\/wp\/v2\/pages\/2180","targetHints":{"allow":["GET"]}}],"collection":[{"href":"https:\/\/www.ufsm.br\/cursos\/graduacao\/santa-maria\/ciencias-contabeis\/wp-json\/wp\/v2\/pages"}],"about":[{"href":"https:\/\/www.ufsm.br\/cursos\/graduacao\/santa-maria\/ciencias-contabeis\/wp-json\/wp\/v2\/types\/page"}],"author":[{"embeddable":true,"href":"https:\/\/www.ufsm.br\/cursos\/graduacao\/santa-maria\/ciencias-contabeis\/wp-json\/wp\/v2\/users\/555"}],"replies":[{"embeddable":true,"href":"https:\/\/www.ufsm.br\/cursos\/graduacao\/santa-maria\/ciencias-contabeis\/wp-json\/wp\/v2\/comments?post=2180"}],"version-history":[{"count":0,"href":"https:\/\/www.ufsm.br\/cursos\/graduacao\/santa-maria\/ciencias-contabeis\/wp-json\/wp\/v2\/pages\/2180\/revisions"}],"wp:attachment":[{"href":"https:\/\/www.ufsm.br\/cursos\/graduacao\/santa-maria\/ciencias-contabeis\/wp-json\/wp\/v2\/media?parent=2180"}],"wp:term":[{"taxonomy":"category","embeddable":true,"href":"https:\/\/www.ufsm.br\/cursos\/graduacao\/santa-maria\/ciencias-contabeis\/wp-json\/wp\/v2\/categories?post=2180"},{"taxonomy":"post_tag","embeddable":true,"href":"https:\/\/www.ufsm.br\/cursos\/graduacao\/santa-maria\/ciencias-contabeis\/wp-json\/wp\/v2\/tags?post=2180"}],"curies":[{"name":"wp","href":"https:\/\/api.w.org\/{rel}","templated":true}]}}