{"id":2184,"date":"2022-06-03T14:06:06","date_gmt":"2022-06-03T17:06:06","guid":{"rendered":"https:\/\/www.ufsm.br\/cursos\/graduacao\/santa-maria\/ciencias-contabeis\/?page_id=2184"},"modified":"2022-07-05T09:30:24","modified_gmt":"2022-07-05T12:30:24","slug":"caduceu-jr","status":"publish","type":"page","link":"https:\/\/www.ufsm.br\/cursos\/graduacao\/santa-maria\/ciencias-contabeis\/caduceu-jr","title":{"rendered":"Caduceu Jr."},"content":{"rendered":"\n<p>A CADUCEU JR. foi criada por um grupo de estudantes do curso de Ci\u00eancias Cont\u00e1beis da UFSM, no ano de 2004, com o intuito de aplicar os conhecimentos\u00a0te\u00f3ricos adquiridos em sala de aula. Atua como uma associa\u00e7\u00e3o civil sem fins lucrativos e \u00e9 administrada por alunos, prestando servi\u00e7os a pessoas f\u00edsicas, aut\u00f4nomos e empresas de micro e pequeno porte, nas \u00e1reas de gest\u00e3o financeira e cont\u00e1bil.<br><br>Para maiores informa\u00e7\u00f5es, acesse as redes sociais da empresa:<br><a href=\"https:\/\/www.instagram.com\/caduceujr\/\">Instagram<\/a> <br><a href=\"https:\/\/www.facebook.com\/caduceujr\/\">Facebook<\/a><br><a href=\"https:\/\/caduceujr.com.br\/\">Site<\/a><\/p>\n","protected":false},"excerpt":{"rendered":"<p>A CADUCEU JR. foi criada por um grupo de estudantes do curso de Ci\u00eancias Cont\u00e1beis da UFSM, no ano de 2004, com o intuito de aplicar os conhecimentos\u00a0te\u00f3ricos adquiridos em sala de aula. Atua como uma associa\u00e7\u00e3o civil sem fins lucrativos e \u00e9 administrada por alunos, prestando servi\u00e7os a pessoas f\u00edsicas, aut\u00f4nomos e empresas de [&hellip;]<\/p>\n","protected":false},"author":555,"featured_media":0,"parent":0,"menu_order":0,"comment_status":"closed","ping_status":"closed","template":"","meta":{"footnotes":""},"categories":[2],"tags":[],"class_list":["post-2184","page","type-page","status-publish","hentry","category-noticias"],"acf":[],"_links":{"self":[{"href":"https:\/\/www.ufsm.br\/cursos\/graduacao\/santa-maria\/ciencias-contabeis\/wp-json\/wp\/v2\/pages\/2184","targetHints":{"allow":["GET"]}}],"collection":[{"href":"https:\/\/www.ufsm.br\/cursos\/graduacao\/santa-maria\/ciencias-contabeis\/wp-json\/wp\/v2\/pages"}],"about":[{"href":"https:\/\/www.ufsm.br\/cursos\/graduacao\/santa-maria\/ciencias-contabeis\/wp-json\/wp\/v2\/types\/page"}],"author":[{"embeddable":true,"href":"https:\/\/www.ufsm.br\/cursos\/graduacao\/santa-maria\/ciencias-contabeis\/wp-json\/wp\/v2\/users\/555"}],"replies":[{"embeddable":true,"href":"https:\/\/www.ufsm.br\/cursos\/graduacao\/santa-maria\/ciencias-contabeis\/wp-json\/wp\/v2\/comments?post=2184"}],"version-history":[{"count":0,"href":"https:\/\/www.ufsm.br\/cursos\/graduacao\/santa-maria\/ciencias-contabeis\/wp-json\/wp\/v2\/pages\/2184\/revisions"}],"wp:attachment":[{"href":"https:\/\/www.ufsm.br\/cursos\/graduacao\/santa-maria\/ciencias-contabeis\/wp-json\/wp\/v2\/media?parent=2184"}],"wp:term":[{"taxonomy":"category","embeddable":true,"href":"https:\/\/www.ufsm.br\/cursos\/graduacao\/santa-maria\/ciencias-contabeis\/wp-json\/wp\/v2\/categories?post=2184"},{"taxonomy":"post_tag","embeddable":true,"href":"https:\/\/www.ufsm.br\/cursos\/graduacao\/santa-maria\/ciencias-contabeis\/wp-json\/wp\/v2\/tags?post=2184"}],"curies":[{"name":"wp","href":"https:\/\/api.w.org\/{rel}","templated":true}]}}