{"id":2186,"date":"2022-06-03T14:10:06","date_gmt":"2022-06-03T17:10:06","guid":{"rendered":"https:\/\/www.ufsm.br\/cursos\/graduacao\/santa-maria\/ciencias-contabeis\/?page_id=2186"},"modified":"2022-07-05T09:30:26","modified_gmt":"2022-07-05T12:30:26","slug":"diretorio-academico-daccnot","status":"publish","type":"page","link":"https:\/\/www.ufsm.br\/cursos\/graduacao\/santa-maria\/ciencias-contabeis\/diretorio-academico-daccnot","title":{"rendered":"Diret\u00f3rio Acad\u00eamico &#8211; DACCNOT"},"content":{"rendered":"\n<p>Para mais informa\u00e7\u00f5es sobre o Diret\u00f3rio Acad\u00eamico de Ci\u00eancias Cont\u00e1beis da UFSM &#8211; DACCNOT, acesse o link: <a href=\"https:\/\/www.facebook.com\/DaccontSM\/about\/?ref=page_internal\">https:\/\/www.facebook.com\/DaccontSM\/about\/?ref=page_internal<\/a><\/p>\n","protected":false},"excerpt":{"rendered":"<p>Para mais informa\u00e7\u00f5es sobre o Diret\u00f3rio Acad\u00eamico de Ci\u00eancias Cont\u00e1beis da UFSM &#8211; DACCNOT, acesse o link: https:\/\/www.facebook.com\/DaccontSM\/about\/?ref=page_internal<\/p>\n","protected":false},"author":555,"featured_media":0,"parent":0,"menu_order":0,"comment_status":"closed","ping_status":"closed","template":"","meta":{"footnotes":""},"categories":[2],"tags":[],"class_list":["post-2186","page","type-page","status-publish","hentry","category-noticias"],"acf":[],"_links":{"self":[{"href":"https:\/\/www.ufsm.br\/cursos\/graduacao\/santa-maria\/ciencias-contabeis\/wp-json\/wp\/v2\/pages\/2186","targetHints":{"allow":["GET"]}}],"collection":[{"href":"https:\/\/www.ufsm.br\/cursos\/graduacao\/santa-maria\/ciencias-contabeis\/wp-json\/wp\/v2\/pages"}],"about":[{"href":"https:\/\/www.ufsm.br\/cursos\/graduacao\/santa-maria\/ciencias-contabeis\/wp-json\/wp\/v2\/types\/page"}],"author":[{"embeddable":true,"href":"https:\/\/www.ufsm.br\/cursos\/graduacao\/santa-maria\/ciencias-contabeis\/wp-json\/wp\/v2\/users\/555"}],"replies":[{"embeddable":true,"href":"https:\/\/www.ufsm.br\/cursos\/graduacao\/santa-maria\/ciencias-contabeis\/wp-json\/wp\/v2\/comments?post=2186"}],"version-history":[{"count":0,"href":"https:\/\/www.ufsm.br\/cursos\/graduacao\/santa-maria\/ciencias-contabeis\/wp-json\/wp\/v2\/pages\/2186\/revisions"}],"wp:attachment":[{"href":"https:\/\/www.ufsm.br\/cursos\/graduacao\/santa-maria\/ciencias-contabeis\/wp-json\/wp\/v2\/media?parent=2186"}],"wp:term":[{"taxonomy":"category","embeddable":true,"href":"https:\/\/www.ufsm.br\/cursos\/graduacao\/santa-maria\/ciencias-contabeis\/wp-json\/wp\/v2\/categories?post=2186"},{"taxonomy":"post_tag","embeddable":true,"href":"https:\/\/www.ufsm.br\/cursos\/graduacao\/santa-maria\/ciencias-contabeis\/wp-json\/wp\/v2\/tags?post=2186"}],"curies":[{"name":"wp","href":"https:\/\/api.w.org\/{rel}","templated":true}]}}