{"id":260,"date":"2018-12-17T13:28:16","date_gmt":"2018-12-17T15:28:16","guid":{"rendered":"https:\/\/www.ufsm.br\/cursos\/graduacao\/santa-maria\/ciencias-contabeis\/?page_id=260"},"modified":"2022-07-05T09:30:24","modified_gmt":"2022-07-05T12:30:24","slug":"apresentacao-de-tccc-2016","status":"publish","type":"page","link":"https:\/\/www.ufsm.br\/cursos\/graduacao\/santa-maria\/ciencias-contabeis\/apresentacao-de-tccc-2016","title":{"rendered":"APRESENTA\u00c7\u00c3O DE TCCC 2016"},"content":{"rendered":"\t\t<div data-elementor-type=\"wp-post\" data-elementor-id=\"260\" class=\"elementor elementor-260 elementor-bc-flex-widget\">\n\t\t\t\t\t\t<section class=\"elementor-section elementor-top-section elementor-element elementor-element-242e357 elementor-section-boxed elementor-section-height-default elementor-section-height-default\" data-id=\"242e357\" data-element_type=\"section\">\n\t\t\t\t\t\t<div class=\"elementor-container elementor-column-gap-default\">\n\t\t\t\t\t<div class=\"elementor-column elementor-col-100 elementor-top-column elementor-element elementor-element-27f17f2\" data-id=\"27f17f2\" data-element_type=\"column\">\n\t\t\t<div class=\"elementor-widget-wrap elementor-element-populated\">\n\t\t\t\t\t\t<div class=\"elementor-element elementor-element-d0f1a5f elementor-widget elementor-widget-heading\" data-id=\"d0f1a5f\" data-element_type=\"widget\" data-widget_type=\"heading.default\">\n\t\t\t\t<div class=\"elementor-widget-container\">\n\t\t\t<h5 class=\"elementor-heading-title elementor-size-default\">APRESENTA\u00c7\u00d5ES TCCC 2016\/2\u00ba<\/h5>\t\t<\/div>\n\t\t\t\t<\/div>\n\t\t\t\t<div class=\"elementor-element elementor-element-77d6cc3 elementor-widget elementor-widget-text-editor\" data-id=\"77d6cc3\" data-element_type=\"widget\" data-widget_type=\"text-editor.default\">\n\t\t\t\t<div class=\"elementor-widget-container\">\n\t\t\t\t\t\t\t<p>ACAD\u00caMICOS: CRISTIANE TRINDADE E IGOR SIM\u00d5ES<\/p><p>ORIENTADOR: PROF. JOS\u00c9 ALEXANDRE MAGRINI PIGATTO<\/p>\t\t\t\t\t\t<\/div>\n\t\t\t\t<\/div>\n\t\t\t\t<div class=\"elementor-element elementor-element-7169f1b elementor-widget elementor-widget-image\" data-id=\"7169f1b\" data-element_type=\"widget\" data-widget_type=\"image.default\">\n\t\t\t\t<div class=\"elementor-widget-container\">\n\t\t\t\t\t\t\t\t\t\t\t\t\t<img fetchpriority=\"high\" decoding=\"async\" width=\"960\" height=\"720\" src=\"https:\/\/www.ufsm.br\/app\/uploads\/sites\/477\/2018\/12\/15171109_10209665220379525_4464194377827495163_n.jpg\" class=\"attachment-large size-large wp-image-261\" alt=\"\" srcset=\"https:\/\/www.ufsm.br\/app\/uploads\/sites\/477\/2018\/12\/15171109_10209665220379525_4464194377827495163_n.jpg 960w, https:\/\/www.ufsm.br\/app\/uploads\/sites\/477\/2018\/12\/15171109_10209665220379525_4464194377827495163_n-300x225.jpg 300w, https:\/\/www.ufsm.br\/app\/uploads\/sites\/477\/2018\/12\/15171109_10209665220379525_4464194377827495163_n-768x576.jpg 768w\" sizes=\"(max-width: 960px) 100vw, 960px\" \/>\t\t\t\t\t\t\t\t\t\t\t\t\t<\/div>\n\t\t\t\t<\/div>\n\t\t\t\t\t<\/div>\n\t\t<\/div>\n\t\t\t\t\t<\/div>\n\t\t<\/section>\n\t\t\t\t<section class=\"elementor-section elementor-top-section elementor-element elementor-element-91a8682 elementor-section-boxed elementor-section-height-default elementor-section-height-default\" data-id=\"91a8682\" data-element_type=\"section\">\n\t\t\t\t\t\t<div class=\"elementor-container elementor-column-gap-default\">\n\t\t\t\t\t<div class=\"elementor-column elementor-col-100 elementor-top-column elementor-element elementor-element-14d4efe\" data-id=\"14d4efe\" data-element_type=\"column\">\n\t\t\t<div class=\"elementor-widget-wrap elementor-element-populated\">\n\t\t\t\t\t\t<div class=\"elementor-element elementor-element-7a84cd4 elementor-widget elementor-widget-text-editor\" data-id=\"7a84cd4\" data-element_type=\"widget\" data-widget_type=\"text-editor.default\">\n\t\t\t\t<div class=\"elementor-widget-container\">\n\t\t\t\t\t\t\t<p>ACAD\u00caMICA: FL\u00c1VIA ZANCAN<\/p><p>ORIENTADORA: PROF.\u00aa MARIVANE VESTENA ROSSATO<\/p>\t\t\t\t\t\t<\/div>\n\t\t\t\t<\/div>\n\t\t\t\t<div class=\"elementor-element elementor-element-5d4396f elementor-widget elementor-widget-image\" data-id=\"5d4396f\" data-element_type=\"widget\" data-widget_type=\"image.default\">\n\t\t\t\t<div class=\"elementor-widget-container\">\n\t\t\t\t\t\t\t\t\t\t\t\t\t<img decoding=\"async\" width=\"480\" height=\"269\" src=\"https:\/\/www.ufsm.br\/app\/uploads\/sites\/477\/2018\/12\/15218512_983523165093020_1871817846_n.jpg\" class=\"attachment-large size-large wp-image-262\" alt=\"\" srcset=\"https:\/\/www.ufsm.br\/app\/uploads\/sites\/477\/2018\/12\/15218512_983523165093020_1871817846_n.jpg 480w, https:\/\/www.ufsm.br\/app\/uploads\/sites\/477\/2018\/12\/15218512_983523165093020_1871817846_n-300x168.jpg 300w\" sizes=\"(max-width: 480px) 100vw, 480px\" \/>\t\t\t\t\t\t\t\t\t\t\t\t\t<\/div>\n\t\t\t\t<\/div>\n\t\t\t\t\t<\/div>\n\t\t<\/div>\n\t\t\t\t\t<\/div>\n\t\t<\/section>\n\t\t\t\t<section class=\"elementor-section elementor-top-section elementor-element elementor-element-3aec70f elementor-section-boxed elementor-section-height-default elementor-section-height-default\" data-id=\"3aec70f\" data-element_type=\"section\">\n\t\t\t\t\t\t<div class=\"elementor-container elementor-column-gap-default\">\n\t\t\t\t\t<div class=\"elementor-column elementor-col-100 elementor-top-column elementor-element elementor-element-20bfb96\" data-id=\"20bfb96\" data-element_type=\"column\">\n\t\t\t<div class=\"elementor-widget-wrap elementor-element-populated\">\n\t\t\t\t\t\t<div class=\"elementor-element elementor-element-1e4c67f elementor-widget elementor-widget-text-editor\" data-id=\"1e4c67f\" data-element_type=\"widget\" data-widget_type=\"text-editor.default\">\n\t\t\t\t<div class=\"elementor-widget-container\">\n\t\t\t\t\t\t\t<p>ACAD\u00caMICAS: EDIANE SERAGLIO E GREICE MOTA<\/p><p>ORIENTADORA: PROF.\u00aa MARIVANE VESTENA ROSSATO<\/p>\t\t\t\t\t\t<\/div>\n\t\t\t\t<\/div>\n\t\t\t\t<div class=\"elementor-element elementor-element-09d6139 elementor-widget elementor-widget-image\" data-id=\"09d6139\" data-element_type=\"widget\" data-widget_type=\"image.default\">\n\t\t\t\t<div class=\"elementor-widget-container\">\n\t\t\t\t\t\t\t\t\t\t\t\t\t<img decoding=\"async\" width=\"1024\" height=\"576\" src=\"https:\/\/www.ufsm.br\/app\/uploads\/sites\/477\/2018\/12\/greice-e-ediane-1024x576.jpg\" class=\"attachment-large size-large wp-image-263\" alt=\"\" srcset=\"https:\/\/www.ufsm.br\/app\/uploads\/sites\/477\/2018\/12\/greice-e-ediane-1024x576.jpg 1024w, https:\/\/www.ufsm.br\/app\/uploads\/sites\/477\/2018\/12\/greice-e-ediane-300x169.jpg 300w, https:\/\/www.ufsm.br\/app\/uploads\/sites\/477\/2018\/12\/greice-e-ediane-768x432.jpg 768w, https:\/\/www.ufsm.br\/app\/uploads\/sites\/477\/2018\/12\/greice-e-ediane.jpg 1280w\" sizes=\"(max-width: 1024px) 100vw, 1024px\" \/>\t\t\t\t\t\t\t\t\t\t\t\t\t<\/div>\n\t\t\t\t<\/div>\n\t\t\t\t\t<\/div>\n\t\t<\/div>\n\t\t\t\t\t<\/div>\n\t\t<\/section>\n\t\t\t\t<section class=\"elementor-section elementor-top-section elementor-element elementor-element-8962f47 elementor-section-boxed elementor-section-height-default elementor-section-height-default\" data-id=\"8962f47\" data-element_type=\"section\">\n\t\t\t\t\t\t<div class=\"elementor-container elementor-column-gap-default\">\n\t\t\t\t\t<div class=\"elementor-column elementor-col-100 elementor-top-column elementor-element elementor-element-dd0f145\" data-id=\"dd0f145\" data-element_type=\"column\">\n\t\t\t<div class=\"elementor-widget-wrap elementor-element-populated\">\n\t\t\t\t\t\t<div class=\"elementor-element elementor-element-1290090 elementor-widget elementor-widget-text-editor\" data-id=\"1290090\" data-element_type=\"widget\" data-widget_type=\"text-editor.default\">\n\t\t\t\t<div class=\"elementor-widget-container\">\n\t\t\t\t\t\t\t<p>ACAD\u00caMICA: LUCIELE DA SILVA E MAR\u00cdLIA DORNELES<\/p><p>ORIENTADORA: PROF.\u00aa ANA PAULA FRAGA<\/p>\t\t\t\t\t\t<\/div>\n\t\t\t\t<\/div>\n\t\t\t\t<div class=\"elementor-element elementor-element-f7d720e elementor-widget elementor-widget-image\" data-id=\"f7d720e\" data-element_type=\"widget\" data-widget_type=\"image.default\">\n\t\t\t\t<div class=\"elementor-widget-container\">\n\t\t\t\t\t\t\t\t\t\t\t\t\t<img loading=\"lazy\" decoding=\"async\" width=\"960\" height=\"539\" src=\"https:\/\/www.ufsm.br\/app\/uploads\/sites\/477\/2018\/12\/luciele-e-marilia.jpg\" class=\"attachment-large size-large wp-image-264\" alt=\"\" srcset=\"https:\/\/www.ufsm.br\/app\/uploads\/sites\/477\/2018\/12\/luciele-e-marilia.jpg 960w, https:\/\/www.ufsm.br\/app\/uploads\/sites\/477\/2018\/12\/luciele-e-marilia-300x168.jpg 300w, https:\/\/www.ufsm.br\/app\/uploads\/sites\/477\/2018\/12\/luciele-e-marilia-768x431.jpg 768w\" sizes=\"(max-width: 960px) 100vw, 960px\" \/>\t\t\t\t\t\t\t\t\t\t\t\t\t<\/div>\n\t\t\t\t<\/div>\n\t\t\t\t\t<\/div>\n\t\t<\/div>\n\t\t\t\t\t<\/div>\n\t\t<\/section>\n\t\t\t\t<section class=\"elementor-section elementor-top-section elementor-element elementor-element-3fae4ff elementor-section-boxed elementor-section-height-default elementor-section-height-default\" data-id=\"3fae4ff\" data-element_type=\"section\">\n\t\t\t\t\t\t<div class=\"elementor-container elementor-column-gap-default\">\n\t\t\t\t\t<div class=\"elementor-column elementor-col-100 elementor-top-column elementor-element elementor-element-11be67b\" data-id=\"11be67b\" data-element_type=\"column\">\n\t\t\t<div class=\"elementor-widget-wrap elementor-element-populated\">\n\t\t\t\t\t\t<div class=\"elementor-element elementor-element-ecdfd38 elementor-widget elementor-widget-text-editor\" data-id=\"ecdfd38\" data-element_type=\"widget\" data-widget_type=\"text-editor.default\">\n\t\t\t\t<div class=\"elementor-widget-container\">\n\t\t\t\t\t\t\t<p>ACAD\u00caMICA: ELICE MACIEL<\/p><p>ORIENTADORA: PROF.\u00aa MARIVANE VESTENA ROSSATO<\/p>\t\t\t\t\t\t<\/div>\n\t\t\t\t<\/div>\n\t\t\t\t<div class=\"elementor-element elementor-element-1839613 elementor-widget elementor-widget-image\" data-id=\"1839613\" data-element_type=\"widget\" data-widget_type=\"image.default\">\n\t\t\t\t<div class=\"elementor-widget-container\">\n\t\t\t\t\t\t\t\t\t\t\t\t\t<img loading=\"lazy\" decoding=\"async\" width=\"575\" height=\"1024\" src=\"https:\/\/www.ufsm.br\/app\/uploads\/sites\/477\/2018\/12\/Elice-575x1024.jpg\" class=\"attachment-large size-large wp-image-265\" alt=\"\" srcset=\"https:\/\/www.ufsm.br\/app\/uploads\/sites\/477\/2018\/12\/Elice-575x1024.jpg 575w, https:\/\/www.ufsm.br\/app\/uploads\/sites\/477\/2018\/12\/Elice-169x300.jpg 169w, https:\/\/www.ufsm.br\/app\/uploads\/sites\/477\/2018\/12\/Elice.jpg 719w\" sizes=\"(max-width: 575px) 100vw, 575px\" \/>\t\t\t\t\t\t\t\t\t\t\t\t\t<\/div>\n\t\t\t\t<\/div>\n\t\t\t\t\t<\/div>\n\t\t<\/div>\n\t\t\t\t\t<\/div>\n\t\t<\/section>\n\t\t\t\t<section class=\"elementor-section elementor-top-section elementor-element elementor-element-1c95688 elementor-section-boxed elementor-section-height-default elementor-section-height-default\" data-id=\"1c95688\" data-element_type=\"section\">\n\t\t\t\t\t\t<div class=\"elementor-container elementor-column-gap-default\">\n\t\t\t\t\t<div class=\"elementor-column elementor-col-100 elementor-top-column elementor-element elementor-element-b966629\" data-id=\"b966629\" data-element_type=\"column\">\n\t\t\t<div class=\"elementor-widget-wrap elementor-element-populated\">\n\t\t\t\t\t\t<div class=\"elementor-element elementor-element-2905e48 elementor-widget elementor-widget-text-editor\" data-id=\"2905e48\" data-element_type=\"widget\" data-widget_type=\"text-editor.default\">\n\t\t\t\t<div class=\"elementor-widget-container\">\n\t\t\t\t\t\t\t<p>ACAD\u00caMICO: ALISON FRANCK<\/p><p>ORIENTADOR: PROF. WANDERLEI \u00a0JOS\u00c9 GHILARDI<\/p>\t\t\t\t\t\t<\/div>\n\t\t\t\t<\/div>\n\t\t\t\t<div class=\"elementor-element elementor-element-a99108c elementor-widget elementor-widget-image\" data-id=\"a99108c\" data-element_type=\"widget\" data-widget_type=\"image.default\">\n\t\t\t\t<div class=\"elementor-widget-container\">\n\t\t\t\t\t\t\t\t\t\t\t\t\t<img loading=\"lazy\" decoding=\"async\" width=\"576\" height=\"1024\" src=\"https:\/\/www.ufsm.br\/app\/uploads\/sites\/477\/2018\/12\/Alison-576x1024.jpg\" class=\"attachment-large size-large wp-image-266\" alt=\"\" srcset=\"https:\/\/www.ufsm.br\/app\/uploads\/sites\/477\/2018\/12\/Alison-576x1024.jpg 576w, https:\/\/www.ufsm.br\/app\/uploads\/sites\/477\/2018\/12\/Alison-169x300.jpg 169w, https:\/\/www.ufsm.br\/app\/uploads\/sites\/477\/2018\/12\/Alison.jpg 585w\" sizes=\"(max-width: 576px) 100vw, 576px\" \/>\t\t\t\t\t\t\t\t\t\t\t\t\t<\/div>\n\t\t\t\t<\/div>\n\t\t\t\t\t<\/div>\n\t\t<\/div>\n\t\t\t\t\t<\/div>\n\t\t<\/section>\n\t\t\t\t<section class=\"elementor-section elementor-top-section elementor-element elementor-element-1d7d0df elementor-section-boxed elementor-section-height-default elementor-section-height-default\" data-id=\"1d7d0df\" data-element_type=\"section\">\n\t\t\t\t\t\t<div class=\"elementor-container elementor-column-gap-default\">\n\t\t\t\t\t<div class=\"elementor-column elementor-col-100 elementor-top-column elementor-element elementor-element-dcd7a88\" data-id=\"dcd7a88\" data-element_type=\"column\">\n\t\t\t<div class=\"elementor-widget-wrap elementor-element-populated\">\n\t\t\t\t\t\t<div class=\"elementor-element elementor-element-c616d76 elementor-widget elementor-widget-text-editor\" data-id=\"c616d76\" data-element_type=\"widget\" data-widget_type=\"text-editor.default\">\n\t\t\t\t<div class=\"elementor-widget-container\">\n\t\t\t\t\t\t\t<p>ACAD\u00caMICAS: D\u00c9BORA SUTERO E GIANE GOULARTE<\/p><p>ORIENTADOR: PROF. S\u00c9RGIO ROSSI MADRUGA<\/p>\t\t\t\t\t\t<\/div>\n\t\t\t\t<\/div>\n\t\t\t\t<div class=\"elementor-element elementor-element-c782f13 elementor-widget elementor-widget-image\" data-id=\"c782f13\" data-element_type=\"widget\" data-widget_type=\"image.default\">\n\t\t\t\t<div class=\"elementor-widget-container\">\n\t\t\t\t\t\t\t\t\t\t\t\t\t<img loading=\"lazy\" decoding=\"async\" width=\"1024\" height=\"575\" src=\"https:\/\/www.ufsm.br\/app\/uploads\/sites\/477\/2018\/12\/Giane-e-Dbora-1024x575.jpg\" class=\"attachment-large size-large wp-image-267\" alt=\"\" srcset=\"https:\/\/www.ufsm.br\/app\/uploads\/sites\/477\/2018\/12\/Giane-e-Dbora-1024x575.jpg 1024w, https:\/\/www.ufsm.br\/app\/uploads\/sites\/477\/2018\/12\/Giane-e-Dbora-300x169.jpg 300w, https:\/\/www.ufsm.br\/app\/uploads\/sites\/477\/2018\/12\/Giane-e-Dbora-768x431.jpg 768w, https:\/\/www.ufsm.br\/app\/uploads\/sites\/477\/2018\/12\/Giane-e-Dbora.jpg 1280w\" sizes=\"(max-width: 1024px) 100vw, 1024px\" \/>\t\t\t\t\t\t\t\t\t\t\t\t\t<\/div>\n\t\t\t\t<\/div>\n\t\t\t\t\t<\/div>\n\t\t<\/div>\n\t\t\t\t\t<\/div>\n\t\t<\/section>\n\t\t\t\t<section class=\"elementor-section elementor-top-section elementor-element elementor-element-36c4595 elementor-section-boxed elementor-section-height-default elementor-section-height-default\" data-id=\"36c4595\" data-element_type=\"section\">\n\t\t\t\t\t\t<div class=\"elementor-container elementor-column-gap-default\">\n\t\t\t\t\t<div class=\"elementor-column elementor-col-100 elementor-top-column elementor-element elementor-element-9029ab3\" data-id=\"9029ab3\" data-element_type=\"column\">\n\t\t\t<div class=\"elementor-widget-wrap elementor-element-populated\">\n\t\t\t\t\t\t<div class=\"elementor-element elementor-element-d9bfbc9 elementor-widget elementor-widget-text-editor\" data-id=\"d9bfbc9\" data-element_type=\"widget\" data-widget_type=\"text-editor.default\">\n\t\t\t\t<div class=\"elementor-widget-container\">\n\t\t\t\t\t\t\t<p>ACAD\u00caMICO: IVAN SOARES<\/p><p>ORIENTADOR: PROF. WANDERLEI JOS\u00c9 GHILARDI<\/p>\t\t\t\t\t\t<\/div>\n\t\t\t\t<\/div>\n\t\t\t\t<div class=\"elementor-element elementor-element-2b91b2d elementor-widget elementor-widget-image\" data-id=\"2b91b2d\" data-element_type=\"widget\" data-widget_type=\"image.default\">\n\t\t\t\t<div class=\"elementor-widget-container\">\n\t\t\t\t\t\t\t\t\t\t\t\t\t<img loading=\"lazy\" decoding=\"async\" width=\"1024\" height=\"768\" src=\"https:\/\/www.ufsm.br\/app\/uploads\/sites\/477\/2018\/12\/IVAN-1024x768.jpg\" class=\"attachment-large size-large wp-image-268\" alt=\"\" srcset=\"https:\/\/www.ufsm.br\/app\/uploads\/sites\/477\/2018\/12\/IVAN-1024x768.jpg 1024w, https:\/\/www.ufsm.br\/app\/uploads\/sites\/477\/2018\/12\/IVAN-300x225.jpg 300w, https:\/\/www.ufsm.br\/app\/uploads\/sites\/477\/2018\/12\/IVAN-768x576.jpg 768w, https:\/\/www.ufsm.br\/app\/uploads\/sites\/477\/2018\/12\/IVAN.jpg 1152w\" sizes=\"(max-width: 1024px) 100vw, 1024px\" \/>\t\t\t\t\t\t\t\t\t\t\t\t\t<\/div>\n\t\t\t\t<\/div>\n\t\t\t\t\t<\/div>\n\t\t<\/div>\n\t\t\t\t\t<\/div>\n\t\t<\/section>\n\t\t\t\t<section class=\"elementor-section elementor-top-section elementor-element elementor-element-5843342 elementor-section-boxed elementor-section-height-default elementor-section-height-default\" data-id=\"5843342\" data-element_type=\"section\">\n\t\t\t\t\t\t<div class=\"elementor-container elementor-column-gap-default\">\n\t\t\t\t\t<div class=\"elementor-column elementor-col-100 elementor-top-column elementor-element elementor-element-9e68efa\" data-id=\"9e68efa\" data-element_type=\"column\">\n\t\t\t<div class=\"elementor-widget-wrap elementor-element-populated\">\n\t\t\t\t\t\t<div class=\"elementor-element elementor-element-52394d7 elementor-widget elementor-widget-text-editor\" data-id=\"52394d7\" data-element_type=\"widget\" data-widget_type=\"text-editor.default\">\n\t\t\t\t<div class=\"elementor-widget-container\">\n\t\t\t\t\t\t\t<p>ACAD\u00caMICA: DENISE ESPICH<\/p><p>ORIENTADOR: PROF. FERNANDO DO NASCIMENTO LOCK<\/p>\t\t\t\t\t\t<\/div>\n\t\t\t\t<\/div>\n\t\t\t\t<div class=\"elementor-element elementor-element-28ffa46 elementor-widget elementor-widget-image\" data-id=\"28ffa46\" data-element_type=\"widget\" data-widget_type=\"image.default\">\n\t\t\t\t<div class=\"elementor-widget-container\">\n\t\t\t\t\t\t\t\t\t\t\t\t\t<img loading=\"lazy\" decoding=\"async\" width=\"527\" height=\"527\" src=\"https:\/\/www.ufsm.br\/app\/uploads\/sites\/477\/2018\/12\/DENISE.jpg\" class=\"attachment-large size-large wp-image-269\" alt=\"\" srcset=\"https:\/\/www.ufsm.br\/app\/uploads\/sites\/477\/2018\/12\/DENISE.jpg 527w, https:\/\/www.ufsm.br\/app\/uploads\/sites\/477\/2018\/12\/DENISE-150x150.jpg 150w, https:\/\/www.ufsm.br\/app\/uploads\/sites\/477\/2018\/12\/DENISE-300x300.jpg 300w\" sizes=\"(max-width: 527px) 100vw, 527px\" \/>\t\t\t\t\t\t\t\t\t\t\t\t\t<\/div>\n\t\t\t\t<\/div>\n\t\t\t\t\t<\/div>\n\t\t<\/div>\n\t\t\t\t\t<\/div>\n\t\t<\/section>\n\t\t\t\t<section class=\"elementor-section elementor-top-section elementor-element elementor-element-8f7ca1f elementor-section-boxed elementor-section-height-default elementor-section-height-default\" data-id=\"8f7ca1f\" data-element_type=\"section\">\n\t\t\t\t\t\t<div class=\"elementor-container elementor-column-gap-default\">\n\t\t\t\t\t<div class=\"elementor-column elementor-col-100 elementor-top-column elementor-element elementor-element-8f2080c\" data-id=\"8f2080c\" data-element_type=\"column\">\n\t\t\t<div class=\"elementor-widget-wrap elementor-element-populated\">\n\t\t\t\t\t\t<div class=\"elementor-element elementor-element-3024255 elementor-widget elementor-widget-text-editor\" data-id=\"3024255\" data-element_type=\"widget\" data-widget_type=\"text-editor.default\">\n\t\t\t\t<div class=\"elementor-widget-container\">\n\t\t\t\t\t\t\t<p>ACAD\u00caMICAS: TAYANE SOARES E CLARISA NUNES GL\u00d3RIA<\/p><p>ORIENTADOR: PROF. ROBSON MACHADO DA ROSA<\/p>\t\t\t\t\t\t<\/div>\n\t\t\t\t<\/div>\n\t\t\t\t<div class=\"elementor-element elementor-element-e53f927 elementor-widget elementor-widget-image\" data-id=\"e53f927\" data-element_type=\"widget\" data-widget_type=\"image.default\">\n\t\t\t\t<div class=\"elementor-widget-container\">\n\t\t\t\t\t\t\t\t\t\t\t\t\t<img loading=\"lazy\" decoding=\"async\" width=\"1024\" height=\"575\" src=\"https:\/\/www.ufsm.br\/app\/uploads\/sites\/477\/2018\/12\/IMG-20161205-WA0016-1024x575.jpg\" class=\"attachment-large size-large wp-image-270\" alt=\"\" srcset=\"https:\/\/www.ufsm.br\/app\/uploads\/sites\/477\/2018\/12\/IMG-20161205-WA0016-1024x575.jpg 1024w, https:\/\/www.ufsm.br\/app\/uploads\/sites\/477\/2018\/12\/IMG-20161205-WA0016-300x169.jpg 300w, https:\/\/www.ufsm.br\/app\/uploads\/sites\/477\/2018\/12\/IMG-20161205-WA0016-768x431.jpg 768w, https:\/\/www.ufsm.br\/app\/uploads\/sites\/477\/2018\/12\/IMG-20161205-WA0016.jpg 1280w\" sizes=\"(max-width: 1024px) 100vw, 1024px\" \/>\t\t\t\t\t\t\t\t\t\t\t\t\t<\/div>\n\t\t\t\t<\/div>\n\t\t\t\t\t<\/div>\n\t\t<\/div>\n\t\t\t\t\t<\/div>\n\t\t<\/section>\n\t\t\t\t<\/div>\n\t\t","protected":false},"excerpt":{"rendered":"<p>APRESENTA\u00c7\u00d5ES TCCC 2016\/2\u00ba ACAD\u00caMICOS: CRISTIANE TRINDADE E IGOR SIM\u00d5ES ORIENTADOR: PROF. JOS\u00c9 ALEXANDRE MAGRINI PIGATTO ACAD\u00caMICA: FL\u00c1VIA ZANCAN ORIENTADORA: PROF.\u00aa MARIVANE VESTENA ROSSATO ACAD\u00caMICAS: EDIANE SERAGLIO E GREICE MOTA ORIENTADORA: PROF.\u00aa MARIVANE VESTENA ROSSATO ACAD\u00caMICA: LUCIELE DA SILVA E MAR\u00cdLIA DORNELES ORIENTADORA: PROF.\u00aa ANA PAULA FRAGA ACAD\u00caMICA: ELICE MACIEL ORIENTADORA: PROF.\u00aa MARIVANE VESTENA ROSSATO ACAD\u00caMICO: [&hellip;]<\/p>\n","protected":false},"author":115,"featured_media":0,"parent":0,"menu_order":0,"comment_status":"closed","ping_status":"closed","template":"","meta":{"footnotes":""},"categories":[2],"tags":[],"class_list":["post-260","page","type-page","status-publish","hentry","category-noticias"],"acf":[],"_links":{"self":[{"href":"https:\/\/www.ufsm.br\/cursos\/graduacao\/santa-maria\/ciencias-contabeis\/wp-json\/wp\/v2\/pages\/260","targetHints":{"allow":["GET"]}}],"collection":[{"href":"https:\/\/www.ufsm.br\/cursos\/graduacao\/santa-maria\/ciencias-contabeis\/wp-json\/wp\/v2\/pages"}],"about":[{"href":"https:\/\/www.ufsm.br\/cursos\/graduacao\/santa-maria\/ciencias-contabeis\/wp-json\/wp\/v2\/types\/page"}],"author":[{"embeddable":true,"href":"https:\/\/www.ufsm.br\/cursos\/graduacao\/santa-maria\/ciencias-contabeis\/wp-json\/wp\/v2\/users\/115"}],"replies":[{"embeddable":true,"href":"https:\/\/www.ufsm.br\/cursos\/graduacao\/santa-maria\/ciencias-contabeis\/wp-json\/wp\/v2\/comments?post=260"}],"version-history":[{"count":0,"href":"https:\/\/www.ufsm.br\/cursos\/graduacao\/santa-maria\/ciencias-contabeis\/wp-json\/wp\/v2\/pages\/260\/revisions"}],"wp:attachment":[{"href":"https:\/\/www.ufsm.br\/cursos\/graduacao\/santa-maria\/ciencias-contabeis\/wp-json\/wp\/v2\/media?parent=260"}],"wp:term":[{"taxonomy":"category","embeddable":true,"href":"https:\/\/www.ufsm.br\/cursos\/graduacao\/santa-maria\/ciencias-contabeis\/wp-json\/wp\/v2\/categories?post=260"},{"taxonomy":"post_tag","embeddable":true,"href":"https:\/\/www.ufsm.br\/cursos\/graduacao\/santa-maria\/ciencias-contabeis\/wp-json\/wp\/v2\/tags?post=260"}],"curies":[{"name":"wp","href":"https:\/\/api.w.org\/{rel}","templated":true}]}}