{"id":288,"date":"2018-12-17T14:11:55","date_gmt":"2018-12-17T16:11:55","guid":{"rendered":"https:\/\/www.ufsm.br\/cursos\/graduacao\/santa-maria\/ciencias-contabeis\/?page_id=288"},"modified":"2018-12-17T14:23:27","modified_gmt":"2018-12-17T16:23:27","slug":"jantar-baile-50-anos","status":"publish","type":"page","link":"https:\/\/www.ufsm.br\/cursos\/graduacao\/santa-maria\/ciencias-contabeis\/jantar-baile-50-anos","title":{"rendered":"JANTAR BAILE 50 ANOS"},"content":{"rendered":"\t\t<div data-elementor-type=\"wp-post\" data-elementor-id=\"288\" class=\"elementor elementor-288 elementor-bc-flex-widget\">\n\t\t\t\t\t\t<section class=\"elementor-section elementor-top-section elementor-element elementor-element-127c57d elementor-section-boxed elementor-section-height-default elementor-section-height-default\" data-id=\"127c57d\" data-element_type=\"section\">\n\t\t\t\t\t\t<div class=\"elementor-container elementor-column-gap-default\">\n\t\t\t\t\t<div class=\"elementor-column elementor-col-100 elementor-top-column elementor-element elementor-element-3a412d4\" data-id=\"3a412d4\" data-element_type=\"column\">\n\t\t\t<div class=\"elementor-widget-wrap elementor-element-populated\">\n\t\t\t\t\t\t<div class=\"elementor-element elementor-element-b7c1b7b elementor-widget elementor-widget-text-editor\" data-id=\"b7c1b7b\" data-element_type=\"widget\" data-widget_type=\"text-editor.default\">\n\t\t\t\t<div class=\"elementor-widget-container\">\n\t\t\t\t\t\t\t<p>O Curso de Ci\u00eancias Cont\u00e1beis iniciou as comemora\u00e7\u00f5es do seu cinquenten\u00e1rio. Aprovado em 1966 pelo CONSU, o Curso teve in\u00edcio em mar\u00e7o de 1967.<\/p><p>A primeira atividade que marcou os 50 anos, e em virtude do dia do Contador, comemorado no dia 22 de setembro, foi um jantar baile realizado no dia 7 de outubro, no Avenida T\u00eanis Clube.<\/p><p>Professores atuais e aposentados do curso, alunos,ex-alunos, t\u00e9cnicos administrativos, contadores de Santa Maria e regi\u00e3o, assim como autoridades da Universidade Federal de Santa Maria, marcaram presen\u00e7a no evento.<\/p>\t\t\t\t\t\t<\/div>\n\t\t\t\t<\/div>\n\t\t\t\t\t<\/div>\n\t\t<\/div>\n\t\t\t\t\t<\/div>\n\t\t<\/section>\n\t\t\t\t<section class=\"elementor-section elementor-top-section elementor-element elementor-element-df1aea5 elementor-section-boxed elementor-section-height-default elementor-section-height-default\" data-id=\"df1aea5\" data-element_type=\"section\">\n\t\t\t\t\t\t<div class=\"elementor-container elementor-column-gap-default\">\n\t\t\t\t\t<div class=\"elementor-column elementor-col-100 elementor-top-column elementor-element elementor-element-140e4c0\" data-id=\"140e4c0\" data-element_type=\"column\">\n\t\t\t<div class=\"elementor-widget-wrap elementor-element-populated\">\n\t\t\t\t\t\t<div class=\"elementor-element elementor-element-22eefcb gallery-spacing-custom elementor-widget elementor-widget-image-gallery\" data-id=\"22eefcb\" data-element_type=\"widget\" data-widget_type=\"image-gallery.default\">\n\t\t\t\t<div class=\"elementor-widget-container\">\n\t\t\t\t\t<div class=\"elementor-image-gallery\">\n\t\t\t<div id='gallery-1' class='gallery galleryid-288 gallery-columns-3 gallery-size-large'><figure class='gallery-item'>\n\t\t\t<div class='gallery-icon landscape'>\n\t\t\t\t<a data-elementor-open-lightbox=\"yes\" data-elementor-lightbox-slideshow=\"22eefcb\" data-elementor-lightbox-title=\"IMG_7560\" data-e-action-hash=\"#elementor-action%3Aaction%3Dlightbox%26settings%3DeyJpZCI6Mjg5LCJ1cmwiOiJodHRwczpcL1wvd3d3LnVmc20uYnJcL2FwcFwvdXBsb2Fkc1wvc2l0ZXNcLzQ3N1wvMjAxOFwvMTJcL0lNR183NTYwLmpwZyIsInNsaWRlc2hvdyI6IjIyZWVmY2IifQ%3D%3D\" href='https:\/\/www.ufsm.br\/app\/uploads\/sites\/477\/2018\/12\/IMG_7560.jpg'><img fetchpriority=\"high\" decoding=\"async\" width=\"1024\" height=\"768\" src=\"https:\/\/www.ufsm.br\/app\/uploads\/sites\/477\/2018\/12\/IMG_7560-1024x768.jpg\" class=\"attachment-large size-large\" alt=\"\" srcset=\"https:\/\/www.ufsm.br\/app\/uploads\/sites\/477\/2018\/12\/IMG_7560-1024x768.jpg 1024w, https:\/\/www.ufsm.br\/app\/uploads\/sites\/477\/2018\/12\/IMG_7560-300x225.jpg 300w, https:\/\/www.ufsm.br\/app\/uploads\/sites\/477\/2018\/12\/IMG_7560-768x576.jpg 768w, https:\/\/www.ufsm.br\/app\/uploads\/sites\/477\/2018\/12\/IMG_7560.jpg 1920w\" sizes=\"(max-width: 1024px) 100vw, 1024px\" \/><\/a>\n\t\t\t<\/div><\/figure><figure class='gallery-item'>\n\t\t\t<div class='gallery-icon landscape'>\n\t\t\t\t<a data-elementor-open-lightbox=\"yes\" data-elementor-lightbox-slideshow=\"22eefcb\" data-elementor-lightbox-title=\"IMG_7556\" data-e-action-hash=\"#elementor-action%3Aaction%3Dlightbox%26settings%3DeyJpZCI6MjkwLCJ1cmwiOiJodHRwczpcL1wvd3d3LnVmc20uYnJcL2FwcFwvdXBsb2Fkc1wvc2l0ZXNcLzQ3N1wvMjAxOFwvMTJcL0lNR183NTU2LmpwZyIsInNsaWRlc2hvdyI6IjIyZWVmY2IifQ%3D%3D\" href='https:\/\/www.ufsm.br\/app\/uploads\/sites\/477\/2018\/12\/IMG_7556.jpg'><img decoding=\"async\" width=\"1024\" height=\"768\" src=\"https:\/\/www.ufsm.br\/app\/uploads\/sites\/477\/2018\/12\/IMG_7556-1024x768.jpg\" class=\"attachment-large size-large\" alt=\"\" srcset=\"https:\/\/www.ufsm.br\/app\/uploads\/sites\/477\/2018\/12\/IMG_7556-1024x768.jpg 1024w, https:\/\/www.ufsm.br\/app\/uploads\/sites\/477\/2018\/12\/IMG_7556-300x225.jpg 300w, https:\/\/www.ufsm.br\/app\/uploads\/sites\/477\/2018\/12\/IMG_7556-768x576.jpg 768w, https:\/\/www.ufsm.br\/app\/uploads\/sites\/477\/2018\/12\/IMG_7556.jpg 1920w\" sizes=\"(max-width: 1024px) 100vw, 1024px\" \/><\/a>\n\t\t\t<\/div><\/figure><figure class='gallery-item'>\n\t\t\t<div class='gallery-icon landscape'>\n\t\t\t\t<a data-elementor-open-lightbox=\"yes\" data-elementor-lightbox-slideshow=\"22eefcb\" data-elementor-lightbox-title=\"IMG_7597\" data-e-action-hash=\"#elementor-action%3Aaction%3Dlightbox%26settings%3DeyJpZCI6MjkxLCJ1cmwiOiJodHRwczpcL1wvd3d3LnVmc20uYnJcL2FwcFwvdXBsb2Fkc1wvc2l0ZXNcLzQ3N1wvMjAxOFwvMTJcL0lNR183NTk3LmpwZyIsInNsaWRlc2hvdyI6IjIyZWVmY2IifQ%3D%3D\" href='https:\/\/www.ufsm.br\/app\/uploads\/sites\/477\/2018\/12\/IMG_7597.jpg'><img decoding=\"async\" width=\"1024\" height=\"416\" src=\"https:\/\/www.ufsm.br\/app\/uploads\/sites\/477\/2018\/12\/IMG_7597-1024x416.jpg\" class=\"attachment-large size-large\" alt=\"\" srcset=\"https:\/\/www.ufsm.br\/app\/uploads\/sites\/477\/2018\/12\/IMG_7597-1024x416.jpg 1024w, https:\/\/www.ufsm.br\/app\/uploads\/sites\/477\/2018\/12\/IMG_7597-300x122.jpg 300w, https:\/\/www.ufsm.br\/app\/uploads\/sites\/477\/2018\/12\/IMG_7597-768x312.jpg 768w, https:\/\/www.ufsm.br\/app\/uploads\/sites\/477\/2018\/12\/IMG_7597.jpg 1920w\" sizes=\"(max-width: 1024px) 100vw, 1024px\" \/><\/a>\n\t\t\t<\/div><\/figure><figure class='gallery-item'>\n\t\t\t<div class='gallery-icon landscape'>\n\t\t\t\t<a data-elementor-open-lightbox=\"yes\" data-elementor-lightbox-slideshow=\"22eefcb\" data-elementor-lightbox-title=\"IMG_7642\" data-e-action-hash=\"#elementor-action%3Aaction%3Dlightbox%26settings%3DeyJpZCI6MjkyLCJ1cmwiOiJodHRwczpcL1wvd3d3LnVmc20uYnJcL2FwcFwvdXBsb2Fkc1wvc2l0ZXNcLzQ3N1wvMjAxOFwvMTJcL0lNR183NjQyLmpwZyIsInNsaWRlc2hvdyI6IjIyZWVmY2IifQ%3D%3D\" href='https:\/\/www.ufsm.br\/app\/uploads\/sites\/477\/2018\/12\/IMG_7642.jpg'><img loading=\"lazy\" decoding=\"async\" width=\"1024\" height=\"768\" src=\"https:\/\/www.ufsm.br\/app\/uploads\/sites\/477\/2018\/12\/IMG_7642-1024x768.jpg\" class=\"attachment-large size-large\" alt=\"\" srcset=\"https:\/\/www.ufsm.br\/app\/uploads\/sites\/477\/2018\/12\/IMG_7642-1024x768.jpg 1024w, https:\/\/www.ufsm.br\/app\/uploads\/sites\/477\/2018\/12\/IMG_7642-300x225.jpg 300w, https:\/\/www.ufsm.br\/app\/uploads\/sites\/477\/2018\/12\/IMG_7642-768x576.jpg 768w, https:\/\/www.ufsm.br\/app\/uploads\/sites\/477\/2018\/12\/IMG_7642.jpg 1920w\" sizes=\"(max-width: 1024px) 100vw, 1024px\" \/><\/a>\n\t\t\t<\/div><\/figure><figure class='gallery-item'>\n\t\t\t<div class='gallery-icon landscape'>\n\t\t\t\t<a data-elementor-open-lightbox=\"yes\" data-elementor-lightbox-slideshow=\"22eefcb\" data-elementor-lightbox-title=\"IMG_7686\" data-e-action-hash=\"#elementor-action%3Aaction%3Dlightbox%26settings%3DeyJpZCI6MjkzLCJ1cmwiOiJodHRwczpcL1wvd3d3LnVmc20uYnJcL2FwcFwvdXBsb2Fkc1wvc2l0ZXNcLzQ3N1wvMjAxOFwvMTJcL0lNR183Njg2LmpwZyIsInNsaWRlc2hvdyI6IjIyZWVmY2IifQ%3D%3D\" href='https:\/\/www.ufsm.br\/app\/uploads\/sites\/477\/2018\/12\/IMG_7686.jpg'><img loading=\"lazy\" decoding=\"async\" width=\"1024\" height=\"768\" src=\"https:\/\/www.ufsm.br\/app\/uploads\/sites\/477\/2018\/12\/IMG_7686-1024x768.jpg\" class=\"attachment-large size-large\" alt=\"\" srcset=\"https:\/\/www.ufsm.br\/app\/uploads\/sites\/477\/2018\/12\/IMG_7686-1024x768.jpg 1024w, https:\/\/www.ufsm.br\/app\/uploads\/sites\/477\/2018\/12\/IMG_7686-300x225.jpg 300w, https:\/\/www.ufsm.br\/app\/uploads\/sites\/477\/2018\/12\/IMG_7686-768x576.jpg 768w, https:\/\/www.ufsm.br\/app\/uploads\/sites\/477\/2018\/12\/IMG_7686.jpg 1920w\" sizes=\"(max-width: 1024px) 100vw, 1024px\" \/><\/a>\n\t\t\t<\/div><\/figure><figure class='gallery-item'>\n\t\t\t<div class='gallery-icon landscape'>\n\t\t\t\t<a data-elementor-open-lightbox=\"yes\" data-elementor-lightbox-slideshow=\"22eefcb\" data-elementor-lightbox-title=\"IMG_7687\" data-e-action-hash=\"#elementor-action%3Aaction%3Dlightbox%26settings%3DeyJpZCI6Mjk0LCJ1cmwiOiJodHRwczpcL1wvd3d3LnVmc20uYnJcL2FwcFwvdXBsb2Fkc1wvc2l0ZXNcLzQ3N1wvMjAxOFwvMTJcL0lNR183Njg3LmpwZyIsInNsaWRlc2hvdyI6IjIyZWVmY2IifQ%3D%3D\" href='https:\/\/www.ufsm.br\/app\/uploads\/sites\/477\/2018\/12\/IMG_7687.jpg'><img loading=\"lazy\" decoding=\"async\" width=\"1024\" height=\"406\" src=\"https:\/\/www.ufsm.br\/app\/uploads\/sites\/477\/2018\/12\/IMG_7687-1024x406.jpg\" class=\"attachment-large size-large\" alt=\"\" srcset=\"https:\/\/www.ufsm.br\/app\/uploads\/sites\/477\/2018\/12\/IMG_7687-1024x406.jpg 1024w, https:\/\/www.ufsm.br\/app\/uploads\/sites\/477\/2018\/12\/IMG_7687-300x119.jpg 300w, https:\/\/www.ufsm.br\/app\/uploads\/sites\/477\/2018\/12\/IMG_7687-768x304.jpg 768w, https:\/\/www.ufsm.br\/app\/uploads\/sites\/477\/2018\/12\/IMG_7687.jpg 1920w\" sizes=\"(max-width: 1024px) 100vw, 1024px\" \/><\/a>\n\t\t\t<\/div><\/figure><figure class='gallery-item'>\n\t\t\t<div class='gallery-icon landscape'>\n\t\t\t\t<a data-elementor-open-lightbox=\"yes\" data-elementor-lightbox-slideshow=\"22eefcb\" data-elementor-lightbox-title=\"IMG_7702\" data-e-action-hash=\"#elementor-action%3Aaction%3Dlightbox%26settings%3DeyJpZCI6Mjk1LCJ1cmwiOiJodHRwczpcL1wvd3d3LnVmc20uYnJcL2FwcFwvdXBsb2Fkc1wvc2l0ZXNcLzQ3N1wvMjAxOFwvMTJcL0lNR183NzAyLmpwZyIsInNsaWRlc2hvdyI6IjIyZWVmY2IifQ%3D%3D\" href='https:\/\/www.ufsm.br\/app\/uploads\/sites\/477\/2018\/12\/IMG_7702.jpg'><img loading=\"lazy\" decoding=\"async\" width=\"1024\" height=\"768\" src=\"https:\/\/www.ufsm.br\/app\/uploads\/sites\/477\/2018\/12\/IMG_7702-1024x768.jpg\" class=\"attachment-large size-large\" alt=\"\" srcset=\"https:\/\/www.ufsm.br\/app\/uploads\/sites\/477\/2018\/12\/IMG_7702-1024x768.jpg 1024w, https:\/\/www.ufsm.br\/app\/uploads\/sites\/477\/2018\/12\/IMG_7702-300x225.jpg 300w, https:\/\/www.ufsm.br\/app\/uploads\/sites\/477\/2018\/12\/IMG_7702-768x576.jpg 768w, https:\/\/www.ufsm.br\/app\/uploads\/sites\/477\/2018\/12\/IMG_7702.jpg 1920w\" sizes=\"(max-width: 1024px) 100vw, 1024px\" \/><\/a>\n\t\t\t<\/div><\/figure><figure class='gallery-item'>\n\t\t\t<div class='gallery-icon landscape'>\n\t\t\t\t<a data-elementor-open-lightbox=\"yes\" data-elementor-lightbox-slideshow=\"22eefcb\" data-elementor-lightbox-title=\"IMG_7703\" data-e-action-hash=\"#elementor-action%3Aaction%3Dlightbox%26settings%3DeyJpZCI6Mjk2LCJ1cmwiOiJodHRwczpcL1wvd3d3LnVmc20uYnJcL2FwcFwvdXBsb2Fkc1wvc2l0ZXNcLzQ3N1wvMjAxOFwvMTJcL0lNR183NzAzLmpwZyIsInNsaWRlc2hvdyI6IjIyZWVmY2IifQ%3D%3D\" href='https:\/\/www.ufsm.br\/app\/uploads\/sites\/477\/2018\/12\/IMG_7703.jpg'><img loading=\"lazy\" decoding=\"async\" width=\"1024\" height=\"768\" src=\"https:\/\/www.ufsm.br\/app\/uploads\/sites\/477\/2018\/12\/IMG_7703-1024x768.jpg\" class=\"attachment-large size-large\" alt=\"\" srcset=\"https:\/\/www.ufsm.br\/app\/uploads\/sites\/477\/2018\/12\/IMG_7703-1024x768.jpg 1024w, https:\/\/www.ufsm.br\/app\/uploads\/sites\/477\/2018\/12\/IMG_7703-300x225.jpg 300w, https:\/\/www.ufsm.br\/app\/uploads\/sites\/477\/2018\/12\/IMG_7703-768x576.jpg 768w, https:\/\/www.ufsm.br\/app\/uploads\/sites\/477\/2018\/12\/IMG_7703.jpg 1920w\" sizes=\"(max-width: 1024px) 100vw, 1024px\" \/><\/a>\n\t\t\t<\/div><\/figure><figure class='gallery-item'>\n\t\t\t<div class='gallery-icon landscape'>\n\t\t\t\t<a data-elementor-open-lightbox=\"yes\" data-elementor-lightbox-slideshow=\"22eefcb\" data-elementor-lightbox-title=\"IMG_7704\" data-e-action-hash=\"#elementor-action%3Aaction%3Dlightbox%26settings%3DeyJpZCI6Mjk3LCJ1cmwiOiJodHRwczpcL1wvd3d3LnVmc20uYnJcL2FwcFwvdXBsb2Fkc1wvc2l0ZXNcLzQ3N1wvMjAxOFwvMTJcL0lNR183NzA0LmpwZyIsInNsaWRlc2hvdyI6IjIyZWVmY2IifQ%3D%3D\" href='https:\/\/www.ufsm.br\/app\/uploads\/sites\/477\/2018\/12\/IMG_7704.jpg'><img loading=\"lazy\" decoding=\"async\" width=\"1024\" height=\"768\" src=\"https:\/\/www.ufsm.br\/app\/uploads\/sites\/477\/2018\/12\/IMG_7704-1024x768.jpg\" class=\"attachment-large size-large\" alt=\"\" srcset=\"https:\/\/www.ufsm.br\/app\/uploads\/sites\/477\/2018\/12\/IMG_7704-1024x768.jpg 1024w, https:\/\/www.ufsm.br\/app\/uploads\/sites\/477\/2018\/12\/IMG_7704-300x225.jpg 300w, https:\/\/www.ufsm.br\/app\/uploads\/sites\/477\/2018\/12\/IMG_7704-768x576.jpg 768w, https:\/\/www.ufsm.br\/app\/uploads\/sites\/477\/2018\/12\/IMG_7704.jpg 1920w\" sizes=\"(max-width: 1024px) 100vw, 1024px\" \/><\/a>\n\t\t\t<\/div><\/figure><figure class='gallery-item'>\n\t\t\t<div class='gallery-icon landscape'>\n\t\t\t\t<a data-elementor-open-lightbox=\"yes\" data-elementor-lightbox-slideshow=\"22eefcb\" data-elementor-lightbox-title=\"IMG_7769\" data-e-action-hash=\"#elementor-action%3Aaction%3Dlightbox%26settings%3DeyJpZCI6Mjk4LCJ1cmwiOiJodHRwczpcL1wvd3d3LnVmc20uYnJcL2FwcFwvdXBsb2Fkc1wvc2l0ZXNcLzQ3N1wvMjAxOFwvMTJcL0lNR183NzY5LmpwZyIsInNsaWRlc2hvdyI6IjIyZWVmY2IifQ%3D%3D\" href='https:\/\/www.ufsm.br\/app\/uploads\/sites\/477\/2018\/12\/IMG_7769.jpg'><img loading=\"lazy\" decoding=\"async\" width=\"1024\" height=\"768\" src=\"https:\/\/www.ufsm.br\/app\/uploads\/sites\/477\/2018\/12\/IMG_7769-1024x768.jpg\" class=\"attachment-large size-large\" alt=\"\" srcset=\"https:\/\/www.ufsm.br\/app\/uploads\/sites\/477\/2018\/12\/IMG_7769-1024x768.jpg 1024w, https:\/\/www.ufsm.br\/app\/uploads\/sites\/477\/2018\/12\/IMG_7769-300x225.jpg 300w, https:\/\/www.ufsm.br\/app\/uploads\/sites\/477\/2018\/12\/IMG_7769-768x576.jpg 768w, https:\/\/www.ufsm.br\/app\/uploads\/sites\/477\/2018\/12\/IMG_7769.jpg 1920w\" sizes=\"(max-width: 1024px) 100vw, 1024px\" \/><\/a>\n\t\t\t<\/div><\/figure><figure class='gallery-item'>\n\t\t\t<div class='gallery-icon landscape'>\n\t\t\t\t<a data-elementor-open-lightbox=\"yes\" data-elementor-lightbox-slideshow=\"22eefcb\" data-elementor-lightbox-title=\"IMG_7773\" data-e-action-hash=\"#elementor-action%3Aaction%3Dlightbox%26settings%3DeyJpZCI6Mjk5LCJ1cmwiOiJodHRwczpcL1wvd3d3LnVmc20uYnJcL2FwcFwvdXBsb2Fkc1wvc2l0ZXNcLzQ3N1wvMjAxOFwvMTJcL0lNR183NzczLmpwZyIsInNsaWRlc2hvdyI6IjIyZWVmY2IifQ%3D%3D\" href='https:\/\/www.ufsm.br\/app\/uploads\/sites\/477\/2018\/12\/IMG_7773.jpg'><img loading=\"lazy\" decoding=\"async\" width=\"1024\" height=\"768\" src=\"https:\/\/www.ufsm.br\/app\/uploads\/sites\/477\/2018\/12\/IMG_7773-1024x768.jpg\" class=\"attachment-large size-large\" alt=\"\" srcset=\"https:\/\/www.ufsm.br\/app\/uploads\/sites\/477\/2018\/12\/IMG_7773-1024x768.jpg 1024w, https:\/\/www.ufsm.br\/app\/uploads\/sites\/477\/2018\/12\/IMG_7773-300x225.jpg 300w, https:\/\/www.ufsm.br\/app\/uploads\/sites\/477\/2018\/12\/IMG_7773-768x576.jpg 768w, https:\/\/www.ufsm.br\/app\/uploads\/sites\/477\/2018\/12\/IMG_7773.jpg 1920w\" sizes=\"(max-width: 1024px) 100vw, 1024px\" \/><\/a>\n\t\t\t<\/div><\/figure><figure class='gallery-item'>\n\t\t\t<div class='gallery-icon landscape'>\n\t\t\t\t<a data-elementor-open-lightbox=\"yes\" data-elementor-lightbox-slideshow=\"22eefcb\" data-elementor-lightbox-title=\"IMG_7741\" data-e-action-hash=\"#elementor-action%3Aaction%3Dlightbox%26settings%3DeyJpZCI6MzAwLCJ1cmwiOiJodHRwczpcL1wvd3d3LnVmc20uYnJcL2FwcFwvdXBsb2Fkc1wvc2l0ZXNcLzQ3N1wvMjAxOFwvMTJcL0lNR183NzQxLmpwZyIsInNsaWRlc2hvdyI6IjIyZWVmY2IifQ%3D%3D\" href='https:\/\/www.ufsm.br\/app\/uploads\/sites\/477\/2018\/12\/IMG_7741.jpg'><img loading=\"lazy\" decoding=\"async\" width=\"1024\" height=\"768\" src=\"https:\/\/www.ufsm.br\/app\/uploads\/sites\/477\/2018\/12\/IMG_7741-1024x768.jpg\" class=\"attachment-large size-large\" alt=\"\" srcset=\"https:\/\/www.ufsm.br\/app\/uploads\/sites\/477\/2018\/12\/IMG_7741-1024x768.jpg 1024w, https:\/\/www.ufsm.br\/app\/uploads\/sites\/477\/2018\/12\/IMG_7741-300x225.jpg 300w, https:\/\/www.ufsm.br\/app\/uploads\/sites\/477\/2018\/12\/IMG_7741-768x576.jpg 768w, https:\/\/www.ufsm.br\/app\/uploads\/sites\/477\/2018\/12\/IMG_7741.jpg 1920w\" sizes=\"(max-width: 1024px) 100vw, 1024px\" \/><\/a>\n\t\t\t<\/div><\/figure>\n\t\t<\/div>\n\t\t<\/div>\n\t\t\t\t<\/div>\n\t\t\t\t<\/div>\n\t\t\t\t\t<\/div>\n\t\t<\/div>\n\t\t\t\t\t<\/div>\n\t\t<\/section>\n\t\t\t\t<\/div>\n\t\t","protected":false},"excerpt":{"rendered":"<p>O Curso de Ci\u00eancias Cont\u00e1beis iniciou as comemora\u00e7\u00f5es do seu cinquenten\u00e1rio. Aprovado em 1966 pelo CONSU, o Curso teve in\u00edcio em mar\u00e7o de 1967. A primeira atividade que marcou os 50 anos, e em virtude do dia do Contador, comemorado no dia 22 de setembro, foi um jantar baile realizado no dia 7 de outubro, [&hellip;]<\/p>\n","protected":false},"author":115,"featured_media":0,"parent":0,"menu_order":0,"comment_status":"closed","ping_status":"closed","template":"","meta":{"footnotes":""},"categories":[],"tags":[],"class_list":["post-288","page","type-page","status-publish","hentry"],"acf":[],"_links":{"self":[{"href":"https:\/\/www.ufsm.br\/cursos\/graduacao\/santa-maria\/ciencias-contabeis\/wp-json\/wp\/v2\/pages\/288","targetHints":{"allow":["GET"]}}],"collection":[{"href":"https:\/\/www.ufsm.br\/cursos\/graduacao\/santa-maria\/ciencias-contabeis\/wp-json\/wp\/v2\/pages"}],"about":[{"href":"https:\/\/www.ufsm.br\/cursos\/graduacao\/santa-maria\/ciencias-contabeis\/wp-json\/wp\/v2\/types\/page"}],"author":[{"embeddable":true,"href":"https:\/\/www.ufsm.br\/cursos\/graduacao\/santa-maria\/ciencias-contabeis\/wp-json\/wp\/v2\/users\/115"}],"replies":[{"embeddable":true,"href":"https:\/\/www.ufsm.br\/cursos\/graduacao\/santa-maria\/ciencias-contabeis\/wp-json\/wp\/v2\/comments?post=288"}],"version-history":[{"count":0,"href":"https:\/\/www.ufsm.br\/cursos\/graduacao\/santa-maria\/ciencias-contabeis\/wp-json\/wp\/v2\/pages\/288\/revisions"}],"wp:attachment":[{"href":"https:\/\/www.ufsm.br\/cursos\/graduacao\/santa-maria\/ciencias-contabeis\/wp-json\/wp\/v2\/media?parent=288"}],"wp:term":[{"taxonomy":"category","embeddable":true,"href":"https:\/\/www.ufsm.br\/cursos\/graduacao\/santa-maria\/ciencias-contabeis\/wp-json\/wp\/v2\/categories?post=288"},{"taxonomy":"post_tag","embeddable":true,"href":"https:\/\/www.ufsm.br\/cursos\/graduacao\/santa-maria\/ciencias-contabeis\/wp-json\/wp\/v2\/tags?post=288"}],"curies":[{"name":"wp","href":"https:\/\/api.w.org\/{rel}","templated":true}]}}