{"id":3641,"date":"2024-03-07T12:23:40","date_gmt":"2024-03-07T15:23:40","guid":{"rendered":"https:\/\/www.ufsm.br\/cursos\/graduacao\/santa-maria\/ciencias-contabeis\/?page_id=3641"},"modified":"2024-03-07T12:24:44","modified_gmt":"2024-03-07T15:24:44","slug":"criterios-de-concessao-de-vagas-do-processamento-de-disciplinas-solicitadas-pelo-portal-estudantil","status":"publish","type":"page","link":"https:\/\/www.ufsm.br\/cursos\/graduacao\/santa-maria\/ciencias-contabeis\/criterios-de-concessao-de-vagas-do-processamento-de-disciplinas-solicitadas-pelo-portal-estudantil","title":{"rendered":"Crit\u00e9rios de concess\u00e3o de vagas do processamento de disciplinas solicitadas pelo Portal Estudantil"},"content":{"rendered":"\n<p>\u25ba Regras do processamento de Matr\u00edculas.<\/p>\n\n\n\n<p>&nbsp;Regras Gerais do processamento de matr\u00edculas da UFSM<br>Os alunos possuem um ranking geral dentro do curso, chamado de \u00edndice de desempenho acad\u00eamico, que est\u00e1 dispon\u00edvel ao final do hist\u00f3rico escolar do aluno, no Portal Estudantil, junto com sua regra de c\u00e1lculo. O processamento das solicita\u00e7\u00f5es de matr\u00edcula CONSIDERA esse c\u00e1lculo e ainda atribui alguns B\u00d4NUS sobre essa nota, conforme a caracter\u00edstica de cada aluno em rela\u00e7\u00e3o \u00e0 cada disciplina solicitada.<\/p>\n\n\n\n<p>Ent\u00e3o, o valor inicial da prioridade de matr\u00edcula em disciplinas \u00e9 o \u00edndice de desempenho acad\u00eamico e, a esse valor, s\u00e3o adicionados os seguintes \u201cb\u00f4nus\u201d conforme os seguintes perfis de aluno em rela\u00e7\u00e3o \u00e0 disciplina:<\/p>\n\n\n\n<p>1) Se o per\u00edodo atual do aluno \u00e9 o mesmo per\u00edodo ideal da disciplina:<br>+ 50.000<br>&nbsp;per\u00edodo atual = n\u00famero de semestres desde o ingresso do aluno<br>&nbsp;per\u00edodo ideal = semestre em que a disciplina est\u00e1 definida no PPC e no cadastro da disciplina no Curso<\/p>\n\n\n\n<p>2) Se o per\u00edodo atual do aluno \u00e9 o mesmo per\u00edodo ideal da disciplina e o aluno est\u00e1 seguindo a sequ\u00eancia aconselhada do curso (aluno<br>periodizado):<br>+50.000<br>&nbsp;aluno periodizado = aluno que venceu todas as disciplinas previstas no PPC para per\u00edodos anteriores ao seu per\u00edodo atual (considerando as pend\u00eancias poss\u00edveis, tamb\u00e9m indicadas no PPC para cursos seriados)<\/p>\n\n\n\n<p>3) Se o curso que ofertou a turma \u00e9 o mesmo curso do aluno:<br>+50.000<br>&nbsp;prioriza o aluno do curso em casos de compartilhamento da oferta com outros cursos durante o per\u00edodo de matr\u00edcula regular. Ex: Administra\u00e7\u00e3o \u2013 Diurno e Administra\u00e7\u00e3o \u2013 Noturno, ou Ci\u00eancia da Computa\u00e7\u00e3o e Sistemas de Informa\u00e7\u00e3o.<\/p>\n\n\n\n<p>4) Se o curso que ofertou a turma\/disciplina n\u00e3o \u00e9 o mesmo curso do aluno, mas esse curso que ofertou a turma\/disciplina \u00e9 do mesmo<br>Centro do curso do aluno:<br>+30.000<br>&nbsp;prioriza o aluno do mesmo centro em caso de matr\u00edcula extracurricular<\/p>\n\n\n\n<p>5) Se a integraliza\u00e7\u00e3o curricular do aluno for maior ou igual a 80%:<br>+50.000<br>&nbsp;prioriza prov\u00e1veis formandos<br>Exemplo, considerando um aluno do 8\u00ba semestre e um aluno do 2\u00ba semestre, que solicitaram vaga na mesma turma cuja disciplina tem per\u00edodo ideal = 2.<br>Aluno 8\u00ba<br>\u00cdndice de Desempenho Acad\u00eamico: 10.546,2<br>+ 0 (mesmo per\u00edodo)<br>+ 0 (sequ\u00eancia aconselhada)<br>+ 50.000 (mesmo curso da turma)<br>+ 0 (curso diferente do mesmo centro)<br>+ 50.000 (formando)<br>= 110.546,2<\/p>\n\n\n\n<p>Aluno 2\u00ba<\/p>\n\n\n\n<p>\u00cdndice de Desempenho Acad\u00eamico: 2.787,75<br>+ 50.000 (mesmo per\u00edodo)<br>+ 50.000 (sequ\u00eancia aconselhada)<br>+ 50.000 (mesmo curso da turma)<br>+ 0 (curso diferente do mesmo centro)<br>+ 0 (formando) = 152.787,75<\/p>\n\n\n\n<p>Apenas pelo \u00cdndice de Desempenho Acad\u00eamico, o aluno do 8\u00ba semestre teria prioridade na matr\u00edcula, mas, considerando todos os b\u00f4nus, a prioridade \u00e9 do aluno do 2\u00ba semestre.<br>Se o aluno do 2\u00ba semestre n\u00e3o estivesse na sequ\u00eancia aconselhada, o aluno do 8\u00ba teria prioridade sobre ele, por ser formando. Mas se o aluno do 8\u00ba n\u00e3o fosse formando, novamente o aluno do 2\u00ba teria prioridade.<\/p>\n\n\n\n<p><br>&nbsp;CRIT\u00c9RIO EXTRA PARA ALUNO QUE SOLICITA MAIS DE UMA TURMA DA MESMA DISCIPLINA<br>Se um aluno solicitar matr\u00edcula em uma mesma disciplina, mas turmas diferentes, o \u00edndice do ranking ser\u00e1 o mesmo, ent\u00e3o, para o sistema saber em qual turma ele deve tentar matricular primeiro, utilizar\u00e1 a indica\u00e7\u00e3o de prioridade que o aluno define pelo Portal Estudantil, no momento da solicita\u00e7\u00e3o de matr\u00edcula<\/p>\n","protected":false},"excerpt":{"rendered":"<p>\u25ba Regras do processamento de Matr\u00edculas. &nbsp;Regras Gerais do processamento de matr\u00edculas da UFSMOs alunos possuem um ranking geral dentro do curso, chamado de \u00edndice de desempenho acad\u00eamico, que est\u00e1 dispon\u00edvel ao final do hist\u00f3rico escolar do aluno, no Portal Estudantil, junto com sua regra de c\u00e1lculo. O processamento das solicita\u00e7\u00f5es de matr\u00edcula CONSIDERA esse [&hellip;]<\/p>\n","protected":false},"author":5198,"featured_media":0,"parent":0,"menu_order":0,"comment_status":"closed","ping_status":"closed","template":"","meta":{"footnotes":""},"categories":[],"tags":[],"class_list":["post-3641","page","type-page","status-publish","hentry"],"acf":[],"_links":{"self":[{"href":"https:\/\/www.ufsm.br\/cursos\/graduacao\/santa-maria\/ciencias-contabeis\/wp-json\/wp\/v2\/pages\/3641","targetHints":{"allow":["GET"]}}],"collection":[{"href":"https:\/\/www.ufsm.br\/cursos\/graduacao\/santa-maria\/ciencias-contabeis\/wp-json\/wp\/v2\/pages"}],"about":[{"href":"https:\/\/www.ufsm.br\/cursos\/graduacao\/santa-maria\/ciencias-contabeis\/wp-json\/wp\/v2\/types\/page"}],"author":[{"embeddable":true,"href":"https:\/\/www.ufsm.br\/cursos\/graduacao\/santa-maria\/ciencias-contabeis\/wp-json\/wp\/v2\/users\/5198"}],"replies":[{"embeddable":true,"href":"https:\/\/www.ufsm.br\/cursos\/graduacao\/santa-maria\/ciencias-contabeis\/wp-json\/wp\/v2\/comments?post=3641"}],"version-history":[{"count":0,"href":"https:\/\/www.ufsm.br\/cursos\/graduacao\/santa-maria\/ciencias-contabeis\/wp-json\/wp\/v2\/pages\/3641\/revisions"}],"wp:attachment":[{"href":"https:\/\/www.ufsm.br\/cursos\/graduacao\/santa-maria\/ciencias-contabeis\/wp-json\/wp\/v2\/media?parent=3641"}],"wp:term":[{"taxonomy":"category","embeddable":true,"href":"https:\/\/www.ufsm.br\/cursos\/graduacao\/santa-maria\/ciencias-contabeis\/wp-json\/wp\/v2\/categories?post=3641"},{"taxonomy":"post_tag","embeddable":true,"href":"https:\/\/www.ufsm.br\/cursos\/graduacao\/santa-maria\/ciencias-contabeis\/wp-json\/wp\/v2\/tags?post=3641"}],"curies":[{"name":"wp","href":"https:\/\/api.w.org\/{rel}","templated":true}]}}