{"id":4004,"date":"2025-02-28T11:17:59","date_gmt":"2025-02-28T14:17:59","guid":{"rendered":"https:\/\/www.ufsm.br\/cursos\/graduacao\/santa-maria\/ciencias-contabeis\/?page_id=4004"},"modified":"2025-02-28T11:22:51","modified_gmt":"2025-02-28T14:22:51","slug":"guia-estudantil-2025","status":"publish","type":"page","link":"https:\/\/www.ufsm.br\/cursos\/graduacao\/santa-maria\/ciencias-contabeis\/guia-estudantil-2025","title":{"rendered":"Guia Estudantil 2025"},"content":{"rendered":"\t\t<div data-elementor-type=\"wp-page\" data-elementor-id=\"4004\" class=\"elementor elementor-4004\">\n\t\t\t\t\t\t<section class=\"elementor-section elementor-top-section elementor-element elementor-element-76f6edca elementor-section-boxed elementor-section-height-default elementor-section-height-default\" data-id=\"76f6edca\" data-element_type=\"section\">\n\t\t\t\t\t\t<div class=\"elementor-container elementor-column-gap-default\">\n\t\t\t\t\t<div class=\"elementor-column elementor-col-100 elementor-top-column elementor-element elementor-element-27fddfa5\" data-id=\"27fddfa5\" data-element_type=\"column\">\n\t\t\t<div class=\"elementor-widget-wrap elementor-element-populated\">\n\t\t\t\t\t\t<div class=\"elementor-element elementor-element-22b103d5 elementor-widget elementor-widget-text-editor\" data-id=\"22b103d5\" data-element_type=\"widget\" data-widget_type=\"text-editor.default\">\n\t\t\t\t<div class=\"elementor-widget-container\">\n\t\t\t\t\t\t\t<h2 class=\"wp-block-heading\">Documento traz direitos, deveres e recursos que podem ser utilizados por quem estuda em diferentes n\u00edveis de ensino na institui\u00e7\u00e3o (clique na imagem)<\/h2>\n<p><!-- \/wp:heading --><!-- wp:paragraph --><!-- \/wp:paragraph --><\/p>\t\t\t\t\t\t<\/div>\n\t\t\t\t<\/div>\n\t\t\t\t\t<\/div>\n\t\t<\/div>\n\t\t\t\t\t<\/div>\n\t\t<\/section>\n\t\t\t\t<section class=\"elementor-section elementor-top-section elementor-element elementor-element-d067bb4 elementor-section-boxed elementor-section-height-default elementor-section-height-default\" data-id=\"d067bb4\" data-element_type=\"section\">\n\t\t\t\t\t\t<div class=\"elementor-container elementor-column-gap-default\">\n\t\t\t\t\t<div class=\"elementor-column elementor-col-100 elementor-top-column elementor-element elementor-element-4ad9252\" data-id=\"4ad9252\" data-element_type=\"column\">\n\t\t\t<div class=\"elementor-widget-wrap elementor-element-populated\">\n\t\t\t\t\t\t<div class=\"elementor-element elementor-element-237e651 elementor-widget elementor-widget-text-editor\" data-id=\"237e651\" data-element_type=\"widget\" data-widget_type=\"text-editor.default\">\n\t\t\t\t<div class=\"elementor-widget-container\">\n\t\t\t\t\t\t\t<p><a href=\"https:\/\/www.ufsm.br\/app\/uploads\/sites\/342\/2025\/02\/GUIA-ESTUDANTIL-UFSM-2025.pdf\"><img fetchpriority=\"high\" decoding=\"async\" class=\"alignleft wp-image-4005\" src=\"https:\/\/www.ufsm.br\/app\/uploads\/sites\/477\/2025\/02\/WhatsApp-Image-2025-02-06-at-14.56.38-768x960-1.jpeg\" alt=\"\" width=\"701\" height=\"876\" srcset=\"https:\/\/www.ufsm.br\/app\/uploads\/sites\/477\/2025\/02\/WhatsApp-Image-2025-02-06-at-14.56.38-768x960-1.jpeg 768w, https:\/\/www.ufsm.br\/app\/uploads\/sites\/477\/2025\/02\/WhatsApp-Image-2025-02-06-at-14.56.38-768x960-1-240x300.jpeg 240w\" sizes=\"(max-width: 701px) 100vw, 701px\" \/><\/a>A Universidade Federal de Santa Maria, por meio da Pr\u00f3-Reitoria de Gradua\u00e7\u00e3o (Prograd), publicou nesta quinta-feira, 6, o\u00a0<a href=\"https:\/\/www.ufsm.br\/app\/uploads\/sites\/342\/2025\/02\/GUIA-ESTUDANTIL-UFSM-2025.pdf\">Guia Estudantil UFSM 2025<\/a>.<\/p>\n<p>A resolu\u00e7\u00e3o que trata do guia foi aprovada em 8 de novembro de 2024, na sess\u00e3o 1003\u00aa do Conselho de Ensino, Pesquisa e Extens\u00e3o (Cepe), da Universidade Federal de Santa Maria.<\/p>\n<p>O Guia, al\u00e9m de ser um material de consulta, apresenta direitos e deveres estudantis e avan\u00e7os como Licen\u00e7a Gestante, Licen\u00e7a Adotante, Licen\u00e7a Paternidade e Licen\u00e7a Amamenta\u00e7\u00e3o para estudantes de todos os n\u00edveis da Institui\u00e7\u00e3o.<\/p>\n<p>De acordo com o reitor, professor Luciano Schuch, e a vice-reitora, professora Martha Adaime, o guia foi pensado para todas as pessoas, independentemente do grau de ensino em que estejam inseridas, desde as crian\u00e7as da Unidade de Educa\u00e7\u00e3o Infantil Ip\u00ea Amarelo at\u00e9 quem cursa a p\u00f3s-gradua\u00e7\u00e3o.<\/p>\n<p>O Guia traz recursos dispon\u00edveis na institui\u00e7\u00e3o para quem estuda poder trilhar o caminho do conhecimento com seguran\u00e7a e autonomia.<\/p>\n<p>A reitoria da UFSM salienta que a mudan\u00e7a de nome do documento, antes chamado de Guia do Estudante e agora de Guia Estudantil, pode parecer insignificante, mas reflete o compromisso da UFSM de construir uma comunica\u00e7\u00e3o inclusiva, que respeite as diversidades e seja capaz de dialogar com todas e todos. \u201cEssa atualiza\u00e7\u00e3o n\u00e3o \u00e9 apenas um ajuste t\u00e9cnico, mas um passo para reafirmar a nossa aten\u00e7\u00e3o \u00e0s necessidades e \u00e0s demandas de quem vive e transforma diariamente nossa institui\u00e7\u00e3o\u201d.<\/p>\t\t\t\t\t\t<\/div>\n\t\t\t\t<\/div>\n\t\t\t\t\t<\/div>\n\t\t<\/div>\n\t\t\t\t\t<\/div>\n\t\t<\/section>\n\t\t\t\t<\/div>\n\t\t","protected":false},"excerpt":{"rendered":"<p>Documento traz direitos, deveres e recursos que podem ser utilizados por quem estuda em diferentes n\u00edveis de ensino na institui\u00e7\u00e3o (clique na imagem) A Universidade Federal de Santa Maria, por meio da Pr\u00f3-Reitoria de Gradua\u00e7\u00e3o (Prograd), publicou nesta quinta-feira, 6, o\u00a0Guia Estudantil UFSM 2025. A resolu\u00e7\u00e3o que trata do guia foi aprovada em 8 de [&hellip;]<\/p>\n","protected":false},"author":2252,"featured_media":0,"parent":0,"menu_order":0,"comment_status":"closed","ping_status":"closed","template":"","meta":{"footnotes":""},"categories":[],"tags":[],"class_list":["post-4004","page","type-page","status-publish","hentry"],"acf":[],"_links":{"self":[{"href":"https:\/\/www.ufsm.br\/cursos\/graduacao\/santa-maria\/ciencias-contabeis\/wp-json\/wp\/v2\/pages\/4004","targetHints":{"allow":["GET"]}}],"collection":[{"href":"https:\/\/www.ufsm.br\/cursos\/graduacao\/santa-maria\/ciencias-contabeis\/wp-json\/wp\/v2\/pages"}],"about":[{"href":"https:\/\/www.ufsm.br\/cursos\/graduacao\/santa-maria\/ciencias-contabeis\/wp-json\/wp\/v2\/types\/page"}],"author":[{"embeddable":true,"href":"https:\/\/www.ufsm.br\/cursos\/graduacao\/santa-maria\/ciencias-contabeis\/wp-json\/wp\/v2\/users\/2252"}],"replies":[{"embeddable":true,"href":"https:\/\/www.ufsm.br\/cursos\/graduacao\/santa-maria\/ciencias-contabeis\/wp-json\/wp\/v2\/comments?post=4004"}],"version-history":[{"count":0,"href":"https:\/\/www.ufsm.br\/cursos\/graduacao\/santa-maria\/ciencias-contabeis\/wp-json\/wp\/v2\/pages\/4004\/revisions"}],"wp:attachment":[{"href":"https:\/\/www.ufsm.br\/cursos\/graduacao\/santa-maria\/ciencias-contabeis\/wp-json\/wp\/v2\/media?parent=4004"}],"wp:term":[{"taxonomy":"category","embeddable":true,"href":"https:\/\/www.ufsm.br\/cursos\/graduacao\/santa-maria\/ciencias-contabeis\/wp-json\/wp\/v2\/categories?post=4004"},{"taxonomy":"post_tag","embeddable":true,"href":"https:\/\/www.ufsm.br\/cursos\/graduacao\/santa-maria\/ciencias-contabeis\/wp-json\/wp\/v2\/tags?post=4004"}],"curies":[{"name":"wp","href":"https:\/\/api.w.org\/{rel}","templated":true}]}}