{"id":4093,"date":"2025-04-29T10:33:18","date_gmt":"2025-04-29T13:33:18","guid":{"rendered":"https:\/\/www.ufsm.br\/cursos\/graduacao\/santa-maria\/ciencias-contabeis\/?page_id=4093"},"modified":"2025-04-29T10:33:20","modified_gmt":"2025-04-29T13:33:20","slug":"solicitacao-de-acex-pelo-portal-estudantil","status":"publish","type":"page","link":"https:\/\/www.ufsm.br\/cursos\/graduacao\/santa-maria\/ciencias-contabeis\/solicitacao-de-acex-pelo-portal-estudantil","title":{"rendered":"Solicita\u00e7\u00e3o de ACEx pelo Portal Estudantil"},"content":{"rendered":"\n<p>Para solicitar o registro de ACEx, \u00e9 necess\u00e1rio ao(\u00e0) estudante de gradua\u00e7\u00e3o acessar o m\u00f3dulo de dispensas e aproveitamentos no Portal Estudantil: Dispensas, T\u00f3picos, ACG e ACEx.<\/p>\n\n\n\n<p>TUTORIAL para solicita\u00e7\u00e3o de ACEX pelo Portal Estudantil:&nbsp;<a href=\"https:\/\/www.ufsm.br\/app\/uploads\/sites\/342\/2025\/04\/Solicitacao-de-ACEX-pelo-Portal-Estudantil-1.pdf\">Clique aqui<\/a><\/p>\n","protected":false},"excerpt":{"rendered":"<p>Para solicitar o registro de ACEx, \u00e9 necess\u00e1rio ao(\u00e0) estudante de gradua\u00e7\u00e3o acessar o m\u00f3dulo de dispensas e aproveitamentos no Portal Estudantil: Dispensas, T\u00f3picos, ACG e ACEx. TUTORIAL para solicita\u00e7\u00e3o de ACEX pelo Portal Estudantil:&nbsp;Clique aqui<\/p>\n","protected":false},"author":2252,"featured_media":0,"parent":0,"menu_order":0,"comment_status":"closed","ping_status":"closed","template":"","meta":{"footnotes":""},"categories":[],"tags":[],"class_list":["post-4093","page","type-page","status-publish","hentry"],"acf":[],"_links":{"self":[{"href":"https:\/\/www.ufsm.br\/cursos\/graduacao\/santa-maria\/ciencias-contabeis\/wp-json\/wp\/v2\/pages\/4093","targetHints":{"allow":["GET"]}}],"collection":[{"href":"https:\/\/www.ufsm.br\/cursos\/graduacao\/santa-maria\/ciencias-contabeis\/wp-json\/wp\/v2\/pages"}],"about":[{"href":"https:\/\/www.ufsm.br\/cursos\/graduacao\/santa-maria\/ciencias-contabeis\/wp-json\/wp\/v2\/types\/page"}],"author":[{"embeddable":true,"href":"https:\/\/www.ufsm.br\/cursos\/graduacao\/santa-maria\/ciencias-contabeis\/wp-json\/wp\/v2\/users\/2252"}],"replies":[{"embeddable":true,"href":"https:\/\/www.ufsm.br\/cursos\/graduacao\/santa-maria\/ciencias-contabeis\/wp-json\/wp\/v2\/comments?post=4093"}],"version-history":[{"count":0,"href":"https:\/\/www.ufsm.br\/cursos\/graduacao\/santa-maria\/ciencias-contabeis\/wp-json\/wp\/v2\/pages\/4093\/revisions"}],"wp:attachment":[{"href":"https:\/\/www.ufsm.br\/cursos\/graduacao\/santa-maria\/ciencias-contabeis\/wp-json\/wp\/v2\/media?parent=4093"}],"wp:term":[{"taxonomy":"category","embeddable":true,"href":"https:\/\/www.ufsm.br\/cursos\/graduacao\/santa-maria\/ciencias-contabeis\/wp-json\/wp\/v2\/categories?post=4093"},{"taxonomy":"post_tag","embeddable":true,"href":"https:\/\/www.ufsm.br\/cursos\/graduacao\/santa-maria\/ciencias-contabeis\/wp-json\/wp\/v2\/tags?post=4093"}],"curies":[{"name":"wp","href":"https:\/\/api.w.org\/{rel}","templated":true}]}}