{"id":1483,"date":"2022-10-20T16:41:30","date_gmt":"2022-10-20T19:41:30","guid":{"rendered":"https:\/\/www.ufsm.br\/cursos\/graduacao\/santa-maria\/ciencias-economicas\/?page_id=1483"},"modified":"2023-04-13T08:36:00","modified_gmt":"2023-04-13T11:36:00","slug":"cancelamento-de-curso","status":"publish","type":"page","link":"https:\/\/www.ufsm.br\/cursos\/graduacao\/santa-maria\/ciencias-economicas\/cancelamento-de-curso","title":{"rendered":"Cancelamento de Curso"},"content":{"rendered":"\n<p>O cancelamento de Curso \u00e9 o desligamento permanente do aluno de algum curso da UFSM; ou seja, a perda de v\u00ednculo.<\/p>\n<p>O cancelamento de curso serve para que o aluno se desligue do curso ou da UFSM e possa, por exemplo, assumir uma vaga em outra Universidade p\u00fablica, em caso de aprova\u00e7\u00e3o. Conforme a\u00a0<a href=\"http:\/\/www.planalto.gov.br\/ccivil_03\/_ato2007-2010\/2009\/lei\/l12089.htm\">Lei n\u00ba 12.089, de 11 de novembro de 2009<\/a>, \u00e9 proibido ao estudante assumir duas vagas em cursos de universidades p\u00fablicas.<\/p>\n<p><strong>ATEN\u00c7\u00c3O:\u00a0<\/strong>N\u00e3o \u00e9 poss\u00edvel reverter o Cancelamento de Curso. Para reingressar no Curso, \u00e9 necess\u00e1ria aprova\u00e7\u00e3o em nova sele\u00e7\u00e3o, a qual dar\u00e1 direito a outro n\u00famero de matr\u00edcula na UFSM.<br \/><br \/><strong>Como solicitar o cancelamento de curso:<\/strong><\/p>\n<p><strong>1) C<u>om o cancelamento por troca de curso (de car\u00e1ter irrevers\u00edvel)<\/u><\/strong>, que ser\u00e1 autom\u00e1tico ap\u00f3s a tramita\u00e7\u00e3o final.<br \/><strong>2) C<u>om o cancelamento por outros motivos<\/u><\/strong>, o processo ser\u00e1 tramitado para a COREM, a fim de proceder com a an\u00e1lise e encaminhamentos.<\/p>\n<div>Tamb\u00e9m orientamos para que os antigos formul\u00e1rios de cancelamento sejam removidos das p\u00e1ginas dos cursos, uma vez que os modelos pr\u00e9-preenchidos j\u00e1 est\u00e3o vinculados diretamente no processo, nos passos de fluxo indicados, para serem editados pelos alunos. Tem-se na p\u00e1gina de Apoio ao usu\u00e1rio do PEN-SIE dispon\u00edvel um v\u00eddeo que orienta\u00a0<a href=\"https:\/\/www.youtube.com\/watch?v=IF5ywou2OyI\" target=\"_blank\" rel=\"noopener\" data-saferedirecturl=\"https:\/\/www.google.com\/url?q=https:\/\/www.youtube.com\/watch?v%3DIF5ywou2OyI&amp;source=gmail&amp;ust=1681470312352000&amp;usg=AOvVaw3BUU2RmsGlo0UShTWmhegn\">quanto ao uso e preenchimento de documentos a partir dos modelo<\/a>s.\u00a0<br \/>\n<div><br \/><br \/><span style=\"font-size: large\">Para informa\u00e7\u00f5es detalhadas sobre o cancelamento e as etapas de como solicitar o cancelamento de matr\u00edcula acesse:<br \/><br \/><a href=\"https:\/\/www.ufsm.br\/pro-reitorias\/prograd\/cofre-corem\/solicitacao-de-cancelamento-de-curso\" target=\"_blank\" rel=\"noopener\" data-saferedirecturl=\"https:\/\/www.google.com\/url?q=https:\/\/www.ufsm.br\/pro-reitorias\/prograd\/cofre-corem\/solicitacao-de-cancelamento-de-curso&amp;source=gmail&amp;ust=1681470312352000&amp;usg=AOvVaw2uYHYSGaRZZgZ7BRIzJr3t\">https:\/\/www.ufsm.br\/pro-reitorias\/prograd\/cofre-corem\/solicitacao-de-cancelamento-de-curso<\/a><\/span><\/div>\n<br \/><br \/><br \/><span style=\"font-size: large\"><br \/><br \/><br \/><\/span><\/div>\n<p><span style=\"font-size: large\"><br \/><br \/><\/span><\/p>\n","protected":false},"excerpt":{"rendered":"<p>O cancelamento de Curso \u00e9 o desligamento permanente do aluno de algum curso da UFSM; ou seja, a perda de v\u00ednculo. O cancelamento de curso serve para que o aluno se desligue do curso ou da UFSM e possa, por exemplo, assumir uma vaga em outra Universidade p\u00fablica, em caso de aprova\u00e7\u00e3o. Conforme a\u00a0Lei n\u00ba [&hellip;]<\/p>\n","protected":false},"author":555,"featured_media":0,"parent":0,"menu_order":0,"comment_status":"closed","ping_status":"closed","template":"","meta":{"footnotes":""},"categories":[],"tags":[],"class_list":["post-1483","page","type-page","status-publish","hentry"],"acf":[],"_links":{"self":[{"href":"https:\/\/www.ufsm.br\/cursos\/graduacao\/santa-maria\/ciencias-economicas\/wp-json\/wp\/v2\/pages\/1483","targetHints":{"allow":["GET"]}}],"collection":[{"href":"https:\/\/www.ufsm.br\/cursos\/graduacao\/santa-maria\/ciencias-economicas\/wp-json\/wp\/v2\/pages"}],"about":[{"href":"https:\/\/www.ufsm.br\/cursos\/graduacao\/santa-maria\/ciencias-economicas\/wp-json\/wp\/v2\/types\/page"}],"author":[{"embeddable":true,"href":"https:\/\/www.ufsm.br\/cursos\/graduacao\/santa-maria\/ciencias-economicas\/wp-json\/wp\/v2\/users\/555"}],"replies":[{"embeddable":true,"href":"https:\/\/www.ufsm.br\/cursos\/graduacao\/santa-maria\/ciencias-economicas\/wp-json\/wp\/v2\/comments?post=1483"}],"version-history":[{"count":0,"href":"https:\/\/www.ufsm.br\/cursos\/graduacao\/santa-maria\/ciencias-economicas\/wp-json\/wp\/v2\/pages\/1483\/revisions"}],"wp:attachment":[{"href":"https:\/\/www.ufsm.br\/cursos\/graduacao\/santa-maria\/ciencias-economicas\/wp-json\/wp\/v2\/media?parent=1483"}],"wp:term":[{"taxonomy":"category","embeddable":true,"href":"https:\/\/www.ufsm.br\/cursos\/graduacao\/santa-maria\/ciencias-economicas\/wp-json\/wp\/v2\/categories?post=1483"},{"taxonomy":"post_tag","embeddable":true,"href":"https:\/\/www.ufsm.br\/cursos\/graduacao\/santa-maria\/ciencias-economicas\/wp-json\/wp\/v2\/tags?post=1483"}],"curies":[{"name":"wp","href":"https:\/\/api.w.org\/{rel}","templated":true}]}}