{"id":1523,"date":"2022-11-03T14:59:41","date_gmt":"2022-11-03T17:59:41","guid":{"rendered":"https:\/\/www.ufsm.br\/cursos\/graduacao\/santa-maria\/ciencias-economicas\/?page_id=1523"},"modified":"2025-10-01T15:24:44","modified_gmt":"2025-10-01T18:24:44","slug":"atividades-complementares-de-graduacao-acg","status":"publish","type":"page","link":"https:\/\/www.ufsm.br\/cursos\/graduacao\/santa-maria\/ciencias-economicas\/atividades-complementares-de-graduacao-acg","title":{"rendered":"Atividades Complementares de Gradua\u00e7\u00e3o \u2013 ACG"},"content":{"rendered":"\n<p>REGULAMENTO DAS ATIVIDADES COMPLEMENTARES DE GRADUA\u00c7\u00c3O \u2013 CURSO<br \/>DE CI\u00caNCIAS ECON\u00d4MICAS<\/p>\n\n\n\n<p>Tutorial com o passo do procedimento a ser feito para solicita\u00e7\u00e3o de ACG&#8217;s: <strong><a href=\"https:\/\/www.ufsm.br\/app\/uploads\/sites\/478\/2024\/11\/Tutorial-de-Solicitacao-de-Aproveitamento-de-Atividade-Complementar-de-Graduacao.pdf\" target=\"_blank\" rel=\"noreferrer noopener\">CLIQUE AQUI<\/a><\/strong><\/p>\n\n\n\n<p>Conforme estabelecido pelo Colegiado do curso em reuni\u00e3o realizada 24\/09\/2025, ficou estabelecido que ser\u00e3o aceitos pela coordena\u00e7\u00e3o do curso os pedidos de ACG e ACEx realizados com a matr\u00edcula anterior para os estudantes que realizaram transfer\u00eancia interna.<\/p>\n","protected":false},"excerpt":{"rendered":"<p>REGULAMENTO DAS ATIVIDADES COMPLEMENTARES DE GRADUA\u00c7\u00c3O \u2013 CURSODE CI\u00caNCIAS ECON\u00d4MICAS Tutorial com o passo do procedimento a ser feito para solicita\u00e7\u00e3o de ACG&#8217;s: CLIQUE AQUI Conforme estabelecido pelo Colegiado do curso em reuni\u00e3o realizada 24\/09\/2025, ficou estabelecido que ser\u00e3o aceitos pela coordena\u00e7\u00e3o do curso os pedidos de ACG e ACEx realizados com a matr\u00edcula anterior [&hellip;]<\/p>\n","protected":false},"author":5320,"featured_media":0,"parent":0,"menu_order":0,"comment_status":"closed","ping_status":"closed","template":"","meta":{"footnotes":""},"categories":[],"tags":[],"class_list":["post-1523","page","type-page","status-publish","hentry"],"acf":[],"_links":{"self":[{"href":"https:\/\/www.ufsm.br\/cursos\/graduacao\/santa-maria\/ciencias-economicas\/wp-json\/wp\/v2\/pages\/1523","targetHints":{"allow":["GET"]}}],"collection":[{"href":"https:\/\/www.ufsm.br\/cursos\/graduacao\/santa-maria\/ciencias-economicas\/wp-json\/wp\/v2\/pages"}],"about":[{"href":"https:\/\/www.ufsm.br\/cursos\/graduacao\/santa-maria\/ciencias-economicas\/wp-json\/wp\/v2\/types\/page"}],"author":[{"embeddable":true,"href":"https:\/\/www.ufsm.br\/cursos\/graduacao\/santa-maria\/ciencias-economicas\/wp-json\/wp\/v2\/users\/5320"}],"replies":[{"embeddable":true,"href":"https:\/\/www.ufsm.br\/cursos\/graduacao\/santa-maria\/ciencias-economicas\/wp-json\/wp\/v2\/comments?post=1523"}],"version-history":[{"count":0,"href":"https:\/\/www.ufsm.br\/cursos\/graduacao\/santa-maria\/ciencias-economicas\/wp-json\/wp\/v2\/pages\/1523\/revisions"}],"wp:attachment":[{"href":"https:\/\/www.ufsm.br\/cursos\/graduacao\/santa-maria\/ciencias-economicas\/wp-json\/wp\/v2\/media?parent=1523"}],"wp:term":[{"taxonomy":"category","embeddable":true,"href":"https:\/\/www.ufsm.br\/cursos\/graduacao\/santa-maria\/ciencias-economicas\/wp-json\/wp\/v2\/categories?post=1523"},{"taxonomy":"post_tag","embeddable":true,"href":"https:\/\/www.ufsm.br\/cursos\/graduacao\/santa-maria\/ciencias-economicas\/wp-json\/wp\/v2\/tags?post=1523"}],"curies":[{"name":"wp","href":"https:\/\/api.w.org\/{rel}","templated":true}]}}