{"id":201,"date":"2018-12-26T09:13:11","date_gmt":"2018-12-26T11:13:11","guid":{"rendered":"https:\/\/www.ufsm.br\/cursos\/graduacao\/santa-maria\/ciencias-economicas\/?page_id=201"},"modified":"2024-07-16T13:52:03","modified_gmt":"2024-07-16T16:52:03","slug":"orientacoes","status":"publish","type":"page","link":"https:\/\/www.ufsm.br\/cursos\/graduacao\/santa-maria\/ciencias-economicas\/orientacoes","title":{"rendered":"Orienta\u00e7\u00f5es"},"content":{"rendered":"\t\t<div data-elementor-type=\"wp-post\" data-elementor-id=\"201\" class=\"elementor elementor-201\">\n\t\t\t\t\t\t<section class=\"elementor-section elementor-top-section elementor-element elementor-element-ced30ca elementor-section-boxed elementor-section-height-default elementor-section-height-default\" data-id=\"ced30ca\" data-element_type=\"section\">\n\t\t\t\t\t\t<div class=\"elementor-container elementor-column-gap-default\">\n\t\t\t\t\t<div class=\"elementor-column elementor-col-100 elementor-top-column elementor-element elementor-element-f95d101\" data-id=\"f95d101\" data-element_type=\"column\">\n\t\t\t<div class=\"elementor-widget-wrap elementor-element-populated\">\n\t\t\t\t\t\t<div class=\"elementor-element elementor-element-3298160 elementor-widget elementor-widget-toggle\" data-id=\"3298160\" data-element_type=\"widget\" data-widget_type=\"toggle.default\">\n\t\t\t\t<div class=\"elementor-widget-container\">\n\t\t\t\t\t<div class=\"elementor-toggle\">\n\t\t\t\t\t\t\t<div class=\"elementor-toggle-item\">\n\t\t\t\t\t<div id=\"elementor-tab-title-5301\" class=\"elementor-tab-title\" data-tab=\"1\" role=\"button\" aria-controls=\"elementor-tab-content-5301\" aria-expanded=\"false\">\n\t\t\t\t\t\t\t\t\t\t\t\t<span class=\"elementor-toggle-icon elementor-toggle-icon-left\" aria-hidden=\"true\">\n\t\t\t\t\t\t\t\t\t\t\t\t\t\t\t<span class=\"elementor-toggle-icon-closed\"><i class=\"fas fa-caret-right\"><\/i><\/span>\n\t\t\t\t\t\t\t\t<span class=\"elementor-toggle-icon-opened\"><i class=\"elementor-toggle-icon-opened fas fa-caret-up\"><\/i><\/span>\n\t\t\t\t\t\t\t\t\t\t\t\t\t<\/span>\n\t\t\t\t\t\t\t\t\t\t\t\t<a class=\"elementor-toggle-title\" tabindex=\"0\">Regime de exerc\u00edcios domiciliares<\/a>\n\t\t\t\t\t<\/div>\n\n\t\t\t\t\t<div id=\"elementor-tab-content-5301\" class=\"elementor-tab-content elementor-clearfix\" data-tab=\"1\" role=\"region\" aria-labelledby=\"elementor-tab-title-5301\"><p><img fetchpriority=\"high\" decoding=\"async\" src=\"http:\/\/economia.ufsm.br\/images\/Sem-ttulo3333.png\" alt=\"\" width=\"501\" height=\"150\"><\/p>\n<p>O Guia do Estudante traz o&nbsp;<strong>AMPARO AO ESTUDANTE<\/strong>, que diz:<strong>&nbsp;<\/strong><\/p>\n<p><strong>A) CONDI\u00c7\u00d5ES PARA A CONCESS\u00c3O<\/strong><\/p>\n<p>1) Alunos portadores de afec\u00e7\u00f5es cong\u00eanitas ou adquiridas, infec\u00e7\u00f5es, traumatismos ou outras condi\u00e7\u00f5es m\u00f3rbidas, determinando dist\u00farbios agudos ou agudizados, caracterizados por: incapacidade f\u00edsica relativa, incompat\u00edvel com a frequ\u00eancia aos trabalhos escolares, desde que se verifique a conserva\u00e7\u00e3o das condi\u00e7\u00f5es intelectuais e emocionais necess\u00e1rias para o prosseguimento da atividade escolar em&nbsp;novos moldes (DEC. LEI N. 1.044\/69):<\/p>\n<p><img decoding=\"async\" src=\"http:\/\/cdn5.colorir.com\/desenhos\/color\/201148\/c0c8aa0ba151c12be7ad7a46cd009dd4.png\" alt=\"Imagem relacionada\" width=\"219\" height=\"204\"><\/p>\n<p>2) Aluna Gestante ser\u00e1 assistida pelo regime de exerc\u00edcios domiciliares institu\u00eddos pelo Decreto-Lei N. 1.044\/69, a partir do oitavo m\u00eas de gesta\u00e7\u00e3o e durante tr\u00eas meses (LEI 6.202\/75);<\/p>\n<p><img decoding=\"async\" src=\"http:\/\/2.bp.blogspot.com\/_TluXOZgdvQk\/TSEbiaNjiYI\/AAAAAAAAAEA\/5gk2r-cei2A\/s1600\/gravida2.gif\" alt=\"Imagem relacionada\" width=\"87\" height=\"165\"><br>3) Em casos excepcionais, comprovado com Atestado M\u00e9dico, o per\u00edodo de repouso poder\u00e1 ser aumentado;<\/p>\n<p>O in\u00edcio e o t\u00e9rmino do afastamento ser\u00e3o determinados por atestado m\u00e9dico;<\/p>\n<p>\u00c9 assegurado, em qualquer caso, o direito \u00e0 presta\u00e7\u00e3o de exames finais, respeitado o disposto na letra \u201ca\u201d do presente artigo.<\/p>\n<p><strong>B) PROCEDIMENTO PARA A SOLICITA\u00c7\u00c3O<\/strong><\/p>\n<p>a) O aluno dever\u00e1 abrir processo, no Departamento de Arquivo Geral (<strong>DAG<\/strong>) da UFSM (T\u00e9rreo da Reitoria), com os seguintes documentos:<\/p>\n<p>&nbsp; &nbsp; &nbsp;<strong>1<\/strong>&nbsp;\u2013 requerimento dirigido \u00e0 Coordena\u00e7\u00e3o do Curso solicitando o regime de exerc\u00edcios domiciliares. Baixe&nbsp;<a href=\"https:\/\/www.ufsm.br\/app\/uploads\/sites\/478\/2022\/10\/modelo_requerimento-exercicios-domiciliares1.doc\">aqui<\/a>&nbsp;o requerimento. O DAG tamb\u00e9m fornece esse requerimento.<\/p>\n<p>&nbsp; &nbsp;&nbsp;<strong>&nbsp;2<\/strong>&nbsp;\u2013 atestado m\u00e9dico;<\/p>\n<p>b) a Coordena\u00e7\u00e3o encaminhar\u00e1 o processo \u00e0 Junta M\u00e9dica para a emiss\u00e3o do laudo m\u00e9dico;<\/p>\n<p>c) a junta m\u00e9dica devolver\u00e1 o processo \u00e0 Coordena\u00e7\u00e3o com o laudo;<\/p>\n<p>d) a Coordena\u00e7\u00e3o comunicar\u00e1 a decis\u00e3o aos Departamentos Did\u00e1ticos envolvidos com o aluno;<\/p>\n<p>e) a Coordena\u00e7\u00e3o encaminhar\u00e1 o processo ao DERCA para conhecimento e arquivo;<\/p>\n<p>f) a solicita\u00e7\u00e3o de amparo deve ser oficializada em&nbsp;at\u00e9&nbsp;<strong>tr\u00eas dias \u00fateis<\/strong>&nbsp;contados da data de emiss\u00e3o do atestado m\u00e9dico.<\/p>\n<div class=\"item-page\">\n<p><strong>C) OBRIGA\u00c7\u00d5ES DO BENEFICIADO<\/strong><\/p>\n<p>a) Realizar os exerc\u00edcios domiciliares, como compensa\u00e7\u00e3o da aus\u00eancia \u00e0s aulas, sempre que compat\u00edveis com o seu estado de sa\u00fade, as possibilidades do estabelecimento e as caracter\u00edsticas da disciplina;<\/p>\n<p>b) \u00c9 da responsabilidade do aluno informar-se junto aos professores (no Departamento) sobre os conte\u00fados program\u00e1ticos das disciplinas, bem como sobre exerc\u00edcios domiciliares, avalia\u00e7\u00f5es e exames finais;<\/p>\n<p>c) O regime de exerc\u00edcios domiciliares n\u00e3o ser\u00e1 concedido para disciplinas com atividades pr\u00e1ticas (laborat\u00f3rio, prancheta, ambulat\u00f3rio ou equivalentes), para as que exigem est\u00e1gio supervisionado ou para as oferecidas em per\u00edodos concentrados \u2013 DCG (Disciplinas Complementares de Gradua\u00e7\u00e3o);<\/p>\n<p>d) O aluno que estiver afastado das aulas at\u00e9 o per\u00edodo das avalia\u00e7\u00f5es finais estar\u00e1 isento da frequ\u00eancia e das avalia\u00e7\u00f5es parciais. Ser\u00e1 submetido \u00e0 avalia\u00e7\u00e3o final, de acordo com o previsto para a Situa\u00e7\u00e3o \u201cIncompleto\u201d.<\/p>\n<p>e) O regime de atendimento domiciliar depender\u00e1 de laudo m\u00e9dico, submetido \u00e0 autoridade oficial do sistema acad\u00eamico.<\/p>\n<\/div><\/div>\n\t\t\t\t<\/div>\n\t\t\t\t\t\t\t<div class=\"elementor-toggle-item\">\n\t\t\t\t\t<div id=\"elementor-tab-title-5302\" class=\"elementor-tab-title\" data-tab=\"2\" role=\"button\" aria-controls=\"elementor-tab-content-5302\" aria-expanded=\"false\">\n\t\t\t\t\t\t\t\t\t\t\t\t<span class=\"elementor-toggle-icon elementor-toggle-icon-left\" aria-hidden=\"true\">\n\t\t\t\t\t\t\t\t\t\t\t\t\t\t\t<span class=\"elementor-toggle-icon-closed\"><i class=\"fas fa-caret-right\"><\/i><\/span>\n\t\t\t\t\t\t\t\t<span class=\"elementor-toggle-icon-opened\"><i class=\"elementor-toggle-icon-opened fas fa-caret-up\"><\/i><\/span>\n\t\t\t\t\t\t\t\t\t\t\t\t\t<\/span>\n\t\t\t\t\t\t\t\t\t\t\t\t<a class=\"elementor-toggle-title\" tabindex=\"0\">Revis\u00e3o das Avalia\u00e7\u00f5es<\/a>\n\t\t\t\t\t<\/div>\n\n\t\t\t\t\t<div id=\"elementor-tab-content-5302\" class=\"elementor-tab-content elementor-clearfix\" data-tab=\"2\" role=\"region\" aria-labelledby=\"elementor-tab-title-5302\"><p>Os alunos poder\u00e3o recorrer aos Departamentos Did\u00e1ticos para solicitar a revis\u00e3o da nota atribu\u00edda em uma avalia\u00e7\u00e3o, no prazo de\u00a0<strong>tr\u00eas dias \u00fateis<\/strong>, contados da divulga\u00e7\u00e3o do aproveitamento escolar da referida avalia\u00e7\u00e3o. Para isso, o aluno deve preencher o pedido\u00a0<a href=\"https:\/\/www.ufsm.br\/cursos\/graduacao\/santa-maria\/ciencias-economicas\/wp-content\/uploads\/sites\/478\/2018\/12\/REVIS\u00c3O-DE-PROVA.docx\">REVIS\u00c3O DE PROVA<\/a>\u00a0e entregar no Departamento did\u00e1tico.<\/p><p>Procedimento para revis\u00e3o de nota quando se tratar de avalia\u00e7\u00e3o de\u00a0<strong>disciplina te\u00f3rica<\/strong>:<\/p><ul><li>O Chefe do Departamento dever\u00e1 nomear uma Banca, composta de tr\u00eas docentes, excluindo o professor ministrante da disciplina, no prazo de tr\u00eas dias \u00fateis do recebimento do pedido.<\/li><li>A Banca Revisora dever\u00e1 ter em m\u00e3os, na data da convoca\u00e7\u00e3o, o gabarito elaborado pelo professor da disciplina e a avalia\u00e7\u00e3o realizada pelo aluno.<\/li><\/ul><p>Procedimento para revis\u00e3o de nota quando se tratar de avalia\u00e7\u00e3o\u00a0<strong>pr\u00e1tica<\/strong>:<\/p><ul><li>O Chefe do Departamento dever\u00e1 nomear uma banca, composta de tr\u00eas docentes, excluindo o professor da disciplina, no prazo m\u00e1ximo de tr\u00eas dias \u00fateis do recebimento do pedido.<\/li><li>A banca dever\u00e1 elaborar, aplicar e avaliar o novo instrumento de avalia\u00e7\u00e3o final, de acordo com as peculiaridades inerentes a cada disciplina.<\/li><li>A Banca Revisora dever\u00e1 divulgar o resultado em, no m\u00e1ximo, dois dias \u00fateis ap\u00f3s a realiza\u00e7\u00e3o do evento.<\/li><\/ul><\/div>\n\t\t\t\t<\/div>\n\t\t\t\t\t\t\t<div class=\"elementor-toggle-item\">\n\t\t\t\t\t<div id=\"elementor-tab-title-5303\" class=\"elementor-tab-title\" data-tab=\"3\" role=\"button\" aria-controls=\"elementor-tab-content-5303\" aria-expanded=\"false\">\n\t\t\t\t\t\t\t\t\t\t\t\t<span class=\"elementor-toggle-icon elementor-toggle-icon-left\" aria-hidden=\"true\">\n\t\t\t\t\t\t\t\t\t\t\t\t\t\t\t<span class=\"elementor-toggle-icon-closed\"><i class=\"fas fa-caret-right\"><\/i><\/span>\n\t\t\t\t\t\t\t\t<span class=\"elementor-toggle-icon-opened\"><i class=\"elementor-toggle-icon-opened fas fa-caret-up\"><\/i><\/span>\n\t\t\t\t\t\t\t\t\t\t\t\t\t<\/span>\n\t\t\t\t\t\t\t\t\t\t\t\t<a class=\"elementor-toggle-title\" tabindex=\"0\">Obrigatoriedade de Frequ\u00eancia<\/a>\n\t\t\t\t\t<\/div>\n\n\t\t\t\t\t<div id=\"elementor-tab-content-5303\" class=\"elementor-tab-content elementor-clearfix\" data-tab=\"3\" role=\"region\" aria-labelledby=\"elementor-tab-title-5303\"><p><strong>OBRIGATORIEDADE DE FREQU\u00caNCIA<\/strong><\/p><p>A frequ\u00eancia \u00e0s aulas te\u00f3ricas, aulas pr\u00e1ticas, semin\u00e1rios ou quaisquer outras atividades \u00e9 obrigat\u00f3ria, sendo\u00a0<strong>expressamente vedado o abono de faltas<\/strong>, exceto amparado pela Lei 4.375\/64 e Decreto-Lei 715\/69 e pelo Decreto 80.228\/77.<\/p><p>\u00a0 \u00a0 \u00a0 \u00a0 \u00a0 \u00a0 \u00a0Art. 1\u00ba\u00a0O \u00a7 4\u00ba do artigo 60 da Lei n\u00ba 4.375, de 17 de ag\u00f4sto de 1964 (Lei do Servi\u00e7o Militar) passa a vigorar com a seguinte reda\u00e7\u00e3o:<\/p><p>\u00a0\u00a0\u00a0\u00a0\u00a0\u00a0\u00a0\u00a0\u00a0\u00a0 &#8220;\u00a7 4\u00ba Todo convocado matriculado em \u00d3rg\u00e3o de Forma\u00e7\u00e3o de Reserva que seja obrigado a faltar a suas atividades civis, por f\u00f4r\u00e7a de exerc\u00edcio\u00a0<br \/>\u00a0\u00a0\u00a0\u00a0\u00a0\u00a0\u00a0\u00a0\u00a0\u00a0\u00a0\u00a0ou manobras, ou reservista que seja chamado, para fins de exerc\u00edcio de apresenta\u00e7\u00e3o das reservas ou cerim\u00f4nia c\u00edvica, do Dia do Reservista, ter\u00e1<br \/>\u00a0\u00a0\u00a0\u00a0\u00a0\u00a0\u00a0\u00a0\u00a0\u00a0 \u00a0suas faltas abonadas para todos os efeitos.&#8221;\u00a0<\/p><p>Observa\u00e7\u00e3o: a frequ\u00eancia \u00e0s aulas e \u00e0s atividades \u00e9 permitida somente a alunos regularmente matriculados.<\/p><p>A aprova\u00e7\u00e3o, em qualquer disciplina, somente poder\u00e1 ser concedida ao aluno que obtiver, no\u00a0<strong>m\u00ednimo, 75% da frequ\u00eancia<\/strong>\u00a0\u00e0s atividades escolares dessa disciplina.<\/p><\/div>\n\t\t\t\t<\/div>\n\t\t\t\t\t\t\t<div class=\"elementor-toggle-item\">\n\t\t\t\t\t<div id=\"elementor-tab-title-5304\" class=\"elementor-tab-title\" data-tab=\"4\" role=\"button\" aria-controls=\"elementor-tab-content-5304\" aria-expanded=\"false\">\n\t\t\t\t\t\t\t\t\t\t\t\t<span class=\"elementor-toggle-icon elementor-toggle-icon-left\" aria-hidden=\"true\">\n\t\t\t\t\t\t\t\t\t\t\t\t\t\t\t<span class=\"elementor-toggle-icon-closed\"><i class=\"fas fa-caret-right\"><\/i><\/span>\n\t\t\t\t\t\t\t\t<span class=\"elementor-toggle-icon-opened\"><i class=\"elementor-toggle-icon-opened fas fa-caret-up\"><\/i><\/span>\n\t\t\t\t\t\t\t\t\t\t\t\t\t<\/span>\n\t\t\t\t\t\t\t\t\t\t\t\t<a class=\"elementor-toggle-title\" tabindex=\"0\">Servi\u00e7o Militar<\/a>\n\t\t\t\t\t<\/div>\n\n\t\t\t\t\t<div id=\"elementor-tab-content-5304\" class=\"elementor-tab-content elementor-clearfix\" data-tab=\"4\" role=\"region\" aria-labelledby=\"elementor-tab-title-5304\"><p style=\"font-size: 16px\"><span style=\"font-weight: bolder\">Fui convocado pelas For\u00e7as Armadas para exerc\u00edcio militar ou manobra. Neste caso, posso abonar minhas faltas?<\/span><\/p><p style=\"font-size: 16px\">Para o aluno reservista, o Decreto-lei n\u00ba 745\/69 assegura o abono de faltas para todo convocado matriculado em \u00d3rg\u00e3o de Forma\u00e7\u00e3o de Reserva ou reservista que seja&nbsp;<span style=\"font-weight: bolder\">obrigado<\/span>&nbsp; a faltar as suas atividades civis por for\u00e7a de exerc\u00edcio ou manobra. A lei n\u00e3o ampara o militar de carreira, portanto suas faltas, mesmo que independentes de sua vontade, n\u00e3o ter\u00e3o direito a abono. Para assegurar seu direito, o estudante deve abrir processo eletr\u00f4nico no PEN SIE e adicionar o documento de convoca\u00e7\u00e3o fornecido pelas For\u00e7as Armadas, seguindo o&nbsp;<a href=\"https:\/\/www.ufsm.br\/app\/uploads\/sites\/416\/2021\/07\/ABERTURA-ASSINATURA-E-TRAMITE.pdf\">Tutorial para tr\u00e2mite de documentos no PEN SIE<\/a><\/p><p style=\"font-size: 16px\"><a href=\"https:\/\/www.ufsm.br\/app\/uploads\/sites\/421\/2023\/04\/Nao-Abono-de-Faltas-Militares-de-carreira.pdf\" target=\"_blank\" rel=\"noopener\">Documento da PROGRAD sobre o abono de faltas para militares<\/a><\/p><\/div>\n\t\t\t\t<\/div>\n\t\t\t\t\t\t\t<div class=\"elementor-toggle-item\">\n\t\t\t\t\t<div id=\"elementor-tab-title-5305\" class=\"elementor-tab-title\" data-tab=\"5\" role=\"button\" aria-controls=\"elementor-tab-content-5305\" aria-expanded=\"false\">\n\t\t\t\t\t\t\t\t\t\t\t\t<span class=\"elementor-toggle-icon elementor-toggle-icon-left\" aria-hidden=\"true\">\n\t\t\t\t\t\t\t\t\t\t\t\t\t\t\t<span class=\"elementor-toggle-icon-closed\"><i class=\"fas fa-caret-right\"><\/i><\/span>\n\t\t\t\t\t\t\t\t<span class=\"elementor-toggle-icon-opened\"><i class=\"elementor-toggle-icon-opened fas fa-caret-up\"><\/i><\/span>\n\t\t\t\t\t\t\t\t\t\t\t\t\t<\/span>\n\t\t\t\t\t\t\t\t\t\t\t\t<a class=\"elementor-toggle-title\" tabindex=\"0\">Recupera\u00e7\u00e3o de Avalia\u00e7\u00e3o<\/a>\n\t\t\t\t\t<\/div>\n\n\t\t\t\t\t<div id=\"elementor-tab-content-5305\" class=\"elementor-tab-content elementor-clearfix\" data-tab=\"5\" role=\"region\" aria-labelledby=\"elementor-tab-title-5305\"><p><img loading=\"lazy\" decoding=\"async\" src=\"http:\/\/economia.ufsm.br\/images\/Sem-ttulo.png\" alt=\"\" width=\"515\" height=\"179\" \/><\/p><p>Os alunos que, por motivos devidamente justificados, n\u00e3o comparecerem \u00e0s atividades escolares sujeitas \u00e0 avalia\u00e7\u00e3o (doen\u00e7a que impossibilite o aluno de realizar a avalia\u00e7\u00e3o, devidamente comprovada por atestado m\u00e9dico, com CID), poder\u00e3o requerer, num prazo m\u00e1ximo de\u00a0<strong>dois dias<\/strong>\u00a0desde sua realiza\u00e7\u00e3o, a oportunidade de realiz\u00e1-las em outra data, a crit\u00e9rio do Chefe do Departamento.<\/p><p><a href=\"https:\/\/www.ufsm.br\/cursos\/graduacao\/santa-maria\/ciencias-economicas\/wp-content\/uploads\/sites\/478\/2018\/12\/Requerimentos_de_prova_atrasada.doc\">Requerimento de Recupera\u00e7\u00e3o de Avalia\u00e7\u00e3o<\/a><\/p><p>Os alunos que perderam alguma\u00a0<strong>prova\/trabalho avaliativo<\/strong>\u00a0devem\u00a0preencher o requerimento acima, anexar o atestado m\u00e9dico e levar no Departamento onde o professor est\u00e1 lotado.\u00a0<\/p><p>Por exemplo, se o aluno perdeu uma prova de Econometria, o professor pertence ao departamento de economia. Logo, o requerimento deve ser entregue\u00a0no Departamento de Economia e Rela\u00e7\u00f5es Internacionais, sala 4153, pr\u00e9dio 74C.<\/p><p>Perdeu uma prova de estat\u00edstica, professor pertence ao departamento de estat\u00edstica, deve entregar o requerimento no departamento de estat\u00edstica, sala\u00a0\u00a0<strong>Sala:\u00a0<\/strong>1207E, pr\u00e9dio 13.<\/p><p>Perdeu uma prova de c\u00e1lculo, o professor pertence ao departamento de Matem\u00e1tica, deve ser entregue o requerimento no departamento de matem\u00e1tica, sala\u00a0\u00a0Sala 1223\/CCNE \u2013 Pr\u00e9dio 13.\u00a0<\/p><\/div>\n\t\t\t\t<\/div>\n\t\t\t\t\t\t\t<div class=\"elementor-toggle-item\">\n\t\t\t\t\t<div id=\"elementor-tab-title-5306\" class=\"elementor-tab-title\" data-tab=\"6\" role=\"button\" aria-controls=\"elementor-tab-content-5306\" aria-expanded=\"false\">\n\t\t\t\t\t\t\t\t\t\t\t\t<span class=\"elementor-toggle-icon elementor-toggle-icon-left\" aria-hidden=\"true\">\n\t\t\t\t\t\t\t\t\t\t\t\t\t\t\t<span class=\"elementor-toggle-icon-closed\"><i class=\"fas fa-caret-right\"><\/i><\/span>\n\t\t\t\t\t\t\t\t<span class=\"elementor-toggle-icon-opened\"><i class=\"elementor-toggle-icon-opened fas fa-caret-up\"><\/i><\/span>\n\t\t\t\t\t\t\t\t\t\t\t\t\t<\/span>\n\t\t\t\t\t\t\t\t\t\t\t\t<a class=\"elementor-toggle-title\" tabindex=\"0\">Dispensa de ACGs pelo Portal do Aluno<\/a>\n\t\t\t\t\t<\/div>\n\n\t\t\t\t\t<div id=\"elementor-tab-content-5306\" class=\"elementor-tab-content elementor-clearfix\" data-tab=\"6\" role=\"region\" aria-labelledby=\"elementor-tab-title-5306\"><p><a href=\"https:\/\/www.ufsm.br\/app\/uploads\/sites\/478\/2021\/03\/Tutorial-para-registro-de-ACGs-pelo-Portal-do-Aluno.pdf\">Tutorial para registro de ACGs pelo Portal do Aluno<\/a><\/p><\/div>\n\t\t\t\t<\/div>\n\t\t\t\t\t\t\t<div class=\"elementor-toggle-item\">\n\t\t\t\t\t<div id=\"elementor-tab-title-5307\" class=\"elementor-tab-title\" data-tab=\"7\" role=\"button\" aria-controls=\"elementor-tab-content-5307\" aria-expanded=\"false\">\n\t\t\t\t\t\t\t\t\t\t\t\t<span class=\"elementor-toggle-icon elementor-toggle-icon-left\" aria-hidden=\"true\">\n\t\t\t\t\t\t\t\t\t\t\t\t\t\t\t<span class=\"elementor-toggle-icon-closed\"><i class=\"fas fa-caret-right\"><\/i><\/span>\n\t\t\t\t\t\t\t\t<span class=\"elementor-toggle-icon-opened\"><i class=\"elementor-toggle-icon-opened fas fa-caret-up\"><\/i><\/span>\n\t\t\t\t\t\t\t\t\t\t\t\t\t<\/span>\n\t\t\t\t\t\t\t\t\t\t\t\t<a class=\"elementor-toggle-title\" tabindex=\"0\">Dispensa de Disicplinas<\/a>\n\t\t\t\t\t<\/div>\n\n\t\t\t\t\t<div id=\"elementor-tab-content-5307\" class=\"elementor-tab-content elementor-clearfix\" data-tab=\"7\" role=\"region\" aria-labelledby=\"elementor-tab-title-5307\"><p>O sistema\u00a0virtual de dispensa de disciplina de gradua\u00e7\u00e3o est\u00e1 dispon\u00edvel no\u00a0<a href=\"https:\/\/portal.ufsm.br\/aluno\/\">portal do aluno<\/a>\u00a0na aba\u201cALTERA\u00c7\u00c3O CURRICULAR\u201d e\u00a0pode ser usado por acad\u00eamicos interessados em solicitar a dispensa de disciplinas cursadas em cursos de mesmo n\u00edvel ou de n\u00edvel superior, internos ou externos \u00e0 UFSM.\u00a0Acesse o\u00a0\u00a0\u00a0<a href=\"http:\/\/coral.ufsm.br\/derca\/images\/Manual_de_Dispensa_Online.pdf\">manual aqui\u00a0<\/a>para saber como solicitar a dispensa via portal do aluno<\/p><\/div>\n\t\t\t\t<\/div>\n\t\t\t\t\t\t\t<div class=\"elementor-toggle-item\">\n\t\t\t\t\t<div id=\"elementor-tab-title-5308\" class=\"elementor-tab-title\" data-tab=\"8\" role=\"button\" aria-controls=\"elementor-tab-content-5308\" aria-expanded=\"false\">\n\t\t\t\t\t\t\t\t\t\t\t\t<span class=\"elementor-toggle-icon elementor-toggle-icon-left\" aria-hidden=\"true\">\n\t\t\t\t\t\t\t\t\t\t\t\t\t\t\t<span class=\"elementor-toggle-icon-closed\"><i class=\"fas fa-caret-right\"><\/i><\/span>\n\t\t\t\t\t\t\t\t<span class=\"elementor-toggle-icon-opened\"><i class=\"elementor-toggle-icon-opened fas fa-caret-up\"><\/i><\/span>\n\t\t\t\t\t\t\t\t\t\t\t\t\t<\/span>\n\t\t\t\t\t\t\t\t\t\t\t\t<a class=\"elementor-toggle-title\" tabindex=\"0\">Manual do Portal do Aluno<\/a>\n\t\t\t\t\t<\/div>\n\n\t\t\t\t\t<div id=\"elementor-tab-content-5308\" class=\"elementor-tab-content elementor-clearfix\" data-tab=\"8\" role=\"region\" aria-labelledby=\"elementor-tab-title-5308\"><p>Quer conhecer as funcionalidades do Portal do Aluno da UFSM? O CPD fez este <a href=\"https:\/\/www.ufsm.br\/orgaos-suplementares\/cpd\/wp-content\/uploads\/sites\/350\/2018\/08\/tutorial_portal-do-aluno-ufsm.pdf\">Mini Tutorial<\/a>.\u00a0<\/p><\/div>\n\t\t\t\t<\/div>\n\t\t\t\t\t\t\t<div class=\"elementor-toggle-item\">\n\t\t\t\t\t<div id=\"elementor-tab-title-5309\" class=\"elementor-tab-title\" data-tab=\"9\" role=\"button\" aria-controls=\"elementor-tab-content-5309\" aria-expanded=\"false\">\n\t\t\t\t\t\t\t\t\t\t\t\t<span class=\"elementor-toggle-icon elementor-toggle-icon-left\" aria-hidden=\"true\">\n\t\t\t\t\t\t\t\t\t\t\t\t\t\t\t<span class=\"elementor-toggle-icon-closed\"><i class=\"fas fa-caret-right\"><\/i><\/span>\n\t\t\t\t\t\t\t\t<span class=\"elementor-toggle-icon-opened\"><i class=\"elementor-toggle-icon-opened fas fa-caret-up\"><\/i><\/span>\n\t\t\t\t\t\t\t\t\t\t\t\t\t<\/span>\n\t\t\t\t\t\t\t\t\t\t\t\t<a class=\"elementor-toggle-title\" tabindex=\"0\">Solicita\u00e7\u00e3o de Matricula em Outros Cursos<\/a>\n\t\t\t\t\t<\/div>\n\n\t\t\t\t\t<div id=\"elementor-tab-content-5309\" class=\"elementor-tab-content elementor-clearfix\" data-tab=\"9\" role=\"region\" aria-labelledby=\"elementor-tab-title-5309\"><p><a href=\"https:\/\/www.ufsm.br\/app\/uploads\/sites\/479\/2021\/05\/TUTORIAL-Alunos-Matricula-Extracurricular-via-Portal-do-Aluno2021_1-6.pdf\">Tutorial para solicitar matricula extracurricular<\/a><\/p><\/div>\n\t\t\t\t<\/div>\n\t\t\t\t\t\t\t\t<\/div>\n\t\t\t\t<\/div>\n\t\t\t\t<\/div>\n\t\t\t\t\t<\/div>\n\t\t<\/div>\n\t\t\t\t\t<\/div>\n\t\t<\/section>\n\t\t\t\t<\/div>\n\t\t","protected":false},"excerpt":{"rendered":"<p>Regime de exerc\u00edcios domiciliares O Guia do Estudante traz o&nbsp;AMPARO AO ESTUDANTE, que diz:&nbsp; A) CONDI\u00c7\u00d5ES PARA A CONCESS\u00c3O 1) Alunos portadores de afec\u00e7\u00f5es cong\u00eanitas ou adquiridas, infec\u00e7\u00f5es, traumatismos ou outras condi\u00e7\u00f5es m\u00f3rbidas, determinando dist\u00farbios agudos ou agudizados, caracterizados por: incapacidade f\u00edsica relativa, incompat\u00edvel com a frequ\u00eancia aos trabalhos escolares, desde que se verifique a [&hellip;]<\/p>\n","protected":false},"author":194,"featured_media":0,"parent":0,"menu_order":0,"comment_status":"closed","ping_status":"closed","template":"","meta":{"footnotes":""},"categories":[],"tags":[],"class_list":["post-201","page","type-page","status-publish","hentry"],"acf":[],"_links":{"self":[{"href":"https:\/\/www.ufsm.br\/cursos\/graduacao\/santa-maria\/ciencias-economicas\/wp-json\/wp\/v2\/pages\/201","targetHints":{"allow":["GET"]}}],"collection":[{"href":"https:\/\/www.ufsm.br\/cursos\/graduacao\/santa-maria\/ciencias-economicas\/wp-json\/wp\/v2\/pages"}],"about":[{"href":"https:\/\/www.ufsm.br\/cursos\/graduacao\/santa-maria\/ciencias-economicas\/wp-json\/wp\/v2\/types\/page"}],"author":[{"embeddable":true,"href":"https:\/\/www.ufsm.br\/cursos\/graduacao\/santa-maria\/ciencias-economicas\/wp-json\/wp\/v2\/users\/194"}],"replies":[{"embeddable":true,"href":"https:\/\/www.ufsm.br\/cursos\/graduacao\/santa-maria\/ciencias-economicas\/wp-json\/wp\/v2\/comments?post=201"}],"version-history":[{"count":0,"href":"https:\/\/www.ufsm.br\/cursos\/graduacao\/santa-maria\/ciencias-economicas\/wp-json\/wp\/v2\/pages\/201\/revisions"}],"wp:attachment":[{"href":"https:\/\/www.ufsm.br\/cursos\/graduacao\/santa-maria\/ciencias-economicas\/wp-json\/wp\/v2\/media?parent=201"}],"wp:term":[{"taxonomy":"category","embeddable":true,"href":"https:\/\/www.ufsm.br\/cursos\/graduacao\/santa-maria\/ciencias-economicas\/wp-json\/wp\/v2\/categories?post=201"},{"taxonomy":"post_tag","embeddable":true,"href":"https:\/\/www.ufsm.br\/cursos\/graduacao\/santa-maria\/ciencias-economicas\/wp-json\/wp\/v2\/tags?post=201"}],"curies":[{"name":"wp","href":"https:\/\/api.w.org\/{rel}","templated":true}]}}