{"id":2087,"date":"2023-07-17T15:04:40","date_gmt":"2023-07-17T18:04:40","guid":{"rendered":"https:\/\/www.ufsm.br\/cursos\/graduacao\/santa-maria\/ciencias-economicas\/?page_id=2087"},"modified":"2025-01-02T08:41:08","modified_gmt":"2025-01-02T11:41:08","slug":"criterios-de-concessao-de-premiacao-aos-formandos","status":"publish","type":"page","link":"https:\/\/www.ufsm.br\/cursos\/graduacao\/santa-maria\/ciencias-economicas\/criterios-de-concessao-de-premiacao-aos-formandos","title":{"rendered":"Crit\u00e9rios de concess\u00e3o de premia\u00e7\u00e3o aos formandos"},"content":{"rendered":"\n<figure class=\"wp-block-image size-full\"><img fetchpriority=\"high\" decoding=\"async\" width=\"636\" height=\"306\" src=\"https:\/\/www.ufsm.br\/app\/uploads\/sites\/478\/2023\/07\/criterios.jpg\" alt=\"\" class=\"wp-image-2089\" srcset=\"https:\/\/www.ufsm.br\/app\/uploads\/sites\/478\/2023\/07\/criterios.jpg 636w, https:\/\/www.ufsm.br\/app\/uploads\/sites\/478\/2023\/07\/criterios-300x144.jpg 300w\" sizes=\"(max-width: 636px) 100vw, 636px\" \/><\/figure>\n\n\n<p>ATEN\u00c7\u00c3O:<\/p>\n<p>Al\u00e9m dos crit\u00e9rios vigentes acima citados, incluiu-se um crit\u00e9rio excludente do aluno ter cursado no m\u00e1ximo nove (9) semestres no caso do Curso Diurno (que tem dura\u00e7\u00e3o recomendada de oito semestres) e onze (11) semestres no Curso Noturno (que tem dura\u00e7\u00e3o recomendada em dez semestres). Este crit\u00e9rio foi adicionado conforme delibera\u00e7\u00e3o do Colegiado do Curso de Ci\u00eancias Econ\u00f4micas constante na Ata da 167\u00aa Sess\u00e3o, aprovando a respectiva sugest\u00e3o do N\u00facleo Docente Estruturante acerca dos Crit\u00e9rios de Premia\u00e7\u00e3o.<\/p>","protected":false},"excerpt":{"rendered":"<p>ATEN\u00c7\u00c3O: Al\u00e9m dos crit\u00e9rios vigentes acima citados, incluiu-se um crit\u00e9rio excludente do aluno ter cursado no m\u00e1ximo nove (9) semestres no caso do Curso Diurno (que tem dura\u00e7\u00e3o recomendada de oito semestres) e onze (11) semestres no Curso Noturno (que tem dura\u00e7\u00e3o recomendada em dez semestres). Este crit\u00e9rio foi adicionado conforme delibera\u00e7\u00e3o do Colegiado do [&hellip;]<\/p>\n","protected":false},"author":2252,"featured_media":0,"parent":0,"menu_order":0,"comment_status":"closed","ping_status":"closed","template":"","meta":{"footnotes":""},"categories":[],"tags":[],"class_list":["post-2087","page","type-page","status-publish","hentry"],"acf":[],"_links":{"self":[{"href":"https:\/\/www.ufsm.br\/cursos\/graduacao\/santa-maria\/ciencias-economicas\/wp-json\/wp\/v2\/pages\/2087","targetHints":{"allow":["GET"]}}],"collection":[{"href":"https:\/\/www.ufsm.br\/cursos\/graduacao\/santa-maria\/ciencias-economicas\/wp-json\/wp\/v2\/pages"}],"about":[{"href":"https:\/\/www.ufsm.br\/cursos\/graduacao\/santa-maria\/ciencias-economicas\/wp-json\/wp\/v2\/types\/page"}],"author":[{"embeddable":true,"href":"https:\/\/www.ufsm.br\/cursos\/graduacao\/santa-maria\/ciencias-economicas\/wp-json\/wp\/v2\/users\/2252"}],"replies":[{"embeddable":true,"href":"https:\/\/www.ufsm.br\/cursos\/graduacao\/santa-maria\/ciencias-economicas\/wp-json\/wp\/v2\/comments?post=2087"}],"version-history":[{"count":0,"href":"https:\/\/www.ufsm.br\/cursos\/graduacao\/santa-maria\/ciencias-economicas\/wp-json\/wp\/v2\/pages\/2087\/revisions"}],"wp:attachment":[{"href":"https:\/\/www.ufsm.br\/cursos\/graduacao\/santa-maria\/ciencias-economicas\/wp-json\/wp\/v2\/media?parent=2087"}],"wp:term":[{"taxonomy":"category","embeddable":true,"href":"https:\/\/www.ufsm.br\/cursos\/graduacao\/santa-maria\/ciencias-economicas\/wp-json\/wp\/v2\/categories?post=2087"},{"taxonomy":"post_tag","embeddable":true,"href":"https:\/\/www.ufsm.br\/cursos\/graduacao\/santa-maria\/ciencias-economicas\/wp-json\/wp\/v2\/tags?post=2087"}],"curies":[{"name":"wp","href":"https:\/\/api.w.org\/{rel}","templated":true}]}}