{"id":2530,"date":"2024-09-17T09:10:53","date_gmt":"2024-09-17T12:10:53","guid":{"rendered":"https:\/\/www.ufsm.br\/cursos\/graduacao\/santa-maria\/ciencias-economicas\/?page_id=2530"},"modified":"2025-10-01T15:26:04","modified_gmt":"2025-10-01T18:26:04","slug":"solicitacao-de-acex-no-portal-estudantil","status":"publish","type":"page","link":"https:\/\/www.ufsm.br\/cursos\/graduacao\/santa-maria\/ciencias-economicas\/solicitacao-de-acex-no-portal-estudantil","title":{"rendered":"Solicita\u00e7\u00e3o de ACEx no Portal Estudantil"},"content":{"rendered":"\n\n\n<p>O Curso de Ci\u00eancias Econ\u00f4micas apresenta um rol de\u00a0<strong>Projetos de Extens\u00e3o<\/strong> da UFSM, que pode ser conferida clicando <a href=\"https:\/\/www.ufsm.br\/cursos\/graduacao\/santa-maria\/ciencias-economicas\/2021\/08\/27\/elementor-1092\">AQUI<\/a><\/p>\n<p>Conforme estabelecido pelo Colegiado do curso em reuni\u00e3o realizada 24\/09\/2025, ficou estabelecido que ser\u00e3o aceitos pela coordena\u00e7\u00e3o do curso os pedidos de ACG e ACEx realizados com a matr\u00edcula anterior para os estudantes que realizaram transfer\u00eancia interna.<\/p>\n<p>\u00c9 imprescind\u00edvel que o estudante conhe\u00e7a o <a href=\"https:\/\/www.ufsm.br\/app\/uploads\/sites\/478\/2025\/10\/Regulamento-das-ACEX-07-09.pdf\">REGULAMENTO DAS ATIVIDADES COMPLEMENTARES DE EXTENS\u00c3O (ACEx) DOS CURSOS DE CI\u00caNCIAS ECON\u00d4MICAS<\/a><\/p>\n\n\n\n<p>Uma vez conclu\u00eddas as atividades no projeto, o\/a estudante pode submeter os certificados de extens\u00e3o no Portal Estudantil, no menu &#8220;Curr\u00edculo&#8221;, selecionando a op\u00e7\u00e3o &#8220;Dispensas, T\u00f3picos, ACG e ACEx&#8221;<\/p>\n\n\n\n<p><strong>TUTORIAL para solicita\u00e7\u00e3o de ACEX pelo Portal Estudantil:<\/strong>&nbsp;<a href=\"https:\/\/www.ufsm.br\/app\/uploads\/sites\/342\/2025\/04\/Solicitacao-de-ACEX-pelo-Portal-Estudantil-1.pdf\">Clique aqui<\/a><\/p>\n\n\n\n<figure class=\"wp-block-image size-full is-resized\"><img fetchpriority=\"high\" decoding=\"async\" width=\"645\" height=\"109\" src=\"https:\/\/www.ufsm.br\/app\/uploads\/sites\/478\/2024\/09\/image.png\" alt=\"\" class=\"wp-image-2532\" style=\"width:738px;height:auto\" srcset=\"https:\/\/www.ufsm.br\/app\/uploads\/sites\/478\/2024\/09\/image.png 645w, https:\/\/www.ufsm.br\/app\/uploads\/sites\/478\/2024\/09\/image-300x51.png 300w\" sizes=\"(max-width: 645px) 100vw, 645px\" \/><\/figure>\n\n\n\n<p><\/p>\n","protected":false},"excerpt":{"rendered":"<p>O Curso de Ci\u00eancias Econ\u00f4micas apresenta um rol de\u00a0Projetos de Extens\u00e3o da UFSM, que pode ser conferida clicando AQUI Conforme estabelecido pelo Colegiado do curso em reuni\u00e3o realizada 24\/09\/2025, ficou estabelecido que ser\u00e3o aceitos pela coordena\u00e7\u00e3o do curso os pedidos de ACG e ACEx realizados com a matr\u00edcula anterior para os estudantes que realizaram transfer\u00eancia [&hellip;]<\/p>\n","protected":false},"author":2252,"featured_media":0,"parent":0,"menu_order":0,"comment_status":"closed","ping_status":"closed","template":"","meta":{"footnotes":""},"categories":[],"tags":[],"class_list":["post-2530","page","type-page","status-publish","hentry"],"acf":[],"_links":{"self":[{"href":"https:\/\/www.ufsm.br\/cursos\/graduacao\/santa-maria\/ciencias-economicas\/wp-json\/wp\/v2\/pages\/2530","targetHints":{"allow":["GET"]}}],"collection":[{"href":"https:\/\/www.ufsm.br\/cursos\/graduacao\/santa-maria\/ciencias-economicas\/wp-json\/wp\/v2\/pages"}],"about":[{"href":"https:\/\/www.ufsm.br\/cursos\/graduacao\/santa-maria\/ciencias-economicas\/wp-json\/wp\/v2\/types\/page"}],"author":[{"embeddable":true,"href":"https:\/\/www.ufsm.br\/cursos\/graduacao\/santa-maria\/ciencias-economicas\/wp-json\/wp\/v2\/users\/2252"}],"replies":[{"embeddable":true,"href":"https:\/\/www.ufsm.br\/cursos\/graduacao\/santa-maria\/ciencias-economicas\/wp-json\/wp\/v2\/comments?post=2530"}],"version-history":[{"count":0,"href":"https:\/\/www.ufsm.br\/cursos\/graduacao\/santa-maria\/ciencias-economicas\/wp-json\/wp\/v2\/pages\/2530\/revisions"}],"wp:attachment":[{"href":"https:\/\/www.ufsm.br\/cursos\/graduacao\/santa-maria\/ciencias-economicas\/wp-json\/wp\/v2\/media?parent=2530"}],"wp:term":[{"taxonomy":"category","embeddable":true,"href":"https:\/\/www.ufsm.br\/cursos\/graduacao\/santa-maria\/ciencias-economicas\/wp-json\/wp\/v2\/categories?post=2530"},{"taxonomy":"post_tag","embeddable":true,"href":"https:\/\/www.ufsm.br\/cursos\/graduacao\/santa-maria\/ciencias-economicas\/wp-json\/wp\/v2\/tags?post=2530"}],"curies":[{"name":"wp","href":"https:\/\/api.w.org\/{rel}","templated":true}]}}