{"id":2797,"date":"2025-05-06T10:29:13","date_gmt":"2025-05-06T13:29:13","guid":{"rendered":"https:\/\/www.ufsm.br\/cursos\/graduacao\/santa-maria\/ciencias-economicas\/?page_id=2797"},"modified":"2025-05-06T10:29:14","modified_gmt":"2025-05-06T13:29:14","slug":"licenca-amamentacao","status":"publish","type":"page","link":"https:\/\/www.ufsm.br\/cursos\/graduacao\/santa-maria\/ciencias-economicas\/licenca-amamentacao","title":{"rendered":"Licen\u00e7a Amamenta\u00e7\u00e3o"},"content":{"rendered":"\n<p><strong>Descri\u00e7\u00e3o<\/strong><\/p>\n<p>A Licen\u00e7a Amamenta\u00e7\u00e3o \u00e9 um direito garantido \u00e0s discentes lactantes da UFSM, permitindo que amamentem seus filhos at\u00e9 os 6 (seis) meses de idade. Durante esse per\u00edodo, a estudante tem direito a 1 (uma) hora de descanso di\u00e1rio durante suas atividades acad\u00eamicas, a ser usufru\u00edda em local previamente indicado pela Unidade de Ensino. Esse per\u00edodo pode ser dividido em dois intervalos de 30 (trinta) minutos.<\/p>\n<p><strong>\u00a0<\/strong><\/p>\n<p><strong>Documentos necess\u00e1rios para solicitar a Licen\u00e7a Amamenta\u00e7\u00e3o<\/strong><\/p>\n<ol>\n<li>Requerimento de Licen\u00e7a Amamenta\u00e7\u00e3o de Estudante (125.51): preenchimento de modelo pr\u00e9-definido diretamente no sistema.<\/li>\n<li>Certid\u00e3o de nascimento do dependente (020.5).<\/li>\n<\/ol>\n<p><strong>\u00a0<\/strong><\/p>\n<p><strong>Como solicitar a Licen\u00e7a Amamenta\u00e7\u00e3o<\/strong><\/p>\n<p>O processo de solicita\u00e7\u00e3o \u00e9 realizado eletronicamente, por meio da Plataforma Eletr\u00f4nica Nacional (PEN) da UFSM, seguindo o tutorial dispon\u00edvel [<a href=\"https:\/\/www.ufsm.br\/app\/uploads\/sites\/342\/2025\/05\/Tutorial-Licenca-Amamentacao-Estudante.pdf\">AQUI<\/a>] para tr\u00e2mite de documentos no PEN-SIE.<\/p>\n<p><strong>\u00a0<\/strong><\/p>\n<p><strong>Etapas do processo:<\/strong><\/p>\n<p><strong>Preenchimento do Formul\u00e1rio:<\/strong>\u00a0Um formul\u00e1rio ser\u00e1 disponibilizado para o preenchimento dos seus dados pessoais.<\/p>\n<p><strong><em>Aten\u00e7\u00e3o:<\/em><\/strong>\u00a0Preencha o formul\u00e1rio com aten\u00e7\u00e3o, conferindo cuidadosamente seu nome e n\u00famero de matr\u00edcula.<\/p>\n<p><strong>Envio do Processo:\u00a0<\/strong>Ap\u00f3s preencher o formul\u00e1rio e anexar os documentos exigidos, envie o processo eletronicamente.<\/p>\n<p><strong>Acompanhamento do Processo:\u00a0<\/strong>Voc\u00ea poder\u00e1 acompanhar o andamento do seu pedido atrav\u00e9s do Portal Documentos, utilizando o N\u00famero \u00danico de Protocolo (NUP).<\/p>\n<p><strong>\u00a0<\/strong><\/p>\n<p><strong>Tramita\u00e7\u00e3o:<\/strong><\/p>\n<p>Ap\u00f3s incluir a documenta\u00e7\u00e3o no PEN, acesse a caixa de tramita\u00e7\u00e3o e encaminhe o processo para a Coordena\u00e7\u00e3o do Curso.<\/p>\n<p>A Coordena\u00e7\u00e3o do Curso tomar\u00e1 ci\u00eancia da solicita\u00e7\u00e3o, informar\u00e1 os docentes respons\u00e1veis pelas disciplinas em que a estudante est\u00e1 matriculada e, posteriormente, enviar\u00e1 o processo \u00e0 Dire\u00e7\u00e3o da Unidade.<\/p>\n<p>A Dire\u00e7\u00e3o da Unidade notificar\u00e1 a estudante sobre o espa\u00e7o destinado para a amamenta\u00e7\u00e3o e encaminhar\u00e1 o processo para arquivamento.<\/p>\n<p><strong>\u00a0<\/strong><\/p>\n<p><strong>Orienta\u00e7\u00f5es adicionais<\/strong><\/p>\n<p>D\u00favidas sobre o Sistema PEN-SIE: entrar em contato com a equipe do DAG pelo e-mail pen@ufsm.br.<\/p>\n<p>D\u00favidas sobre o processo: enviar e-mail para cofre.prograd@ufsm.br para orienta\u00e7\u00f5es sobre a abertura e inclus\u00e3o de documentos, ou contatar a Coordena\u00e7\u00e3o do Curso para informa\u00e7\u00f5es sobre o andamento do processo.<\/p>\n<p>Legisla\u00e7\u00e3o: a regulamenta\u00e7\u00e3o referente \u00e0 Licen\u00e7a Amamenta\u00e7\u00e3o est\u00e1 dispon\u00edvel no\u00a0<a href=\"https:\/\/www.ufsm.br\/app\/uploads\/sites\/342\/2025\/02\/GUIA-ESTUDANTIL-UFSM-2025.pdf\">Guia Estudantil da UFSM<\/a>.<\/p>\n<p>\u00a0<\/p>\n","protected":false},"excerpt":{"rendered":"<p>Descri\u00e7\u00e3o A Licen\u00e7a Amamenta\u00e7\u00e3o \u00e9 um direito garantido \u00e0s discentes lactantes da UFSM, permitindo que amamentem seus filhos at\u00e9 os 6 (seis) meses de idade. Durante esse per\u00edodo, a estudante tem direito a 1 (uma) hora de descanso di\u00e1rio durante suas atividades acad\u00eamicas, a ser usufru\u00edda em local previamente indicado pela Unidade de Ensino. Esse [&hellip;]<\/p>\n","protected":false},"author":2252,"featured_media":0,"parent":0,"menu_order":0,"comment_status":"closed","ping_status":"closed","template":"","meta":{"footnotes":""},"categories":[],"tags":[],"class_list":["post-2797","page","type-page","status-publish","hentry"],"acf":[],"_links":{"self":[{"href":"https:\/\/www.ufsm.br\/cursos\/graduacao\/santa-maria\/ciencias-economicas\/wp-json\/wp\/v2\/pages\/2797","targetHints":{"allow":["GET"]}}],"collection":[{"href":"https:\/\/www.ufsm.br\/cursos\/graduacao\/santa-maria\/ciencias-economicas\/wp-json\/wp\/v2\/pages"}],"about":[{"href":"https:\/\/www.ufsm.br\/cursos\/graduacao\/santa-maria\/ciencias-economicas\/wp-json\/wp\/v2\/types\/page"}],"author":[{"embeddable":true,"href":"https:\/\/www.ufsm.br\/cursos\/graduacao\/santa-maria\/ciencias-economicas\/wp-json\/wp\/v2\/users\/2252"}],"replies":[{"embeddable":true,"href":"https:\/\/www.ufsm.br\/cursos\/graduacao\/santa-maria\/ciencias-economicas\/wp-json\/wp\/v2\/comments?post=2797"}],"version-history":[{"count":0,"href":"https:\/\/www.ufsm.br\/cursos\/graduacao\/santa-maria\/ciencias-economicas\/wp-json\/wp\/v2\/pages\/2797\/revisions"}],"wp:attachment":[{"href":"https:\/\/www.ufsm.br\/cursos\/graduacao\/santa-maria\/ciencias-economicas\/wp-json\/wp\/v2\/media?parent=2797"}],"wp:term":[{"taxonomy":"category","embeddable":true,"href":"https:\/\/www.ufsm.br\/cursos\/graduacao\/santa-maria\/ciencias-economicas\/wp-json\/wp\/v2\/categories?post=2797"},{"taxonomy":"post_tag","embeddable":true,"href":"https:\/\/www.ufsm.br\/cursos\/graduacao\/santa-maria\/ciencias-economicas\/wp-json\/wp\/v2\/tags?post=2797"}],"curies":[{"name":"wp","href":"https:\/\/api.w.org\/{rel}","templated":true}]}}