{"id":703,"date":"2019-06-26T16:41:42","date_gmt":"2019-06-26T19:41:42","guid":{"rendered":"https:\/\/www.ufsm.br\/cursos\/graduacao\/santa-maria\/ciencias-economicas\/?page_id=703"},"modified":"2025-06-24T17:44:53","modified_gmt":"2025-06-24T20:44:53","slug":"contato-dos-docentes","status":"publish","type":"page","link":"https:\/\/www.ufsm.br\/cursos\/graduacao\/santa-maria\/ciencias-economicas\/pagina-inicial\/contato-dos-docentes","title":{"rendered":"Contato dos Docentes"},"content":{"rendered":"\t\t<div data-elementor-type=\"wp-post\" data-elementor-id=\"703\" class=\"elementor elementor-703\">\n\t\t\t\t\t\t<section class=\"elementor-section elementor-top-section elementor-element elementor-element-c67e5c6 elementor-section-boxed elementor-section-height-default elementor-section-height-default\" data-id=\"c67e5c6\" data-element_type=\"section\">\n\t\t\t\t\t\t<div class=\"elementor-container elementor-column-gap-default\">\n\t\t\t\t\t<div class=\"elementor-column elementor-col-100 elementor-top-column elementor-element elementor-element-5dde0561\" data-id=\"5dde0561\" data-element_type=\"column\">\n\t\t\t<div class=\"elementor-widget-wrap elementor-element-populated\">\n\t\t\t\t\t\t<div class=\"elementor-element elementor-element-47cdc938 elementor-widget elementor-widget-text-editor\" data-id=\"47cdc938\" data-element_type=\"widget\" data-widget_type=\"text-editor.default\">\n\t\t\t\t<div class=\"elementor-widget-container\">\n\t\t\t\t\t\t\t<table style=\"height: 1184px;width: 0%;border-collapse: collapse\">\n<tbody>\n<tr style=\"height: 23px\">\n<td style=\"width: 34.9401%;text-align: center\"><strong>Docente<\/strong><\/td>\n<td style=\"width: 13.26%;height: 23px;text-align: center\"><strong>Sala&nbsp;<\/strong><\/td>\n<td style=\"width: 51.8893%;height: 23px;text-align: center\"><strong>E-mail<\/strong><\/td>\n<\/tr>\n<tr style=\"height: 63px\">\n<td style=\"width: 34.9401%;height: 63px;text-align: center\">Adriano Jos\u00e9 Pereira<\/td>\n<td style=\"width: 13.26%;height: 63px;text-align: center\">\n<p>4240<\/p>\n<\/td>\n<td style=\"width: 51.8893%;height: 63px;text-align: center\">\n<p>adrianojpereira@yahoo.com.br<\/p>\n<\/td>\n<\/tr>\n<tr style=\"height: 63px\">\n<td style=\"width: 34.9401%;height: 63px;text-align: center\">Anderson Antonio Denardin<\/td>\n<td style=\"width: 13.26%;height: 63px;text-align: center\">\n<p>4148<\/p>\n<\/td>\n<td style=\"width: 51.8893%;height: 63px;text-align: center\">\n<p>aadenardin@gmail.com ou&nbsp;anderson.denardin@ufsm.br<\/p>\n<\/td>\n<\/tr>\n<tr style=\"height: 92px\">\n<td style=\"width: 34.9401%;height: 92px;text-align: center\">\n<p>Clailton Ata\u00eddes de Freitas<\/p>\n<\/td>\n<td style=\"width: 13.26%;height: 92px;text-align: center\">\n<p>4236<\/p>\n<\/td>\n<td style=\"width: 51.8893%;height: 92px;text-align: center\">\n<p>Icv589@gmail.com&nbsp;<\/p>\n<\/td>\n<\/tr>\n<tr>\n<td style=\"width: 34.9401%;text-align: center\">Daniel Arruda Coronel<\/td>\n<td style=\"width: 13.26%;text-align: center\">\n<p>4237<\/p>\n<\/td>\n<td style=\"width: 51.8893%;text-align: center\">\n<p>daniel.coronel@uol.com.br<\/p>\n<\/td>\n<\/tr>\n<tr style=\"height: 23px\">\n<td style=\"width: 34.9401%;height: 23px;text-align: center\">Dieison Casagrande<\/td>\n<td style=\"width: 13.26%;height: 23px;text-align: center\">\n<p>&#8212;<\/p>\n<\/td>\n<td style=\"width: 51.8893%;height: 23px;text-align: center\">\n<p>dieisonlenon@yahoo.com.br&nbsp;<\/p>\n<p><span style=\"font-family: Roboto, RobotoDraft, Helvetica, Arial, sans-serif;font-size: 14px;text-align: start\">dieison.casagrande@ufsm.br<\/span><\/p>\n<\/td>\n<\/tr>\n<tr>\n<td style=\"width: 34.9401%;text-align: center\">Ednalva Felix das Neves<\/td>\n<td style=\"width: 13.26%;text-align: center\">\n<p>&#8212;<\/p>\n<\/td>\n<td style=\"width: 51.8893%;text-align: center\">\n<p>ednalvafelix@gmail.com<\/p>\n<\/td>\n<\/tr>\n<tr style=\"height: 23px\">\n<td style=\"width: 34.9401%;height: 23px;text-align: center\">Elder Estev\u00e3o de Mello<\/td>\n<td style=\"width: 13.26%;height: 23px;text-align: center\">\n<p>4146<\/p>\n<\/td>\n<td style=\"width: 51.8893%;height: 23px;text-align: center\">\n<p>elder.economia@gmail.com<\/p>\n<\/td>\n<\/tr>\n<tr style=\"height: 23px\">\n<td style=\"width: 34.9401%;height: 23px;text-align: center\">Irina Mikhailova<\/td>\n<td style=\"width: 13.26%;height: 23px;text-align: center\">\n<p>4145<\/p>\n<\/td>\n<td style=\"width: 51.8893%;height: 23px;text-align: center\">\n<p>irinaufsm@gmail.com<\/p>\n<\/td>\n<\/tr>\n<tr style=\"height: 23px\">\n<td style=\"width: 34.9401%;height: 23px;text-align: center\">Julio Eduardo Rohenkohl<\/td>\n<td style=\"width: 13.26%;height: 23px;text-align: center\">\n<p>4150<\/p>\n<\/td>\n<td style=\"width: 51.8893%;height: 23px;text-align: center\">\n<p>julioroh@gmail.com<\/p>\n<\/td>\n<\/tr>\n<tr>\n<td style=\"width: 34.9401%;text-align: center\">Kalinca L\u00e9ia Becker<\/td>\n<td style=\"width: 13.26%;text-align: center\">\n<p>4235<\/p>\n<\/td>\n<td style=\"width: 51.8893%;text-align: center\">\n<p><span style=\"font-weight: var( --e-global-typography-text-font-weight )\">kalinca.becker@ufsm.br<\/span><\/p>\n<\/td>\n<\/tr>\n<tr>\n<td style=\"width: 34.9401%;text-align: center\">Lazaro Camilo Recompensa Joseph<\/td>\n<td style=\"width: 13.26%;text-align: center\">\n<p>4143<\/p>\n<\/td>\n<td style=\"width: 51.8893%;text-align: center\">\n<p>camilojoseph@hotmail.com<\/p>\n<\/td>\n<\/tr>\n<tr>\n<td style=\"width: 34.9401%;text-align: center\">Orlando Martinelli Junior<\/td>\n<td style=\"width: 13.26%;text-align: center\">\n<p>4238<\/p>\n<\/td>\n<td style=\"width: 51.8893%;text-align: center\">\n<p>orlando.martinelli@gmail.com<\/p>\n<\/td>\n<\/tr>\n<tr>\n<td style=\"width: 34.9401%;text-align: center\">Paulo Ricardo Feistel<\/td>\n<td style=\"width: 13.26%;text-align: center\">\n<p>4154<\/p>\n<\/td>\n<td style=\"width: 51.8893%;text-align: center\">\n<p><a style=\"font-family: Arial, Helvetica, sans-serif;font-size: small;text-align: start\" href=\"mailto:paulo.feistel@ufsm.br\" target=\"_blank\" rel=\"noopener\">paulo.feistel@ufsm.br<\/a><span style=\"font-family: Arial, Helvetica, sans-serif;font-size: small;text-align: start\">&nbsp;ou&nbsp;<\/span><a style=\"font-family: Arial, Helvetica, sans-serif;font-size: small;text-align: start\" href=\"mailto:prfeistel@gmail.com\" target=\"_blank\" rel=\"noopener\">prfeistel@gmail.com<\/a><span style=\"font-family: Arial, Helvetica, sans-serif;font-size: small;text-align: start\">&nbsp;<\/span><\/p>\n<\/td>\n<\/tr>\n<tr>\n<td style=\"width: 34.9401%;text-align: center\">Reisoli Bender Filho<\/td>\n<td style=\"width: 13.26%;text-align: center\">\n<p>4237<\/p>\n<\/td>\n<td style=\"width: 51.8893%;text-align: center\">\n<p>reisolibender@yahoo.com.br<\/p>\n<p><\/p>\n<\/td>\n<\/tr>\n<tr>\n<td style=\"width: 34.9401%;text-align: center\">Ricardo Heli Rondinel Cornejo<\/td>\n<td style=\"width: 13.26%;text-align: center\">\n<p>4144<\/p>\n<\/td>\n<td style=\"width: 51.8893%;text-align: center\">\n<p>ricardorondinel73@hotmail.com<\/p>\n<\/td>\n<\/tr>\n<tr>\n<td style=\"width: 34.9401%;text-align: center\">Rita Ines Paetzhold Pauli<\/td>\n<td style=\"width: 13.26%;text-align: center\">\n<p>4145<\/p>\n<\/td>\n<td style=\"width: 51.8893%;text-align: center\">\n<p>rita.pauli@gmail.com<\/p>\n<\/td>\n<\/tr>\n<tr>\n<td style=\"width: 34.9401%;text-align: center\">Roberto da Luz Junior<\/td>\n<td style=\"width: 13.26%;text-align: center\">\n<p>4142<\/p>\n<\/td>\n<td style=\"width: 51.8893%;text-align: center\">\n<p>otreborluz@yahoo.com.br<\/p>\n<\/td>\n<\/tr>\n<tr>\n<td style=\"width: 34.9401%;text-align: center\">Sergio Alfredo Massen Prieb<\/td>\n<td style=\"width: 13.26%;text-align: center\">\n<p>4143<\/p>\n<\/td>\n<td style=\"width: 51.8893%;text-align: center\">\n<p>sprieb@uol.com.br<\/p>\n<\/td>\n<\/tr>\n<tr>\n<td style=\"width: 34.9401%;text-align: center\">Sibele Vasconcelos de Oliveira<\/td>\n<td style=\"width: 13.26%;text-align: center\">\n<p>4158<\/p>\n<\/td>\n<td style=\"width: 51.8893%;text-align: center\">\n<p><a style=\"font-family: Arial, Helvetica, sans-serif;font-size: small;text-align: start\" href=\"mailto:sibele.oliveira@ufsm.br\" target=\"_blank\" rel=\"noopener\">sibele.oliveira@ufsm.br<\/a><\/p>\n<\/td>\n<\/tr>\n<tr>\n<td style=\"width: 34.9401%;text-align: center\">Valny Giacomelli Sobrinho<\/td>\n<td style=\"width: 13.26%;text-align: center\">\n<p>4156<\/p>\n<\/td>\n<td style=\"width: 51.8893%;text-align: center\">\n<p>giacomelliv@yahoo.com.br<\/p>\n<\/td>\n<\/tr>\n<\/tbody>\n<\/table>\n<p style=\"text-align: left\">SUBSTITUTOS\/ OUTROS<\/p>\n<p style=\"text-align: left\"><span style=\"font-size: 1rem;text-align: center\">Luana dos Santos Fraga&nbsp; &nbsp; &nbsp; &nbsp; luana.fraga92@gmail.com&nbsp; &nbsp; &nbsp; &nbsp; &nbsp;(Substituta)<\/span><\/p>\n<p style=\"text-align: left\"><span style=\"font-size: 1rem;text-align: center\">Joel Fiegenbaum&nbsp; &nbsp; &nbsp; &nbsp; &nbsp; &nbsp; &nbsp; &nbsp; &nbsp; &nbsp;jfigo2002br@yahoo.com.br&nbsp; &nbsp; &nbsp; &nbsp; (Substituto)<\/span><\/p>\n<p style=\"text-align: left\">\n<\/p><p style=\"text-align: left\">Professores que ministram disciplinas em nosso curso, mas que pertencem a outros departamentos. Mandar e-mail para o departamento solicitando o contato do docente da disciplina:<\/p>\n<p style=\"text-align: left\">Professor de Filosofia: <a href=\"mailto:departamentofilosofia@ufsm.br\" target=\"_blank\" rel=\"noopener\">departamentofilosofia@ufsm.br<\/a>&nbsp;<\/p>\n<p style=\"text-align: left\">Professor de Direito: depdireito@ufsm.br&nbsp;<\/p>\n<p style=\"text-align: left\">Professor de Matem\u00e1tica e \u00c1lgebra Linear: dpmatematica.ufsm@gmail.com&nbsp;<\/p>\n<p style=\"text-align: left\">Professor de Contabilidade: dccontabeis@ufsm.br<\/p>\n<p style=\"text-align: left\">Professor de Estat\u00edstica: dep.estatistica@gmail.com&nbsp;<\/p>\n<p style=\"text-align: left\">Professor de Sociologia, Ci\u00eancia Politica e Evolu\u00e7\u00e3o das Ideias Sociais: dcs@ufsm.br&nbsp;<\/p>\n<p><\/p>\n<p><!-- \/wp:tadv\/classic-paragraph --><\/p>\t\t\t\t\t\t<\/div>\n\t\t\t\t<\/div>\n\t\t\t\t\t<\/div>\n\t\t<\/div>\n\t\t\t\t\t<\/div>\n\t\t<\/section>\n\t\t\t\t<\/div>\n\t\t","protected":false},"excerpt":{"rendered":"<p>Docente Sala&nbsp; E-mail Adriano Jos\u00e9 Pereira 4240 adrianojpereira@yahoo.com.br Anderson Antonio Denardin 4148 aadenardin@gmail.com ou&nbsp;anderson.denardin@ufsm.br Clailton Ata\u00eddes de Freitas 4236 Icv589@gmail.com&nbsp; Daniel Arruda Coronel 4237 daniel.coronel@uol.com.br Dieison Casagrande &#8212; dieisonlenon@yahoo.com.br&nbsp; dieison.casagrande@ufsm.br Ednalva Felix das Neves &#8212; ednalvafelix@gmail.com Elder Estev\u00e3o de Mello 4146 elder.economia@gmail.com Irina Mikhailova 4145 irinaufsm@gmail.com Julio Eduardo Rohenkohl 4150 julioroh@gmail.com Kalinca L\u00e9ia Becker 4235 [&hellip;]<\/p>\n","protected":false},"author":714,"featured_media":0,"parent":5,"menu_order":0,"comment_status":"closed","ping_status":"closed","template":"","meta":{"footnotes":""},"categories":[],"tags":[],"class_list":["post-703","page","type-page","status-publish","hentry"],"acf":[],"_links":{"self":[{"href":"https:\/\/www.ufsm.br\/cursos\/graduacao\/santa-maria\/ciencias-economicas\/wp-json\/wp\/v2\/pages\/703","targetHints":{"allow":["GET"]}}],"collection":[{"href":"https:\/\/www.ufsm.br\/cursos\/graduacao\/santa-maria\/ciencias-economicas\/wp-json\/wp\/v2\/pages"}],"about":[{"href":"https:\/\/www.ufsm.br\/cursos\/graduacao\/santa-maria\/ciencias-economicas\/wp-json\/wp\/v2\/types\/page"}],"author":[{"embeddable":true,"href":"https:\/\/www.ufsm.br\/cursos\/graduacao\/santa-maria\/ciencias-economicas\/wp-json\/wp\/v2\/users\/714"}],"replies":[{"embeddable":true,"href":"https:\/\/www.ufsm.br\/cursos\/graduacao\/santa-maria\/ciencias-economicas\/wp-json\/wp\/v2\/comments?post=703"}],"version-history":[{"count":0,"href":"https:\/\/www.ufsm.br\/cursos\/graduacao\/santa-maria\/ciencias-economicas\/wp-json\/wp\/v2\/pages\/703\/revisions"}],"up":[{"embeddable":true,"href":"https:\/\/www.ufsm.br\/cursos\/graduacao\/santa-maria\/ciencias-economicas\/wp-json\/wp\/v2\/pages\/5"}],"wp:attachment":[{"href":"https:\/\/www.ufsm.br\/cursos\/graduacao\/santa-maria\/ciencias-economicas\/wp-json\/wp\/v2\/media?parent=703"}],"wp:term":[{"taxonomy":"category","embeddable":true,"href":"https:\/\/www.ufsm.br\/cursos\/graduacao\/santa-maria\/ciencias-economicas\/wp-json\/wp\/v2\/categories?post=703"},{"taxonomy":"post_tag","embeddable":true,"href":"https:\/\/www.ufsm.br\/cursos\/graduacao\/santa-maria\/ciencias-economicas\/wp-json\/wp\/v2\/tags?post=703"}],"curies":[{"name":"wp","href":"https:\/\/api.w.org\/{rel}","templated":true}]}}