{"id":1014,"date":"2020-01-10T12:52:40","date_gmt":"2020-01-10T15:52:40","guid":{"rendered":"https:\/\/www.ufsm.br\/cursos\/graduacao\/santa-maria\/ciencias-sociais\/?page_id=1014"},"modified":"2024-02-20T09:01:27","modified_gmt":"2024-02-20T12:01:27","slug":"duplo-ingresso","status":"publish","type":"page","link":"https:\/\/www.ufsm.br\/cursos\/graduacao\/santa-maria\/ciencias-sociais\/duplo-ingresso","title":{"rendered":"Duplo Ingresso"},"content":{"rendered":"\t\t<div data-elementor-type=\"wp-page\" data-elementor-id=\"1014\" class=\"elementor elementor-1014\">\n\t\t\t\t\t\t<section class=\"elementor-section elementor-top-section elementor-element elementor-element-52ccc71d elementor-section-boxed elementor-section-height-default elementor-section-height-default\" data-id=\"52ccc71d\" data-element_type=\"section\">\n\t\t\t\t\t\t<div class=\"elementor-container elementor-column-gap-default\">\n\t\t\t\t\t<div class=\"elementor-column elementor-col-100 elementor-top-column elementor-element elementor-element-682b82e1\" data-id=\"682b82e1\" data-element_type=\"column\">\n\t\t\t<div class=\"elementor-widget-wrap elementor-element-populated\">\n\t\t\t\t\t\t<div class=\"elementor-element elementor-element-6877b301 elementor-widget elementor-widget-text-editor\" data-id=\"6877b301\" data-element_type=\"widget\" data-widget_type=\"text-editor.default\">\n\t\t\t\t<div class=\"elementor-widget-container\">\n\t\t\t\t\t\t\t<p><!-- wp:paragraph --><\/p>\n<p style=\"text-align: justify\"><strong>Prazo:<\/strong><br>O graduando poder\u00e1 solicitar o duplo ingresso <span style=\"text-decoration: underline\">somente no semestre da integraliza\u00e7\u00e3o do curso.<\/span><br><strong>Per\u00edodo de solicita\u00e7\u00e3o:<\/strong><br><strong>Primeira etapa:<\/strong> Preenchimento de formul\u00e1rio de inten\u00e7\u00e3o de solicita\u00e7\u00e3o de duplo ingresso (realizada no curso de destino)<br>1\u00ba semestre at\u00e9 o final de abril<br>2\u00ba semestre at\u00e9 o final de setembro<br><strong>Segunda etapa:<\/strong> Solicita\u00e7\u00e3o de duplo ingresso mediante a documenta\u00e7\u00e3o exigida (realizada no curso de destino). Dever\u00e1 ser realizada at\u00e9 a 2\u00aa semana ap\u00f3s o encerramento do di\u00e1rio de classe.<br><strong>Processo seletivo:<\/strong> O chefe de departamento ou coordenador do curso designar\u00e1 uma comiss\u00e3o de avalia\u00e7\u00e3o do processo de duplo ingresso, e posteriormente ser\u00e1 homologada no colegiado de curso. Ao final do processo ser\u00e3o reunidas todas as solicita\u00e7\u00f5es deferidas e encaminhadas ao Derca em \u00fanico processo administrativo.<br><strong>Quantidade de vagas:<\/strong><br>Disponibilidade de 10 vagas por semestre para cada curso. Se a demanda ultrapassar a quantidade de vagas ser\u00e1 utilizado como crit\u00e9rio o \u00edndice de desempenho do graduado. O resultado dever\u00e1 ser referendado pelo Colegiado de cada curso.<br><strong>Documenta\u00e7\u00e3o:<\/strong><br>O graduado dever\u00e1 se dirigir ao curso ao qual est\u00e1 requerendo o ingresso munido da documenta\u00e7\u00e3o abaixo discriminada:<\/p>\n<ul style=\"text-align: justify\">\n<li>Hist\u00f3rico escolar<\/li>\n<li>Diploma de conclus\u00e3o do curso*<\/li>\n<li>Requerimento assinado pelo aluno solicitando o duplo ingresso<\/li>\n<li>De acordo do coordenador do curso de origem<\/li>\n<\/ul>\n<p style=\"text-align: justify\">*Caso o aluno n\u00e3o tenha o diploma no momento da solicita\u00e7\u00e3o do duplo ingresso, poder\u00e1 encaminhar a solicita\u00e7\u00e3o, por\u00e9m a sua confirma\u00e7\u00e3o de vaga no Derca ficar\u00e1 na depend\u00eancia da emiss\u00e3o do diploma.<\/p>\n<p style=\"text-align: justify\"><b>Procedimentos:<\/b><\/p>\n<p style=\"text-align: justify\">O graduado dever\u00e1 abrir um processo de Duplo Ingresso pelo portal do PEN, inserir os documentos necess\u00e1rios, usar o modelo de requerimento dispon\u00edvel no processo e preench\u00ea-lo, assin\u00e1-lo, salvar o processo e encaminhar para o curso.&nbsp;<\/p>\n<p style=\"text-align: justify\"><b>O tutorial detalhado pode ser encontrado <a href=\"https:\/\/www.ufsm.br\/orgaos-suplementares\/dag\/pen\/tutorial-para-abertura-do-processo-de-duplo-ingresso-entre-cursos-de-graduacao\">aqui<\/a>.<\/b><\/p>\n<p><!-- \/wp:paragraph --><\/p>\t\t\t\t\t\t<\/div>\n\t\t\t\t<\/div>\n\t\t\t\t\t<\/div>\n\t\t<\/div>\n\t\t\t\t\t<\/div>\n\t\t<\/section>\n\t\t\t\t<\/div>\n\t\t","protected":false},"excerpt":{"rendered":"<p>Prazo:O graduando poder\u00e1 solicitar o duplo ingresso somente no semestre da integraliza\u00e7\u00e3o do curso.Per\u00edodo de solicita\u00e7\u00e3o:Primeira etapa: Preenchimento de formul\u00e1rio de inten\u00e7\u00e3o de solicita\u00e7\u00e3o de duplo ingresso (realizada no curso de destino)1\u00ba semestre at\u00e9 o final de abril2\u00ba semestre at\u00e9 o final de setembroSegunda etapa: Solicita\u00e7\u00e3o de duplo ingresso mediante a documenta\u00e7\u00e3o exigida (realizada no [&hellip;]<\/p>\n","protected":false},"author":2252,"featured_media":0,"parent":0,"menu_order":0,"comment_status":"closed","ping_status":"closed","template":"","meta":{"footnotes":""},"categories":[],"tags":[],"class_list":["post-1014","page","type-page","status-publish","hentry"],"acf":[],"_links":{"self":[{"href":"https:\/\/www.ufsm.br\/cursos\/graduacao\/santa-maria\/ciencias-sociais\/wp-json\/wp\/v2\/pages\/1014","targetHints":{"allow":["GET"]}}],"collection":[{"href":"https:\/\/www.ufsm.br\/cursos\/graduacao\/santa-maria\/ciencias-sociais\/wp-json\/wp\/v2\/pages"}],"about":[{"href":"https:\/\/www.ufsm.br\/cursos\/graduacao\/santa-maria\/ciencias-sociais\/wp-json\/wp\/v2\/types\/page"}],"author":[{"embeddable":true,"href":"https:\/\/www.ufsm.br\/cursos\/graduacao\/santa-maria\/ciencias-sociais\/wp-json\/wp\/v2\/users\/2252"}],"replies":[{"embeddable":true,"href":"https:\/\/www.ufsm.br\/cursos\/graduacao\/santa-maria\/ciencias-sociais\/wp-json\/wp\/v2\/comments?post=1014"}],"version-history":[{"count":0,"href":"https:\/\/www.ufsm.br\/cursos\/graduacao\/santa-maria\/ciencias-sociais\/wp-json\/wp\/v2\/pages\/1014\/revisions"}],"wp:attachment":[{"href":"https:\/\/www.ufsm.br\/cursos\/graduacao\/santa-maria\/ciencias-sociais\/wp-json\/wp\/v2\/media?parent=1014"}],"wp:term":[{"taxonomy":"category","embeddable":true,"href":"https:\/\/www.ufsm.br\/cursos\/graduacao\/santa-maria\/ciencias-sociais\/wp-json\/wp\/v2\/categories?post=1014"},{"taxonomy":"post_tag","embeddable":true,"href":"https:\/\/www.ufsm.br\/cursos\/graduacao\/santa-maria\/ciencias-sociais\/wp-json\/wp\/v2\/tags?post=1014"}],"curies":[{"name":"wp","href":"https:\/\/api.w.org\/{rel}","templated":true}]}}