{"id":157,"date":"2018-12-26T09:50:44","date_gmt":"2018-12-26T11:50:44","guid":{"rendered":"https:\/\/www.ufsm.br\/cursos\/graduacao\/santa-maria\/ciencias-sociais\/?page_id=157"},"modified":"2018-12-26T09:50:47","modified_gmt":"2018-12-26T11:50:47","slug":"apresentacao","status":"publish","type":"page","link":"https:\/\/www.ufsm.br\/cursos\/graduacao\/santa-maria\/ciencias-sociais\/apresentacao","title":{"rendered":"Apresenta\u00e7\u00e3o"},"content":{"rendered":"\n<p>As Ci\u00eancias Sociais, na tradi\u00e7\u00e3o do ensino superior brasileiro, envolvem tr\u00eas grandes \u00e1reas do conhecimento, sendo elas a Sociologia, a Antropologia e a Ci\u00eancia Pol\u00edtica. Essas \u00e1reas t\u00eam, como objetivo geral, descrever, diagnosticar, interpretar e explicar as rela\u00e7\u00f5es sociais, as rela\u00e7\u00f5es culturais e as rela\u00e7\u00f5es pol\u00edticas.<\/p>\n<p>O Curso de Ci\u00eancias Sociais visa a formar profissionais capazes de efetuar levantamentos, classifica\u00e7\u00f5es e an\u00e1lises de informa\u00e7\u00f5es concernentes ao estudo das sociedades e de elaborar, de executar e de avaliar planos de desenvolvimento global, planos de desenvolvimento regional e planos de desenvolvimento setorial e projetos de natureza social.<\/p>\n<p><strong>Nome do curso:<\/strong>&nbsp;Ci\u00eancias Sociais<br><strong>Dura\u00e7\u00e3o:<\/strong>&nbsp;8 semestres<br><strong>N\u00edvel de ensino:<\/strong>&nbsp;Gradua\u00e7\u00e3o<br><strong>Modalidade:<\/strong>&nbsp;Bacharelado<br><strong>Grau acad\u00eamico:<\/strong>&nbsp;Bacharel em Ci\u00eancias Sociais<br><strong>Turno:<\/strong>&nbsp;Noturno<br><strong>Vagas:<\/strong>&nbsp;40 vagas<br><strong>Conceito MEC:<\/strong>&nbsp;A<\/p>\n<p><strong>Coordenador do Curso:<\/strong>&nbsp;&nbsp;Prof\u00aa. Dr\u00aa. Jana\u00edna Xavier do Nascimento<\/p>\n<p><strong>E-mail:<\/strong>&nbsp;<span id=\"cloak81147\"><a href=\"mailto:janainaxn@gmail.com\">janainaxn@gmail.com<\/a><\/span><\/p>\n<p><strong>Coordenadora substituta:<\/strong>&nbsp;Prof\u00aa. Dr\u00aa. Virg\u00ednia Susana Vecchioli<\/p>\n<p><strong>E-mail:<\/strong>&nbsp;vv<span id=\"cloak53400\"><a href=\"mailto:ecchioli@gmail.com\">ecchioli@gmail.com<\/a><\/span><\/p>\n<p><strong>Chefe do Departamento de Ci\u00eancias Sociais:<\/strong>&nbsp;Prof\u00aa. Dr\u00aa. Mari Cleise Sandalowski&nbsp;<\/p>\n<p>&nbsp;<strong>E-mail:&nbsp;<\/strong><span id=\"cloak73234\"><a href=\"mailto:mari_ppgs@yahoo.com.br\">mari_ppgs@yahoo.com.br<\/a><\/span><\/p>\n<p><strong>Secret\u00e1rio do Curso:<\/strong>&nbsp;Jo\u00e3o Buzatti Murini<\/p>\n<p>&nbsp;<strong>E-mail:&nbsp;<\/strong><span id=\"cloak81012\"><a href=\"mailto:cienciassociais.ufsm@gmail.com\">cienciassociais.ufsm@gmail.com<\/a><\/span>&nbsp;<\/p>\n","protected":false},"excerpt":{"rendered":"<p>As Ci\u00eancias Sociais, na tradi\u00e7\u00e3o do ensino superior brasileiro, envolvem tr\u00eas grandes \u00e1reas do conhecimento, sendo elas a Sociologia, a Antropologia e a Ci\u00eancia Pol\u00edtica. Essas \u00e1reas t\u00eam, como objetivo geral, descrever, diagnosticar, interpretar e explicar as rela\u00e7\u00f5es sociais, as rela\u00e7\u00f5es culturais e as rela\u00e7\u00f5es pol\u00edticas. O Curso de Ci\u00eancias Sociais visa a formar profissionais [&hellip;]<\/p>\n","protected":false},"author":194,"featured_media":0,"parent":0,"menu_order":0,"comment_status":"closed","ping_status":"closed","template":"","meta":{"footnotes":""},"categories":[],"tags":[],"class_list":["post-157","page","type-page","status-publish","hentry"],"acf":[],"_links":{"self":[{"href":"https:\/\/www.ufsm.br\/cursos\/graduacao\/santa-maria\/ciencias-sociais\/wp-json\/wp\/v2\/pages\/157","targetHints":{"allow":["GET"]}}],"collection":[{"href":"https:\/\/www.ufsm.br\/cursos\/graduacao\/santa-maria\/ciencias-sociais\/wp-json\/wp\/v2\/pages"}],"about":[{"href":"https:\/\/www.ufsm.br\/cursos\/graduacao\/santa-maria\/ciencias-sociais\/wp-json\/wp\/v2\/types\/page"}],"author":[{"embeddable":true,"href":"https:\/\/www.ufsm.br\/cursos\/graduacao\/santa-maria\/ciencias-sociais\/wp-json\/wp\/v2\/users\/194"}],"replies":[{"embeddable":true,"href":"https:\/\/www.ufsm.br\/cursos\/graduacao\/santa-maria\/ciencias-sociais\/wp-json\/wp\/v2\/comments?post=157"}],"version-history":[{"count":0,"href":"https:\/\/www.ufsm.br\/cursos\/graduacao\/santa-maria\/ciencias-sociais\/wp-json\/wp\/v2\/pages\/157\/revisions"}],"wp:attachment":[{"href":"https:\/\/www.ufsm.br\/cursos\/graduacao\/santa-maria\/ciencias-sociais\/wp-json\/wp\/v2\/media?parent=157"}],"wp:term":[{"taxonomy":"category","embeddable":true,"href":"https:\/\/www.ufsm.br\/cursos\/graduacao\/santa-maria\/ciencias-sociais\/wp-json\/wp\/v2\/categories?post=157"},{"taxonomy":"post_tag","embeddable":true,"href":"https:\/\/www.ufsm.br\/cursos\/graduacao\/santa-maria\/ciencias-sociais\/wp-json\/wp\/v2\/tags?post=157"}],"curies":[{"name":"wp","href":"https:\/\/api.w.org\/{rel}","templated":true}]}}