{"id":158,"date":"2018-12-26T09:49:21","date_gmt":"2018-12-26T11:49:21","guid":{"rendered":"https:\/\/www.ufsm.br\/cursos\/graduacao\/santa-maria\/ciencias-sociais\/?page_id=158"},"modified":"2018-12-26T09:49:24","modified_gmt":"2018-12-26T11:49:24","slug":"perfil-do-profissional","status":"publish","type":"page","link":"https:\/\/www.ufsm.br\/cursos\/graduacao\/santa-maria\/ciencias-sociais\/perfil-do-profissional","title":{"rendered":"Perfil do Profissional"},"content":{"rendered":"\n<p>Os profissionais formados pelo curso de Ci\u00eancias Sociais t\u00eam conhecimento cient\u00edfico e capacidade t\u00e9cnica para a compreens\u00e3o e para a interven\u00e7\u00e3o na sociedade local e na sociedade nacional, para a amplia\u00e7\u00e3o do conhecimento cient\u00edfico das Ci\u00eancias Sociais e para a atua\u00e7\u00e3o em equipes multidisciplinares, com compet\u00eancia te\u00f3rico-metodol\u00f3gica, com princ\u00edpios human\u00edsticos e com respeito \u00e0 forma\u00e7\u00e3o \u00e9tica, \u00e0 cidadania e \u00e0 pluralidade s\u00f3cio-ambiental. Eles t\u00eam, tamb\u00e9m, dom\u00ednio da bibliografia te\u00f3rica e da metodologia b\u00e1sica, autonomia intelectual, capacidade anal\u00edtica, compet\u00eancia na articula\u00e7\u00e3o entre teoria, pesquisa e pr\u00e1tica social e compromisso social.<\/p>\n","protected":false},"excerpt":{"rendered":"<p>Os profissionais formados pelo curso de Ci\u00eancias Sociais t\u00eam conhecimento cient\u00edfico e capacidade t\u00e9cnica para a compreens\u00e3o e para a interven\u00e7\u00e3o na sociedade local e na sociedade nacional, para a amplia\u00e7\u00e3o do conhecimento cient\u00edfico das Ci\u00eancias Sociais e para a atua\u00e7\u00e3o em equipes multidisciplinares, com compet\u00eancia te\u00f3rico-metodol\u00f3gica, com princ\u00edpios human\u00edsticos e com respeito \u00e0 forma\u00e7\u00e3o [&hellip;]<\/p>\n","protected":false},"author":194,"featured_media":0,"parent":0,"menu_order":0,"comment_status":"closed","ping_status":"closed","template":"","meta":{"footnotes":""},"categories":[],"tags":[],"class_list":["post-158","page","type-page","status-publish","hentry"],"acf":[],"_links":{"self":[{"href":"https:\/\/www.ufsm.br\/cursos\/graduacao\/santa-maria\/ciencias-sociais\/wp-json\/wp\/v2\/pages\/158","targetHints":{"allow":["GET"]}}],"collection":[{"href":"https:\/\/www.ufsm.br\/cursos\/graduacao\/santa-maria\/ciencias-sociais\/wp-json\/wp\/v2\/pages"}],"about":[{"href":"https:\/\/www.ufsm.br\/cursos\/graduacao\/santa-maria\/ciencias-sociais\/wp-json\/wp\/v2\/types\/page"}],"author":[{"embeddable":true,"href":"https:\/\/www.ufsm.br\/cursos\/graduacao\/santa-maria\/ciencias-sociais\/wp-json\/wp\/v2\/users\/194"}],"replies":[{"embeddable":true,"href":"https:\/\/www.ufsm.br\/cursos\/graduacao\/santa-maria\/ciencias-sociais\/wp-json\/wp\/v2\/comments?post=158"}],"version-history":[{"count":0,"href":"https:\/\/www.ufsm.br\/cursos\/graduacao\/santa-maria\/ciencias-sociais\/wp-json\/wp\/v2\/pages\/158\/revisions"}],"wp:attachment":[{"href":"https:\/\/www.ufsm.br\/cursos\/graduacao\/santa-maria\/ciencias-sociais\/wp-json\/wp\/v2\/media?parent=158"}],"wp:term":[{"taxonomy":"category","embeddable":true,"href":"https:\/\/www.ufsm.br\/cursos\/graduacao\/santa-maria\/ciencias-sociais\/wp-json\/wp\/v2\/categories?post=158"},{"taxonomy":"post_tag","embeddable":true,"href":"https:\/\/www.ufsm.br\/cursos\/graduacao\/santa-maria\/ciencias-sociais\/wp-json\/wp\/v2\/tags?post=158"}],"curies":[{"name":"wp","href":"https:\/\/api.w.org\/{rel}","templated":true}]}}