{"id":168,"date":"2018-12-26T09:58:11","date_gmt":"2018-12-26T11:58:11","guid":{"rendered":"https:\/\/www.ufsm.br\/cursos\/graduacao\/santa-maria\/ciencias-sociais\/?page_id=168"},"modified":"2018-12-26T09:58:14","modified_gmt":"2018-12-26T11:58:14","slug":"disciplinas-complementares-de-graduacao","status":"publish","type":"page","link":"https:\/\/www.ufsm.br\/cursos\/graduacao\/santa-maria\/ciencias-sociais\/disciplinas-complementares-de-graduacao","title":{"rendered":"Disciplinas Complementares de Gradua\u00e7\u00e3o"},"content":{"rendered":"\n<p>O curr\u00edculo do Curso de Ci\u00eancias Sociais da UFSM contempla 12 Disciplinas Complementares de Gradua\u00e7\u00e3o (DCG\u2019s) obrigat\u00f3rias, num total de 720 horas (12 DCG\u2019s de 60 horas cada).<br \/><br \/>O Aluno do Curso dever\u00e1 obrigatoriamente cursar 7 DCG\u2019s no pr\u00f3prio Curso, que s\u00e3o oferecidas gradualmente a cada semestre. As demais poder\u00e3o ser cursadas em outros Cursos da UFSM, desde que devidamente registradas no Projeto Pol\u00edtico Pedag\u00f3gico do Curso.<br \/><br \/>Nos links abaixo, confira as listagens de Disciplinas Complementares de Gradua\u00e7\u00e3o oferecidas pelo Curso de Ci\u00eancias Sociais, bem como as de outros Cursos da UFSM aceitas como DCG\u2019s.<\/p>\n","protected":false},"excerpt":{"rendered":"<p>O curr\u00edculo do Curso de Ci\u00eancias Sociais da UFSM contempla 12 Disciplinas Complementares de Gradua\u00e7\u00e3o (DCG\u2019s) obrigat\u00f3rias, num total de 720 horas (12 DCG\u2019s de 60 horas cada). O Aluno do Curso dever\u00e1 obrigatoriamente cursar 7 DCG\u2019s no pr\u00f3prio Curso, que s\u00e3o oferecidas gradualmente a cada semestre. As demais poder\u00e3o ser cursadas em outros Cursos [&hellip;]<\/p>\n","protected":false},"author":194,"featured_media":0,"parent":0,"menu_order":0,"comment_status":"closed","ping_status":"closed","template":"","meta":{"footnotes":""},"categories":[],"tags":[],"class_list":["post-168","page","type-page","status-publish","hentry"],"acf":[],"_links":{"self":[{"href":"https:\/\/www.ufsm.br\/cursos\/graduacao\/santa-maria\/ciencias-sociais\/wp-json\/wp\/v2\/pages\/168","targetHints":{"allow":["GET"]}}],"collection":[{"href":"https:\/\/www.ufsm.br\/cursos\/graduacao\/santa-maria\/ciencias-sociais\/wp-json\/wp\/v2\/pages"}],"about":[{"href":"https:\/\/www.ufsm.br\/cursos\/graduacao\/santa-maria\/ciencias-sociais\/wp-json\/wp\/v2\/types\/page"}],"author":[{"embeddable":true,"href":"https:\/\/www.ufsm.br\/cursos\/graduacao\/santa-maria\/ciencias-sociais\/wp-json\/wp\/v2\/users\/194"}],"replies":[{"embeddable":true,"href":"https:\/\/www.ufsm.br\/cursos\/graduacao\/santa-maria\/ciencias-sociais\/wp-json\/wp\/v2\/comments?post=168"}],"version-history":[{"count":0,"href":"https:\/\/www.ufsm.br\/cursos\/graduacao\/santa-maria\/ciencias-sociais\/wp-json\/wp\/v2\/pages\/168\/revisions"}],"wp:attachment":[{"href":"https:\/\/www.ufsm.br\/cursos\/graduacao\/santa-maria\/ciencias-sociais\/wp-json\/wp\/v2\/media?parent=168"}],"wp:term":[{"taxonomy":"category","embeddable":true,"href":"https:\/\/www.ufsm.br\/cursos\/graduacao\/santa-maria\/ciencias-sociais\/wp-json\/wp\/v2\/categories?post=168"},{"taxonomy":"post_tag","embeddable":true,"href":"https:\/\/www.ufsm.br\/cursos\/graduacao\/santa-maria\/ciencias-sociais\/wp-json\/wp\/v2\/tags?post=168"}],"curies":[{"name":"wp","href":"https:\/\/api.w.org\/{rel}","templated":true}]}}