{"id":1900,"date":"2023-03-31T18:19:47","date_gmt":"2023-03-31T21:19:47","guid":{"rendered":"https:\/\/www.ufsm.br\/cursos\/graduacao\/santa-maria\/ciencias-sociais\/?page_id=1900"},"modified":"2025-07-09T10:18:30","modified_gmt":"2025-07-09T13:18:30","slug":"atividades-complementares-de-graduacao-acg","status":"publish","type":"page","link":"https:\/\/www.ufsm.br\/cursos\/graduacao\/santa-maria\/ciencias-sociais\/atividades-complementares-de-graduacao-acg","title":{"rendered":"Atividades Complementares de Gradua\u00e7\u00e3o \u2013 ACG"},"content":{"rendered":"\t\t<div data-elementor-type=\"wp-page\" data-elementor-id=\"1900\" class=\"elementor elementor-1900\">\n\t\t\t\t\t\t<section class=\"elementor-section elementor-top-section elementor-element elementor-element-7822b129 elementor-section-boxed elementor-section-height-default elementor-section-height-default\" data-id=\"7822b129\" data-element_type=\"section\">\n\t\t\t\t\t\t<div class=\"elementor-container elementor-column-gap-default\">\n\t\t\t\t\t<div class=\"elementor-column elementor-col-100 elementor-top-column elementor-element elementor-element-520b0a01\" data-id=\"520b0a01\" data-element_type=\"column\">\n\t\t\t<div class=\"elementor-widget-wrap elementor-element-populated\">\n\t\t\t\t\t\t<div class=\"elementor-element elementor-element-5b131d37 elementor-widget elementor-widget-text-editor\" data-id=\"5b131d37\" data-element_type=\"widget\" data-widget_type=\"text-editor.default\">\n\t\t\t\t<div class=\"elementor-widget-container\">\n\t\t\t\t\t\t\t<p>As atividades Complementares de Gradua\u00e7\u00e3o compreendem a estrutura n\u00e3o curricular do curso e tem por objetivo prover ao educando um contato direto com a realidade da profiss\u00e3o, atrav\u00e9s da inser\u00e7\u00e3o dos alunos em atividades de pesquisa, ensino e extens\u00e3o.<\/p>\n<p><!-- \/wp:paragraph --><!-- wp:paragraph --><\/p>\n<p><a href=\"https:\/\/www.ufsm.br\/cursos\/graduacao\/santa-maria\/ciencias-sociais\/projeto-pedagogico\" target=\"_blank\" rel=\"noopener\">Confira no PPC do curso a Carga Hor\u00e1ria m\u00ednima exigida<\/a>.<\/p>\n<h3 class=\"wp-block-heading\"><strong>Tutorial de registro de ACG<\/strong><\/h3>\n<p><!-- \/wp:paragraph --><!-- wp:paragraph --><\/p>\n<p>Para acessar o tutorial de solicita\u00e7\u00e3o de registro de ACG, confira o documento abaixo:\u00a0<\/p>\n<p style=\"color: #000000;font-size: 16px\"><a style=\"color: #204c90\" href=\"https:\/\/www.ufsm.br\/app\/uploads\/sites\/463\/2025\/07\/Atividades-Complementares-de-Graduacao-%E2%80%93-ACG-3.pdf\">Atividades Complementares de Gradua\u00e7\u00e3o \u2013 ACG<\/a><\/p>\n<p><strong>Se deseja o tutorial em v\u00eddeo, <a href=\"https:\/\/www.youtube.com\/watch?v=umbS8mnSUQU\" target=\"_blank\" rel=\"noopener\">clique aqui<\/a>.<\/strong><\/p>\n<p><!-- \/wp:paragraph --><!-- wp:paragraph --><\/p>\n<p><!-- \/wp:paragraph --><\/p>\t\t\t\t\t\t<\/div>\n\t\t\t\t<\/div>\n\t\t\t\t\t<\/div>\n\t\t<\/div>\n\t\t\t\t\t<\/div>\n\t\t<\/section>\n\t\t\t\t<\/div>\n\t\t","protected":false},"excerpt":{"rendered":"<p>As atividades Complementares de Gradua\u00e7\u00e3o compreendem a estrutura n\u00e3o curricular do curso e tem por objetivo prover ao educando um contato direto com a realidade da profiss\u00e3o, atrav\u00e9s da inser\u00e7\u00e3o dos alunos em atividades de pesquisa, ensino e extens\u00e3o. Confira no PPC do curso a Carga Hor\u00e1ria m\u00ednima exigida. Tutorial de registro de ACG Para [&hellip;]<\/p>\n","protected":false},"author":4916,"featured_media":0,"parent":0,"menu_order":0,"comment_status":"closed","ping_status":"closed","template":"","meta":{"footnotes":""},"categories":[],"tags":[],"class_list":["post-1900","page","type-page","status-publish","hentry"],"acf":[],"_links":{"self":[{"href":"https:\/\/www.ufsm.br\/cursos\/graduacao\/santa-maria\/ciencias-sociais\/wp-json\/wp\/v2\/pages\/1900","targetHints":{"allow":["GET"]}}],"collection":[{"href":"https:\/\/www.ufsm.br\/cursos\/graduacao\/santa-maria\/ciencias-sociais\/wp-json\/wp\/v2\/pages"}],"about":[{"href":"https:\/\/www.ufsm.br\/cursos\/graduacao\/santa-maria\/ciencias-sociais\/wp-json\/wp\/v2\/types\/page"}],"author":[{"embeddable":true,"href":"https:\/\/www.ufsm.br\/cursos\/graduacao\/santa-maria\/ciencias-sociais\/wp-json\/wp\/v2\/users\/4916"}],"replies":[{"embeddable":true,"href":"https:\/\/www.ufsm.br\/cursos\/graduacao\/santa-maria\/ciencias-sociais\/wp-json\/wp\/v2\/comments?post=1900"}],"version-history":[{"count":0,"href":"https:\/\/www.ufsm.br\/cursos\/graduacao\/santa-maria\/ciencias-sociais\/wp-json\/wp\/v2\/pages\/1900\/revisions"}],"wp:attachment":[{"href":"https:\/\/www.ufsm.br\/cursos\/graduacao\/santa-maria\/ciencias-sociais\/wp-json\/wp\/v2\/media?parent=1900"}],"wp:term":[{"taxonomy":"category","embeddable":true,"href":"https:\/\/www.ufsm.br\/cursos\/graduacao\/santa-maria\/ciencias-sociais\/wp-json\/wp\/v2\/categories?post=1900"},{"taxonomy":"post_tag","embeddable":true,"href":"https:\/\/www.ufsm.br\/cursos\/graduacao\/santa-maria\/ciencias-sociais\/wp-json\/wp\/v2\/tags?post=1900"}],"curies":[{"name":"wp","href":"https:\/\/api.w.org\/{rel}","templated":true}]}}