{"id":207,"date":"2018-12-26T10:51:06","date_gmt":"2018-12-26T12:51:06","guid":{"rendered":"https:\/\/www.ufsm.br\/cursos\/graduacao\/santa-maria\/ciencias-sociais\/?page_id=207"},"modified":"2020-01-08T12:37:44","modified_gmt":"2020-01-08T15:37:44","slug":"apresentacao-2","status":"publish","type":"page","link":"https:\/\/www.ufsm.br\/cursos\/graduacao\/santa-maria\/ciencias-sociais\/apresentacao-2","title":{"rendered":"Apresenta\u00e7\u00e3o"},"content":{"rendered":"\n<p>\u00a0O Curso de Licenciatura em Ci\u00eancias Sociais da UFSM possui uma vis\u00e3o ampla dos processos educativos e do papel das Ci\u00eancias Sociais na forma\u00e7\u00e3o dos jovens, bem como da complexidade da rela\u00e7\u00e3o, no per\u00edodo de forma\u00e7\u00e3o, entre os elementos te\u00f3ricos e os comprometimentos \u00e9ticos pertinentes para que o professor desempenhe um papel no desenvolvimento social-educativo da institui\u00e7\u00e3o escolar em todos os seus segmentos, da sala de aula \u00e0 gest\u00e3o escolar.<\/p>\n","protected":false},"excerpt":{"rendered":"<p>\u00a0O Curso de Licenciatura em Ci\u00eancias Sociais da UFSM possui uma vis\u00e3o ampla dos processos educativos e do papel das Ci\u00eancias Sociais na forma\u00e7\u00e3o dos jovens, bem como da complexidade da rela\u00e7\u00e3o, no per\u00edodo de forma\u00e7\u00e3o, entre os elementos te\u00f3ricos e os comprometimentos \u00e9ticos pertinentes para que o professor desempenhe um papel no desenvolvimento social-educativo [&hellip;]<\/p>\n","protected":false},"author":194,"featured_media":0,"parent":0,"menu_order":0,"comment_status":"closed","ping_status":"closed","template":"","meta":{"footnotes":""},"categories":[],"tags":[],"class_list":["post-207","page","type-page","status-publish","hentry"],"acf":[],"_links":{"self":[{"href":"https:\/\/www.ufsm.br\/cursos\/graduacao\/santa-maria\/ciencias-sociais\/wp-json\/wp\/v2\/pages\/207","targetHints":{"allow":["GET"]}}],"collection":[{"href":"https:\/\/www.ufsm.br\/cursos\/graduacao\/santa-maria\/ciencias-sociais\/wp-json\/wp\/v2\/pages"}],"about":[{"href":"https:\/\/www.ufsm.br\/cursos\/graduacao\/santa-maria\/ciencias-sociais\/wp-json\/wp\/v2\/types\/page"}],"author":[{"embeddable":true,"href":"https:\/\/www.ufsm.br\/cursos\/graduacao\/santa-maria\/ciencias-sociais\/wp-json\/wp\/v2\/users\/194"}],"replies":[{"embeddable":true,"href":"https:\/\/www.ufsm.br\/cursos\/graduacao\/santa-maria\/ciencias-sociais\/wp-json\/wp\/v2\/comments?post=207"}],"version-history":[{"count":0,"href":"https:\/\/www.ufsm.br\/cursos\/graduacao\/santa-maria\/ciencias-sociais\/wp-json\/wp\/v2\/pages\/207\/revisions"}],"wp:attachment":[{"href":"https:\/\/www.ufsm.br\/cursos\/graduacao\/santa-maria\/ciencias-sociais\/wp-json\/wp\/v2\/media?parent=207"}],"wp:term":[{"taxonomy":"category","embeddable":true,"href":"https:\/\/www.ufsm.br\/cursos\/graduacao\/santa-maria\/ciencias-sociais\/wp-json\/wp\/v2\/categories?post=207"},{"taxonomy":"post_tag","embeddable":true,"href":"https:\/\/www.ufsm.br\/cursos\/graduacao\/santa-maria\/ciencias-sociais\/wp-json\/wp\/v2\/tags?post=207"}],"curies":[{"name":"wp","href":"https:\/\/api.w.org\/{rel}","templated":true}]}}