{"id":212,"date":"2018-12-26T10:57:48","date_gmt":"2018-12-26T12:57:48","guid":{"rendered":"https:\/\/www.ufsm.br\/cursos\/graduacao\/santa-maria\/ciencias-sociais\/?page_id=212"},"modified":"2021-05-24T10:31:48","modified_gmt":"2021-05-24T13:31:48","slug":"nucleo-docente-estruturante-2","status":"publish","type":"page","link":"https:\/\/www.ufsm.br\/cursos\/graduacao\/santa-maria\/ciencias-sociais\/nucleo-docente-estruturante-2","title":{"rendered":"N\u00facleo Docente Estruturante"},"content":{"rendered":"\n<p>O Curso de Licenciatura em Ci\u00eancias Sociais tem como membros do N\u00facleo Docente Estruturante os seguintes professores, que foram designados pela <a href=\"https:\/\/www.ufsm.br\/app\/uploads\/sites\/465\/2021\/05\/PORT_NDECLCS_CCSH_2021_122.pdf\">Portaria de Pessoal CCSH\/UFSM N. 122<\/a>, de 10 de maio de 2021.<\/p>\n<p>Prof\u00aa. Laura Senna Ferreira \u2013 SIAPE 2250962 &#8211; Departamento de Ci\u00eancias Sociais (Presidente do NDE)<\/p>\n<p>Prof\u00aa Leonice Aparecida de F\u00e1tima Alves Pereira Mourad \u2013 SIAPE 1766639 &#8211; Departamento de Metodologia do Ensino<\/p>\n<p>Prof. Cleber Ori Cuti Martins \u2013 SIAPE1478986 &#8211; Departamento de Ci\u00eancias Sociais<\/p>\n<p>Prof\u00aa. Maria Clara Mocellin \u2013 SIAPE 1867039 &#8211; Departamento de Ci\u00eancias Sociais\u00a0<\/p>\n<p>Prof.\u00aa Viriginia Susana Vecchioli &#8211; SIAPE 2254446 &#8211; Departamento de Ci\u00eancias Sociais<\/p>\n<p><a href=\"https:\/\/www.ufsm.br\/cursos\/graduacao\/santa-maria\/ciencias-sociais\/wp-content\/uploads\/sites\/465\/2018\/12\/resolucao_014.2011.pdf\"><strong>Resolu\u00e7\u00e3o 014\/2011<\/strong><\/a>&#8211;\u00a0Institui o N\u00facleo Docente Estruturante \u2013 NDE no\u00a0\u00e2mbito dos Cursos de Gradua\u00e7\u00e3o da Universidade\u00a0Federal de Santa Maria e estabelece suas normas\u00a0de funcionamento.<\/p>\n<p><a href=\"https:\/\/www.ufsm.br\/cursos\/graduacao\/santa-maria\/ciencias-sociais\/wp-content\/uploads\/sites\/465\/2018\/12\/regimento_nde.pdf\"><strong>Regimento do N\u00facleo Docente Estruturante<\/strong><\/a><\/p>\n","protected":false},"excerpt":{"rendered":"<p>O Curso de Licenciatura em Ci\u00eancias Sociais tem como membros do N\u00facleo Docente Estruturante os seguintes professores, que foram designados pela Portaria de Pessoal CCSH\/UFSM N. 122, de 10 de maio de 2021. Prof\u00aa. Laura Senna Ferreira \u2013 SIAPE 2250962 &#8211; Departamento de Ci\u00eancias Sociais (Presidente do NDE) Prof\u00aa Leonice Aparecida de F\u00e1tima Alves Pereira [&hellip;]<\/p>\n","protected":false},"author":194,"featured_media":0,"parent":0,"menu_order":0,"comment_status":"closed","ping_status":"closed","template":"","meta":{"footnotes":""},"categories":[],"tags":[],"class_list":["post-212","page","type-page","status-publish","hentry"],"acf":[],"_links":{"self":[{"href":"https:\/\/www.ufsm.br\/cursos\/graduacao\/santa-maria\/ciencias-sociais\/wp-json\/wp\/v2\/pages\/212","targetHints":{"allow":["GET"]}}],"collection":[{"href":"https:\/\/www.ufsm.br\/cursos\/graduacao\/santa-maria\/ciencias-sociais\/wp-json\/wp\/v2\/pages"}],"about":[{"href":"https:\/\/www.ufsm.br\/cursos\/graduacao\/santa-maria\/ciencias-sociais\/wp-json\/wp\/v2\/types\/page"}],"author":[{"embeddable":true,"href":"https:\/\/www.ufsm.br\/cursos\/graduacao\/santa-maria\/ciencias-sociais\/wp-json\/wp\/v2\/users\/194"}],"replies":[{"embeddable":true,"href":"https:\/\/www.ufsm.br\/cursos\/graduacao\/santa-maria\/ciencias-sociais\/wp-json\/wp\/v2\/comments?post=212"}],"version-history":[{"count":0,"href":"https:\/\/www.ufsm.br\/cursos\/graduacao\/santa-maria\/ciencias-sociais\/wp-json\/wp\/v2\/pages\/212\/revisions"}],"wp:attachment":[{"href":"https:\/\/www.ufsm.br\/cursos\/graduacao\/santa-maria\/ciencias-sociais\/wp-json\/wp\/v2\/media?parent=212"}],"wp:term":[{"taxonomy":"category","embeddable":true,"href":"https:\/\/www.ufsm.br\/cursos\/graduacao\/santa-maria\/ciencias-sociais\/wp-json\/wp\/v2\/categories?post=212"},{"taxonomy":"post_tag","embeddable":true,"href":"https:\/\/www.ufsm.br\/cursos\/graduacao\/santa-maria\/ciencias-sociais\/wp-json\/wp\/v2\/tags?post=212"}],"curies":[{"name":"wp","href":"https:\/\/api.w.org\/{rel}","templated":true}]}}