{"id":2315,"date":"2024-09-11T14:20:11","date_gmt":"2024-09-11T17:20:11","guid":{"rendered":"https:\/\/www.ufsm.br\/cursos\/graduacao\/santa-maria\/ciencias-sociais\/?page_id=2315"},"modified":"2025-06-06T12:03:51","modified_gmt":"2025-06-06T15:03:51","slug":"atividades-complementares-de-extensao-acex-clcs","status":"publish","type":"page","link":"https:\/\/www.ufsm.br\/cursos\/graduacao\/santa-maria\/ciencias-sociais\/atividades-complementares-de-extensao-acex-clcs","title":{"rendered":"Atividades Complementares de Extens\u00e3o\u2013 ACEx"},"content":{"rendered":"\n<p>As ACEx fazem parte do curr\u00edculo dos cursos e devem ser registradas pelos(as) estudantes.<\/p>\n\n\n\n<p>Para saber como fazer o registro, acesse o tutorial abaixo:<\/p>\n\n\n\n<div data-wp-interactive=\"core\/file\" class=\"wp-block-file\"><object data-wp-bind--hidden=\"!state.hasPdfPreview\" hidden class=\"wp-block-file__embed\" data=\"https:\/\/www.ufsm.br\/app\/uploads\/sites\/465\/2025\/06\/Solicitacao-de-ACEX-pelo-Portal-Estudantil-1.pdf\" type=\"application\/pdf\" style=\"width:100%;height:600px\" aria-label=\"Incorporado de Solicitacao-de-ACEX-pelo-Portal-Estudantil-1.\"><\/object><a id=\"wp-block-file--media-dc545076-787a-4662-9239-e4b4d0b3f839\" href=\"https:\/\/www.ufsm.br\/app\/uploads\/sites\/465\/2025\/06\/Solicitacao-de-ACEX-pelo-Portal-Estudantil-1.pdf\">Solicitacao-de-ACEX-pelo-Portal-Estudantil-1<\/a><a href=\"https:\/\/www.ufsm.br\/app\/uploads\/sites\/465\/2025\/06\/Solicitacao-de-ACEX-pelo-Portal-Estudantil-1.pdf\" class=\"wp-block-file__button wp-element-button\" download aria-describedby=\"wp-block-file--media-dc545076-787a-4662-9239-e4b4d0b3f839\">Baixar<\/a><\/div>\n\n\n\n<p>Em caso de d\u00favidas, entre em contato com a coordena\u00e7\u00e3o do curso.<\/p>\n","protected":false},"excerpt":{"rendered":"<p>As ACEx fazem parte do curr\u00edculo dos cursos e devem ser registradas pelos(as) estudantes. Para saber como fazer o registro, acesse o tutorial abaixo: Em caso de d\u00favidas, entre em contato com a coordena\u00e7\u00e3o do curso.<\/p>\n","protected":false},"author":4916,"featured_media":0,"parent":0,"menu_order":0,"comment_status":"closed","ping_status":"closed","template":"","meta":{"footnotes":""},"categories":[],"tags":[23,72,169,26,146],"class_list":["post-2315","page","type-page","status-publish","hentry","tag-bacharelado","tag-ciencias-sociais","tag-estudantes","tag-licenciatura","tag-licenciatura-em-ciencias-sociais"],"acf":[],"_links":{"self":[{"href":"https:\/\/www.ufsm.br\/cursos\/graduacao\/santa-maria\/ciencias-sociais\/wp-json\/wp\/v2\/pages\/2315","targetHints":{"allow":["GET"]}}],"collection":[{"href":"https:\/\/www.ufsm.br\/cursos\/graduacao\/santa-maria\/ciencias-sociais\/wp-json\/wp\/v2\/pages"}],"about":[{"href":"https:\/\/www.ufsm.br\/cursos\/graduacao\/santa-maria\/ciencias-sociais\/wp-json\/wp\/v2\/types\/page"}],"author":[{"embeddable":true,"href":"https:\/\/www.ufsm.br\/cursos\/graduacao\/santa-maria\/ciencias-sociais\/wp-json\/wp\/v2\/users\/4916"}],"replies":[{"embeddable":true,"href":"https:\/\/www.ufsm.br\/cursos\/graduacao\/santa-maria\/ciencias-sociais\/wp-json\/wp\/v2\/comments?post=2315"}],"version-history":[{"count":0,"href":"https:\/\/www.ufsm.br\/cursos\/graduacao\/santa-maria\/ciencias-sociais\/wp-json\/wp\/v2\/pages\/2315\/revisions"}],"wp:attachment":[{"href":"https:\/\/www.ufsm.br\/cursos\/graduacao\/santa-maria\/ciencias-sociais\/wp-json\/wp\/v2\/media?parent=2315"}],"wp:term":[{"taxonomy":"category","embeddable":true,"href":"https:\/\/www.ufsm.br\/cursos\/graduacao\/santa-maria\/ciencias-sociais\/wp-json\/wp\/v2\/categories?post=2315"},{"taxonomy":"post_tag","embeddable":true,"href":"https:\/\/www.ufsm.br\/cursos\/graduacao\/santa-maria\/ciencias-sociais\/wp-json\/wp\/v2\/tags?post=2315"}],"curies":[{"name":"wp","href":"https:\/\/api.w.org\/{rel}","templated":true}]}}