{"id":234,"date":"2018-12-26T11:20:29","date_gmt":"2018-12-26T13:20:29","guid":{"rendered":"https:\/\/www.ufsm.br\/cursos\/graduacao\/santa-maria\/ciencias-sociais\/?page_id=234"},"modified":"2018-12-26T11:20:32","modified_gmt":"2018-12-26T13:20:32","slug":"estagios-curriculares-supervisionados","status":"publish","type":"page","link":"https:\/\/www.ufsm.br\/cursos\/graduacao\/santa-maria\/ciencias-sociais\/estagios-curriculares-supervisionados","title":{"rendered":"Est\u00e1gios Curriculares Supervisionados"},"content":{"rendered":"\n<p class=\"western\">\u00a0Considerando o car\u00e1ter particular das rotinas da Licenciatura em Ci\u00eancias Sociais, a carga hor\u00e1ria de est\u00e1gio prevista no Projeto Pedag\u00f3gico do curso poder\u00e1 ser realizada a partir do quinto semestre do curso at\u00e9 o final do curso. O est\u00e1gio est\u00e1 organizado no formato de quatro (04) disciplinas, a saber, Est\u00e1gio Supervisionado A, B, C e D, todas com carga hor\u00e1ria de 105 horas.<\/p>\n<p>\u00a0Dessa forma, das 105 horas de Est\u00e1gio previstas no Projeto Pedag\u00f3gico para cada disciplina de est\u00e1gio, pelo menos 25 ser\u00e3o destinadas \u00e0 pr\u00e1tica docente em sala de aula e outras 50 ser\u00e3o dedicadas \u00e0 prepara\u00e7\u00e3o das aulas a serem ministradas pelos estagi\u00e1rios. Outras 55 horas ser\u00e3o destinadas para as atividades de orienta\u00e7\u00e3o junto ao professor supervisor do est\u00e1gio, enquanto \u00e0s 15 horas restantes ser\u00e3o dedicados \u00e0 observa\u00e7\u00e3o de pr\u00e1ticas docentes e dos espa\u00e7os escolares.<\/p>\n<p class=\"western\" align=\"justify\">Tabela 4 \u2013 Atividades Est\u00e1gio e Carga Hor\u00e1ria<\/p>\n\n<table cellspacing=\"0\" cellpadding=\"7\"><colgroup><col width=\"245\" \/><col width=\"165\" \/><\/colgroup>\n<tbody>\n<tr valign=\"top\">\n<td bgcolor=\"#f3f3f3\" width=\"245\">\n<p class=\"western\" align=\"center\">Atividades no Est\u00e1gio<\/p>\n<\/td>\n<td bgcolor=\"#f3f3f3\" width=\"165\">\n<p class=\"western\" align=\"center\">Carga Hor\u00e1ria<\/p>\n<\/td>\n<\/tr>\n<tr valign=\"top\">\n<td width=\"245\">\n<p class=\"western\" align=\"justify\">1- Pr\u00e1tica em sala<\/p>\n<\/td>\n<td width=\"165\">\n<p class=\"western\" align=\"center\">25 horas<\/p>\n<\/td>\n<\/tr>\n<tr valign=\"top\">\n<td width=\"245\">\n<p class=\"western\" align=\"justify\">2- Prepara\u00e7\u00e3o das aulas<\/p>\n<\/td>\n<td width=\"165\">\n<p class=\"western\" align=\"center\">50 horas<\/p>\n<\/td>\n<\/tr>\n<tr valign=\"top\">\n<td width=\"245\">\n<p class=\"western\" align=\"justify\">3- Orienta\u00e7\u00e3o pelo professor-supervisor<\/p>\n<\/td>\n<td width=\"165\">\n<p class=\"western\" align=\"center\">15 horas<\/p>\n<\/td>\n<\/tr>\n<tr valign=\"top\">\n<td width=\"245\">\n<p class=\"western\" align=\"justify\">4- Observa\u00e7\u00e3o<\/p>\n<\/td>\n<td width=\"165\">\n<p class=\"western\" align=\"center\">15 horas<\/p>\n<\/td>\n<\/tr>\n<tr valign=\"top\">\n<td bgcolor=\"#e6e6e6\" width=\"245\">\n<p class=\"western\" align=\"right\">Total<\/p>\n<\/td>\n<td bgcolor=\"#e6e6e6\" width=\"165\">\n<p class=\"western\" align=\"center\">105 horas<\/p>\n<\/td>\n<\/tr>\n<\/tbody>\n<\/table>\n\n<p>\u00a0<\/p>\n<p>O est\u00e1gio dever\u00e1 ocorrer prioritariamente na cidade de Santa Maria, com turmas de alunos do ensino m\u00e9dio e dever\u00e1 ser priorizada a disciplina de Sociologia. No entanto, considerando a elevada quantidade de horas a serem cumpridas em sala de aula num contexto de baixa oferta de vagas para est\u00e1gio na disciplina de Sociologia, que se encontra em fase de implanta\u00e7\u00e3o nos cursos de ensino m\u00e9dio do estado, excepcionalmente poder\u00e3o ser realizadas as pr\u00e1ticas docentes dos estagi\u00e1rios em disciplinas pr\u00f3ximas \u00e0 \u00e1rea das Ci\u00eancias Sociais, tais como Filosofia, Educa\u00e7\u00e3o Ambiental e Ensino Religioso. Tamb\u00e9m excepcionalmente, para assegurar que os estagi\u00e1rios n\u00e3o sejam prejudicados pela falta de disponibilidade das escolas, poder\u00e3o realizar suas pr\u00e1ticas de ensino em outros munic\u00edpios do estado, preferencialmente da regi\u00e3o de Santa Maria, assim como nas s\u00e9ries finais de Ensino Fundamental.<\/p>\n<p class=\"western\" align=\"justify\">\u00a0A atividade de est\u00e1gio ser\u00e1 acompanhada por um orientador da IES e pelo professor regente da turma (tutor), na qual ser\u00e1 realizado o est\u00e1gio. \u00c0s 15 horas de orienta\u00e7\u00e3o previstas no regimento ser\u00e3o dedicadas ao assessoramento sistem\u00e1tico para o planejamento, execu\u00e7\u00e3o e avalia\u00e7\u00e3o das atividades did\u00e1tico-pedag\u00f3gicas dos estagi\u00e1rios, sendo que pelo menos duas horas ser\u00e3o dedicadas \u00e0 orienta\u00e7\u00e3o individual dos estagi\u00e1rios. Durante o per\u00edodo da pr\u00e1tica docente o estagi\u00e1rio receber\u00e1 pelo menos uma visita do professor orientador para fins de observa\u00e7\u00e3o de pelo menos uma de suas aulas.<\/p>\n<p>\u00a0O aluno dever\u00e1 fazer o registro sistem\u00e1tico das atividades desenvolvidas durante o est\u00e1gio, bem como realizar a an\u00e1lise de sua atua\u00e7\u00e3o docente, a fim de discuti-la com seu orientador. Este material servir\u00e1 para constru\u00e7\u00e3o de seu relat\u00f3rio final de est\u00e1gio.<\/p>\n<p>\u00a0<\/p>\n<p><strong>Regimento de est\u00e1gios:<\/strong>\u00a0<a href=\"https:\/\/www.ufsm.br\/cursos\/graduacao\/santa-maria\/ciencias-sociais\/wp-content\/uploads\/sites\/465\/2018\/12\/Regimento-de-Estgio.pdf\">acesse aqui.<\/a><\/p>\n<p>\u00a0<\/p>\n<p><strong>Instru\u00e7\u00e3o normativa 01\/2013 SEDUC-RS:<\/strong>\u00a0<a href=\"https:\/\/www.ufsm.br\/cursos\/graduacao\/santa-maria\/ciencias-sociais\/wp-content\/uploads\/sites\/465\/2018\/12\/Instruo-Normativa-01-2013-Estagios-Curriculares-Supervisionados-parte1-1.pdf\">p\u00e1gina 01<\/a>\u00a0e\u00a0<a href=\"https:\/\/www.ufsm.br\/cursos\/graduacao\/santa-maria\/ciencias-sociais\/wp-content\/uploads\/sites\/465\/2018\/12\/Instruo-Normativa-01-2013-Estagios-Curriculares-Supervisionados-parte2.pdf\">p\u00e1gina 02<\/a>.<\/p>\n<p>\u00a0<\/p>\n<p>Para a elabora\u00e7\u00e3o dos termos de compromisso de Est\u00e1gio Curricular Supervisionado D, o aluno dever\u00e1 informar o nome e endere\u00e7o completo da escola, bem como o nome do diretor e do supervisor na escola que acompanhar\u00e1 suas atividades.\u00a0Durante a realiza\u00e7\u00e3o dos est\u00e1gios supervisionados nas escolas, a UFSM fornecer\u00e1 o seguro contra acidentes.<\/p>\n<p>Para a realiza\u00e7\u00e3o\u00a0da matr\u00edcula em Est\u00e1gio Curricular Supervisionado D \u00e9 necess\u00e1rio ter conclu\u00eddo as disciplinas ISP1011 Sociologia III, DCS862 Teoria Pol\u00edtica III e DCS 861 Antropologia III.<\/p>\n","protected":false},"excerpt":{"rendered":"<p>\u00a0Considerando o car\u00e1ter particular das rotinas da Licenciatura em Ci\u00eancias Sociais, a carga hor\u00e1ria de est\u00e1gio prevista no Projeto Pedag\u00f3gico do curso poder\u00e1 ser realizada a partir do quinto semestre do curso at\u00e9 o final do curso. O est\u00e1gio est\u00e1 organizado no formato de quatro (04) disciplinas, a saber, Est\u00e1gio Supervisionado A, B, C e [&hellip;]<\/p>\n","protected":false},"author":194,"featured_media":0,"parent":0,"menu_order":0,"comment_status":"closed","ping_status":"closed","template":"","meta":{"footnotes":""},"categories":[],"tags":[],"class_list":["post-234","page","type-page","status-publish","hentry"],"acf":[],"_links":{"self":[{"href":"https:\/\/www.ufsm.br\/cursos\/graduacao\/santa-maria\/ciencias-sociais\/wp-json\/wp\/v2\/pages\/234","targetHints":{"allow":["GET"]}}],"collection":[{"href":"https:\/\/www.ufsm.br\/cursos\/graduacao\/santa-maria\/ciencias-sociais\/wp-json\/wp\/v2\/pages"}],"about":[{"href":"https:\/\/www.ufsm.br\/cursos\/graduacao\/santa-maria\/ciencias-sociais\/wp-json\/wp\/v2\/types\/page"}],"author":[{"embeddable":true,"href":"https:\/\/www.ufsm.br\/cursos\/graduacao\/santa-maria\/ciencias-sociais\/wp-json\/wp\/v2\/users\/194"}],"replies":[{"embeddable":true,"href":"https:\/\/www.ufsm.br\/cursos\/graduacao\/santa-maria\/ciencias-sociais\/wp-json\/wp\/v2\/comments?post=234"}],"version-history":[{"count":0,"href":"https:\/\/www.ufsm.br\/cursos\/graduacao\/santa-maria\/ciencias-sociais\/wp-json\/wp\/v2\/pages\/234\/revisions"}],"wp:attachment":[{"href":"https:\/\/www.ufsm.br\/cursos\/graduacao\/santa-maria\/ciencias-sociais\/wp-json\/wp\/v2\/media?parent=234"}],"wp:term":[{"taxonomy":"category","embeddable":true,"href":"https:\/\/www.ufsm.br\/cursos\/graduacao\/santa-maria\/ciencias-sociais\/wp-json\/wp\/v2\/categories?post=234"},{"taxonomy":"post_tag","embeddable":true,"href":"https:\/\/www.ufsm.br\/cursos\/graduacao\/santa-maria\/ciencias-sociais\/wp-json\/wp\/v2\/tags?post=234"}],"curies":[{"name":"wp","href":"https:\/\/api.w.org\/{rel}","templated":true}]}}