{"id":29,"date":"2018-01-18T09:10:07","date_gmt":"2018-01-18T11:10:07","guid":{"rendered":"https:\/\/www.ufsm.br\/cursos\/graduacao\/nutricao\/12352\/?page_id=29"},"modified":"2026-03-31T10:25:24","modified_gmt":"2026-03-31T13:25:24","slug":"contato","status":"publish","type":"page","link":"https:\/\/www.ufsm.br\/cursos\/graduacao\/santa-maria\/ciencias-sociais\/contato","title":{"rendered":"Contato"},"content":{"rendered":"\t\t<div data-elementor-type=\"wp-page\" data-elementor-id=\"29\" class=\"elementor elementor-29\">\n\t\t\t\t\t\t<section class=\"elementor-section elementor-top-section elementor-element elementor-element-6772af6 elementor-section-boxed elementor-section-height-default elementor-section-height-default\" data-id=\"6772af6\" data-element_type=\"section\">\n\t\t\t\t\t\t<div class=\"elementor-container elementor-column-gap-default\">\n\t\t\t\t\t<div class=\"elementor-column elementor-col-100 elementor-top-column elementor-element elementor-element-74896d9c\" data-id=\"74896d9c\" data-element_type=\"column\">\n\t\t\t<div class=\"elementor-widget-wrap elementor-element-populated\">\n\t\t\t\t\t\t<div class=\"elementor-element elementor-element-5d205f77 elementor-widget elementor-widget-text-editor\" data-id=\"5d205f77\" data-element_type=\"widget\" data-widget_type=\"text-editor.default\">\n\t\t\t\t<div class=\"elementor-widget-container\">\n\t\t\t\t\t\t\t<h3><strong>Licenciatura em Ci\u00eancias Sociais<\/strong><\/h3>\n<p><strong>E-mail Coordena\u00e7\u00e3o:<\/strong> coord.csociais.licenciatura@ufsm.br<\/p>\n<p><strong>Coordenadora do Curso:<\/strong> PROF. DR. DANIEL ALVES<\/p>\n<p><strong>Hor\u00e1rio de atendimento:&nbsp;<\/strong><\/p>\n<p>Ter\u00e7as, das 16h \u00e0s 19h e Quintas, das 19h \u00e0s 21h30.<\/p>\n<p>Sala 2210, 2\u00ba andar.<\/p>\n<p>___<\/p>\n<h3><strong>Bacharelado em Ci\u00eancias Sociais<\/strong><\/h3>\n<p><strong>E-mail Coordena\u00e7\u00e3o:<\/strong> coord.csociais.bacharelado@ufsm.br<\/p>\n<p><strong>Coordenador do Curso<\/strong>: PROF. DR. JO\u00c3O GILBERTO DO NASCIMENTO LIMA<\/p>\n<p><strong>Hor\u00e1rio de atendimento:&nbsp;<\/strong><\/p>\n<p>Ter\u00e7as, das 19h \u00e0s 21h e quintas, das 17h \u00e0s 19h.&nbsp;<\/p>\n<p>Sala 205, 2\u00ba andar.<\/p>\n<p>___<\/p>\n<h4><strong>Secretaria Integrada de Gradua\u00e7\u00e3o I (cursos 74A)<\/strong><\/h4>\n<p>E-mail:&nbsp;graduacao74a.ccsh@ufsm.br<\/p>\n<p>Telefone: (55) 3178-0598<\/p>\n<p>Sala 2111\/74A &#8211; t\u00e9rreo<\/p>\n<p><strong>Hor\u00e1rio de atendimento:&nbsp;<\/strong><\/p>\n<p><span style=\"font-size: 16px\">Segunda \u2013 Sexta: 8h \u00e0s 20h<\/span><\/p>\t\t\t\t\t\t<\/div>\n\t\t\t\t<\/div>\n\t\t\t\t\t<\/div>\n\t\t<\/div>\n\t\t\t\t\t<\/div>\n\t\t<\/section>\n\t\t\t\t<\/div>\n\t\t","protected":false},"excerpt":{"rendered":"<p>Licenciatura em Ci\u00eancias Sociais E-mail Coordena\u00e7\u00e3o: coord.csociais.licenciatura@ufsm.br Coordenadora do Curso: PROF. DR. DANIEL ALVES Hor\u00e1rio de atendimento:&nbsp; Ter\u00e7as, das 16h \u00e0s 19h e Quintas, das 19h \u00e0s 21h30. Sala 2210, 2\u00ba andar. ___ Bacharelado em Ci\u00eancias Sociais E-mail Coordena\u00e7\u00e3o: coord.csociais.bacharelado@ufsm.br Coordenador do Curso: PROF. DR. JO\u00c3O GILBERTO DO NASCIMENTO LIMA Hor\u00e1rio de atendimento:&nbsp; Ter\u00e7as, das [&hellip;]<\/p>\n","protected":false},"author":8,"featured_media":0,"parent":0,"menu_order":0,"comment_status":"closed","ping_status":"closed","template":"","meta":{"footnotes":""},"categories":[],"tags":[],"class_list":["post-29","page","type-page","status-publish","hentry"],"acf":[],"_links":{"self":[{"href":"https:\/\/www.ufsm.br\/cursos\/graduacao\/santa-maria\/ciencias-sociais\/wp-json\/wp\/v2\/pages\/29","targetHints":{"allow":["GET"]}}],"collection":[{"href":"https:\/\/www.ufsm.br\/cursos\/graduacao\/santa-maria\/ciencias-sociais\/wp-json\/wp\/v2\/pages"}],"about":[{"href":"https:\/\/www.ufsm.br\/cursos\/graduacao\/santa-maria\/ciencias-sociais\/wp-json\/wp\/v2\/types\/page"}],"author":[{"embeddable":true,"href":"https:\/\/www.ufsm.br\/cursos\/graduacao\/santa-maria\/ciencias-sociais\/wp-json\/wp\/v2\/users\/8"}],"replies":[{"embeddable":true,"href":"https:\/\/www.ufsm.br\/cursos\/graduacao\/santa-maria\/ciencias-sociais\/wp-json\/wp\/v2\/comments?post=29"}],"version-history":[{"count":0,"href":"https:\/\/www.ufsm.br\/cursos\/graduacao\/santa-maria\/ciencias-sociais\/wp-json\/wp\/v2\/pages\/29\/revisions"}],"wp:attachment":[{"href":"https:\/\/www.ufsm.br\/cursos\/graduacao\/santa-maria\/ciencias-sociais\/wp-json\/wp\/v2\/media?parent=29"}],"wp:term":[{"taxonomy":"category","embeddable":true,"href":"https:\/\/www.ufsm.br\/cursos\/graduacao\/santa-maria\/ciencias-sociais\/wp-json\/wp\/v2\/categories?post=29"},{"taxonomy":"post_tag","embeddable":true,"href":"https:\/\/www.ufsm.br\/cursos\/graduacao\/santa-maria\/ciencias-sociais\/wp-json\/wp\/v2\/tags?post=29"}],"curies":[{"name":"wp","href":"https:\/\/api.w.org\/{rel}","templated":true}]}}