{"id":234,"date":"2019-04-03T18:24:49","date_gmt":"2019-04-03T21:24:49","guid":{"rendered":"https:\/\/www.ufsm.br\/cursos-graduacao-santa-maria-danca-bacharelado\/?page_id=234"},"modified":"2019-04-03T18:24:51","modified_gmt":"2019-04-03T21:24:51","slug":"laboratorios-didaticos","status":"publish","type":"page","link":"https:\/\/www.ufsm.br\/cursos\/graduacao\/santa-maria\/danca-bacharelado\/laboratorios-didaticos","title":{"rendered":"LABORAT\u00d3RIOS DID\u00c1TICOS"},"content":{"rendered":"\n<p>\u00a0<\/p>\n<table>\n<tbody>\n<tr>\n<td>\n<p><b>LABORAT\u00d3RIO ESPA\u00c7OCORPO <\/b><\/p>\n<p><b>Profa. Dra. Helo\u00edsa C. Gravina<\/b><\/p>\n<p><b>Sala 3014 &#8211; Pr\u00e9dio 40 C<\/b><\/p>\n<\/td>\n<\/tr>\n<tr>\n<td>\n<p><b>LABORAT\u00d3RIO CORPO\u00c9TICAS<\/b><\/p>\n<p><b>Profa. Dra. Silvia S. Wolff<\/b><\/p>\n<p><b>Sala 3114 &#8211; Pr\u00e9dio 40 C<\/b><\/p>\n<\/td>\n<\/tr>\n<tr>\n<td>\n<p><b>LABORAT\u00d3RIO ESPIRAL<\/b><\/p>\n<p><b>Prof. Mas. Luiz Canoa<\/b><\/p>\n<p><b>Sala 3206 &#8211; Pr\u00e9dio 40 C<\/b><\/p>\n<\/td>\n<\/tr>\n<tr>\n<td>\n<p><b>LAPARC<\/b><\/p>\n<p><b>Profa. Dra. Gisela Biancalana<\/b><\/p>\n<p><b>Sala 3205 &#8211; Pr\u00e9dio 40 C<\/b><\/p>\n<\/td>\n<\/tr>\n<tr>\n<td>\n<p><b>LABORAT\u00d3RIO BPI<\/b><\/p>\n<p><b>Prof. Dr. Fl\u00e1vio Campos<\/b><\/p>\n<p><b>Sala 3013 &#8211; Pr\u00e9dio 40 C<\/b><\/p>\n<\/td>\n<\/tr>\n<tr>\n<td>\n<p><b>LAMED<\/b><\/p>\n<p><b>Profa. Dra. Tatiana Wonsik R J<\/b><\/p>\n<p><b>Sala 3105 &#8211; Pr\u00e9dio 40 C<\/b><\/p>\n<\/td>\n<\/tr>\n<\/tbody>\n<\/table>\n","protected":false},"excerpt":{"rendered":"<p>\u00a0 LABORAT\u00d3RIO ESPA\u00c7OCORPO Profa. Dra. Helo\u00edsa C. Gravina Sala 3014 &#8211; Pr\u00e9dio 40 C LABORAT\u00d3RIO CORPO\u00c9TICAS Profa. Dra. Silvia S. Wolff Sala 3114 &#8211; Pr\u00e9dio 40 C LABORAT\u00d3RIO ESPIRAL Prof. Mas. Luiz Canoa Sala 3206 &#8211; Pr\u00e9dio 40 C LAPARC Profa. Dra. Gisela Biancalana Sala 3205 &#8211; Pr\u00e9dio 40 C LABORAT\u00d3RIO BPI Prof. Dr. Fl\u00e1vio [&hellip;]<\/p>\n","protected":false},"author":118,"featured_media":0,"parent":0,"menu_order":0,"comment_status":"closed","ping_status":"closed","template":"","meta":{"footnotes":""},"categories":[],"tags":[],"class_list":["post-234","page","type-page","status-publish","hentry"],"acf":[],"_links":{"self":[{"href":"https:\/\/www.ufsm.br\/cursos\/graduacao\/santa-maria\/danca-bacharelado\/wp-json\/wp\/v2\/pages\/234","targetHints":{"allow":["GET"]}}],"collection":[{"href":"https:\/\/www.ufsm.br\/cursos\/graduacao\/santa-maria\/danca-bacharelado\/wp-json\/wp\/v2\/pages"}],"about":[{"href":"https:\/\/www.ufsm.br\/cursos\/graduacao\/santa-maria\/danca-bacharelado\/wp-json\/wp\/v2\/types\/page"}],"author":[{"embeddable":true,"href":"https:\/\/www.ufsm.br\/cursos\/graduacao\/santa-maria\/danca-bacharelado\/wp-json\/wp\/v2\/users\/118"}],"replies":[{"embeddable":true,"href":"https:\/\/www.ufsm.br\/cursos\/graduacao\/santa-maria\/danca-bacharelado\/wp-json\/wp\/v2\/comments?post=234"}],"version-history":[{"count":0,"href":"https:\/\/www.ufsm.br\/cursos\/graduacao\/santa-maria\/danca-bacharelado\/wp-json\/wp\/v2\/pages\/234\/revisions"}],"wp:attachment":[{"href":"https:\/\/www.ufsm.br\/cursos\/graduacao\/santa-maria\/danca-bacharelado\/wp-json\/wp\/v2\/media?parent=234"}],"wp:term":[{"taxonomy":"category","embeddable":true,"href":"https:\/\/www.ufsm.br\/cursos\/graduacao\/santa-maria\/danca-bacharelado\/wp-json\/wp\/v2\/categories?post=234"},{"taxonomy":"post_tag","embeddable":true,"href":"https:\/\/www.ufsm.br\/cursos\/graduacao\/santa-maria\/danca-bacharelado\/wp-json\/wp\/v2\/tags?post=234"}],"curies":[{"name":"wp","href":"https:\/\/api.w.org\/{rel}","templated":true}]}}