{"id":263,"date":"2024-07-16T17:01:44","date_gmt":"2024-07-16T20:01:44","guid":{"rendered":"https:\/\/www.ufsm.br\/cursos\/graduacao\/santa-maria\/danca-bacharelado\/?page_id=263"},"modified":"2024-07-16T17:01:46","modified_gmt":"2024-07-16T20:01:46","slug":"orientacoes-para-homologacao-de-ata-de-defesa-de-tcc","status":"publish","type":"page","link":"https:\/\/www.ufsm.br\/cursos\/graduacao\/santa-maria\/danca-bacharelado\/orientacoes-para-homologacao-de-ata-de-defesa-de-tcc","title":{"rendered":"Orienta\u00e7\u00f5es para homologa\u00e7\u00e3o de Ata de defesa de TCC"},"content":{"rendered":"\n\n\n<div data-wp-interactive=\"core\/file\" class=\"wp-block-file\"><object data-wp-bind--hidden=\"!state.hasPdfPreview\" hidden class=\"wp-block-file__embed\" data=\"https:\/\/www.ufsm.br\/app\/uploads\/sites\/872\/2024\/07\/Orientacoes-Homologacao-de-Ata-de-defesa-de-TCC.pdf\" type=\"application\/pdf\" style=\"width:100%;height:600px\" aria-label=\"Incorporado de Orientacoes-Homologacao-de-Ata-de-defesa-de-TCC.\"><\/object><a id=\"wp-block-file--media-e88ecb8d-79c7-43f5-9bad-ed0a802e25aa\" href=\"https:\/\/www.ufsm.br\/app\/uploads\/sites\/872\/2024\/07\/Orientacoes-Homologacao-de-Ata-de-defesa-de-TCC.pdf\">Orientacoes-Homologacao-de-Ata-de-defesa-de-TCC<\/a><a href=\"https:\/\/www.ufsm.br\/app\/uploads\/sites\/872\/2024\/07\/Orientacoes-Homologacao-de-Ata-de-defesa-de-TCC.pdf\" class=\"wp-block-file__button wp-element-button\" download aria-describedby=\"wp-block-file--media-e88ecb8d-79c7-43f5-9bad-ed0a802e25aa\">Baixar<\/a><\/div>\n","protected":false},"excerpt":{"rendered":"","protected":false},"author":484,"featured_media":0,"parent":0,"menu_order":0,"comment_status":"closed","ping_status":"closed","template":"","meta":{"footnotes":""},"categories":[],"tags":[],"class_list":["post-263","page","type-page","status-publish","hentry"],"acf":[],"_links":{"self":[{"href":"https:\/\/www.ufsm.br\/cursos\/graduacao\/santa-maria\/danca-bacharelado\/wp-json\/wp\/v2\/pages\/263","targetHints":{"allow":["GET"]}}],"collection":[{"href":"https:\/\/www.ufsm.br\/cursos\/graduacao\/santa-maria\/danca-bacharelado\/wp-json\/wp\/v2\/pages"}],"about":[{"href":"https:\/\/www.ufsm.br\/cursos\/graduacao\/santa-maria\/danca-bacharelado\/wp-json\/wp\/v2\/types\/page"}],"author":[{"embeddable":true,"href":"https:\/\/www.ufsm.br\/cursos\/graduacao\/santa-maria\/danca-bacharelado\/wp-json\/wp\/v2\/users\/484"}],"replies":[{"embeddable":true,"href":"https:\/\/www.ufsm.br\/cursos\/graduacao\/santa-maria\/danca-bacharelado\/wp-json\/wp\/v2\/comments?post=263"}],"version-history":[{"count":0,"href":"https:\/\/www.ufsm.br\/cursos\/graduacao\/santa-maria\/danca-bacharelado\/wp-json\/wp\/v2\/pages\/263\/revisions"}],"wp:attachment":[{"href":"https:\/\/www.ufsm.br\/cursos\/graduacao\/santa-maria\/danca-bacharelado\/wp-json\/wp\/v2\/media?parent=263"}],"wp:term":[{"taxonomy":"category","embeddable":true,"href":"https:\/\/www.ufsm.br\/cursos\/graduacao\/santa-maria\/danca-bacharelado\/wp-json\/wp\/v2\/categories?post=263"},{"taxonomy":"post_tag","embeddable":true,"href":"https:\/\/www.ufsm.br\/cursos\/graduacao\/santa-maria\/danca-bacharelado\/wp-json\/wp\/v2\/tags?post=263"}],"curies":[{"name":"wp","href":"https:\/\/api.w.org\/{rel}","templated":true}]}}