{"id":29,"date":"2018-01-18T09:10:07","date_gmt":"2018-01-18T11:10:07","guid":{"rendered":"https:\/\/www.ufsm.br\/cursos\/graduacao\/nutricao\/12352\/?page_id=29"},"modified":"2021-07-01T15:18:59","modified_gmt":"2021-07-01T18:18:59","slug":"contato","status":"publish","type":"page","link":"https:\/\/www.ufsm.br\/cursos\/graduacao\/santa-maria\/danca-bacharelado\/contato","title":{"rendered":"Contato"},"content":{"rendered":"<p><strong>Aten\u00e7\u00e3o!<\/strong><\/p>\n<p>Os Cursos de Dan\u00e7a Licenciatura e Dan\u00e7a Bacharelado da UFSM pertencem a Centros de Ensino diferentes.<\/p>\n<p>A Licenciatura pertence ao Centro de Educa\u00e7\u00e3o F\u00edsica e Desportos (CEFD) e o Bacharelado pertence ao Centro de Artes e Letras (CAL).<\/p>\n<p>________________________________________________<\/p>\n<p>A Coordena\u00e7\u00e3o do Curso de Dan\u00e7a Licenciatura fica na Sala 2013, no 2\u00ba andar do CEFD, junto com a Coordena\u00e7\u00e3o dos Cursos de Educa\u00e7\u00e3o F\u00edsica.<\/p>\n<p>Telefone:\u00a0(55) 3220-8315 (Coordena\u00e7\u00e3o) \/<\/p>\n<p>(55) 3220-8883 (Sala dos Professores de Dan\u00e7a)<\/p>\n<p>Email:\u00a0<a href=\"mailto:dancalicenciatura@ufsm.br\">dancalicenciatura@ufsm.br<\/a><\/p>\n<p>________________________________________________<\/p>\n<p>J\u00e1 a Coordena\u00e7\u00e3o do Curso de Dan\u00e7a Bacharelado fica na sala 1217 do Pr\u00e9dio 40 &#8211; Centro de Artes e Letras. O Curso funciona &#8211; ensino, pesquisa e extens\u00e3o &#8211; no pr\u00e9dio 40C (espa\u00e7o pr\u00f3prio).<\/p>\n<p>Telefone: (55) 3220-6122 (Secretaria e Coordena\u00e7\u00e3o)<\/p>\n<p>E-mail: cdanca.ufsm@gmail.com (Secretaria) e coord.dab@ufsm.br (Coordena\u00e7\u00e3o)<\/p>\n\n","protected":false},"excerpt":{"rendered":"<p>Aten\u00e7\u00e3o! Os Cursos de Dan\u00e7a Licenciatura e Dan\u00e7a Bacharelado da UFSM pertencem a Centros de Ensino diferentes. A Licenciatura pertence ao Centro de Educa\u00e7\u00e3o F\u00edsica e Desportos (CEFD) e o Bacharelado pertence ao Centro de Artes e Letras (CAL). ________________________________________________ A Coordena\u00e7\u00e3o do Curso de Dan\u00e7a Licenciatura fica na Sala 2013, no 2\u00ba andar do [&hellip;]<\/p>\n","protected":false},"author":8,"featured_media":0,"parent":0,"menu_order":0,"comment_status":"closed","ping_status":"closed","template":"","meta":{"footnotes":""},"categories":[],"tags":[],"class_list":["post-29","page","type-page","status-publish","hentry"],"acf":[],"_links":{"self":[{"href":"https:\/\/www.ufsm.br\/cursos\/graduacao\/santa-maria\/danca-bacharelado\/wp-json\/wp\/v2\/pages\/29","targetHints":{"allow":["GET"]}}],"collection":[{"href":"https:\/\/www.ufsm.br\/cursos\/graduacao\/santa-maria\/danca-bacharelado\/wp-json\/wp\/v2\/pages"}],"about":[{"href":"https:\/\/www.ufsm.br\/cursos\/graduacao\/santa-maria\/danca-bacharelado\/wp-json\/wp\/v2\/types\/page"}],"author":[{"embeddable":true,"href":"https:\/\/www.ufsm.br\/cursos\/graduacao\/santa-maria\/danca-bacharelado\/wp-json\/wp\/v2\/users\/8"}],"replies":[{"embeddable":true,"href":"https:\/\/www.ufsm.br\/cursos\/graduacao\/santa-maria\/danca-bacharelado\/wp-json\/wp\/v2\/comments?post=29"}],"version-history":[{"count":0,"href":"https:\/\/www.ufsm.br\/cursos\/graduacao\/santa-maria\/danca-bacharelado\/wp-json\/wp\/v2\/pages\/29\/revisions"}],"wp:attachment":[{"href":"https:\/\/www.ufsm.br\/cursos\/graduacao\/santa-maria\/danca-bacharelado\/wp-json\/wp\/v2\/media?parent=29"}],"wp:term":[{"taxonomy":"category","embeddable":true,"href":"https:\/\/www.ufsm.br\/cursos\/graduacao\/santa-maria\/danca-bacharelado\/wp-json\/wp\/v2\/categories?post=29"},{"taxonomy":"post_tag","embeddable":true,"href":"https:\/\/www.ufsm.br\/cursos\/graduacao\/santa-maria\/danca-bacharelado\/wp-json\/wp\/v2\/tags?post=29"}],"curies":[{"name":"wp","href":"https:\/\/api.w.org\/{rel}","templated":true}]}}