{"id":161,"date":"2018-12-04T11:13:56","date_gmt":"2018-12-04T13:13:56","guid":{"rendered":"https:\/\/www.ufsm.br\/cursos-graduacao-santa-maria-danca-licenciatura\/?page_id=161"},"modified":"2018-12-04T11:13:56","modified_gmt":"2018-12-04T13:13:56","slug":"tcc","status":"publish","type":"page","link":"https:\/\/www.ufsm.br\/cursos\/graduacao\/santa-maria\/danca-licenciatura\/tcc","title":{"rendered":"TCC"},"content":{"rendered":"<p>O processo de desenvolvimento do Trabalho de Conclus\u00e3o de Curso inicia no 6\u00ba semestre com os estudos e conte\u00fados da disciplina de Pesquisa em Dan\u00e7a I onde os alunos s\u00e3o orientados a desenvolver seu pr\u00e9-projeto de pesquisa.<\/p>\n<p>As disciplinas did\u00e1ticas e pedag\u00f3gicas, as art\u00edsticas, t\u00e9cnicas e criativas, as hist\u00f3ricas e socioculturais e as disciplinas relativas aos estudos do corpo servem de base para o desenvolvimento do pr\u00e9-projeto de pesquisa art\u00edstico-educacional, auxiliando o aluno na investiga\u00e7\u00e3o, planejamento e recorte da sua quest\u00e3o\/problema\/objeto de estudo.<\/p>\n<p>No 7\u00ba semestre, na disciplina de Pesquisa em Dan\u00e7a II, os alunos elaboram seu projeto de pesquisa e indicam poss\u00edveis orientadores que ser\u00e3o aprovados pela Comiss\u00e3o de TCC e pelo Colegiado do Curso.<\/p>\n<p>No 8\u00ba semestre, j\u00e1 com seus devidos orientadores e dentro do componente curricular Semin\u00e1rio de TCC, os alunos desenvolvem o Trabalho de Conclus\u00e3o de Curso em Dan\u00e7a a fim de aprofundar a pesquisa proposta com vistas \u00e0 autonomia criativa no campo profissional.<\/p>\n<p>O TCC poder\u00e1 ser realizado e apresentado em forma de produ\u00e7\u00e3o art\u00edstica, acompanhada de fundamenta\u00e7\u00e3o te\u00f3rica e metodol\u00f3gica respectivas. Na sess\u00e3o de apresenta\u00e7\u00e3o do TCC, os alunos realizam a defesa p\u00fablica, apresentando seus trabalhos para uma banca composta pelo seu orientador e mais dois professores, do curso de Dan\u00e7a \u2013 Licenciatura ou de Cursos afins, que avaliam o resultado art\u00edstico e o relat\u00f3rio reflexivo que poder\u00e1 ser no formato de artigo ou monografia, de acordo com as normas dispostas no Manual de Disserta\u00e7\u00e3o e Teses da UFSM: estrutura e apresenta\u00e7\u00e3o.<\/p>\n","protected":false},"excerpt":{"rendered":"<p>O processo de desenvolvimento do Trabalho de Conclus\u00e3o de Curso inicia no 6\u00ba semestre com os estudos e conte\u00fados da disciplina de Pesquisa em Dan\u00e7a I onde os alunos s\u00e3o orientados a desenvolver seu pr\u00e9-projeto de pesquisa. As disciplinas did\u00e1ticas e pedag\u00f3gicas, as art\u00edsticas, t\u00e9cnicas e criativas, as hist\u00f3ricas e socioculturais e as disciplinas relativas [&hellip;]<\/p>\n","protected":false},"author":115,"featured_media":0,"parent":0,"menu_order":0,"comment_status":"closed","ping_status":"closed","template":"","meta":{"footnotes":""},"categories":[],"tags":[],"class_list":["post-161","page","type-page","status-publish","hentry"],"acf":[],"_links":{"self":[{"href":"https:\/\/www.ufsm.br\/cursos\/graduacao\/santa-maria\/danca-licenciatura\/wp-json\/wp\/v2\/pages\/161","targetHints":{"allow":["GET"]}}],"collection":[{"href":"https:\/\/www.ufsm.br\/cursos\/graduacao\/santa-maria\/danca-licenciatura\/wp-json\/wp\/v2\/pages"}],"about":[{"href":"https:\/\/www.ufsm.br\/cursos\/graduacao\/santa-maria\/danca-licenciatura\/wp-json\/wp\/v2\/types\/page"}],"author":[{"embeddable":true,"href":"https:\/\/www.ufsm.br\/cursos\/graduacao\/santa-maria\/danca-licenciatura\/wp-json\/wp\/v2\/users\/115"}],"replies":[{"embeddable":true,"href":"https:\/\/www.ufsm.br\/cursos\/graduacao\/santa-maria\/danca-licenciatura\/wp-json\/wp\/v2\/comments?post=161"}],"version-history":[{"count":0,"href":"https:\/\/www.ufsm.br\/cursos\/graduacao\/santa-maria\/danca-licenciatura\/wp-json\/wp\/v2\/pages\/161\/revisions"}],"wp:attachment":[{"href":"https:\/\/www.ufsm.br\/cursos\/graduacao\/santa-maria\/danca-licenciatura\/wp-json\/wp\/v2\/media?parent=161"}],"wp:term":[{"taxonomy":"category","embeddable":true,"href":"https:\/\/www.ufsm.br\/cursos\/graduacao\/santa-maria\/danca-licenciatura\/wp-json\/wp\/v2\/categories?post=161"},{"taxonomy":"post_tag","embeddable":true,"href":"https:\/\/www.ufsm.br\/cursos\/graduacao\/santa-maria\/danca-licenciatura\/wp-json\/wp\/v2\/tags?post=161"}],"curies":[{"name":"wp","href":"https:\/\/api.w.org\/{rel}","templated":true}]}}