{"id":173,"date":"2018-12-04T11:23:59","date_gmt":"2018-12-04T13:23:59","guid":{"rendered":"https:\/\/www.ufsm.br\/cursos-graduacao-santa-maria-danca-licenciatura\/?page_id=173"},"modified":"2018-12-04T11:24:00","modified_gmt":"2018-12-04T13:24:00","slug":"liccda","status":"publish","type":"page","link":"https:\/\/www.ufsm.br\/cursos\/graduacao\/santa-maria\/danca-licenciatura\/liccda","title":{"rendered":"LICCDA"},"content":{"rendered":"<p><img fetchpriority=\"high\" decoding=\"async\" class=\"alignleft size-medium wp-image-174\" src=\"https:\/\/www.ufsm.br\/cursos-graduacao-santa-maria-danca-licenciatura\/wp-content\/uploads\/sites\/461\/2018\/12\/liccda_cor-300x212.jpg\" alt=\"\" width=\"300\" height=\"212\" srcset=\"https:\/\/www.ufsm.br\/app\/uploads\/sites\/871\/2018\/12\/liccda_cor-300x212.jpg 300w, https:\/\/www.ufsm.br\/app\/uploads\/sites\/871\/2018\/12\/liccda_cor-768x543.jpg 768w, https:\/\/www.ufsm.br\/app\/uploads\/sites\/871\/2018\/12\/liccda_cor-1024x724.jpg 1024w, https:\/\/www.ufsm.br\/app\/uploads\/sites\/871\/2018\/12\/liccda_cor.jpg 1920w\" sizes=\"(max-width: 300px) 100vw, 300px\" \/><\/p>\n<p>&nbsp;<\/p>\n<p>&nbsp;<\/p>\n<p>&nbsp;<\/p>\n<p>&nbsp;<\/p>\n<p>&nbsp;<\/p>\n<p>&nbsp;<\/p>\n<h4>Laborat\u00f3rio:<\/h4>\n<p>O LICCDA \u2013 Laborat\u00f3rio Investigativo de Cria\u00e7\u00f5es Contempor\u00e2neas em Dan\u00e7a surgiu em 2014 e dedica-se a processos de pesquisa e cria\u00e7\u00e3o de dan\u00e7a baseados nas experi\u00eancias dos dan\u00e7arinos e na rela\u00e7\u00e3o corpo-imagem, conforme as proposi\u00e7\u00f5es da Dan\u00e7a Contempop (BERT\u00c9, 2015).<\/p>\n<p>Entre os processos e produ\u00e7\u00f5es do LICCDA est\u00e3o os trabalhos de dan\u00e7a inspirados na vida e obras da pintora Mexicana Frida Kahlo (1907-1954). Desse processo criativo e investigativo foram produzidos a Interven\u00e7\u00e3o art\u00edstica \u201cMe Kahlo\u201d (2015) e o Espet\u00e1culo de Dan\u00e7a \u201cMe Kahlo&#8230; Sashay Away\u201d (2015) e a Interven\u00e7\u00e3o de Dan\u00e7a \u201cFeridaCalo\u201d (2016). Entre os projetos de pesquisa e extens\u00e3o realizados pelo LICCDA est\u00e3o: Interkahlos Art\u00edsticos Brasil \/ M\u00e9xico (2016), Corpo-Imagem (2016), Dancing Queer (2016), Dan\u00e7ando Experi\u00eancias (2016), Dan\u00e7a e pedagogias Culturais (2015), Corpom\u00eddia (2015), Contempop (2014).<\/p>\n<p>Veja\u00a0<a href=\"https:\/\/www.youtube.com\/watch?v=NwY4q-M08OM&amp;t=11s\" target=\"_blank\" rel=\"noopener\">aqui<\/a>\u00a0o document\u00e1rio curta metragem Especial Interkahlos.<\/p>\n<p>&nbsp;<\/p>\n<h4>Coordena\u00e7\u00e3o do Laborat\u00f3rio:<\/h4>\n<p>Prof. Dr. e Core\u00f3grafo Odailso Bert\u00e9<\/p>\n","protected":false},"excerpt":{"rendered":"<p>&nbsp; &nbsp; &nbsp; &nbsp; &nbsp; &nbsp; Laborat\u00f3rio: O LICCDA \u2013 Laborat\u00f3rio Investigativo de Cria\u00e7\u00f5es Contempor\u00e2neas em Dan\u00e7a surgiu em 2014 e dedica-se a processos de pesquisa e cria\u00e7\u00e3o de dan\u00e7a baseados nas experi\u00eancias dos dan\u00e7arinos e na rela\u00e7\u00e3o corpo-imagem, conforme as proposi\u00e7\u00f5es da Dan\u00e7a Contempop (BERT\u00c9, 2015). Entre os processos e produ\u00e7\u00f5es do LICCDA est\u00e3o [&hellip;]<\/p>\n","protected":false},"author":115,"featured_media":0,"parent":0,"menu_order":0,"comment_status":"closed","ping_status":"closed","template":"","meta":{"footnotes":""},"categories":[],"tags":[],"class_list":["post-173","page","type-page","status-publish","hentry"],"acf":[],"_links":{"self":[{"href":"https:\/\/www.ufsm.br\/cursos\/graduacao\/santa-maria\/danca-licenciatura\/wp-json\/wp\/v2\/pages\/173","targetHints":{"allow":["GET"]}}],"collection":[{"href":"https:\/\/www.ufsm.br\/cursos\/graduacao\/santa-maria\/danca-licenciatura\/wp-json\/wp\/v2\/pages"}],"about":[{"href":"https:\/\/www.ufsm.br\/cursos\/graduacao\/santa-maria\/danca-licenciatura\/wp-json\/wp\/v2\/types\/page"}],"author":[{"embeddable":true,"href":"https:\/\/www.ufsm.br\/cursos\/graduacao\/santa-maria\/danca-licenciatura\/wp-json\/wp\/v2\/users\/115"}],"replies":[{"embeddable":true,"href":"https:\/\/www.ufsm.br\/cursos\/graduacao\/santa-maria\/danca-licenciatura\/wp-json\/wp\/v2\/comments?post=173"}],"version-history":[{"count":0,"href":"https:\/\/www.ufsm.br\/cursos\/graduacao\/santa-maria\/danca-licenciatura\/wp-json\/wp\/v2\/pages\/173\/revisions"}],"wp:attachment":[{"href":"https:\/\/www.ufsm.br\/cursos\/graduacao\/santa-maria\/danca-licenciatura\/wp-json\/wp\/v2\/media?parent=173"}],"wp:term":[{"taxonomy":"category","embeddable":true,"href":"https:\/\/www.ufsm.br\/cursos\/graduacao\/santa-maria\/danca-licenciatura\/wp-json\/wp\/v2\/categories?post=173"},{"taxonomy":"post_tag","embeddable":true,"href":"https:\/\/www.ufsm.br\/cursos\/graduacao\/santa-maria\/danca-licenciatura\/wp-json\/wp\/v2\/tags?post=173"}],"curies":[{"name":"wp","href":"https:\/\/api.w.org\/{rel}","templated":true}]}}