{"id":194,"date":"2018-12-04T12:48:33","date_gmt":"2018-12-04T14:48:33","guid":{"rendered":"https:\/\/www.ufsm.br\/cursos-graduacao-santa-maria-danca-licenciatura\/?page_id=194"},"modified":"2018-12-04T12:58:40","modified_gmt":"2018-12-04T14:58:40","slug":"lista-de-documentos-e-arquivos","status":"publish","type":"page","link":"https:\/\/www.ufsm.br\/cursos\/graduacao\/santa-maria\/danca-licenciatura\/lista-de-documentos-e-arquivos","title":{"rendered":"Lista de documentos e arquivos"},"content":{"rendered":"\t\t<div data-elementor-type=\"wp-post\" data-elementor-id=\"194\" class=\"elementor elementor-194 elementor-bc-flex-widget\">\n\t\t\t\t\t\t<section class=\"elementor-section elementor-top-section elementor-element elementor-element-733f78c elementor-section-boxed elementor-section-height-default elementor-section-height-default\" data-id=\"733f78c\" data-element_type=\"section\">\n\t\t\t\t\t\t<div class=\"elementor-container elementor-column-gap-default\">\n\t\t\t\t\t<div class=\"elementor-column elementor-col-100 elementor-top-column elementor-element elementor-element-d170311\" data-id=\"d170311\" data-element_type=\"column\">\n\t\t\t<div class=\"elementor-widget-wrap elementor-element-populated\">\n\t\t\t\t\t\t<div class=\"elementor-element elementor-element-479e033 elementor-widget elementor-widget-text-editor\" data-id=\"479e033\" data-element_type=\"widget\" data-widget_type=\"text-editor.default\">\n\t\t\t\t<div class=\"elementor-widget-container\">\n\t\t\t\t\t\t\t<p>\u00a0 <a href=\"https:\/\/www.ufsm.br\/cursos\/graduacao\/santa-maria\/danca\/wp-content\/uploads\/sites\/461\/2018\/12\/RESOLUCAO_N_007-2000.pdf\">Resolu\u00e7\u00e3o 007\/2000<\/a>\u00a0\u2013 Monitoria Volunt\u00e1ria<\/p><p>\u00a0 <a href=\"https:\/\/www.ufsm.br\/cursos\/graduacao\/santa-maria\/danca\/wp-content\/uploads\/sites\/461\/2018\/12\/RESOLUCAO-N-001-2011.pdf\">Resolu\u00e7\u00e3o 001\/2011\u00a0<\/a>\u2013 Normatiza\u00e7\u00e3o da cerim\u00f4nia de formaturas<\/p><p>\u00a0 <a href=\"https:\/\/www.ufsm.br\/cursos\/graduacao\/santa-maria\/danca\/wp-content\/uploads\/sites\/461\/2018\/12\/RESOLUCAO-N-011-2003.pdf\">Resolu\u00e7\u00e3o 011\/2003<\/a>\u00a0\u2013 Aproveitamento de Conte\u00fados<\/p><p>\u00a0 <a href=\"https:\/\/www.ufsm.br\/cursos\/graduacao\/santa-maria\/danca\/wp-content\/uploads\/sites\/461\/2018\/12\/RESOLUCAO-N-032-2015.pdf\">Resolu\u00e7\u00e3o 032\/2015 <\/a>Regime Especial de Avalia\u00e7\u00e3o (antiga Resolu\u00e7\u00e3o 005\/95)<\/p>\t\t\t\t\t\t<\/div>\n\t\t\t\t<\/div>\n\t\t\t\t\t<\/div>\n\t\t<\/div>\n\t\t\t\t\t<\/div>\n\t\t<\/section>\n\t\t\t\t<section class=\"elementor-section elementor-top-section elementor-element elementor-element-0392f2c elementor-section-boxed elementor-section-height-default elementor-section-height-default\" data-id=\"0392f2c\" data-element_type=\"section\">\n\t\t\t\t\t\t<div class=\"elementor-container elementor-column-gap-default\">\n\t\t\t\t\t<div class=\"elementor-column elementor-col-100 elementor-top-column elementor-element elementor-element-a9397e2\" data-id=\"a9397e2\" data-element_type=\"column\">\n\t\t\t<div class=\"elementor-widget-wrap elementor-element-populated\">\n\t\t\t\t\t\t<div class=\"elementor-element elementor-element-93393b6 elementor-widget elementor-widget-heading\" data-id=\"93393b6\" data-element_type=\"widget\" data-widget_type=\"heading.default\">\n\t\t\t\t<div class=\"elementor-widget-container\">\n\t\t\t<h5 class=\"elementor-heading-title elementor-size-default\">Formul\u00e1rio\/Requerimentos<\/h5>\t\t<\/div>\n\t\t\t\t<\/div>\n\t\t\t\t<div class=\"elementor-element elementor-element-4ae3d67 elementor-widget elementor-widget-text-editor\" data-id=\"4ae3d67\" data-element_type=\"widget\" data-widget_type=\"text-editor.default\">\n\t\t\t\t<div class=\"elementor-widget-container\">\n\t\t\t\t\t\t\t<p><a href=\"https:\/\/www.ufsm.br\/cursos\/graduacao\/santa-maria\/danca\/wp-content\/uploads\/sites\/461\/2018\/12\/Atestado_de_frequencia-danca-lic.doc\">Atestado de Frequ\u00eancia<\/a><\/p><p><a href=\"https:\/\/www.ufsm.br\/cursos\/graduacao\/santa-maria\/danca\/wp-content\/uploads\/sites\/461\/2018\/12\/RELATORIO-MONITORIA-VOLUNTARIA-DANCA.doc\">Relat\u00f3rio de atividades monitoria volunt\u00e1ria<\/a><\/p><p><a href=\"https:\/\/www.ufsm.br\/cursos\/graduacao\/santa-maria\/danca\/wp-content\/uploads\/sites\/461\/2018\/12\/requerimento-dispensa-aproveitamento-de-disciplinas.pdf\">Requerimento Aproveitamento de Disciplinas<\/a><\/p><p><a href=\"https:\/\/www.ufsm.br\/cursos\/graduacao\/santa-maria\/danca\/wp-content\/uploads\/sites\/461\/2018\/12\/ACGs_DANCA_LICENCIATURA_TABELA_OFICIAL_2016.doc\">Requerimento de ACG&#8217;s<\/a><\/p>\t\t\t\t\t\t<\/div>\n\t\t\t\t<\/div>\n\t\t\t\t\t<\/div>\n\t\t<\/div>\n\t\t\t\t\t<\/div>\n\t\t<\/section>\n\t\t\t\t<\/div>\n\t\t","protected":false},"excerpt":{"rendered":"<p>\u00a0 Resolu\u00e7\u00e3o 007\/2000\u00a0\u2013 Monitoria Volunt\u00e1ria \u00a0 Resolu\u00e7\u00e3o 001\/2011\u00a0\u2013 Normatiza\u00e7\u00e3o da cerim\u00f4nia de formaturas \u00a0 Resolu\u00e7\u00e3o 011\/2003\u00a0\u2013 Aproveitamento de Conte\u00fados \u00a0 Resolu\u00e7\u00e3o 032\/2015 Regime Especial de Avalia\u00e7\u00e3o (antiga Resolu\u00e7\u00e3o 005\/95) Formul\u00e1rio\/Requerimentos Atestado de Frequ\u00eancia Relat\u00f3rio de atividades monitoria volunt\u00e1ria Requerimento Aproveitamento de Disciplinas Requerimento de ACG&#8217;s<\/p>\n","protected":false},"author":115,"featured_media":0,"parent":0,"menu_order":0,"comment_status":"closed","ping_status":"closed","template":"","meta":{"footnotes":""},"categories":[],"tags":[],"class_list":["post-194","page","type-page","status-publish","hentry"],"acf":[],"_links":{"self":[{"href":"https:\/\/www.ufsm.br\/cursos\/graduacao\/santa-maria\/danca-licenciatura\/wp-json\/wp\/v2\/pages\/194","targetHints":{"allow":["GET"]}}],"collection":[{"href":"https:\/\/www.ufsm.br\/cursos\/graduacao\/santa-maria\/danca-licenciatura\/wp-json\/wp\/v2\/pages"}],"about":[{"href":"https:\/\/www.ufsm.br\/cursos\/graduacao\/santa-maria\/danca-licenciatura\/wp-json\/wp\/v2\/types\/page"}],"author":[{"embeddable":true,"href":"https:\/\/www.ufsm.br\/cursos\/graduacao\/santa-maria\/danca-licenciatura\/wp-json\/wp\/v2\/users\/115"}],"replies":[{"embeddable":true,"href":"https:\/\/www.ufsm.br\/cursos\/graduacao\/santa-maria\/danca-licenciatura\/wp-json\/wp\/v2\/comments?post=194"}],"version-history":[{"count":0,"href":"https:\/\/www.ufsm.br\/cursos\/graduacao\/santa-maria\/danca-licenciatura\/wp-json\/wp\/v2\/pages\/194\/revisions"}],"wp:attachment":[{"href":"https:\/\/www.ufsm.br\/cursos\/graduacao\/santa-maria\/danca-licenciatura\/wp-json\/wp\/v2\/media?parent=194"}],"wp:term":[{"taxonomy":"category","embeddable":true,"href":"https:\/\/www.ufsm.br\/cursos\/graduacao\/santa-maria\/danca-licenciatura\/wp-json\/wp\/v2\/categories?post=194"},{"taxonomy":"post_tag","embeddable":true,"href":"https:\/\/www.ufsm.br\/cursos\/graduacao\/santa-maria\/danca-licenciatura\/wp-json\/wp\/v2\/tags?post=194"}],"curies":[{"name":"wp","href":"https:\/\/api.w.org\/{rel}","templated":true}]}}