{"id":206,"date":"2018-12-13T15:54:16","date_gmt":"2018-12-13T17:54:16","guid":{"rendered":"https:\/\/www.ufsm.br\/cursos-graduacao-santa-maria-danca-licenciatura\/?page_id=206"},"modified":"2018-12-13T15:54:16","modified_gmt":"2018-12-13T17:54:16","slug":"historico-do-curso","status":"publish","type":"page","link":"https:\/\/www.ufsm.br\/cursos\/graduacao\/santa-maria\/danca-licenciatura\/historico-do-curso","title":{"rendered":"Hist\u00f3rico do Curso"},"content":{"rendered":"<h4><span class=\"StrongEmphasis\">Cria\u00e7\u00e3o do Curso de Dan\u00e7a Licenciatura no Centro de Educa\u00e7\u00e3o F\u00edsica e Desportos:<\/span><\/h4>\n<p>No ano 2012, o Centro de Educa\u00e7\u00e3o F\u00edsica e Desportos reconhecido como hist\u00f3rico defensor da forma\u00e7\u00e3o ampliada, opta por criar esta nova licenciatura enfocando o fen\u00f4meno da Dan\u00e7a, atendendo a uma forte demanda social, enraizada na cultura da Regi\u00e3o Sul e compreendendo a importante contribui\u00e7\u00e3o deste elemento da cultura para a forma\u00e7\u00e3o humana. Constr\u00f3i esta iniciativa procurando assegurar uma forma\u00e7\u00e3o acad\u00eamico-profissional que mantenha a coes\u00e3o e articula\u00e7\u00e3o com os princ\u00edpios gerais do Ensino, Pesquisa e Extens\u00e3o que caracterizam e qualificam as Universidades que comp\u00f5e o Sistema Federal de Ensino Superior.<\/p>\n<p>O Centro de Educa\u00e7\u00e3o F\u00edsica e Desportos, em parceria com o Centro de Artes e Letras, atendendo ao forte crescimento e as transforma\u00e7\u00f5es sociais, prop\u00f5e a cria\u00e7\u00e3o pioneira de um Curso que atender\u00e1 uma demanda importante: a forma\u00e7\u00e3o universit\u00e1ria de professores de Dan\u00e7a comprometidos com uma educa\u00e7\u00e3o solid\u00e1ria, criativa, cr\u00edtica e transformadora. Profissionais qualificados para atuar no espa\u00e7o escolar que se amplia significativamente, tanto do ponto de vista quantitativo como qualitativo, especialmente p\u00fablico, como resposta a um direito social inalien\u00e1vel.<\/p>\n<p>Estes professores atuariam em ambientes educacionais diversos dos quais a escola \u00e9 o mais significativo, mas que tamb\u00e9m se caracterizam pelo espa\u00e7o da educa\u00e7\u00e3o infantil, das classes hospitalares, da educa\u00e7\u00e3o de jovens e adultos, enfim, outros espa\u00e7os n\u00e3o escolares, nos quais ocorre e se garante o direito legal de acesso \u00e0 educa\u00e7\u00e3o b\u00e1sica.<\/p>\n<p>Estes ambientes n\u00e3o formais constituem-se como uma possibilidade crescente de inser\u00e7\u00e3o profissional, onde a arte mostra-se como uma necessidade para uma forma\u00e7\u00e3o humana que busque superar um contexto social que, cada vez mais, torna-se adverso, utilitarista, mec\u00e2nico e fragmentado.<\/p>\n<p>Para a estrutura\u00e7\u00e3o do Curr\u00edculo prop\u00f5e-se um n\u00facleo b\u00e1sico comum para o Bacharelado e para a Licenciatura onde, os alunos cursem conjuntamente. Paralelamente, os alunos de cada modalidade cursam as disciplinas espec\u00edficas sendo as do Bacharelado oferecidas, prioritariamente, pelo Centro de Artes e Letras e as da Licenciatura, prioritariamente, oferecidas pelo Centro de Educa\u00e7\u00e3o F\u00edsica e Desportos.<\/p>\n<p>Os primeiros alunos\u00a0do Curso de Dan\u00e7a Licenciatura ingressaram em mar\u00e7o de 2013. E no dia 07 de janeiro de 2017, o Curso realizou a solenidade de formatura de sua primeira turma.<\/p>\n","protected":false},"excerpt":{"rendered":"<p>Cria\u00e7\u00e3o do Curso de Dan\u00e7a Licenciatura no Centro de Educa\u00e7\u00e3o F\u00edsica e Desportos: No ano 2012, o Centro de Educa\u00e7\u00e3o F\u00edsica e Desportos reconhecido como hist\u00f3rico defensor da forma\u00e7\u00e3o ampliada, opta por criar esta nova licenciatura enfocando o fen\u00f4meno da Dan\u00e7a, atendendo a uma forte demanda social, enraizada na cultura da Regi\u00e3o Sul e compreendendo [&hellip;]<\/p>\n","protected":false},"author":194,"featured_media":0,"parent":0,"menu_order":0,"comment_status":"closed","ping_status":"closed","template":"","meta":{"footnotes":""},"categories":[],"tags":[],"class_list":["post-206","page","type-page","status-publish","hentry"],"acf":[],"_links":{"self":[{"href":"https:\/\/www.ufsm.br\/cursos\/graduacao\/santa-maria\/danca-licenciatura\/wp-json\/wp\/v2\/pages\/206","targetHints":{"allow":["GET"]}}],"collection":[{"href":"https:\/\/www.ufsm.br\/cursos\/graduacao\/santa-maria\/danca-licenciatura\/wp-json\/wp\/v2\/pages"}],"about":[{"href":"https:\/\/www.ufsm.br\/cursos\/graduacao\/santa-maria\/danca-licenciatura\/wp-json\/wp\/v2\/types\/page"}],"author":[{"embeddable":true,"href":"https:\/\/www.ufsm.br\/cursos\/graduacao\/santa-maria\/danca-licenciatura\/wp-json\/wp\/v2\/users\/194"}],"replies":[{"embeddable":true,"href":"https:\/\/www.ufsm.br\/cursos\/graduacao\/santa-maria\/danca-licenciatura\/wp-json\/wp\/v2\/comments?post=206"}],"version-history":[{"count":0,"href":"https:\/\/www.ufsm.br\/cursos\/graduacao\/santa-maria\/danca-licenciatura\/wp-json\/wp\/v2\/pages\/206\/revisions"}],"wp:attachment":[{"href":"https:\/\/www.ufsm.br\/cursos\/graduacao\/santa-maria\/danca-licenciatura\/wp-json\/wp\/v2\/media?parent=206"}],"wp:term":[{"taxonomy":"category","embeddable":true,"href":"https:\/\/www.ufsm.br\/cursos\/graduacao\/santa-maria\/danca-licenciatura\/wp-json\/wp\/v2\/categories?post=206"},{"taxonomy":"post_tag","embeddable":true,"href":"https:\/\/www.ufsm.br\/cursos\/graduacao\/santa-maria\/danca-licenciatura\/wp-json\/wp\/v2\/tags?post=206"}],"curies":[{"name":"wp","href":"https:\/\/api.w.org\/{rel}","templated":true}]}}