{"id":207,"date":"2018-12-13T15:55:37","date_gmt":"2018-12-13T17:55:37","guid":{"rendered":"https:\/\/www.ufsm.br\/cursos-graduacao-santa-maria-danca-licenciatura\/?page_id=207"},"modified":"2018-12-13T15:55:38","modified_gmt":"2018-12-13T17:55:38","slug":"colegiado","status":"publish","type":"page","link":"https:\/\/www.ufsm.br\/cursos\/graduacao\/santa-maria\/danca-licenciatura\/colegiado","title":{"rendered":"Colegiado"},"content":{"rendered":"<h4><strong>Membros do Colegiado do Curso de Dan\u00e7a-Licenciatura do Centro de Educa\u00e7\u00e3o F\u00edsica e Desportos da UFSM<\/strong><\/h4>\n<ul>\n<li>Prof\u00aa. Carlise Scalamato Duarte (Coordenadora) &#8211;\u00a0PRESIDENTA<\/li>\n<li>Prof\u00aa Neila Cristina Baldi (coordenadora substituta) &#8211;\u00a0VICE-PRESIDENTA<\/li>\n<li>Prof\u00aa. M\u00f4nica Correa de Borba Barboza (Representante Docente &#8211; Titular)<\/li>\n<li>Prof. Gustavo de Oliveira Duarte (Representante Docente &#8211; Titular)<\/li>\n<li>Prof\u00aa.\u00a0S\u00edlvia Susana Wolf\u00a0(Representante Departamento DAB &#8211; Titular)<\/li>\n<li>Prof. Fl\u00e1vio Campos (Representante Departamento DAB &#8211; Suplente)<\/li>\n<li>Prof\u00aa. Mara Rubia Alves da Silva (Representante Departamento DDI\/CEFD)<\/li>\n<li>Prof\u00aa.\u00a0Roseane Martins Coelho\u00a0(Representante Departamento MEN\/CE &#8211; Titular)<\/li>\n<li>Prof\u00aa M\u00e1rcia Feij\u00f3 ( Representante profissional da \u00e1rea)<\/li>\n<li>Acad.\u00a0Djenifer Geske Nascimento\u00a0(Representante Discente \u2013 Titular)<\/li>\n<li>Acad. Oneide Alessandro Silva dos Santos (Representante Discente \u2013 Suplente)<\/li>\n<\/ul>\n<p>&nbsp;<\/p>\n<p>&nbsp;<\/p>\n<p>*Portaria v\u00e1lida pelo per\u00edodo de dois anos.<\/p>\n","protected":false},"excerpt":{"rendered":"<p>Membros do Colegiado do Curso de Dan\u00e7a-Licenciatura do Centro de Educa\u00e7\u00e3o F\u00edsica e Desportos da UFSM Prof\u00aa. Carlise Scalamato Duarte (Coordenadora) &#8211;\u00a0PRESIDENTA Prof\u00aa Neila Cristina Baldi (coordenadora substituta) &#8211;\u00a0VICE-PRESIDENTA Prof\u00aa. M\u00f4nica Correa de Borba Barboza (Representante Docente &#8211; Titular) Prof. Gustavo de Oliveira Duarte (Representante Docente &#8211; Titular) Prof\u00aa.\u00a0S\u00edlvia Susana Wolf\u00a0(Representante Departamento DAB &#8211; Titular) [&hellip;]<\/p>\n","protected":false},"author":194,"featured_media":0,"parent":0,"menu_order":0,"comment_status":"closed","ping_status":"closed","template":"","meta":{"footnotes":""},"categories":[],"tags":[],"class_list":["post-207","page","type-page","status-publish","hentry"],"acf":[],"_links":{"self":[{"href":"https:\/\/www.ufsm.br\/cursos\/graduacao\/santa-maria\/danca-licenciatura\/wp-json\/wp\/v2\/pages\/207","targetHints":{"allow":["GET"]}}],"collection":[{"href":"https:\/\/www.ufsm.br\/cursos\/graduacao\/santa-maria\/danca-licenciatura\/wp-json\/wp\/v2\/pages"}],"about":[{"href":"https:\/\/www.ufsm.br\/cursos\/graduacao\/santa-maria\/danca-licenciatura\/wp-json\/wp\/v2\/types\/page"}],"author":[{"embeddable":true,"href":"https:\/\/www.ufsm.br\/cursos\/graduacao\/santa-maria\/danca-licenciatura\/wp-json\/wp\/v2\/users\/194"}],"replies":[{"embeddable":true,"href":"https:\/\/www.ufsm.br\/cursos\/graduacao\/santa-maria\/danca-licenciatura\/wp-json\/wp\/v2\/comments?post=207"}],"version-history":[{"count":0,"href":"https:\/\/www.ufsm.br\/cursos\/graduacao\/santa-maria\/danca-licenciatura\/wp-json\/wp\/v2\/pages\/207\/revisions"}],"wp:attachment":[{"href":"https:\/\/www.ufsm.br\/cursos\/graduacao\/santa-maria\/danca-licenciatura\/wp-json\/wp\/v2\/media?parent=207"}],"wp:term":[{"taxonomy":"category","embeddable":true,"href":"https:\/\/www.ufsm.br\/cursos\/graduacao\/santa-maria\/danca-licenciatura\/wp-json\/wp\/v2\/categories?post=207"},{"taxonomy":"post_tag","embeddable":true,"href":"https:\/\/www.ufsm.br\/cursos\/graduacao\/santa-maria\/danca-licenciatura\/wp-json\/wp\/v2\/tags?post=207"}],"curies":[{"name":"wp","href":"https:\/\/api.w.org\/{rel}","templated":true}]}}