{"id":208,"date":"2018-12-13T15:56:24","date_gmt":"2018-12-13T17:56:24","guid":{"rendered":"https:\/\/www.ufsm.br\/cursos-graduacao-santa-maria-danca-licenciatura\/?page_id=208"},"modified":"2019-03-13T15:32:59","modified_gmt":"2019-03-13T18:32:59","slug":"nucleo-docente-estruturante","status":"publish","type":"page","link":"https:\/\/www.ufsm.br\/cursos\/graduacao\/santa-maria\/danca-licenciatura\/nucleo-docente-estruturante","title":{"rendered":"N\u00facleo Docente Estruturante"},"content":{"rendered":"<h4>Membros do N\u00facleo Docente Estruturante do Curso de Dan\u00e7a-Licenciatura do Centro de Educa\u00e7\u00e3o F\u00edsica e Desportos da UFSM*:<\/h4>\n<p>Prof\u00aa. M\u00f4nica Correa de Borba Barboza\u00a0 (DDI\/CEFD) \u2013 PRESIDENTA<\/p>\n<p>Prof\u00aa. Neila Cristina Baldi (DDI\/CEFD) \u2013 SECRET\u00c1RIA<\/p>\n<p>Prof\u00aa.\u00a0Carlise Scalamato Duarte\u00a0(DDI\/CEFD)<\/p>\n<p>Prof. Gustavo de Oliveira Duarte (DMTD\/CEFD)<\/p>\n<p>Prof\u00aa Daniela Lopes dos Santos (DMTD\/CEFD)<\/p>\n<p>Prof\u00aa S\u00edlvia Susana Wolff (CAL)<\/p>\n<p>*Portaria v\u00e1lida pelo per\u00edodo de dois anos.<\/p>\n","protected":false},"excerpt":{"rendered":"<p>Membros do N\u00facleo Docente Estruturante do Curso de Dan\u00e7a-Licenciatura do Centro de Educa\u00e7\u00e3o F\u00edsica e Desportos da UFSM*: Prof\u00aa. M\u00f4nica Correa de Borba Barboza\u00a0 (DDI\/CEFD) \u2013 PRESIDENTA Prof\u00aa. Neila Cristina Baldi (DDI\/CEFD) \u2013 SECRET\u00c1RIA Prof\u00aa.\u00a0Carlise Scalamato Duarte\u00a0(DDI\/CEFD) Prof. Gustavo de Oliveira Duarte (DMTD\/CEFD) Prof\u00aa Daniela Lopes dos Santos (DMTD\/CEFD) Prof\u00aa S\u00edlvia Susana Wolff (CAL) *Portaria [&hellip;]<\/p>\n","protected":false},"author":194,"featured_media":0,"parent":0,"menu_order":0,"comment_status":"closed","ping_status":"closed","template":"","meta":{"footnotes":""},"categories":[],"tags":[],"class_list":["post-208","page","type-page","status-publish","hentry"],"acf":[],"_links":{"self":[{"href":"https:\/\/www.ufsm.br\/cursos\/graduacao\/santa-maria\/danca-licenciatura\/wp-json\/wp\/v2\/pages\/208","targetHints":{"allow":["GET"]}}],"collection":[{"href":"https:\/\/www.ufsm.br\/cursos\/graduacao\/santa-maria\/danca-licenciatura\/wp-json\/wp\/v2\/pages"}],"about":[{"href":"https:\/\/www.ufsm.br\/cursos\/graduacao\/santa-maria\/danca-licenciatura\/wp-json\/wp\/v2\/types\/page"}],"author":[{"embeddable":true,"href":"https:\/\/www.ufsm.br\/cursos\/graduacao\/santa-maria\/danca-licenciatura\/wp-json\/wp\/v2\/users\/194"}],"replies":[{"embeddable":true,"href":"https:\/\/www.ufsm.br\/cursos\/graduacao\/santa-maria\/danca-licenciatura\/wp-json\/wp\/v2\/comments?post=208"}],"version-history":[{"count":0,"href":"https:\/\/www.ufsm.br\/cursos\/graduacao\/santa-maria\/danca-licenciatura\/wp-json\/wp\/v2\/pages\/208\/revisions"}],"wp:attachment":[{"href":"https:\/\/www.ufsm.br\/cursos\/graduacao\/santa-maria\/danca-licenciatura\/wp-json\/wp\/v2\/media?parent=208"}],"wp:term":[{"taxonomy":"category","embeddable":true,"href":"https:\/\/www.ufsm.br\/cursos\/graduacao\/santa-maria\/danca-licenciatura\/wp-json\/wp\/v2\/categories?post=208"},{"taxonomy":"post_tag","embeddable":true,"href":"https:\/\/www.ufsm.br\/cursos\/graduacao\/santa-maria\/danca-licenciatura\/wp-json\/wp\/v2\/tags?post=208"}],"curies":[{"name":"wp","href":"https:\/\/api.w.org\/{rel}","templated":true}]}}