{"id":29,"date":"2018-01-18T09:10:07","date_gmt":"2018-01-18T11:10:07","guid":{"rendered":"https:\/\/www.ufsm.br\/cursos\/graduacao\/nutricao\/12352\/?page_id=29"},"modified":"2026-03-26T12:56:40","modified_gmt":"2026-03-26T15:56:40","slug":"contato","status":"publish","type":"page","link":"https:\/\/www.ufsm.br\/cursos\/graduacao\/santa-maria\/danca-licenciatura\/contato","title":{"rendered":"Contato"},"content":{"rendered":"<p><strong>Aten\u00e7\u00e3o!<\/strong><\/p>\n<p>Os Cursos de Dan\u00e7a Licenciatura pertence ao Centro de Artes e Letras (CAL).<\/p>\n<p>________________________________________________<\/p>\n<p>A Coordena\u00e7\u00e3o do Curso de Dan\u00e7a Licenciatura fica no pr\u00e9dio 40C.<\/p>\n<p>Telefone: (53) 99958-7648 (Bruno Blois Nunes &#8211; Coordenador do Curso)\u00a0<\/p>\n<p>Email: dancalicenciatura@ufms.br<\/p>\n\n","protected":false},"excerpt":{"rendered":"<p>Aten\u00e7\u00e3o! Os Cursos de Dan\u00e7a Licenciatura pertence ao Centro de Artes e Letras (CAL). ________________________________________________ A Coordena\u00e7\u00e3o do Curso de Dan\u00e7a Licenciatura fica no pr\u00e9dio 40C. Telefone: (53) 99958-7648 (Bruno Blois Nunes &#8211; Coordenador do Curso)\u00a0 Email: dancalicenciatura@ufms.br<\/p>\n","protected":false},"author":8,"featured_media":0,"parent":0,"menu_order":0,"comment_status":"closed","ping_status":"closed","template":"","meta":{"footnotes":""},"categories":[],"tags":[],"class_list":["post-29","page","type-page","status-publish","hentry"],"acf":[],"_links":{"self":[{"href":"https:\/\/www.ufsm.br\/cursos\/graduacao\/santa-maria\/danca-licenciatura\/wp-json\/wp\/v2\/pages\/29","targetHints":{"allow":["GET"]}}],"collection":[{"href":"https:\/\/www.ufsm.br\/cursos\/graduacao\/santa-maria\/danca-licenciatura\/wp-json\/wp\/v2\/pages"}],"about":[{"href":"https:\/\/www.ufsm.br\/cursos\/graduacao\/santa-maria\/danca-licenciatura\/wp-json\/wp\/v2\/types\/page"}],"author":[{"embeddable":true,"href":"https:\/\/www.ufsm.br\/cursos\/graduacao\/santa-maria\/danca-licenciatura\/wp-json\/wp\/v2\/users\/8"}],"replies":[{"embeddable":true,"href":"https:\/\/www.ufsm.br\/cursos\/graduacao\/santa-maria\/danca-licenciatura\/wp-json\/wp\/v2\/comments?post=29"}],"version-history":[{"count":0,"href":"https:\/\/www.ufsm.br\/cursos\/graduacao\/santa-maria\/danca-licenciatura\/wp-json\/wp\/v2\/pages\/29\/revisions"}],"wp:attachment":[{"href":"https:\/\/www.ufsm.br\/cursos\/graduacao\/santa-maria\/danca-licenciatura\/wp-json\/wp\/v2\/media?parent=29"}],"wp:term":[{"taxonomy":"category","embeddable":true,"href":"https:\/\/www.ufsm.br\/cursos\/graduacao\/santa-maria\/danca-licenciatura\/wp-json\/wp\/v2\/categories?post=29"},{"taxonomy":"post_tag","embeddable":true,"href":"https:\/\/www.ufsm.br\/cursos\/graduacao\/santa-maria\/danca-licenciatura\/wp-json\/wp\/v2\/tags?post=29"}],"curies":[{"name":"wp","href":"https:\/\/api.w.org\/{rel}","templated":true}]}}