{"id":5,"date":"2018-01-18T08:39:17","date_gmt":"2018-01-18T10:39:17","guid":{"rendered":"https:\/\/www.ufsm.br\/cursos\/graduacao\/nutricao\/12352\/?page_id=5"},"modified":"2023-10-09T15:28:35","modified_gmt":"2023-10-09T18:28:35","slug":"pagina-inicial","status":"publish","type":"page","link":"https:\/\/www.ufsm.br\/cursos\/graduacao\/santa-maria\/danca-licenciatura\/","title":{"rendered":"P\u00e1gina Inicial"},"content":{"rendered":"\t\t<div data-elementor-type=\"wp-post\" data-elementor-id=\"5\" class=\"elementor elementor-5\">\n\t\t\t\t\t\t<section class=\"elementor-section elementor-top-section elementor-element elementor-element-f6a61e1 elementor-section-boxed elementor-section-height-default elementor-section-height-default\" data-id=\"f6a61e1\" data-element_type=\"section\">\n\t\t\t\t\t\t<div class=\"elementor-container elementor-column-gap-default\">\n\t\t\t\t\t<div class=\"elementor-column elementor-col-100 elementor-top-column elementor-element elementor-element-81ce27f\" data-id=\"81ce27f\" data-element_type=\"column\">\n\t\t\t<div class=\"elementor-widget-wrap elementor-element-populated\">\n\t\t\t\t\t\t<div class=\"elementor-element elementor-element-8d1f660 elementor-widget elementor-widget-wp-widget-ufsm_noticias_widget\" data-id=\"8d1f660\" data-element_type=\"widget\" data-widget_type=\"wp-widget-ufsm_noticias_widget.default\">\n\t\t\t\t<div class=\"elementor-widget-container\">\n\t\t\t<div id='ufsm-carousel-1775325455-546540713' class='carousel slide carousel-ufsm' data-bs-ride='carousel' aria-hidden='true'>\n    <div class='carousel-inner'>\n                    \n\n            <div class='carousel-item active' data-bs-interval='4000'>\n                                    <!-- Slider Image -->\n                    <img class='w-100'  style='max-height:250px; object-fit:cover;' alt=\"Foto colorida vertical em formato selfie de mulher adulta branca de cabelo escuro e preso. Ela veste um casaco escuro e segura uma prancheta com uma folha euma caneta. A imagem mostra ela no campo, \u00e0 frente de uma planta\u00e7\u00e3o.\" srcset=\"https:\/\/www.ufsm.br\/app\/uploads\/2026\/04\/FB_IMG_1775134374951-300x300.jpg 300w, https:\/\/www.ufsm.br\/app\/uploads\/2026\/04\/FB_IMG_1775134374951-1024x1024.jpg 1024w, https:\/\/www.ufsm.br\/app\/uploads\/2026\/04\/FB_IMG_1775134374951-150x150.jpg 150w, https:\/\/www.ufsm.br\/app\/uploads\/2026\/04\/FB_IMG_1775134374951-768x768.jpg 768w, https:\/\/www.ufsm.br\/app\/uploads\/2026\/04\/FB_IMG_1775134374951.jpg 1080w\">\n                \n                \n                                                            <\/div>\n                    \n\n            <div class='carousel-item ' data-bs-interval='4000'>\n                                    <!-- Slider Image -->\n                    <img class='w-100'  style='max-height:250px; object-fit:cover;' alt=\"Integrantes da orquestra tocam seus instrumentos durante um concerto.\" srcset=\"https:\/\/www.ufsm.br\/app\/uploads\/2026\/04\/orquestra-300x200.jpg 300w, https:\/\/www.ufsm.br\/app\/uploads\/2026\/04\/orquestra-1024x683.jpg 1024w, https:\/\/www.ufsm.br\/app\/uploads\/2026\/04\/orquestra-768x512.jpg 768w, https:\/\/www.ufsm.br\/app\/uploads\/2026\/04\/orquestra-272x182.jpg 272w, https:\/\/www.ufsm.br\/app\/uploads\/2026\/04\/orquestra.jpg 1080w\">\n                \n                \n                                                            <\/div>\n                    <!-- Exibi Indicadores -->\n                    <ol class='carousel-indicators carousel-indicators-numbers d-none d-md-flex align-self-end m-0'>\n                <li data-bs-target='#ufsm-carousel-1775325455-546540713' data-bs-slide-to='0' class='d-flex rounded-circle active'><span class='m-auto fw-bold'>1<\/span><\/li><li data-bs-target='#ufsm-carousel-1775325455-546540713' data-bs-slide-to='1' class='d-flex rounded-circle '><span class='m-auto fw-bold'>2<\/span><\/li>            <\/ol>\n            <a class='carousel-control-prev' href='#ufsm-carousel-1775325455-546540713' role='button' data-bs-slide='prev'>\n                <span class='carousel-control-prev-icon' aria-hidden='true'><\/span>\n                <span class='visually-hidden'>Previous<\/span>\n            <\/a>\n            <a class='carousel-control-next' href='#ufsm-carousel-1775325455-546540713' role='button' data-bs-slide='next'>\n                <span class='carousel-control-next-icon' aria-hidden='true'><\/span>\n                <span class='visually-hidden'>Next<\/span>\n            <\/a>\n            <\/div>\n<\/div>\n<!-- Acessibilidade, apenas leitor de tela -->\n<ul class='visually-hidden'>\n    <li><a href='https:\/\/www.ufsm.br\/2026\/04\/02\/pesquisadora-do-ppg-em-engenharia-agricola-estuda-42-variedades-de-dalia-na-europa'>Pesquisadora do PPG em Engenharia Agr\u00edcola estuda 42 variedades de d\u00e1lia na Europa<\/a><\/li><li><a href='https:\/\/www.ufsm.br\/2026\/04\/01\/radios-da-ufsm-celebram-os-60-anos-da-orquestra-sinfonica-de-santa-maria-com-programacao-especial'>R\u00e1dios da UFSM celebram os 60 anos da Orquestra Sinf\u00f4nica de Santa Maria com programa\u00e7\u00e3o especial<\/a><\/li><\/ul>\n\t\t<\/div>\n\t\t\t\t<\/div>\n\t\t\t\t\t<\/div>\n\t\t<\/div>\n\t\t\t\t\t<\/div>\n\t\t<\/section>\n\t\t\t\t<section class=\"elementor-section elementor-top-section elementor-element elementor-element-e5bcc64 elementor-section-boxed elementor-section-height-default elementor-section-height-default\" data-id=\"e5bcc64\" data-element_type=\"section\">\n\t\t\t\t\t\t<div class=\"elementor-container elementor-column-gap-default\">\n\t\t\t\t\t<div class=\"elementor-column elementor-col-100 elementor-top-column elementor-element elementor-element-c09ac3d\" data-id=\"c09ac3d\" data-element_type=\"column\">\n\t\t\t<div class=\"elementor-widget-wrap elementor-element-populated\">\n\t\t\t\t\t\t<div class=\"elementor-element elementor-element-9bf8518 elementor-widget elementor-widget-heading\" data-id=\"9bf8518\" data-element_type=\"widget\" data-widget_type=\"heading.default\">\n\t\t\t\t<div class=\"elementor-widget-container\">\n\t\t\t<h5 class=\"elementor-heading-title elementor-size-default\">Apresenta\u00e7\u00e3o<\/h5>\t\t<\/div>\n\t\t\t\t<\/div>\n\t\t\t\t\t<\/div>\n\t\t<\/div>\n\t\t\t\t\t<\/div>\n\t\t<\/section>\n\t\t\t\t<section class=\"elementor-section elementor-top-section elementor-element elementor-element-71f1b01 elementor-section-boxed elementor-section-height-default elementor-section-height-default\" data-id=\"71f1b01\" data-element_type=\"section\">\n\t\t\t\t\t\t<div class=\"elementor-container elementor-column-gap-default\">\n\t\t\t\t\t<div class=\"elementor-column elementor-col-100 elementor-top-column elementor-element elementor-element-c711c96\" data-id=\"c711c96\" data-element_type=\"column\">\n\t\t\t<div class=\"elementor-widget-wrap elementor-element-populated\">\n\t\t\t\t\t\t<div class=\"elementor-element elementor-element-32089a5 elementor-widget elementor-widget-text-editor\" data-id=\"32089a5\" data-element_type=\"widget\" data-widget_type=\"text-editor.default\">\n\t\t\t\t<div class=\"elementor-widget-container\">\n\t\t\t\t\t\t\t<p><div class='row'><div class='col-12 col-lg-9 pe-lg-1 align-self-center'><p>O curso de <b>Dan\u00e7a<\/b> est\u00e1 localizado em <b>Campus Camobi &#8211; UFSM<\/b> na modalidade <b>Licenciatura &#8211; Presencial<\/b> sendo <b>Diurno<\/b> o seu turno de funcionamento. A \u00e1rea de conhecimento do curso \u00e9 classificada como <b>LINGU\u00cdSTICA, LETRAS E ARTES<\/b>. Atualmente, a coordena\u00e7\u00e3o \u00e9 de responsabilidade de <b>BRUNO BLOIS NUNES<\/b>, a coordena\u00e7\u00e3o substituta de <b>NEILA CRISTINA BALDI<\/b> e a secretaria de <b>CRISTIANO FREIRE ZIMMER<\/b>.<\/p><p>O curso \u00e9 ofertado em per\u00edodo <b>Semestral<\/b>, sendo <b>8<\/b> o n\u00famero de per\u00edodos indicados para sua conclus\u00e3o.<\/p><p class='mt-3'>Reconhecido pela Portaria n. 891\/2022\/MEC, publicada no DOU, de 21\/09\/2022.<\/p><\/div><div class='col-12 col-lg-3'><div class='row d-flex justify-content-around'><h3 class='visually-hidden'>Conceitos<\/h3><div class='col-12 col-md-4 col-lg-12 d-flex flex-column conceito-curso'><div class='flex-fill p-3 my-2 my-md-0 my-lg-1 mx-0 mx-md-2 mx-lg-0'><div class='text-center conceito-descricao'>Conceito de Curso (2019)<\/div><div class='text-center text-primary conceito-valor'>4<\/div><\/div><\/div><\/div><\/div><\/div><\/p>\t\t\t\t\t\t<\/div>\n\t\t\t\t<\/div>\n\t\t\t\t\t<\/div>\n\t\t<\/div>\n\t\t\t\t\t<\/div>\n\t\t<\/section>\n\t\t\t\t<section class=\"elementor-section elementor-top-section elementor-element elementor-element-d403073 elementor-section-boxed elementor-section-height-default elementor-section-height-default\" data-id=\"d403073\" data-element_type=\"section\">\n\t\t\t\t\t\t<div class=\"elementor-container elementor-column-gap-default\">\n\t\t\t\t\t<div class=\"elementor-column elementor-col-100 elementor-top-column elementor-element elementor-element-1bf20c2\" data-id=\"1bf20c2\" data-element_type=\"column\">\n\t\t\t<div class=\"elementor-widget-wrap elementor-element-populated\">\n\t\t\t\t\t\t<div class=\"elementor-element elementor-element-4d72210 elementor-widget elementor-widget-wp-widget-ufsm_utilidades\" data-id=\"4d72210\" data-element_type=\"widget\" data-widget_type=\"wp-widget-ufsm_utilidades.default\">\n\t\t\t\t<div class=\"elementor-widget-container\">\n\t\t\t\t\t<h5 class=\"card-title titulo-conteudos\">Utilidades<\/h5>\n\t\t\t\t\n\t\t<div class=\"row d-flex justify-content-around\">\n\t\t\t\t\t\t\t<div class=\"col-12 col-sm-6 col-md-2 mt-4 text-center\">\n\t\t\t\t\t\t\t\t\t\t\t<a href=\"https:\/\/www.ufsm.br\/cursos\/graduacao\/santa-maria\/danca-licenciatura\/horarios\" class=\"item-utilidades d-block\">\n\t\t\t\t\t\t\t\t\t\t<i class=\"fas fa-pencil-alt animation-pulse\" aria-hidden=\"true\"><\/i><b>Oferta \/ Hor\u00e1rios<\/b><\/a>\n\t\t\t\t<\/div>\n\t\t\t\t\t\t\t<div class=\"col-12 col-sm-6 col-md-2 mt-4 text-center\">\n\t\t\t\t\t\t\t\t\t\t\t<a href=\"https:\/\/portal.ufsm.br\/aluno\/\" class=\"item-utilidades d-block\">\n\t\t\t\t\t\t\t\t\t\t<i class=\"fa fa-user animation-pulse\" aria-hidden=\"true\"><\/i><b>Portal do Aluno<\/b><\/a>\n\t\t\t\t<\/div>\n\t\t\t\t\t\t\t<div class=\"col-12 col-sm-6 col-md-2 mt-4 text-center\">\n\t\t\t\t\t\t\t\t\t\t\t<a href=\"https:\/\/www.ufsm.br\/cursos\/graduacao\/santa-maria\/danca-licenciatura\/informacoes-do-curriculo\" class=\"item-utilidades d-block\">\n\t\t\t\t\t\t\t\t\t\t<i class=\"fa fa-clipboard animation-pulse\" aria-hidden=\"true\"><\/i><b>Informa\u00e7\u00f5es Curriculares<\/b><\/a>\n\t\t\t\t<\/div>\n\t\t\t\t\t\t\t<div class=\"col-12 col-sm-6 col-md-2 mt-4 text-center\">\n\t\t\t\t\t\t\t\t\t\t\t<a href=\"https:\/\/www.ufsm.br\/cursos\/graduacao\/santa-maria\/danca-licenciatura\/projeto-pedagogico\" class=\"item-utilidades d-block\">\n\t\t\t\t\t\t\t\t\t\t<i class=\"fa fa-book animation-pulse\" aria-hidden=\"true\"><\/i><b>Projeto Pedag\u00f3gico<\/b><\/a>\n\t\t\t\t<\/div>\n\t\t\t\t\t\t\t<div class=\"col-12 col-sm-6 col-md-2 mt-4 text-center\">\n\t\t\t\t\t\t\t\t\t\t\t<a href=\"https:\/\/ead06.proj.ufsm.br\/login\/\" class=\"item-utilidades d-block\">\n\t\t\t\t\t\t\t\t\t\t<i class=\"ufsm ufsm-moodle animation-pulse\" aria-hidden=\"true\"><\/i><b>Ambiente Virtual Moodle<\/b><\/a>\n\t\t\t\t<\/div>\n\t\t\t\t\t\t\t<div class=\"col-12 col-sm-6 col-md-2 mt-4 text-center\">\n\t\t\t\t\t\t\t\t\t\t\t<a href=\"https:\/\/www.ufsm.br\/cursos\/graduacao\/santa-maria\/danca-licenciatura\/grupos\" class=\"item-utilidades d-block\">\n\t\t\t\t\t\t\t\t\t\t<i class=\"fas fa-user-friends animation-pulse\" aria-hidden=\"true\"><\/i><b>Grupos Acad\u00eamicos<\/b><\/a>\n\t\t\t\t<\/div>\n\t\t\t\t\t<\/div>\n\t\t\t\t<\/div>\n\t\t\t\t<\/div>\n\t\t\t\t\t<\/div>\n\t\t<\/div>\n\t\t\t\t\t<\/div>\n\t\t<\/section>\n\t\t\t\t<section class=\"elementor-section elementor-top-section elementor-element elementor-element-a5bee5e elementor-section-boxed elementor-section-height-default elementor-section-height-default\" data-id=\"a5bee5e\" data-element_type=\"section\">\n\t\t\t\t\t\t<div class=\"elementor-container elementor-column-gap-default\">\n\t\t\t\t\t<div class=\"elementor-column elementor-col-100 elementor-top-column elementor-element elementor-element-ea546e0\" data-id=\"ea546e0\" data-element_type=\"column\">\n\t\t\t<div class=\"elementor-widget-wrap elementor-element-populated\">\n\t\t\t\t\t\t<div class=\"elementor-element elementor-element-add7616 elementor-widget elementor-widget-wp-widget-ufsm_noticias_widget\" data-id=\"add7616\" data-element_type=\"widget\" data-widget_type=\"wp-widget-ufsm_noticias_widget.default\">\n\t\t\t\t<div class=\"elementor-widget-container\">\n\t\t\t<h5 class='titulo-conteudos'>Not\u00edcias Dan\u00e7a Licenciatura<\/h5><div class='widget-noticias-inside'>\n                        <div class=\"row\">\n                                    <div class=\"col-12 col-lg-12 pb-4\">\n                                        \n                                        \n                    \n                    <a class=\"noticias-widget-title d-block \"  title=\"Caixa Preta recebe XI Noite da Dan\u00e7a\" href=\"https:\/\/www.ufsm.br\/unidades-universitarias\/cal\/2025\/11\/04\/caixa-preta-recebe-xi-noite-da-danca\">\n                                                Caixa Preta recebe XI Noite da Dan\u00e7a                    <\/a>\n                    \n                                            <div class=\"noticias-widget-introtext\">\n                            Evento ocorre durante a Jornada Acad\u00eamica Institucional (JAI) e re\u00fane mais de 10 obras da Licenciatura e do Bacharelado em Dan\u00e7a Na pr\u00f3xima quinta, dia 6 de outubro, ocorre a XI Noite da Dan\u00e7a, mostra organizada pelo Curso de Dan\u00e7a-Licenciatura&hellip;                        <\/div>\n                    \n                                        \n                                        \n                                        <\/div>\n                            <\/div>\n                    <div class=\"row\">\n                                    <div class=\"col-12 col-lg-12 pb-4\">\n                                        \n                                        \n                    \n                    <a class=\"noticias-widget-title d-block \"  title=\"DIA INTERNACIONAL DA DAN\u00c7A SER\u00c1 CELEBRADO COM DOIS ESPET\u00c1CULOS NA UFSM\" href=\"https:\/\/www.ufsm.br\/unidades-universitarias\/cal\/2025\/04\/23\/dia-internacional-da-danca-sera-celebrado-com-dois-espetaculos-na-ufsm\">\n                                                DIA INTERNACIONAL DA DAN\u00c7A SER\u00c1 CELEBRADO COM DOIS ESPET\u00c1CULOS NA UFSM                    <\/a>\n                    \n                                            <div class=\"noticias-widget-introtext\">\n                            Obras \u201cIsso \u00e9 Brasil\u201d, de dan\u00e7as populares, e \u201cAmordor\u201d, de dan\u00e7a contempor\u00e2nea ser\u00e3o apresentados gratuitamente no dia 29 de abril no Centro de Conven\u00e7\u00f5es da UFSM \u00a0 O Dia Internacional da Dan\u00e7a, comemorado no pr\u00f3ximo dia 29 de abril, ser\u00e1&hellip;                        <\/div>\n                    \n                                        \n                                        \n                                        <\/div>\n                            <\/div>\n                    <div class=\"row\">\n                                    <div class=\"col-12 col-lg-12 pb-4\">\n                                        \n                                        \n                    \n                    <a class=\"noticias-widget-title d-block \"  title=\"Encruzilhada de Saberes e Fazeres\" href=\"https:\/\/www.ufsm.br\/unidades-universitarias\/cal\/2021\/10\/06\/encruzilhada-de-saberes-e-fazeres\">\n                                                Encruzilhada de Saberes e Fazeres                    <\/a>\n                    \n                                            <div class=\"noticias-widget-introtext\">\n                            \u00a0 Encruzilhada de Saberes e Fazeres: Corpo, Resist\u00eancia, Ancestralidade e Regenera\u00e7\u00e3o \u2013 \u00e9 fruto de um projeto de extens\u00e3o que tem como objetivo convidar artistas, pesquisadores e lideran\u00e7as de grupos, etnias, comunidades e segmentos socioculturais para virem compartilhar e contar&hellip;                        <\/div>\n                    \n                                        \n                                        \n                                        <\/div>\n                            <\/div>\n                    <div class=\"row\">\n                                    <div class=\"col-12 col-lg-12 pb-4\">\n                                        \n                                        \n                    \n                    <a class=\"noticias-widget-title d-block \"  title=\"Programa\u00e7\u00e3o Calourada CAL 2021-1\" href=\"https:\/\/www.ufsm.br\/unidades-universitarias\/cal\/2021\/05\/14\/programacao-calourada-ca2021-1\">\n                                                Programa\u00e7\u00e3o Calourada CAL 2021-1                    <\/a>\n                    \n                                            <div class=\"noticias-widget-introtext\">\n                            Ter\u00e7a-feira (18\/05\/2021) &nbsp; 10h- Boas-vindas com Reitor, Vice, DCE e pr\u00f3-reitorias (Prograd, PRAE, PRPGP e PRE) no link&nbsp;https:\/\/youtu.be\/fSId4a2lSws. 14h-14h30m - Apresenta\u00e7\u00e3o Dire\u00e7\u00e3o e Coordenadores de cursos. Link:&nbsp;https:\/\/www.youtube.com\/channel\/UCoLkbbcJrVyTc-i-lnlTpNg.14h - Acolhida feita pelos veteranos (ser\u00e1 confirmado) do curso Dan\u00e7a Bacharelado14h - Boas&hellip;                        <\/div>\n                    \n                                        \n                                        \n                                        <\/div>\n                            <\/div>\n                    <div class=\"row\">\n                                    <div class=\"col-12 col-lg-12 pb-4\">\n                                        \n                                        \n                    \n                    <a class=\"noticias-widget-title d-block \"  title=\"Recep\u00e7\u00e3o dos Calouros de Dan\u00e7a &#8211; Programa\u00e7\u00e3o\" href=\"https:\/\/www.ufsm.br\/unidades-universitarias\/cal\/2018\/03\/01\/recepcao-dos-calouros-de-danca-programacao\">\n                                                Recep\u00e7\u00e3o dos Calouros de Dan\u00e7a &#8211; Programa\u00e7\u00e3o                    <\/a>\n                    \n                                            <div class=\"noticias-widget-introtext\">\n                            O Curso de Dan&ccedil;a - Bacharelado e Licenciatura, elabora programa&ccedil;&atilde;o para a calourada. Do dia cinco ao dia nove de mar&ccedil;o diversas atividades est&atilde;o previstas, dentre elas apresenta&ccedil;&atilde;o dos calouros, caf&eacute; da manh&atilde; Vem Comigo, performances e oficinas. &nbsp; Confira&hellip;                        <\/div>\n                    \n                                        \n                                        \n                                        <\/div>\n                            <\/div>\n            <\/div>\n\t\t<\/div>\n\t\t\t\t<\/div>\n\t\t\t\t\t<\/div>\n\t\t<\/div>\n\t\t\t\t\t<\/div>\n\t\t<\/section>\n\t\t\t\t<section class=\"elementor-section elementor-top-section elementor-element elementor-element-d7296a9 elementor-section-boxed elementor-section-height-default elementor-section-height-default\" data-id=\"d7296a9\" data-element_type=\"section\">\n\t\t\t\t\t\t<div class=\"elementor-container elementor-column-gap-default\">\n\t\t\t\t\t<div class=\"elementor-column elementor-col-100 elementor-top-column elementor-element elementor-element-12ff766\" data-id=\"12ff766\" data-element_type=\"column\">\n\t\t\t<div class=\"elementor-widget-wrap elementor-element-populated\">\n\t\t\t\t\t\t<div class=\"elementor-element elementor-element-afd8a8d elementor-widget elementor-widget-wp-widget-ufsm_eventos_widget\" data-id=\"afd8a8d\" data-element_type=\"widget\" data-widget_type=\"wp-widget-ufsm_eventos_widget.default\">\n\t\t\t\t<div class=\"elementor-widget-container\">\n\t\t\t<H2 class='titulo-conteudos'>Eventos<\/H2>\n          <div class='d-flex flex-column align-items-center justify-content-center py-4'>\n        <span class='text-muted fs-5 mb-2 d-flex align-items-center'>\n          <i class='fas fa-calendar-times fa-2x me-2'><\/i>\n          Nenhum evento futuro encontrado.\n        <\/span>\n        <a class='btn btn-outline-primary mt-2' href='https:\/\/www.ufsm.br\/cursos\/graduacao\/santa-maria\/danca-licenciatura\/busca\/?q=&orderby=date&order=DESC&perpage=15&area=eventos&sites%5B%5D=871'>\n          Confira os eventos j\u00e1 realizados\n          <i class='fas fa-arrow-right ms-2'><\/i>\n        <\/a>\n          <\/div>\n        \t\t<\/div>\n\t\t\t\t<\/div>\n\t\t\t\t\t<\/div>\n\t\t<\/div>\n\t\t\t\t\t<\/div>\n\t\t<\/section>\n\t\t\t\t<\/div>\n\t\t","protected":false},"excerpt":{"rendered":"<p>Apresenta\u00e7\u00e3o<\/p>\n","protected":false},"author":8,"featured_media":0,"parent":0,"menu_order":0,"comment_status":"closed","ping_status":"closed","template":"","meta":{"footnotes":""},"categories":[],"tags":[],"class_list":["post-5","page","type-page","status-publish","hentry"],"acf":[],"_links":{"self":[{"href":"https:\/\/www.ufsm.br\/cursos\/graduacao\/santa-maria\/danca-licenciatura\/wp-json\/wp\/v2\/pages\/5","targetHints":{"allow":["GET"]}}],"collection":[{"href":"https:\/\/www.ufsm.br\/cursos\/graduacao\/santa-maria\/danca-licenciatura\/wp-json\/wp\/v2\/pages"}],"about":[{"href":"https:\/\/www.ufsm.br\/cursos\/graduacao\/santa-maria\/danca-licenciatura\/wp-json\/wp\/v2\/types\/page"}],"author":[{"embeddable":true,"href":"https:\/\/www.ufsm.br\/cursos\/graduacao\/santa-maria\/danca-licenciatura\/wp-json\/wp\/v2\/users\/8"}],"replies":[{"embeddable":true,"href":"https:\/\/www.ufsm.br\/cursos\/graduacao\/santa-maria\/danca-licenciatura\/wp-json\/wp\/v2\/comments?post=5"}],"version-history":[{"count":0,"href":"https:\/\/www.ufsm.br\/cursos\/graduacao\/santa-maria\/danca-licenciatura\/wp-json\/wp\/v2\/pages\/5\/revisions"}],"wp:attachment":[{"href":"https:\/\/www.ufsm.br\/cursos\/graduacao\/santa-maria\/danca-licenciatura\/wp-json\/wp\/v2\/media?parent=5"}],"wp:term":[{"taxonomy":"category","embeddable":true,"href":"https:\/\/www.ufsm.br\/cursos\/graduacao\/santa-maria\/danca-licenciatura\/wp-json\/wp\/v2\/categories?post=5"},{"taxonomy":"post_tag","embeddable":true,"href":"https:\/\/www.ufsm.br\/cursos\/graduacao\/santa-maria\/danca-licenciatura\/wp-json\/wp\/v2\/tags?post=5"}],"curies":[{"name":"wp","href":"https:\/\/api.w.org\/{rel}","templated":true}]}}