{"id":169,"date":"2018-12-04T11:20:47","date_gmt":"2018-12-04T13:20:47","guid":{"rendered":"https:\/\/www.ufsm.br\/cursos\/graduacao\/santa-maria\/danca\/?page_id=169"},"modified":"2019-03-13T16:10:12","modified_gmt":"2019-03-13T19:10:12","slug":"extremus","status":"publish","type":"page","link":"https:\/\/www.ufsm.br\/cursos\/graduacao\/santa-maria\/danca\/extremus","title":{"rendered":"Projeto de Extens\u00e3o"},"content":{"rendered":"\t\t<div data-elementor-type=\"wp-post\" data-elementor-id=\"169\" class=\"elementor elementor-169 elementor-bc-flex-widget\">\n\t\t\t\t\t\t<section class=\"elementor-section elementor-top-section elementor-element elementor-element-f174565 elementor-section-boxed elementor-section-height-default elementor-section-height-default\" data-id=\"f174565\" data-element_type=\"section\">\n\t\t\t\t\t\t<div class=\"elementor-container elementor-column-gap-default\">\n\t\t\t\t\t<div class=\"elementor-column elementor-col-100 elementor-top-column elementor-element elementor-element-ef974dc\" data-id=\"ef974dc\" data-element_type=\"column\">\n\t\t\t<div class=\"elementor-widget-wrap elementor-element-populated\">\n\t\t\t\t\t\t<div class=\"elementor-element elementor-element-cb0ffda elementor-widget elementor-widget-heading\" data-id=\"cb0ffda\" data-element_type=\"widget\" data-widget_type=\"heading.default\">\n\t\t\t\t<div class=\"elementor-widget-container\">\n\t\t\t<h5 class=\"elementor-heading-title elementor-size-default\">Extremus<\/h5>\t\t<\/div>\n\t\t\t\t<\/div>\n\t\t\t\t\t<\/div>\n\t\t<\/div>\n\t\t\t\t\t<\/div>\n\t\t<\/section>\n\t\t\t\t<section class=\"elementor-section elementor-top-section elementor-element elementor-element-5c22cd91 elementor-section-boxed elementor-section-height-default elementor-section-height-default\" data-id=\"5c22cd91\" data-element_type=\"section\">\n\t\t\t\t\t\t<div class=\"elementor-container elementor-column-gap-default\">\n\t\t\t\t\t<div class=\"elementor-column elementor-col-100 elementor-top-column elementor-element elementor-element-1e284e90\" data-id=\"1e284e90\" data-element_type=\"column\">\n\t\t\t<div class=\"elementor-widget-wrap elementor-element-populated\">\n\t\t\t\t\t\t<div class=\"elementor-element elementor-element-5042ddfb elementor-widget elementor-widget-text-editor\" data-id=\"5042ddfb\" data-element_type=\"widget\" data-widget_type=\"text-editor.default\">\n\t\t\t\t<div class=\"elementor-widget-container\">\n\t\t\t\t\t\t\t<p>O Grupo de Dan\u00e7a Sobre Rodas EXTREMUS \u00e9 um Projeto de Extens\u00e3o que, desde 2001, oportuniza experi\u00eancias em dan\u00e7a atrav\u00e9s de um trabalho multidisciplinar que visa a inclus\u00e3o social e a melhora da autoestima de pessoas com necessidades especiais.<\/p><p><strong>Coordena\u00e7\u00e3o do Projeto:<\/strong><br \/>Prof\u00aa Dr\u00aa Mara Rubia Alves da Silva (DDI\/CEFD)<\/p><p><img decoding=\"async\" class=\"alignleft wp-image-170 size-thumbnail\" src=\"https:\/\/www.ufsm.br\/cursos\/graduacao\/santa-maria\/danca\/wp-content\/uploads\/sites\/461\/2018\/12\/marca_extremus_imagem-150x150.jpg\" alt=\"\" width=\"150\" height=\"150\" \/><\/p>\t\t\t\t\t\t<\/div>\n\t\t\t\t<\/div>\n\t\t\t\t\t<\/div>\n\t\t<\/div>\n\t\t\t\t\t<\/div>\n\t\t<\/section>\n\t\t\t\t<\/div>\n\t\t","protected":false},"excerpt":{"rendered":"<p>Extremus O Grupo de Dan\u00e7a Sobre Rodas EXTREMUS \u00e9 um Projeto de Extens\u00e3o que, desde 2001, oportuniza experi\u00eancias em dan\u00e7a atrav\u00e9s de um trabalho multidisciplinar que visa a inclus\u00e3o social e a melhora da autoestima de pessoas com necessidades especiais. Coordena\u00e7\u00e3o do Projeto: Prof\u00aa Dr\u00aa Mara Rubia Alves da Silva (DDI\/CEFD)<\/p>\n","protected":false},"author":115,"featured_media":0,"parent":0,"menu_order":0,"comment_status":"closed","ping_status":"closed","template":"","meta":{"footnotes":""},"categories":[],"tags":[],"class_list":["post-169","page","type-page","status-publish","hentry"],"acf":[],"_links":{"self":[{"href":"https:\/\/www.ufsm.br\/cursos\/graduacao\/santa-maria\/danca\/wp-json\/wp\/v2\/pages\/169","targetHints":{"allow":["GET"]}}],"collection":[{"href":"https:\/\/www.ufsm.br\/cursos\/graduacao\/santa-maria\/danca\/wp-json\/wp\/v2\/pages"}],"about":[{"href":"https:\/\/www.ufsm.br\/cursos\/graduacao\/santa-maria\/danca\/wp-json\/wp\/v2\/types\/page"}],"author":[{"embeddable":true,"href":"https:\/\/www.ufsm.br\/cursos\/graduacao\/santa-maria\/danca\/wp-json\/wp\/v2\/users\/115"}],"replies":[{"embeddable":true,"href":"https:\/\/www.ufsm.br\/cursos\/graduacao\/santa-maria\/danca\/wp-json\/wp\/v2\/comments?post=169"}],"version-history":[{"count":0,"href":"https:\/\/www.ufsm.br\/cursos\/graduacao\/santa-maria\/danca\/wp-json\/wp\/v2\/pages\/169\/revisions"}],"wp:attachment":[{"href":"https:\/\/www.ufsm.br\/cursos\/graduacao\/santa-maria\/danca\/wp-json\/wp\/v2\/media?parent=169"}],"wp:term":[{"taxonomy":"category","embeddable":true,"href":"https:\/\/www.ufsm.br\/cursos\/graduacao\/santa-maria\/danca\/wp-json\/wp\/v2\/categories?post=169"},{"taxonomy":"post_tag","embeddable":true,"href":"https:\/\/www.ufsm.br\/cursos\/graduacao\/santa-maria\/danca\/wp-json\/wp\/v2\/tags?post=169"}],"curies":[{"name":"wp","href":"https:\/\/api.w.org\/{rel}","templated":true}]}}