{"id":171,"date":"2018-12-04T11:22:34","date_gmt":"2018-12-04T13:22:34","guid":{"rendered":"https:\/\/www.ufsm.br\/cursos\/graduacao\/santa-maria\/danca\/?page_id=171"},"modified":"2019-03-13T15:45:22","modified_gmt":"2019-03-13T18:45:22","slug":"geedac","status":"publish","type":"page","link":"https:\/\/www.ufsm.br\/cursos\/graduacao\/santa-maria\/danca\/geedac","title":{"rendered":"Grupos de Estudos:"},"content":{"rendered":"\t\t<div data-elementor-type=\"wp-post\" data-elementor-id=\"171\" class=\"elementor elementor-171 elementor-bc-flex-widget\">\n\t\t\t\t\t\t<section class=\"elementor-section elementor-top-section elementor-element elementor-element-1558952 elementor-section-boxed elementor-section-height-default elementor-section-height-default\" data-id=\"1558952\" data-element_type=\"section\">\n\t\t\t\t\t\t<div class=\"elementor-container elementor-column-gap-default\">\n\t\t\t\t\t<div class=\"elementor-column elementor-col-100 elementor-top-column elementor-element elementor-element-35bf917\" data-id=\"35bf917\" data-element_type=\"column\">\n\t\t\t<div class=\"elementor-widget-wrap elementor-element-populated\">\n\t\t\t\t\t\t<div class=\"elementor-element elementor-element-5c0e12f elementor-widget elementor-widget-heading\" data-id=\"5c0e12f\" data-element_type=\"widget\" data-widget_type=\"heading.default\">\n\t\t\t\t<div class=\"elementor-widget-container\">\n\t\t\t<h5 class=\"elementor-heading-title elementor-size-default\">O Grupo de Estudos em Educa\u00e7\u00e3o, Dan\u00e7a e Cultura<\/h5>\t\t<\/div>\n\t\t\t\t<\/div>\n\t\t\t\t\t<\/div>\n\t\t<\/div>\n\t\t\t\t\t<\/div>\n\t\t<\/section>\n\t\t\t\t<section class=\"elementor-section elementor-top-section elementor-element elementor-element-51afec19 elementor-section-boxed elementor-section-height-default elementor-section-height-default\" data-id=\"51afec19\" data-element_type=\"section\">\n\t\t\t\t\t\t<div class=\"elementor-container elementor-column-gap-default\">\n\t\t\t\t\t<div class=\"elementor-column elementor-col-100 elementor-top-column elementor-element elementor-element-217c020\" data-id=\"217c020\" data-element_type=\"column\">\n\t\t\t<div class=\"elementor-widget-wrap elementor-element-populated\">\n\t\t\t\t\t\t<div class=\"elementor-element elementor-element-151e80cd elementor-widget elementor-widget-text-editor\" data-id=\"151e80cd\" data-element_type=\"widget\" data-widget_type=\"text-editor.default\">\n\t\t\t\t<div class=\"elementor-widget-container\">\n\t\t\t\t\t\t\t<p>O Grupo de Estudos em Educa\u00e7\u00e3o, Dan\u00e7a e Cultura (GEEDAC) investiga quest\u00f5es relacionadas ao Ensino de Dan\u00e7a e ao Artista-Docente; Dan\u00e7a e rela\u00e7\u00f5es de G\u00eanero e Sexualidade; Dan\u00e7a e o processo de Envelhecimento.<\/p><p><strong>Coordena\u00e7\u00e3o do Grupo:<\/strong><\/p><p>Prof. Dr. Gustavo Duarte<\/p><p><img fetchpriority=\"high\" decoding=\"async\" class=\"alignleft wp-image-172 size-medium\" src=\"https:\/\/www.ufsm.br\/cursos\/graduacao\/santa-maria\/danca\/wp-content\/uploads\/sites\/461\/2018\/12\/logo_geedac_cores-300x178.jpg\" alt=\"\" width=\"300\" height=\"178\" srcset=\"https:\/\/www.ufsm.br\/app\/uploads\/sites\/461\/2018\/12\/logo_geedac_cores-300x178.jpg 300w, https:\/\/www.ufsm.br\/app\/uploads\/sites\/461\/2018\/12\/logo_geedac_cores-768x455.jpg 768w, https:\/\/www.ufsm.br\/app\/uploads\/sites\/461\/2018\/12\/logo_geedac_cores.jpg 863w\" sizes=\"(max-width: 300px) 100vw, 300px\" \/><\/p>\t\t\t\t\t\t<\/div>\n\t\t\t\t<\/div>\n\t\t\t\t\t<\/div>\n\t\t<\/div>\n\t\t\t\t\t<\/div>\n\t\t<\/section>\n\t\t\t\t<\/div>\n\t\t","protected":false},"excerpt":{"rendered":"<p>O Grupo de Estudos em Educa\u00e7\u00e3o, Dan\u00e7a e Cultura O Grupo de Estudos em Educa\u00e7\u00e3o, Dan\u00e7a e Cultura (GEEDAC) investiga quest\u00f5es relacionadas ao Ensino de Dan\u00e7a e ao Artista-Docente; Dan\u00e7a e rela\u00e7\u00f5es de G\u00eanero e Sexualidade; Dan\u00e7a e o processo de Envelhecimento. Coordena\u00e7\u00e3o do Grupo: Prof. Dr. Gustavo Duarte<\/p>\n","protected":false},"author":115,"featured_media":0,"parent":0,"menu_order":0,"comment_status":"closed","ping_status":"closed","template":"","meta":{"footnotes":""},"categories":[],"tags":[],"class_list":["post-171","page","type-page","status-publish","hentry"],"acf":[],"_links":{"self":[{"href":"https:\/\/www.ufsm.br\/cursos\/graduacao\/santa-maria\/danca\/wp-json\/wp\/v2\/pages\/171","targetHints":{"allow":["GET"]}}],"collection":[{"href":"https:\/\/www.ufsm.br\/cursos\/graduacao\/santa-maria\/danca\/wp-json\/wp\/v2\/pages"}],"about":[{"href":"https:\/\/www.ufsm.br\/cursos\/graduacao\/santa-maria\/danca\/wp-json\/wp\/v2\/types\/page"}],"author":[{"embeddable":true,"href":"https:\/\/www.ufsm.br\/cursos\/graduacao\/santa-maria\/danca\/wp-json\/wp\/v2\/users\/115"}],"replies":[{"embeddable":true,"href":"https:\/\/www.ufsm.br\/cursos\/graduacao\/santa-maria\/danca\/wp-json\/wp\/v2\/comments?post=171"}],"version-history":[{"count":0,"href":"https:\/\/www.ufsm.br\/cursos\/graduacao\/santa-maria\/danca\/wp-json\/wp\/v2\/pages\/171\/revisions"}],"wp:attachment":[{"href":"https:\/\/www.ufsm.br\/cursos\/graduacao\/santa-maria\/danca\/wp-json\/wp\/v2\/media?parent=171"}],"wp:term":[{"taxonomy":"category","embeddable":true,"href":"https:\/\/www.ufsm.br\/cursos\/graduacao\/santa-maria\/danca\/wp-json\/wp\/v2\/categories?post=171"},{"taxonomy":"post_tag","embeddable":true,"href":"https:\/\/www.ufsm.br\/cursos\/graduacao\/santa-maria\/danca\/wp-json\/wp\/v2\/tags?post=171"}],"curies":[{"name":"wp","href":"https:\/\/api.w.org\/{rel}","templated":true}]}}