{"id":212,"date":"2018-12-13T16:01:34","date_gmt":"2018-12-13T18:01:34","guid":{"rendered":"https:\/\/www.ufsm.br\/cursos\/graduacao\/santa-maria\/danca\/?page_id=212"},"modified":"2018-12-13T16:01:35","modified_gmt":"2018-12-13T18:01:35","slug":"pibid-danca","status":"publish","type":"page","link":"https:\/\/www.ufsm.br\/cursos\/graduacao\/santa-maria\/danca\/pibid-danca","title":{"rendered":"PIBID Dan\u00e7a"},"content":{"rendered":"<h4><img decoding=\"async\" src=\"http:\/\/coral.ufsm.br\/dancalicenciatura\/images\/Projetos\/pibid.jpg\" alt=\"pibid\" \/><\/h4>\n<h4><\/h4>\n<h4>PIBID DAN\u00c7A:<\/h4>\n<p>O PIBID &#8211; Programa Institucional de Bolsas de Inicia\u00e7\u00e3o \u00e0 Doc\u00eancia na \u00e1rea de Dan\u00e7a visa qualificar a forma\u00e7\u00e3o de alunos\/as na inicia\u00e7\u00e3o ao trabalho educativo em Escolas como Professores de Dan\u00e7a na disciplina de Artes.<\/p>\n<p>&nbsp;<\/p>\n<h4>Coordena\u00e7\u00e3o do PIBID Dan\u00e7a:<\/h4>\n<p>Prof. Dr. Gustavo Duarte<\/p>\n<p>&nbsp;<\/p>\n<h4>Bolsistas:<\/h4>\n<p>Bruna Potrich<br \/>\nBruna Freitas<br \/>\nDjenifer Nascimento<br \/>\nManoel Neto<br \/>\nOneide Santos<\/p>\n<p>&nbsp;<\/p>\n<h4>Supervis\u00e3o:<\/h4>\n<p>Professora Isaura Santoro<\/p>\n<p>&nbsp;<\/p>\n<h4>Locais de atua\u00e7\u00e3o:<\/h4>\n<p>Escola Municipal Vicente Farencena (Camobi)<br \/>\nEscola Estadual General Edson Figueiredo (Nossa Sra. De Lurdes)<\/p>\n<p>&nbsp;<\/p>\n<p><img fetchpriority=\"high\" decoding=\"async\" src=\"http:\/\/coral.ufsm.br\/dancalicenciatura\/images\/Projetos\/pibid-danca.jpg\" alt=\"pibid danca\" width=\"365\" height=\"269\" \/><\/p>\n<p><img decoding=\"async\" src=\"http:\/\/coral.ufsm.br\/dancalicenciatura\/images\/Projetos\/pibid-danca-2.jpg\" alt=\"pibid danca 2\" width=\"364\" height=\"281\" \/><\/p>\n<p><img decoding=\"async\" src=\"http:\/\/coral.ufsm.br\/dancalicenciatura\/images\/Projetos\/pibid-danca-3.jpg\" alt=\"pibid danca 3\" width=\"364\" height=\"262\" \/><\/p>\n","protected":false},"excerpt":{"rendered":"<p>PIBID DAN\u00c7A: O PIBID &#8211; Programa Institucional de Bolsas de Inicia\u00e7\u00e3o \u00e0 Doc\u00eancia na \u00e1rea de Dan\u00e7a visa qualificar a forma\u00e7\u00e3o de alunos\/as na inicia\u00e7\u00e3o ao trabalho educativo em Escolas como Professores de Dan\u00e7a na disciplina de Artes. &nbsp; Coordena\u00e7\u00e3o do PIBID Dan\u00e7a: Prof. Dr. Gustavo Duarte &nbsp; Bolsistas: Bruna Potrich Bruna Freitas Djenifer Nascimento [&hellip;]<\/p>\n","protected":false},"author":194,"featured_media":0,"parent":0,"menu_order":0,"comment_status":"closed","ping_status":"closed","template":"","meta":{"footnotes":""},"categories":[],"tags":[],"class_list":["post-212","page","type-page","status-publish","hentry"],"acf":[],"_links":{"self":[{"href":"https:\/\/www.ufsm.br\/cursos\/graduacao\/santa-maria\/danca\/wp-json\/wp\/v2\/pages\/212","targetHints":{"allow":["GET"]}}],"collection":[{"href":"https:\/\/www.ufsm.br\/cursos\/graduacao\/santa-maria\/danca\/wp-json\/wp\/v2\/pages"}],"about":[{"href":"https:\/\/www.ufsm.br\/cursos\/graduacao\/santa-maria\/danca\/wp-json\/wp\/v2\/types\/page"}],"author":[{"embeddable":true,"href":"https:\/\/www.ufsm.br\/cursos\/graduacao\/santa-maria\/danca\/wp-json\/wp\/v2\/users\/194"}],"replies":[{"embeddable":true,"href":"https:\/\/www.ufsm.br\/cursos\/graduacao\/santa-maria\/danca\/wp-json\/wp\/v2\/comments?post=212"}],"version-history":[{"count":0,"href":"https:\/\/www.ufsm.br\/cursos\/graduacao\/santa-maria\/danca\/wp-json\/wp\/v2\/pages\/212\/revisions"}],"wp:attachment":[{"href":"https:\/\/www.ufsm.br\/cursos\/graduacao\/santa-maria\/danca\/wp-json\/wp\/v2\/media?parent=212"}],"wp:term":[{"taxonomy":"category","embeddable":true,"href":"https:\/\/www.ufsm.br\/cursos\/graduacao\/santa-maria\/danca\/wp-json\/wp\/v2\/categories?post=212"},{"taxonomy":"post_tag","embeddable":true,"href":"https:\/\/www.ufsm.br\/cursos\/graduacao\/santa-maria\/danca\/wp-json\/wp\/v2\/tags?post=212"}],"curies":[{"name":"wp","href":"https:\/\/api.w.org\/{rel}","templated":true}]}}