{"id":231,"date":"2019-04-03T18:22:14","date_gmt":"2019-04-03T21:22:14","guid":{"rendered":"https:\/\/www.ufsm.br\/cursos\/graduacao\/santa-maria\/danca\/?page_id=231"},"modified":"2019-04-03T18:22:16","modified_gmt":"2019-04-03T21:22:16","slug":"trabalho-de-conclusao-de-curso-tcc","status":"publish","type":"page","link":"https:\/\/www.ufsm.br\/cursos\/graduacao\/santa-maria\/danca\/trabalho-de-conclusao-de-curso-tcc","title":{"rendered":"Trabalho de Conclus\u00e3o de Curso (TCC)"},"content":{"rendered":"\n<p><span style=\"font-weight: 400\">O Trabalho de Conclus\u00e3o de Curso organiza-se ao longo de dois semestres, atrav\u00e9s das disciplinas TCC \u2013 Laborat\u00f3rio de T\u00e9cnica, Cria\u00e7\u00e3o e Performance em Dan\u00e7a I e II. Nessas disciplinas, com carga hor\u00e1ria de 180 horas cada, o aluno deve agregar o conhecimento adquirido nos semestres anteriores, elaborando um processo que envolva a constru\u00e7\u00e3o de uma proposta de prepara\u00e7\u00e3o t\u00e9cnica para subsidiar um processo criativo que, por sua vez, culminar\u00e1 em uma composi\u00e7\u00e3o coreogr\u00e1fica coletiva a ser apresentada publicamente. Ao final do segundo semestre, al\u00e9m da apresenta\u00e7\u00e3o p\u00fablica do trabalho coreogr\u00e1fico, o aluno dever\u00e1 entregar um relato reflexivo do processo, demonstrando clareza e coer\u00eancia na exposi\u00e7\u00e3o das ideias, e propriedade para justificar suas escolhas art\u00edsticas. <\/span><\/p>\n<p><span style=\"font-weight: 400\">De acordo com as discuss\u00f5es realizadas no NDE, optou-se, at\u00e9 o momento, por n\u00e3o normatizar a forma de orienta\u00e7\u00e3o e realiza\u00e7\u00e3o dos dois semestres do TCC de maneira fechada. Pretende-se, ao menos para as primeiras turmas, que esta defini\u00e7\u00e3o aconte\u00e7a a cada in\u00edcio de ano, conforme o perfil da turma e dos orientadores dispon\u00edveis no per\u00edodo. Para tanto, nomear-se-\u00e1 uma Comiss\u00e3o de TCC composta de, no m\u00ednimo, tr\u00eas professores, incluindo o(s) respons\u00e1vel(is) pelas disciplinas. Sempre em concord\u00e2ncia com o que est\u00e1 estabelecido pelo PPC.<\/span><\/p>\n<p><span style=\"font-weight: 400\">Em linhas gerais, ao longo do primeiro semestre, o grupo de alunos matriculados na disciplina tem aulas pr\u00e1ticas e te\u00f3ricas com um ou mais professores respons\u00e1veis pela disciplina, no sentido de elaborar, na articula\u00e7\u00e3o entre teoria e pr\u00e1tica, seu projeto de pesquisa, bem como desenvolver uma primeira vers\u00e3o da proposta coreogr\u00e1fica a ser apresentada, na condi\u00e7\u00e3o de estudo preliminar, a uma banca composta por tr\u00eas professores. Esta banca tem car\u00e1ter consultivo, e visa auxiliar o aluno e o(s) orientadores) no direcionamento final da proposta, bem como \u00e9 o momento em que s\u00e3o formalizadas a inser\u00e7\u00e3o e o convite para coorienta\u00e7\u00f5es. <\/span><\/p>\n<p><span style=\"font-weight: 400\">No segundo semestre, desenvolve-se a proposta apresentada como estudo. Esta deve consistir numa composi\u00e7\u00e3o coreogr\u00e1fica a ser apresentada coletivamente no final do semestre. Entretanto, uma mesma proposta coreogr\u00e1fica pode contemplar diferentes projetos individuais de pesquisa. A orienta\u00e7\u00e3o, por sua vez, pode ser da proposta como um todo, abarcando todos os estudantes envolvidos, ou ser individualizada, havendo um orientador por projeto de pesquisa. Do mesmo modo, o(s) orientador(es) pode(m) ou n\u00e3o ser respons\u00e1vel(is) pela dire\u00e7\u00e3o da obra. <\/span><\/p>\n<p><span style=\"font-weight: 400\">Essas decis\u00f5es ser\u00e3o tomadas no primeiro semestre de TCC pela Comiss\u00e3o, levando em conta a disponibilidade de professores orientadores no per\u00edodo, o perfil da turma e as propostas apresentadas pelos alunos. Pretende-se, assim, contemplar afinidades entre projetos de pesquisa de discentes e docentes, bem como equacionar diferentes propostas de modo a potencializar sua dimens\u00e3o criativa e garantir sua viabilidade pr\u00e1tica. <\/span><\/p>\n<p><span style=\"font-weight: 400\">Ao final do segundo semestre, a apresenta\u00e7\u00e3o do trabalho coreogr\u00e1fico, bem como o relato reflexivo entregue, ser\u00e3o avaliados por uma banca composta por tr\u00eas professores, incluindo o orientador, mediante sess\u00e3o p\u00fablica de defesa de TCC. <\/span><\/p>\n","protected":false},"excerpt":{"rendered":"<p>O Trabalho de Conclus\u00e3o de Curso organiza-se ao longo de dois semestres, atrav\u00e9s das disciplinas TCC \u2013 Laborat\u00f3rio de T\u00e9cnica, Cria\u00e7\u00e3o e Performance em Dan\u00e7a I e II. Nessas disciplinas, com carga hor\u00e1ria de 180 horas cada, o aluno deve agregar o conhecimento adquirido nos semestres anteriores, elaborando um processo que envolva a constru\u00e7\u00e3o de [&hellip;]<\/p>\n","protected":false},"author":118,"featured_media":0,"parent":0,"menu_order":0,"comment_status":"closed","ping_status":"closed","template":"","meta":{"footnotes":""},"categories":[],"tags":[],"class_list":["post-231","page","type-page","status-publish","hentry"],"acf":[],"_links":{"self":[{"href":"https:\/\/www.ufsm.br\/cursos\/graduacao\/santa-maria\/danca\/wp-json\/wp\/v2\/pages\/231","targetHints":{"allow":["GET"]}}],"collection":[{"href":"https:\/\/www.ufsm.br\/cursos\/graduacao\/santa-maria\/danca\/wp-json\/wp\/v2\/pages"}],"about":[{"href":"https:\/\/www.ufsm.br\/cursos\/graduacao\/santa-maria\/danca\/wp-json\/wp\/v2\/types\/page"}],"author":[{"embeddable":true,"href":"https:\/\/www.ufsm.br\/cursos\/graduacao\/santa-maria\/danca\/wp-json\/wp\/v2\/users\/118"}],"replies":[{"embeddable":true,"href":"https:\/\/www.ufsm.br\/cursos\/graduacao\/santa-maria\/danca\/wp-json\/wp\/v2\/comments?post=231"}],"version-history":[{"count":0,"href":"https:\/\/www.ufsm.br\/cursos\/graduacao\/santa-maria\/danca\/wp-json\/wp\/v2\/pages\/231\/revisions"}],"wp:attachment":[{"href":"https:\/\/www.ufsm.br\/cursos\/graduacao\/santa-maria\/danca\/wp-json\/wp\/v2\/media?parent=231"}],"wp:term":[{"taxonomy":"category","embeddable":true,"href":"https:\/\/www.ufsm.br\/cursos\/graduacao\/santa-maria\/danca\/wp-json\/wp\/v2\/categories?post=231"},{"taxonomy":"post_tag","embeddable":true,"href":"https:\/\/www.ufsm.br\/cursos\/graduacao\/santa-maria\/danca\/wp-json\/wp\/v2\/tags?post=231"}],"curies":[{"name":"wp","href":"https:\/\/api.w.org\/{rel}","templated":true}]}}