{"id":233,"date":"2019-04-03T18:24:20","date_gmt":"2019-04-03T21:24:20","guid":{"rendered":"https:\/\/www.ufsm.br\/cursos\/graduacao\/santa-maria\/danca\/?page_id=233"},"modified":"2019-04-03T18:24:22","modified_gmt":"2019-04-03T21:24:22","slug":"forma-de-acesso-ao-curso","status":"publish","type":"page","link":"https:\/\/www.ufsm.br\/cursos\/graduacao\/santa-maria\/danca\/forma-de-acesso-ao-curso","title":{"rendered":"Forma de Acesso ao Curso"},"content":{"rendered":"\n<p><span style=\"font-weight: 400\">O Curso de Dan\u00e7a &#8211; Bacharelado possui uma entrada anual com quinze vagas. Ao longo dos tr\u00eas anos de funcionamento do curso, a forma de ingresso foi sendo modificada de acordo com as transforma\u00e7\u00f5es no modelo da universidade e aprimorada a fim de corresponder \u00e0 sua previs\u00e3o original, que contava com Prova de Conhecimentos Espec\u00edficos. <\/span><\/p>\n<p><span style=\"font-weight: 400\">No primeiro ano, o ingresso ocorreu mediante vestibular, sem a realiza\u00e7\u00e3o de Prova de Conhecimentos Espec\u00edficos devido \u00e0 impossibilidade de responder ao calend\u00e1rio da universidade para a publica\u00e7\u00e3o do edital de ingresso, uma vez que o curso estava finalizando seu processo de implementa\u00e7\u00e3o. Em 2014 e 2015, j\u00e1 com a primeira parte do corpo docente em atividade no momento de lan\u00e7amento do edital, o ingresso p\u00f4de contar com a Prova de Conhecimentos Espec\u00edficos, que compunha com a nota do vestibular, tendo peso 5. Como no primeiro ano, foram reservados 20% das vagas para ingresso atrav\u00e9s da nota do ENEM, desta vez somada \u00e0 nota da Prova de Conhecimentos Espec\u00edficos, na mesma propor\u00e7\u00e3o do ingresso via vestibular. <\/span><\/p>\n<p><span style=\"font-weight: 400\">A partir de 2016, a universidade mudou seu sistema de ingresso, que passou a funcionar atrav\u00e9s do SISu. Entretanto, como este sistema ainda n\u00e3o contemplava a possibilidade de realiza\u00e7\u00e3o da Prova de Conhecimentos Espec\u00edficos, o ingresso para o Curso de Dan\u00e7a \u2013 Bacharelado passou a ocorrer atrav\u00e9s de Edital espec\u00edfico (em conjunto com a M\u00fasica e a Educa\u00e7\u00e3o F\u00edsica), utilizando a nota do ENEM e a realiza\u00e7\u00e3o da Prova de Conhecimentos Espec\u00edficos, cuja nota tem peso 5. \u00c9 importante salientar que a realiza\u00e7\u00e3o desta Prova visa incluir dentre os conhecimentos b\u00e1sicos valorados do candidato aqueles espec\u00edficos \u00e0 pr\u00e1tica da dan\u00e7a, independentemente de t\u00e9cnica ou estilo escolhidos. Trata-se, a nosso ver, de uma medida para valorizar conhecimentos necess\u00e1rios a uma forma\u00e7\u00e3o superior na \u00e1rea da dan\u00e7a, que ainda n\u00e3o se encontram contemplados na avalia\u00e7\u00e3o do ENEM.<\/span><\/p>\n","protected":false},"excerpt":{"rendered":"<p>O Curso de Dan\u00e7a &#8211; Bacharelado possui uma entrada anual com quinze vagas. Ao longo dos tr\u00eas anos de funcionamento do curso, a forma de ingresso foi sendo modificada de acordo com as transforma\u00e7\u00f5es no modelo da universidade e aprimorada a fim de corresponder \u00e0 sua previs\u00e3o original, que contava com Prova de Conhecimentos Espec\u00edficos. [&hellip;]<\/p>\n","protected":false},"author":118,"featured_media":0,"parent":0,"menu_order":0,"comment_status":"closed","ping_status":"closed","template":"","meta":{"footnotes":""},"categories":[],"tags":[],"class_list":["post-233","page","type-page","status-publish","hentry"],"acf":[],"_links":{"self":[{"href":"https:\/\/www.ufsm.br\/cursos\/graduacao\/santa-maria\/danca\/wp-json\/wp\/v2\/pages\/233","targetHints":{"allow":["GET"]}}],"collection":[{"href":"https:\/\/www.ufsm.br\/cursos\/graduacao\/santa-maria\/danca\/wp-json\/wp\/v2\/pages"}],"about":[{"href":"https:\/\/www.ufsm.br\/cursos\/graduacao\/santa-maria\/danca\/wp-json\/wp\/v2\/types\/page"}],"author":[{"embeddable":true,"href":"https:\/\/www.ufsm.br\/cursos\/graduacao\/santa-maria\/danca\/wp-json\/wp\/v2\/users\/118"}],"replies":[{"embeddable":true,"href":"https:\/\/www.ufsm.br\/cursos\/graduacao\/santa-maria\/danca\/wp-json\/wp\/v2\/comments?post=233"}],"version-history":[{"count":0,"href":"https:\/\/www.ufsm.br\/cursos\/graduacao\/santa-maria\/danca\/wp-json\/wp\/v2\/pages\/233\/revisions"}],"wp:attachment":[{"href":"https:\/\/www.ufsm.br\/cursos\/graduacao\/santa-maria\/danca\/wp-json\/wp\/v2\/media?parent=233"}],"wp:term":[{"taxonomy":"category","embeddable":true,"href":"https:\/\/www.ufsm.br\/cursos\/graduacao\/santa-maria\/danca\/wp-json\/wp\/v2\/categories?post=233"},{"taxonomy":"post_tag","embeddable":true,"href":"https:\/\/www.ufsm.br\/cursos\/graduacao\/santa-maria\/danca\/wp-json\/wp\/v2\/tags?post=233"}],"curies":[{"name":"wp","href":"https:\/\/api.w.org\/{rel}","templated":true}]}}