{"id":167,"date":"2019-01-07T09:15:32","date_gmt":"2019-01-07T11:15:32","guid":{"rendered":"https:\/\/www.ufsm.br\/cursos\/graduacao\/santa-maria\/desenho-industrial\/?page_id=167"},"modified":"2025-12-12T07:30:39","modified_gmt":"2025-12-12T10:30:39","slug":"representacao-estudantil","status":"publish","type":"page","link":"https:\/\/www.ufsm.br\/cursos\/graduacao\/santa-maria\/desenho-industrial\/representacao-estudantil","title":{"rendered":"Representa\u00e7\u00e3o Estudantil"},"content":{"rendered":"\t\t<div data-elementor-type=\"wp-page\" data-elementor-id=\"167\" class=\"elementor elementor-167\">\n\t\t\t\t\t\t<section class=\"elementor-section elementor-top-section elementor-element elementor-element-746a0e84 elementor-section-boxed elementor-section-height-default elementor-section-height-default\" data-id=\"746a0e84\" data-element_type=\"section\">\n\t\t\t\t\t\t<div class=\"elementor-container elementor-column-gap-default\">\n\t\t\t\t\t<div class=\"elementor-column elementor-col-100 elementor-top-column elementor-element elementor-element-6ea7dfe3\" data-id=\"6ea7dfe3\" data-element_type=\"column\">\n\t\t\t<div class=\"elementor-widget-wrap elementor-element-populated\">\n\t\t\t\t\t\t<div class=\"elementor-element elementor-element-124d170d elementor-widget elementor-widget-text-editor\" data-id=\"124d170d\" data-element_type=\"widget\" data-widget_type=\"text-editor.default\">\n\t\t\t\t<div class=\"elementor-widget-container\">\n\t\t\t\t\t\t\t<!-- wp:tadv\/classic-paragraph -->\n<p><span style=\"font-weight: 400\">A representa\u00e7\u00e3o estudantil \u00e9 um dos pilares da vida acad\u00eamica, assegurando a participa\u00e7\u00e3o ativa dos discentes nas decis\u00f5es e na constru\u00e7\u00e3o da comunidade universit\u00e1ria.<\/span><\/p>\n<p><span style=\"font-weight: 400\">O <strong>Diret\u00f3rio Acad\u00eamico do Desenho Industrial (CADI)<\/strong> \u00e9 a entidade que representa o corpo discente do curso. Sem fins lucrativos e formado por estudantes, o CADI atua na defesa de interesses, na organiza\u00e7\u00e3o de eventos e na participa\u00e7\u00e3o em inst\u00e2ncias deliberativas. Sua diretoria \u00e9 composta por Coordena\u00e7\u00e3o-Geral, Secretaria, Tesouraria, Comunica\u00e7\u00e3o e Eventos. As atividades e informa\u00e7\u00f5es podem ser acompanhadas pelas redes sociais <em>@cadiufsm<\/em>.<\/span><\/p>\n<p><span style=\"font-weight: 400\">Al\u00e9m da representa\u00e7\u00e3o institucional, a diretoria do CADI \u00e9 tamb\u00e9m respons\u00e1vel pela organiza\u00e7\u00e3o da <strong>Semana Acad\u00eamica do Desenho Industrial (SADI)<\/strong>, evento anual que ocorre simultaneamente \u00e0 Jornada Acad\u00eamica Integrada (JAI) da UFSM. A SADI tem como objetivo promover a integra\u00e7\u00e3o entre estudantes, professores, egressos e profissionais convidados, por meio de oficinas, palestras, exposi\u00e7\u00f5es, debates e viv\u00eancias pr\u00e1ticas, configurando-se como uma oportunidade de aprendizado e networking que amplia o contato com o mercado e com as diversas \u00e1reas de atua\u00e7\u00e3o do(a) desenhista industrial. As atividades e informa\u00e7\u00f5es podem ser acompanhadas pelas redes sociais <em>@sadi.ufsm<\/em>.<\/span><\/p>\n<p><span style=\"font-weight: 400\">No \u00e2mbito institucional mais amplo, o <strong>Diret\u00f3rio Central dos Estudantes (DCE)<\/strong> representa todos(as) os(as) estudantes da UFSM em pautas gerais. J\u00e1 o Conselho de Diret\u00f3rios Acad\u00eamicos (CDA) re\u00fane periodicamente os DAs dos cursos para delibera\u00e7\u00f5es conjuntas.<\/span><\/p>\n<p><span style=\"font-weight: 400\">Em n\u00edvel estadual e nacional, a representa\u00e7\u00e3o estudantil se articula por meio da <strong>Uni\u00e3o Estadual dos Estudantes (UEE)<\/strong> e da <strong>Uni\u00e3o Nacional dos Estudantes (UNE)<\/strong>, entidade m\u00e1xima do movimento estudantil brasileiro.<\/span><\/p>\n<p>\u00a0<\/p>\n<!-- \/wp:tadv\/classic-paragraph -->\t\t\t\t\t\t<\/div>\n\t\t\t\t<\/div>\n\t\t\t\t\t<\/div>\n\t\t<\/div>\n\t\t\t\t\t<\/div>\n\t\t<\/section>\n\t\t\t\t<\/div>\n\t\t","protected":false},"excerpt":{"rendered":"<p>A representa\u00e7\u00e3o estudantil \u00e9 um dos pilares da vida acad\u00eamica, assegurando a participa\u00e7\u00e3o ativa dos discentes nas decis\u00f5es e na constru\u00e7\u00e3o da comunidade universit\u00e1ria. O Diret\u00f3rio Acad\u00eamico do Desenho Industrial (CADI) \u00e9 a entidade que representa o corpo discente do curso. Sem fins lucrativos e formado por estudantes, o CADI atua na defesa de interesses, [&hellip;]<\/p>\n","protected":false},"author":194,"featured_media":0,"parent":0,"menu_order":0,"comment_status":"closed","ping_status":"closed","template":"","meta":{"footnotes":""},"categories":[],"tags":[],"class_list":["post-167","page","type-page","status-publish","hentry"],"acf":[],"_links":{"self":[{"href":"https:\/\/www.ufsm.br\/cursos\/graduacao\/santa-maria\/desenho-industrial\/wp-json\/wp\/v2\/pages\/167","targetHints":{"allow":["GET"]}}],"collection":[{"href":"https:\/\/www.ufsm.br\/cursos\/graduacao\/santa-maria\/desenho-industrial\/wp-json\/wp\/v2\/pages"}],"about":[{"href":"https:\/\/www.ufsm.br\/cursos\/graduacao\/santa-maria\/desenho-industrial\/wp-json\/wp\/v2\/types\/page"}],"author":[{"embeddable":true,"href":"https:\/\/www.ufsm.br\/cursos\/graduacao\/santa-maria\/desenho-industrial\/wp-json\/wp\/v2\/users\/194"}],"replies":[{"embeddable":true,"href":"https:\/\/www.ufsm.br\/cursos\/graduacao\/santa-maria\/desenho-industrial\/wp-json\/wp\/v2\/comments?post=167"}],"version-history":[{"count":0,"href":"https:\/\/www.ufsm.br\/cursos\/graduacao\/santa-maria\/desenho-industrial\/wp-json\/wp\/v2\/pages\/167\/revisions"}],"wp:attachment":[{"href":"https:\/\/www.ufsm.br\/cursos\/graduacao\/santa-maria\/desenho-industrial\/wp-json\/wp\/v2\/media?parent=167"}],"wp:term":[{"taxonomy":"category","embeddable":true,"href":"https:\/\/www.ufsm.br\/cursos\/graduacao\/santa-maria\/desenho-industrial\/wp-json\/wp\/v2\/categories?post=167"},{"taxonomy":"post_tag","embeddable":true,"href":"https:\/\/www.ufsm.br\/cursos\/graduacao\/santa-maria\/desenho-industrial\/wp-json\/wp\/v2\/tags?post=167"}],"curies":[{"name":"wp","href":"https:\/\/api.w.org\/{rel}","templated":true}]}}