{"id":407,"date":"2019-05-22T14:34:11","date_gmt":"2019-05-22T17:34:11","guid":{"rendered":"https:\/\/www.ufsm.br\/cursos\/graduacao\/santa-maria\/desenho-industrial\/?page_id=407"},"modified":"2019-05-22T14:34:13","modified_gmt":"2019-05-22T17:34:13","slug":"apresentacao-de-trabalhos","status":"publish","type":"page","link":"https:\/\/www.ufsm.br\/cursos\/graduacao\/santa-maria\/desenho-industrial\/apresentacao-de-trabalhos","title":{"rendered":"Apresenta\u00e7\u00e3o de trabalhos\u00a0"},"content":{"rendered":"\n<p class=\"titulo2\">Apresenta\u00e7\u00e3o de Trabalhos 14\u00ba N Design<br \/><span class=\"titulo\">Regulamento<\/span><\/p>\n<p class=\"texto\">1. Para a inscri\u00e7\u00e3o, ser\u00e1 necess\u00e1rio preencher o formul\u00e1rio de apresenta\u00e7\u00e3o de trabalhos disponibilizado no site do 14\u00ba N Design (http:\/\/www.ufsm.br\/ndesign) durante o per\u00edodo de\u00a0<strong>19\/04\/2004 a 11\/06\/2004<\/strong>.<\/p>\n<p class=\"texto\">2.<strong>\u00a0S\u00f3 ser\u00e3o aceitos trabalhos em que o autor do projeto j\u00e1 esteja com a inscri\u00e7\u00e3o do encontro confirmada.<\/strong><\/p>\n<p class=\"texto\">3. Ser\u00e3o aceitos preferencialmente projetos de alunos graduados ou em vias de gradua\u00e7\u00e3o (alunos no semestre ou ano da gradua\u00e7\u00e3o) de cursos superiores de design.<\/p>\n<p class=\"texto\">4. Junto com o formul\u00e1rio, o aluno dever\u00e1 anexar:<br \/>a) c\u00f3pia da apresenta\u00e7\u00e3o ou trabalho em CD-ROM;<br \/>b) atestado comprovando o registro do trabalho junto \u00e0 institui\u00e7\u00e3o de ensino, assinado pelo professor orientador.<\/p>\n<p class=\"texto\">5. Os trabalhos poder\u00e3o ser entregues \u00e0 organiza\u00e7\u00e3o do evento sob duas formas:<br \/>a) pelo correio at\u00e9 11\/06\/2004\u00a0<br \/>(valendo o timbre da ECT como comprovante da data de postagem):<\/p>\n<p class=\"texto\"><strong>14\u00ba Encontro Nacional de Estudantes de Design<\/strong><br \/>Universidade Federal de Santa Maria<br \/>Centro de Artes e Letras<br \/>Curso de Desenho Industrial<br \/>Pr\u00e9dio 40, sala 1136<br \/>Campus Universit\u00e1rio &#8211; Camobi\u00a0<br \/>Santa Maria &#8211; RS CEP: 97105-900<br \/>A\/C Tereza Bettinardi<\/p>\n<p class=\"texto\">b) pessoalmente no dia 11\/06\/2004, das 9h \u00e0s 12h e das 14h \u00e0s 17h na sala da CONDe (Campus UFSM, Centro de Artes e Letras, Sala 1136).<\/p>\n<p class=\"texto\">6. N\u00e3o ser\u00e3o aceitos trabalhos entregues fora da data.<\/p>\n<p class=\"texto\">7. Ao todo ser\u00e3o 16 trabalhos selecionados, na qual a sele\u00e7\u00e3o ser\u00e1 feita por uma comiss\u00e3o de professores e membros da CONDe, seguindo os crit\u00e9rios abaixo:<br \/>a) coer\u00eancia e originalidade do tema;<br \/>b) qualidade do conte\u00fado;<br \/>c) qualidade da apresenta\u00e7\u00e3o.<\/p>\n<p class=\"texto\">8. A divulga\u00e7\u00e3o dos trabalhos selecionados estar\u00e1 dispon\u00edvel no site do 14\u00ba N Design (http:\/\/www.ufsm.br\/ndesign) no dia\u00a0<strong>05\/07\/2004<\/strong>.<\/p>\n<p class=\"texto\">9. As apresenta\u00e7\u00f5es acontecer\u00e3o antes de cada palestra da tarde. Onde o estudante ter\u00e1 no m\u00e1ximo 20 minutos para a exposi\u00e7\u00e3o de seu trabalho e mais 10 minutos para poss\u00edveis questionamentos.<\/p>\n<p class=\"texto\">10. O estudante que apresentar seu trabalho receber\u00e1 certificado de apresenta\u00e7\u00e3o.<\/p>\n<p class=\"texto\">11. A realiza\u00e7\u00e3o da inscri\u00e7\u00e3o implica na aceita\u00e7\u00e3o de todas as condi\u00e7\u00f5es acima.<\/p>\n","protected":false},"excerpt":{"rendered":"<p>Apresenta\u00e7\u00e3o de Trabalhos 14\u00ba N DesignRegulamento 1. Para a inscri\u00e7\u00e3o, ser\u00e1 necess\u00e1rio preencher o formul\u00e1rio de apresenta\u00e7\u00e3o de trabalhos disponibilizado no site do 14\u00ba N Design (http:\/\/www.ufsm.br\/ndesign) durante o per\u00edodo de\u00a019\/04\/2004 a 11\/06\/2004. 2.\u00a0S\u00f3 ser\u00e3o aceitos trabalhos em que o autor do projeto j\u00e1 esteja com a inscri\u00e7\u00e3o do encontro confirmada. 3. Ser\u00e3o aceitos preferencialmente [&hellip;]<\/p>\n","protected":false},"author":115,"featured_media":0,"parent":0,"menu_order":0,"comment_status":"closed","ping_status":"closed","template":"","meta":{"footnotes":""},"categories":[],"tags":[],"class_list":["post-407","page","type-page","status-publish","hentry"],"acf":[],"_links":{"self":[{"href":"https:\/\/www.ufsm.br\/cursos\/graduacao\/santa-maria\/desenho-industrial\/wp-json\/wp\/v2\/pages\/407","targetHints":{"allow":["GET"]}}],"collection":[{"href":"https:\/\/www.ufsm.br\/cursos\/graduacao\/santa-maria\/desenho-industrial\/wp-json\/wp\/v2\/pages"}],"about":[{"href":"https:\/\/www.ufsm.br\/cursos\/graduacao\/santa-maria\/desenho-industrial\/wp-json\/wp\/v2\/types\/page"}],"author":[{"embeddable":true,"href":"https:\/\/www.ufsm.br\/cursos\/graduacao\/santa-maria\/desenho-industrial\/wp-json\/wp\/v2\/users\/115"}],"replies":[{"embeddable":true,"href":"https:\/\/www.ufsm.br\/cursos\/graduacao\/santa-maria\/desenho-industrial\/wp-json\/wp\/v2\/comments?post=407"}],"version-history":[{"count":0,"href":"https:\/\/www.ufsm.br\/cursos\/graduacao\/santa-maria\/desenho-industrial\/wp-json\/wp\/v2\/pages\/407\/revisions"}],"wp:attachment":[{"href":"https:\/\/www.ufsm.br\/cursos\/graduacao\/santa-maria\/desenho-industrial\/wp-json\/wp\/v2\/media?parent=407"}],"wp:term":[{"taxonomy":"category","embeddable":true,"href":"https:\/\/www.ufsm.br\/cursos\/graduacao\/santa-maria\/desenho-industrial\/wp-json\/wp\/v2\/categories?post=407"},{"taxonomy":"post_tag","embeddable":true,"href":"https:\/\/www.ufsm.br\/cursos\/graduacao\/santa-maria\/desenho-industrial\/wp-json\/wp\/v2\/tags?post=407"}],"curies":[{"name":"wp","href":"https:\/\/api.w.org\/{rel}","templated":true}]}}