{"id":408,"date":"2019-05-22T14:34:39","date_gmt":"2019-05-22T17:34:39","guid":{"rendered":"https:\/\/www.ufsm.br\/cursos\/graduacao\/santa-maria\/desenho-industrial\/?page_id=408"},"modified":"2019-05-22T14:34:41","modified_gmt":"2019-05-22T17:34:41","slug":"mostra-de-videos","status":"publish","type":"page","link":"https:\/\/www.ufsm.br\/cursos\/graduacao\/santa-maria\/desenho-industrial\/mostra-de-videos","title":{"rendered":"Mostra de v\u00eddeos"},"content":{"rendered":"\n<p class=\"titulo2\">Mostra de V\u00eddeos no 14\u00ba N Design<\/p>\n<p class=\"texto\">Durante o 14\u00ba N Design, os tradicionais v\u00eddeos das delega\u00e7\u00f5es ter\u00e3o seu espa\u00e7o. Com o objetivo de expor as diversas realidades dos estudantes de Design do pa\u00eds, os v\u00eddeos, al\u00e9m de apresentar o espa\u00e7o f\u00edsico das faculdade e seus respectivos atores, podem demonstrar suas a\u00e7\u00f5es.<\/p>\n<p class=\"texto\">Por esta raz\u00e3o, desafiamos voc\u00ea e seus colegas a apresentar como est\u00e3o contribuindo para a divulga\u00e7\u00e3o e promo\u00e7\u00e3o do design na sua cidade. Seja atrav\u00e9s de projetos para a comunidade, manifesta\u00e7\u00f5es p\u00fablicas&#8230;<\/p>\n<p class=\"texto\">1. Os v\u00eddeos dever\u00e3o ter a dura\u00e7\u00e3o m\u00e1xima de 1&#8217;30&#8221; e dever\u00e3o ser enviados em fita VHS ou miniDV devidamente etiquetadas com os seguintes dados:<\/p>\n<p class=\"texto\">a) Nome completo do estudante respons\u00e1vel, telefone, endere\u00e7o completo e e-mail;<br \/>b) Institui\u00e7\u00e3o de ensino;<br \/>c) T\u00edtulo;<br \/>d) Resumo.<\/p>\n<p class=\"texto\">2. Os v\u00eddeos dever\u00e3o ser enviados at\u00e9 o dia\u00a0<strong>09\/07\/2004<\/strong>\u00a0para o seguinte endere\u00e7o:<\/p>\n<p class=\"texto\"><strong>14\u00ba Encontro Nacional de Estudantes de Design<\/strong><br \/>Universidade Federal de Santa Maria<br \/>Centro de Artes e Letras<br \/>Curso de Desenho Industrial<br \/>Pr\u00e9dio 40, sala 1136<br \/>Campus Universit\u00e1rio &#8211; Camobi\u00a0<br \/>Santa Maria &#8211; RS CEP: 97105-900<br \/>A\/C Tereza Bettinardi<\/p>\n<p class=\"texto\">3. V\u00eddeos n\u00e3o enviados at\u00e9 essa data e que ser\u00e3o trazidos pelas delega\u00e7\u00f5es durante o evento, dever\u00e3o ter suas respectivas fichas t\u00e9cnicas enviadas para o e-mail:\u00a0<a href=\"mailto:conde2004@mail.ufsm.br?v%C3%ADdeo%2014%C2%BA%20N%20Design\">conde2004@mail.ufsm.br<\/a>\u00a0com o assunto\/subject: &#8220;V\u00eddeo 14\u00ba N Design&#8221; at\u00e9 o dia 09\/07\/2004.<\/p>\n","protected":false},"excerpt":{"rendered":"<p>Mostra de V\u00eddeos no 14\u00ba N Design Durante o 14\u00ba N Design, os tradicionais v\u00eddeos das delega\u00e7\u00f5es ter\u00e3o seu espa\u00e7o. Com o objetivo de expor as diversas realidades dos estudantes de Design do pa\u00eds, os v\u00eddeos, al\u00e9m de apresentar o espa\u00e7o f\u00edsico das faculdade e seus respectivos atores, podem demonstrar suas a\u00e7\u00f5es. Por esta raz\u00e3o, [&hellip;]<\/p>\n","protected":false},"author":115,"featured_media":0,"parent":0,"menu_order":0,"comment_status":"closed","ping_status":"closed","template":"","meta":{"footnotes":""},"categories":[],"tags":[],"class_list":["post-408","page","type-page","status-publish","hentry"],"acf":[],"_links":{"self":[{"href":"https:\/\/www.ufsm.br\/cursos\/graduacao\/santa-maria\/desenho-industrial\/wp-json\/wp\/v2\/pages\/408","targetHints":{"allow":["GET"]}}],"collection":[{"href":"https:\/\/www.ufsm.br\/cursos\/graduacao\/santa-maria\/desenho-industrial\/wp-json\/wp\/v2\/pages"}],"about":[{"href":"https:\/\/www.ufsm.br\/cursos\/graduacao\/santa-maria\/desenho-industrial\/wp-json\/wp\/v2\/types\/page"}],"author":[{"embeddable":true,"href":"https:\/\/www.ufsm.br\/cursos\/graduacao\/santa-maria\/desenho-industrial\/wp-json\/wp\/v2\/users\/115"}],"replies":[{"embeddable":true,"href":"https:\/\/www.ufsm.br\/cursos\/graduacao\/santa-maria\/desenho-industrial\/wp-json\/wp\/v2\/comments?post=408"}],"version-history":[{"count":0,"href":"https:\/\/www.ufsm.br\/cursos\/graduacao\/santa-maria\/desenho-industrial\/wp-json\/wp\/v2\/pages\/408\/revisions"}],"wp:attachment":[{"href":"https:\/\/www.ufsm.br\/cursos\/graduacao\/santa-maria\/desenho-industrial\/wp-json\/wp\/v2\/media?parent=408"}],"wp:term":[{"taxonomy":"category","embeddable":true,"href":"https:\/\/www.ufsm.br\/cursos\/graduacao\/santa-maria\/desenho-industrial\/wp-json\/wp\/v2\/categories?post=408"},{"taxonomy":"post_tag","embeddable":true,"href":"https:\/\/www.ufsm.br\/cursos\/graduacao\/santa-maria\/desenho-industrial\/wp-json\/wp\/v2\/tags?post=408"}],"curies":[{"name":"wp","href":"https:\/\/api.w.org\/{rel}","templated":true}]}}