{"id":5,"date":"2018-01-18T08:39:17","date_gmt":"2018-01-18T10:39:17","guid":{"rendered":"https:\/\/www.ufsm.br\/cursos\/graduacao\/nutricao\/12352\/?page_id=5"},"modified":"2025-12-12T08:21:55","modified_gmt":"2025-12-12T11:21:55","slug":"pagina-inicial","status":"publish","type":"page","link":"https:\/\/www.ufsm.br\/cursos\/graduacao\/santa-maria\/desenho-industrial\/","title":{"rendered":"P\u00e1gina Inicial"},"content":{"rendered":"\t\t<div data-elementor-type=\"wp-post\" data-elementor-id=\"5\" class=\"elementor elementor-5\">\n\t\t\t\t\t\t<section class=\"elementor-section elementor-top-section elementor-element elementor-element-1f6b706 elementor-section-boxed elementor-section-height-default elementor-section-height-default\" data-id=\"1f6b706\" data-element_type=\"section\">\n\t\t\t\t\t\t<div class=\"elementor-container elementor-column-gap-default\">\n\t\t\t\t\t<div class=\"elementor-column elementor-col-100 elementor-top-column elementor-element elementor-element-6d27b96\" data-id=\"6d27b96\" data-element_type=\"column\">\n\t\t\t<div class=\"elementor-widget-wrap elementor-element-populated\">\n\t\t\t\t\t\t<div class=\"elementor-element elementor-element-ca1ea0e elementor-widget elementor-widget-image\" data-id=\"ca1ea0e\" data-element_type=\"widget\" data-widget_type=\"image.default\">\n\t\t\t\t<div class=\"elementor-widget-container\">\n\t\t\t\t\t\t\t\t\t\t\t\t\t<img fetchpriority=\"high\" decoding=\"async\" width=\"1024\" height=\"273\" src=\"https:\/\/www.ufsm.br\/app\/uploads\/sites\/484\/2025\/12\/Banner-site-DI-1024x273.jpg\" class=\"attachment-large size-large wp-image-653\" alt=\"\" srcset=\"https:\/\/www.ufsm.br\/app\/uploads\/sites\/484\/2025\/12\/Banner-site-DI-1024x273.jpg 1024w, https:\/\/www.ufsm.br\/app\/uploads\/sites\/484\/2025\/12\/Banner-site-DI-300x80.jpg 300w, https:\/\/www.ufsm.br\/app\/uploads\/sites\/484\/2025\/12\/Banner-site-DI-768x205.jpg 768w, https:\/\/www.ufsm.br\/app\/uploads\/sites\/484\/2025\/12\/Banner-site-DI.jpg 1500w\" sizes=\"(max-width: 1024px) 100vw, 1024px\" \/>\t\t\t\t\t\t\t\t\t\t\t\t\t<\/div>\n\t\t\t\t<\/div>\n\t\t\t\t\t<\/div>\n\t\t<\/div>\n\t\t\t\t\t<\/div>\n\t\t<\/section>\n\t\t\t\t<section class=\"elementor-section elementor-top-section elementor-element elementor-element-e5bcc64 elementor-section-boxed elementor-section-height-default elementor-section-height-default\" data-id=\"e5bcc64\" data-element_type=\"section\">\n\t\t\t\t\t\t<div class=\"elementor-container elementor-column-gap-default\">\n\t\t\t\t\t<div class=\"elementor-column elementor-col-100 elementor-top-column elementor-element elementor-element-c09ac3d\" data-id=\"c09ac3d\" data-element_type=\"column\">\n\t\t\t<div class=\"elementor-widget-wrap elementor-element-populated\">\n\t\t\t\t\t\t<div class=\"elementor-element elementor-element-9bf8518 elementor-widget elementor-widget-heading\" data-id=\"9bf8518\" data-element_type=\"widget\" data-widget_type=\"heading.default\">\n\t\t\t\t<div class=\"elementor-widget-container\">\n\t\t\t<h5 class=\"elementor-heading-title elementor-size-default\">Apresenta\u00e7\u00e3o<\/h5>\t\t<\/div>\n\t\t\t\t<\/div>\n\t\t\t\t\t<\/div>\n\t\t<\/div>\n\t\t\t\t\t<\/div>\n\t\t<\/section>\n\t\t\t\t<section class=\"elementor-section elementor-top-section elementor-element elementor-element-71f1b01 elementor-section-boxed elementor-section-height-default elementor-section-height-default\" data-id=\"71f1b01\" data-element_type=\"section\">\n\t\t\t\t\t\t<div class=\"elementor-container elementor-column-gap-default\">\n\t\t\t\t\t<div class=\"elementor-column elementor-col-100 elementor-top-column elementor-element elementor-element-c711c96\" data-id=\"c711c96\" data-element_type=\"column\">\n\t\t\t<div class=\"elementor-widget-wrap elementor-element-populated\">\n\t\t\t\t\t\t<div class=\"elementor-element elementor-element-32089a5 elementor-widget elementor-widget-text-editor\" data-id=\"32089a5\" data-element_type=\"widget\" data-widget_type=\"text-editor.default\">\n\t\t\t\t<div class=\"elementor-widget-container\">\n\t\t\t\t\t\t\t<p><div class='row'><div class='col-12 col-lg-9 pe-lg-1 align-self-center'><p>O curso de <b>Desenho Industrial<\/b> est\u00e1 localizado em <b>Campus Camobi &#8211; UFSM<\/b> na modalidade <b>Bacharelado &#8211; Presencial<\/b> sendo <b>Diurno<\/b> o seu turno de funcionamento. A \u00e1rea de conhecimento do curso \u00e9 classificada como <b>CI\u00caNCIAS SOCIAIS APLICADAS<\/b>. Atualmente, a coordena\u00e7\u00e3o \u00e9 de responsabilidade de <b>DANIELLE DIFANTE PEDROZO<\/b>, a coordena\u00e7\u00e3o substituta de <b>FABIANE VIEIRA ROMANO<\/b> e a secretaria de <b>CRISTIANO FREIRE ZIMMER<\/b>.<\/p><p>O curso \u00e9 ofertado em per\u00edodo <b>Semestral<\/b>, sendo <b>10<\/b> o n\u00famero de per\u00edodos indicados para sua conclus\u00e3o.<\/p><p class='mt-3'>Reconhecido nos termos do Parecer CFE n. 2.115, publicado no DOU, de 08\/07\/1976 e Portaria 211\/2020\/MEC, publicada no DOU, de 07\/07\/2020.<\/p><\/div><div class='col-12 col-lg-3'><div class='row d-flex justify-content-around'><h3 class='visually-hidden'>Conceitos<\/h3><div class='col-12 col-md-4 col-lg-12 d-flex flex-column conceito-curso'><div class='flex-fill p-3 my-2 my-md-0 my-lg-1 mx-0 mx-md-2 mx-lg-0'><div class='text-center conceito-descricao'>Conceito de Curso (2004)<\/div><div class='text-center text-primary conceito-valor'>3<\/div><\/div><\/div><div class='col-12 col-md-4 col-lg-12 d-flex flex-column conceito-curso'><div class='flex-fill p-3 my-2 my-md-0 my-lg-1 mx-0 mx-md-2 mx-lg-0'><div class='text-center conceito-descricao'>Conceito Preliminar de Curso (2018)<\/div><div class='text-center text-primary conceito-valor'>4<\/div><\/div><\/div><div class='col-12 col-md-4 col-lg-12 d-flex flex-column conceito-curso'><div class='flex-fill p-3 my-2 my-md-0 my-lg-1 mx-0 mx-md-2 mx-lg-0'><div class='text-center conceito-descricao'>ENADE (2018)<\/div><div class='text-center text-primary conceito-valor'>4<\/div><\/div><\/div><\/div><\/div><\/div><\/p>\t\t\t\t\t\t<\/div>\n\t\t\t\t<\/div>\n\t\t\t\t\t<\/div>\n\t\t<\/div>\n\t\t\t\t\t<\/div>\n\t\t<\/section>\n\t\t\t\t<section class=\"elementor-section elementor-top-section elementor-element elementor-element-9984095 elementor-section-boxed elementor-section-height-default elementor-section-height-default\" data-id=\"9984095\" data-element_type=\"section\">\n\t\t\t\t\t\t<div class=\"elementor-container elementor-column-gap-default\">\n\t\t\t\t\t<div class=\"elementor-column elementor-col-100 elementor-top-column elementor-element elementor-element-5ef70bb\" data-id=\"5ef70bb\" data-element_type=\"column\">\n\t\t\t<div class=\"elementor-widget-wrap elementor-element-populated\">\n\t\t\t\t\t\t<div class=\"elementor-element elementor-element-2f4fcfd elementor-widget elementor-widget-wp-widget-ufsm_utilidades\" data-id=\"2f4fcfd\" data-element_type=\"widget\" data-widget_type=\"wp-widget-ufsm_utilidades.default\">\n\t\t\t\t<div class=\"elementor-widget-container\">\n\t\t\t\t\t<h5 class=\"card-title titulo-conteudos\">Utilidades<\/h5>\n\t\t\t\t\n\t\t<div class=\"row d-flex justify-content-around\">\n\t\t\t\t\t\t\t<div class=\"col-12 col-sm-6 col-md-2 mt-4 text-center\">\n\t\t\t\t\t\t\t\t\t\t\t<a href=\"https:\/\/www.ufsm.br\/cursos\/graduacao\/santa-maria\/desenho-industrial\/horarios\" class=\"item-utilidades d-block\">\n\t\t\t\t\t\t\t\t\t\t<i class=\"fas fa-pencil-alt animation-pulse\" aria-hidden=\"true\"><\/i><b>Oferta \/ Hor\u00e1rios<\/b><\/a>\n\t\t\t\t<\/div>\n\t\t\t\t\t\t\t<div class=\"col-12 col-sm-6 col-md-2 mt-4 text-center\">\n\t\t\t\t\t\t\t\t\t\t\t<a href=\"https:\/\/portal.ufsm.br\/aluno\/\" class=\"item-utilidades d-block\">\n\t\t\t\t\t\t\t\t\t\t<i class=\"fa fa-user animation-pulse\" aria-hidden=\"true\"><\/i><b>Portal do Aluno<\/b><\/a>\n\t\t\t\t<\/div>\n\t\t\t\t\t\t\t<div class=\"col-12 col-sm-6 col-md-2 mt-4 text-center\">\n\t\t\t\t\t\t\t\t\t\t\t<a href=\"https:\/\/www.ufsm.br\/cursos\/graduacao\/santa-maria\/desenho-industrial\/informacoes-do-curriculo\" class=\"item-utilidades d-block\">\n\t\t\t\t\t\t\t\t\t\t<i class=\"fa fa-clipboard animation-pulse\" aria-hidden=\"true\"><\/i><b>Informa\u00e7\u00f5es Curriculares<\/b><\/a>\n\t\t\t\t<\/div>\n\t\t\t\t\t\t\t<div class=\"col-12 col-sm-6 col-md-2 mt-4 text-center\">\n\t\t\t\t\t\t\t\t\t\t\t<a href=\"https:\/\/www.ufsm.br\/cursos\/graduacao\/santa-maria\/desenho-industrial\/projeto-pedagogico\" class=\"item-utilidades d-block\">\n\t\t\t\t\t\t\t\t\t\t<i class=\"fa fa-book animation-pulse\" aria-hidden=\"true\"><\/i><b>Projeto Pedag\u00f3gico<\/b><\/a>\n\t\t\t\t<\/div>\n\t\t\t\t\t\t\t<div class=\"col-12 col-sm-6 col-md-2 mt-4 text-center\">\n\t\t\t\t\t\t\t\t\t\t\t<a href=\"https:\/\/ead06.proj.ufsm.br\/login\/\" class=\"item-utilidades d-block\">\n\t\t\t\t\t\t\t\t\t\t<i class=\"ufsm ufsm-moodle animation-pulse\" aria-hidden=\"true\"><\/i><b>Ambiente Virtual Moodle<\/b><\/a>\n\t\t\t\t<\/div>\n\t\t\t\t\t\t\t<div class=\"col-12 col-sm-6 col-md-2 mt-4 text-center\">\n\t\t\t\t\t\t\t\t\t\t\t<a href=\"https:\/\/www.ufsm.br\/cursos\/graduacao\/santa-maria\/desenho-industrial\/grupos\" class=\"item-utilidades d-block\">\n\t\t\t\t\t\t\t\t\t\t<i class=\"fas fa-user-friends animation-pulse\" aria-hidden=\"true\"><\/i><b>Grupos Acad\u00eamicos<\/b><\/a>\n\t\t\t\t<\/div>\n\t\t\t\t\t<\/div>\n\t\t\t\t<\/div>\n\t\t\t\t<\/div>\n\t\t\t\t\t<\/div>\n\t\t<\/div>\n\t\t\t\t\t<\/div>\n\t\t<\/section>\n\t\t\t\t<section class=\"elementor-section elementor-top-section elementor-element elementor-element-29498b9 elementor-section-boxed elementor-section-height-default elementor-section-height-default\" data-id=\"29498b9\" data-element_type=\"section\">\n\t\t\t\t\t\t<div class=\"elementor-container elementor-column-gap-default\">\n\t\t\t\t\t<div class=\"elementor-column elementor-col-100 elementor-top-column elementor-element elementor-element-effcfbb\" data-id=\"effcfbb\" data-element_type=\"column\">\n\t\t\t<div class=\"elementor-widget-wrap elementor-element-populated\">\n\t\t\t\t\t\t<div class=\"elementor-element elementor-element-5f11b53 elementor-widget elementor-widget-wp-widget-ufsm_noticias_widget\" data-id=\"5f11b53\" data-element_type=\"widget\" data-widget_type=\"wp-widget-ufsm_noticias_widget.default\">\n\t\t\t\t<div class=\"elementor-widget-container\">\n\t\t\t<h5 class='titulo-conteudos'>Not\u00edcias<\/h5><div class='widget-noticias-inside'>\n                        <div class=\"row\">\n                                    <div class=\"col-12 col-lg-12 pb-4\">\n                                        \n                                        \n                    \n                    <a class=\"noticias-widget-title d-block \"  title=\"Abertura de Inscri\u00e7\u00f5es para Bolsas de Monitoria e Assist\u00eancia Estudantil &#8211; DDI\/CAL 2026\" href=\"https:\/\/www.ufsm.br\/cursos\/graduacao\/santa-maria\/desenho-industrial\/2026\/03\/17\/abertura-de-inscricoes-para-bolsas-de-monitoria-e-assistencia-estudantil-ddi-cal-2026\">\n                                                Abertura de Inscri\u00e7\u00f5es para Bolsas de Monitoria e Assist\u00eancia Estudantil &#8211; DDI\/CAL 2026                    <\/a>\n                    \n                                            <div class=\"noticias-widget-introtext\">\n                            O Departamento de Desenho Industrial (DDI) do Centro de Artes e Letras da UFSM abre as inscri\u00e7\u00f5es para dois processos seletivos de bolsistas para o ano letivo de 2026. O Edital n\u00ba 01\/2026 oferece cinco vagas de monitoria em disciplinas&hellip;                        <\/div>\n                    \n                                        \n                                        \n                                            \n                                                    <div title=\"Publicado em 17\/03\/2026 - 10:54\" class=\"data-publicacao-widget\">\n                                <i  class=\"far fa-clock\"><\/i>\n                                17\/03\/2026 - 10:54                            <\/div>\n                                                                <\/div>\n                            <\/div>\n                    <div class=\"row\">\n                                    <div class=\"col-12 col-lg-12 pb-4\">\n                                        \n                                        \n                    \n                    <a class=\"noticias-widget-title d-block \"  title=\"Coordena\u00e7\u00e3o de Desenho Industrial realiza recep\u00e7\u00e3o aos novos acad\u00eamicos nesta segunda-feira (02\/03)\" href=\"https:\/\/www.ufsm.br\/cursos\/graduacao\/santa-maria\/desenho-industrial\/2026\/02\/27\/coordenacao-de-desenho-industrial-realiza-recepcao-aos-novos-academicos-nesta-segunda-feira-02-03\">\n                                                Coordena\u00e7\u00e3o de Desenho Industrial realiza recep\u00e7\u00e3o aos novos acad\u00eamicos nesta segunda-feira (02\/03)                    <\/a>\n                    \n                                            <div class=\"noticias-widget-introtext\">\n                            A Coordena\u00e7\u00e3o do curso de Desenho Industrial da Universidade Federal de Santa Maria (UFSM) convida todos os alunos ingressantes para a reuni\u00e3o oficial de acolhimento e orienta\u00e7\u00f5es gerais. O encontro marca o in\u00edcio das atividades acad\u00eamicas e tem como objetivo&hellip;                        <\/div>\n                    \n                                        \n                                        \n                                            \n                                                    <div title=\"Publicado em 27\/02\/2026 - 11:11\" class=\"data-publicacao-widget\">\n                                <i  class=\"far fa-clock\"><\/i>\n                                27\/02\/2026 - 11:11                            <\/div>\n                                                                <\/div>\n                            <\/div>\n                    <div class=\"row\">\n                                    <div class=\"col-12 col-lg-12 pb-4\">\n                                        \n                                        \n                    \n                    <a class=\"noticias-widget-title d-block \"  title=\"Oficinas de escrita e quadrinhos da UFSM na Biblioteca P\u00fablica Henrique Bastide\" href=\"https:\/\/www.ufsm.br\/unidades-universitarias\/cal\/2026\/03\/10\/oficinas-de-escrita-e-quadrinhos-da-ufsm-na-biblioteca-publica-henrique-bastide\">\n                                                Oficinas de escrita e quadrinhos da UFSM na Biblioteca P\u00fablica Henrique Bastide                    <\/a>\n                    \n                                            <div class=\"noticias-widget-introtext\">\n                            O projeto \u201cOficinas de Escrita Criativa\u201d vai para o centro da cidade: a partir do dia 17 de mar\u00e7o, encontros quinzenais \u00e0s ter\u00e7as, das 14h \u00e0s 16h, v\u00e3o acontecer na biblioteca municipal Henrique Bastide, na Avenida Presidente Vargas, 1300 (Bairro&hellip;                        <\/div>\n                    \n                                        \n                                        \n                                            \n                                                    <div title=\"Publicado em 10\/03\/2026 - 11:18\" class=\"data-publicacao-widget\">\n                                <i  class=\"far fa-clock\"><\/i>\n                                10\/03\/2026 - 11:18                            <\/div>\n                                                                <\/div>\n                            <\/div>\n                    <div class=\"row\">\n                                    <div class=\"col-12 col-lg-12 pb-4\">\n                                        \n                                        \n                    \n                    <a class=\"noticias-widget-title d-block \"  title=\"Oportunidade: Inscri\u00e7\u00f5es abertas para a disciplina de L\u00edngua Inglesa I (Oferta Externa)\" href=\"https:\/\/www.ufsm.br\/unidades-universitarias\/cal\/2026\/03\/03\/oportunidade-inscricoes-abertas-para-a-disciplina-de-lingua-inglesa-i-oferta-externa\">\n                                                Oportunidade: Inscri\u00e7\u00f5es abertas para a disciplina de L\u00edngua Inglesa I (Oferta Externa)                    <\/a>\n                    \n                                            <div class=\"noticias-widget-introtext\">\n                            Est\u00e3o abertas, de 02 a 05 de mar\u00e7o, as inscri\u00e7\u00f5es para a disciplina eletiva LTE 1166 \u2013 L\u00edngua Inglesa I (Turma: Oferta Externa). A iniciativa faz parte de um esfor\u00e7o conjunto entre o Departamento de Letras Estrangeiras Modernas (DTLE) e&hellip;                        <\/div>\n                    \n                                        \n                                        \n                                            \n                                                    <div title=\"Publicado em 03\/03\/2026 - 12:14\" class=\"data-publicacao-widget\">\n                                <i  class=\"far fa-clock\"><\/i>\n                                03\/03\/2026 - 12:14                            <\/div>\n                                                                <\/div>\n                            <\/div>\n                    <div class=\"row\">\n                                    <div class=\"col-12 col-lg-12 pb-4\">\n                                        \n                                        \n                    \n                    <a class=\"noticias-widget-title d-block \"  title=\"UFSM e CTI Renato Archer lan\u00e7am projeto in\u00e9dito de acessibilidade no piano brasileiro\" href=\"https:\/\/www.ufsm.br\/unidades-universitarias\/cal\/2026\/03\/02\/ufsm-e-cti-renato-archer-lancam-projeto-inedito-de-acessibilidade-no-piano-brasileiro\">\n                                                UFSM e CTI Renato Archer lan\u00e7am projeto in\u00e9dito de acessibilidade no piano brasileiro                    <\/a>\n                    \n                                            <div class=\"noticias-widget-introtext\">\n                            Iniciativa liderada pela Profa. Claudia Deltregia une resgate hist\u00f3rico de obras contempor\u00e2neas e tecnologia assistiva com transcri\u00e7\u00f5es em Braille. O cen\u00e1rio do piano brasileiro contempor\u00e2neo recebe um impulso hist\u00f3rico com o lan\u00e7amento do projeto \u201cPedagogia do Piano \u2013 Audiovisual e&hellip;                        <\/div>\n                    \n                                        \n                                        \n                                            \n                                                    <div title=\"Publicado em 02\/03\/2026 - 17:22\" class=\"data-publicacao-widget\">\n                                <i  class=\"far fa-clock\"><\/i>\n                                02\/03\/2026 - 17:22                            <\/div>\n                                                                <\/div>\n                            <\/div>\n            <\/div>\n<div class=\"leia-mais p-1\">\n                <a href=\"https:\/\/www.ufsm.br\/cursos\/graduacao\/santa-maria\/desenho-industrial\/busca\/?q=&area=post&orderby=date&sites%5B%5D=368&sites%5B%5D=484\">\n            LEIA MAIS            <span class=\"icon-box\">\n                <span class=\"bg-ufsm-widget-icon\">\n                    <i class=\"fas fa-chevron-right\" aria-hidden=\"true\"><\/i>\n                <\/span>\n            <\/span>\n        <\/a>\n    <\/div>\n\t\t<\/div>\n\t\t\t\t<\/div>\n\t\t\t\t\t<\/div>\n\t\t<\/div>\n\t\t\t\t\t<\/div>\n\t\t<\/section>\n\t\t\t\t<section class=\"elementor-section elementor-top-section elementor-element elementor-element-0d3511a elementor-section-boxed elementor-section-height-default elementor-section-height-default\" data-id=\"0d3511a\" data-element_type=\"section\">\n\t\t\t\t\t\t<div class=\"elementor-container elementor-column-gap-default\">\n\t\t\t\t\t<div class=\"elementor-column elementor-col-100 elementor-top-column elementor-element elementor-element-0f61a52\" data-id=\"0f61a52\" data-element_type=\"column\">\n\t\t\t<div class=\"elementor-widget-wrap elementor-element-populated\">\n\t\t\t\t\t\t<div class=\"elementor-element elementor-element-941b19c elementor-widget elementor-widget-wp-widget-ufsm_editais_widget\" data-id=\"941b19c\" data-element_type=\"widget\" data-widget_type=\"wp-widget-ufsm_editais_widget.default\">\n\t\t\t\t<div class=\"elementor-widget-container\">\n\t\t\t<h2 class='titulo-conteudos'>Editais<\/h2><div class='row'>\n            <div class=\"col-lg-12 px-3 pb-3\">\n            \n                        \n            <a title=\"01\/2026 - PROCESSO SELETIVO DE BOLSA DE ASSIST\u00caNCIA AO ESTUDANTE (PRAE) - Cursos de M\u00fasica\" href=\"https:\/\/www.ufsm.br\/unidades-universitarias\/cal\/editais\/001-2026-24\">\n                <span class=\"titulo-publicacao-widget\">01\/2026 - PROCESSO SELETIVO DE BOLSA DE ASSIST\u00caNCIA AO ESTUDANTE (PRAE) - Cursos de M\u00fasica<\/span>\n                <br>\n            <\/a>\n\n                        \n                \n        <\/div>\n            <div class=\"col-lg-12 px-3 pb-3\">\n            \n                        \n            <a title=\"02\/2026 - SELE\u00c7\u00c3O DE ESTUDANTES (MONITORIA) - Cursos de M\u00fasica\" href=\"https:\/\/www.ufsm.br\/unidades-universitarias\/cal\/editais\/002-2026-8\">\n                <span class=\"titulo-publicacao-widget\">02\/2026 - SELE\u00c7\u00c3O DE ESTUDANTES (MONITORIA) - Cursos de M\u00fasica<\/span>\n                <br>\n            <\/a>\n\n                        \n                \n        <\/div>\n            <div class=\"col-lg-12 px-3 pb-3\">\n            \n                        \n            <a title=\"01\/2026 - PROCESSO SELETIVO DE BOLSA EVENTUAL - Extens\u00e3o Cultura Popular Brasileira\" href=\"https:\/\/www.ufsm.br\/unidades-universitarias\/cal\/editais\/001-2026-23\">\n                <span class=\"titulo-publicacao-widget\">01\/2026 - PROCESSO SELETIVO DE BOLSA EVENTUAL - Extens\u00e3o Cultura Popular Brasileira<\/span>\n                <br>\n            <\/a>\n\n                        \n                \n        <\/div>\n            <div class=\"col-lg-12 px-3 pb-3\">\n            \n                        \n            <a title=\"01\/2026 - PROCESSO SELETIVO DE BOLSA DE ASSIST\u00caNCIA AO ESTUDANTE (PRAE) - Lab. Corpus\" href=\"https:\/\/www.ufsm.br\/unidades-universitarias\/cal\/editais\/001-2026-22\">\n                <span class=\"titulo-publicacao-widget\">01\/2026 - PROCESSO SELETIVO DE BOLSA DE ASSIST\u00caNCIA AO ESTUDANTE (PRAE) - Lab. Corpus<\/span>\n                <br>\n            <\/a>\n\n                        \n                \n        <\/div>\n            <div class=\"col-lg-12 px-3 pb-3\">\n            \n                        \n            <a title=\"01\/2026 - PROCESSO SELETIVO DE BOLSA DE ASSIST\u00caNCIA AO ESTUDANTE (PRAE) - PPGART\" href=\"https:\/\/www.ufsm.br\/unidades-universitarias\/cal\/editais\/001-2026-21\">\n                <span class=\"titulo-publicacao-widget\">01\/2026 - PROCESSO SELETIVO DE BOLSA DE ASSIST\u00caNCIA AO ESTUDANTE (PRAE) - PPGART<\/span>\n                <br>\n            <\/a>\n\n                        \n                \n        <\/div>\n    <\/div>\n\t\t<\/div>\n\t\t\t\t<\/div>\n\t\t\t\t\t<\/div>\n\t\t<\/div>\n\t\t\t\t\t<\/div>\n\t\t<\/section>\n\t\t\t\t<\/div>\n\t\t","protected":false},"excerpt":{"rendered":"<p>Apresenta\u00e7\u00e3o<\/p>\n","protected":false},"author":8,"featured_media":0,"parent":0,"menu_order":0,"comment_status":"closed","ping_status":"closed","template":"","meta":{"footnotes":""},"categories":[],"tags":[],"class_list":["post-5","page","type-page","status-publish","hentry"],"acf":[],"_links":{"self":[{"href":"https:\/\/www.ufsm.br\/cursos\/graduacao\/santa-maria\/desenho-industrial\/wp-json\/wp\/v2\/pages\/5","targetHints":{"allow":["GET"]}}],"collection":[{"href":"https:\/\/www.ufsm.br\/cursos\/graduacao\/santa-maria\/desenho-industrial\/wp-json\/wp\/v2\/pages"}],"about":[{"href":"https:\/\/www.ufsm.br\/cursos\/graduacao\/santa-maria\/desenho-industrial\/wp-json\/wp\/v2\/types\/page"}],"author":[{"embeddable":true,"href":"https:\/\/www.ufsm.br\/cursos\/graduacao\/santa-maria\/desenho-industrial\/wp-json\/wp\/v2\/users\/8"}],"replies":[{"embeddable":true,"href":"https:\/\/www.ufsm.br\/cursos\/graduacao\/santa-maria\/desenho-industrial\/wp-json\/wp\/v2\/comments?post=5"}],"version-history":[{"count":0,"href":"https:\/\/www.ufsm.br\/cursos\/graduacao\/santa-maria\/desenho-industrial\/wp-json\/wp\/v2\/pages\/5\/revisions"}],"wp:attachment":[{"href":"https:\/\/www.ufsm.br\/cursos\/graduacao\/santa-maria\/desenho-industrial\/wp-json\/wp\/v2\/media?parent=5"}],"wp:term":[{"taxonomy":"category","embeddable":true,"href":"https:\/\/www.ufsm.br\/cursos\/graduacao\/santa-maria\/desenho-industrial\/wp-json\/wp\/v2\/categories?post=5"},{"taxonomy":"post_tag","embeddable":true,"href":"https:\/\/www.ufsm.br\/cursos\/graduacao\/santa-maria\/desenho-industrial\/wp-json\/wp\/v2\/tags?post=5"}],"curies":[{"name":"wp","href":"https:\/\/api.w.org\/{rel}","templated":true}]}}