{"id":616,"date":"2025-12-11T12:27:38","date_gmt":"2025-12-11T15:27:38","guid":{"rendered":"https:\/\/www.ufsm.br\/cursos\/graduacao\/santa-maria\/desenho-industrial\/?page_id=616"},"modified":"2025-12-11T12:36:26","modified_gmt":"2025-12-11T15:36:26","slug":"projetos-de-pesquisa-e-extensao","status":"publish","type":"page","link":"https:\/\/www.ufsm.br\/cursos\/graduacao\/santa-maria\/desenho-industrial\/projetos-de-pesquisa-e-extensao","title":{"rendered":"Projetos de Pesquisa e Extens\u00e3o"},"content":{"rendered":"\t\t<div data-elementor-type=\"wp-page\" data-elementor-id=\"616\" class=\"elementor elementor-616\">\n\t\t\t\t\t\t<section class=\"elementor-section elementor-top-section elementor-element elementor-element-bafecb4 elementor-section-boxed elementor-section-height-default elementor-section-height-default\" data-id=\"bafecb4\" data-element_type=\"section\">\n\t\t\t\t\t\t<div class=\"elementor-container elementor-column-gap-default\">\n\t\t\t\t\t<div class=\"elementor-column elementor-col-66 elementor-top-column elementor-element elementor-element-cd2073d\" data-id=\"cd2073d\" data-element_type=\"column\">\n\t\t\t<div class=\"elementor-widget-wrap elementor-element-populated\">\n\t\t\t\t\t\t<div class=\"elementor-element elementor-element-a773859 elementor-widget elementor-widget-text-editor\" data-id=\"a773859\" data-element_type=\"widget\" data-widget_type=\"text-editor.default\">\n\t\t\t\t<div class=\"elementor-widget-container\">\n\t\t\t\t\t\t\t<p>A UFSM mant\u00e9m <strong>centenas de projetos ativos de pesquisa e extens\u00e3o<\/strong>, de curta e longa dura\u00e7\u00e3o, distribu\u00eddos em diversas \u00e1reas do conhecimento.<\/p><p>Esses projetos podem envolver desde <strong>atividades cient\u00edficas e tecnol\u00f3gicas<\/strong> at\u00e9 a<strong>\u00e7\u00f5es sociais, culturais, ambientais ou educacionais<\/strong> \u2014 como cursos, oficinas, exposi\u00e7\u00f5es, campanhas e estudos aplicados.<\/p><p>Muitos deles oferecem <strong>bolsas de inicia\u00e7\u00e3o cient\u00edfica ou de extens\u00e3o<\/strong>, que permitem ao(\u00e0) estudante <strong>atuar como bolsista<\/strong> em uma equipe de trabalho, recebendo apoio financeiro e viv\u00eancia pr\u00e1tica.<\/p><p>E, mesmo sem bolsa, \u00e9 poss\u00edvel <strong>participar como volunt\u00e1rio<\/strong>, recebendo <strong>certificado de participa\u00e7\u00e3o<\/strong>, v\u00e1lido como <strong>atividade complementar <\/strong>na gradua\u00e7\u00e3o.<\/p><p>\u00a0<\/p><h5>COMO PARTICIPAR<\/h5><p>H\u00e1 v\u00e1rias formas de ingressar em projetos de pesquisa e extens\u00e3o:<\/p><ul><li><strong>Portal de Projetos da UFSM: <\/strong><\/li><\/ul><p>\u00c9 o principal meio para consultar todos os projetos em andamento. O <a href=\"https:\/\/portal.ufsm.br\/projetos\/publico\/projetos\/list.html\">portal<\/a> permite filtrar por tipo (pesquisa ou extens\u00e3o), tema, \u00e1rea de conhecimento ou docente coordenador.<\/p><ul><li><strong>Editais: <\/strong><\/li><\/ul><p>Fique atento aos editais lan\u00e7ados ao longo do ano \u2014 tanto pela UFSM quanto pela<br \/><a href=\"https:\/\/www.ufsm.br\/pro-reitorias\/pre\">Pr\u00f3-Reitoria de Extens\u00e3o (PRE)<\/a> \u2014 para conhecer oportunidades de bolsas e participa\u00e7\u00e3o em novos projetos.<\/p><ul><li><strong>P\u00e1ginas dos cursos e departamentos:<\/strong><\/li><\/ul><p>Muitos projetos s\u00e3o vinculados diretamente a disciplinas, laborat\u00f3rios e grupos de pesquisa. Consulte o site do seu curso ou converse com professores para descobrir onde voc\u00ea pode participar.<\/p><p>\u00a0<\/p><p><strong>Dica para quem est\u00e1 chegando: <\/strong>Participar de projetos de pesquisa e extens\u00e3o \u00e9 uma das formas mais ricas de integrar-se \u00e0 vida universit\u00e1ria. Al\u00e9m de aprender fazendo, voc\u00ea conhece novas pessoas, contribui para a sociedade e adquire experi\u00eancias que valorizam sua forma\u00e7\u00e3o pessoal e profissional.<\/p>\t\t\t\t\t\t<\/div>\n\t\t\t\t<\/div>\n\t\t\t\t\t<\/div>\n\t\t<\/div>\n\t\t\t\t<div class=\"elementor-column elementor-col-33 elementor-top-column elementor-element elementor-element-f17acba\" data-id=\"f17acba\" data-element_type=\"column\">\n\t\t\t<div class=\"elementor-widget-wrap\">\n\t\t\t\t\t\t\t<\/div>\n\t\t<\/div>\n\t\t\t\t\t<\/div>\n\t\t<\/section>\n\t\t\t\t<\/div>\n\t\t","protected":false},"excerpt":{"rendered":"<p>A UFSM mant\u00e9m centenas de projetos ativos de pesquisa e extens\u00e3o, de curta e longa dura\u00e7\u00e3o, distribu\u00eddos em diversas \u00e1reas do conhecimento. Esses projetos podem envolver desde atividades cient\u00edficas e tecnol\u00f3gicas at\u00e9 a\u00e7\u00f5es sociais, culturais, ambientais ou educacionais \u2014 como cursos, oficinas, exposi\u00e7\u00f5es, campanhas e estudos aplicados. Muitos deles oferecem bolsas de inicia\u00e7\u00e3o cient\u00edfica ou [&hellip;]<\/p>\n","protected":false},"author":8205,"featured_media":0,"parent":0,"menu_order":0,"comment_status":"closed","ping_status":"closed","template":"","meta":{"footnotes":""},"categories":[],"tags":[],"class_list":["post-616","page","type-page","status-publish","hentry"],"acf":[],"_links":{"self":[{"href":"https:\/\/www.ufsm.br\/cursos\/graduacao\/santa-maria\/desenho-industrial\/wp-json\/wp\/v2\/pages\/616","targetHints":{"allow":["GET"]}}],"collection":[{"href":"https:\/\/www.ufsm.br\/cursos\/graduacao\/santa-maria\/desenho-industrial\/wp-json\/wp\/v2\/pages"}],"about":[{"href":"https:\/\/www.ufsm.br\/cursos\/graduacao\/santa-maria\/desenho-industrial\/wp-json\/wp\/v2\/types\/page"}],"author":[{"embeddable":true,"href":"https:\/\/www.ufsm.br\/cursos\/graduacao\/santa-maria\/desenho-industrial\/wp-json\/wp\/v2\/users\/8205"}],"replies":[{"embeddable":true,"href":"https:\/\/www.ufsm.br\/cursos\/graduacao\/santa-maria\/desenho-industrial\/wp-json\/wp\/v2\/comments?post=616"}],"version-history":[{"count":0,"href":"https:\/\/www.ufsm.br\/cursos\/graduacao\/santa-maria\/desenho-industrial\/wp-json\/wp\/v2\/pages\/616\/revisions"}],"wp:attachment":[{"href":"https:\/\/www.ufsm.br\/cursos\/graduacao\/santa-maria\/desenho-industrial\/wp-json\/wp\/v2\/media?parent=616"}],"wp:term":[{"taxonomy":"category","embeddable":true,"href":"https:\/\/www.ufsm.br\/cursos\/graduacao\/santa-maria\/desenho-industrial\/wp-json\/wp\/v2\/categories?post=616"},{"taxonomy":"post_tag","embeddable":true,"href":"https:\/\/www.ufsm.br\/cursos\/graduacao\/santa-maria\/desenho-industrial\/wp-json\/wp\/v2\/tags?post=616"}],"curies":[{"name":"wp","href":"https:\/\/api.w.org\/{rel}","templated":true}]}}