{"id":629,"date":"2025-12-12T07:10:42","date_gmt":"2025-12-12T10:10:42","guid":{"rendered":"https:\/\/www.ufsm.br\/cursos\/graduacao\/santa-maria\/desenho-industrial\/?page_id=629"},"modified":"2025-12-12T07:11:30","modified_gmt":"2025-12-12T10:11:30","slug":"avaliacao-institucional-e-do-processo-de-ensino-aprendizagem","status":"publish","type":"page","link":"https:\/\/www.ufsm.br\/cursos\/graduacao\/santa-maria\/desenho-industrial\/avaliacao-institucional-e-do-processo-de-ensino-aprendizagem","title":{"rendered":"Avalia\u00e7\u00e3o Institucional e do Processo de Ensino-Aprendizagem"},"content":{"rendered":"\t\t<div data-elementor-type=\"wp-page\" data-elementor-id=\"629\" class=\"elementor elementor-629\">\n\t\t\t\t\t\t<section class=\"elementor-section elementor-top-section elementor-element elementor-element-6cb9a98 elementor-section-boxed elementor-section-height-default elementor-section-height-default\" data-id=\"6cb9a98\" data-element_type=\"section\">\n\t\t\t\t\t\t<div class=\"elementor-container elementor-column-gap-default\">\n\t\t\t\t\t<div class=\"elementor-column elementor-col-66 elementor-top-column elementor-element elementor-element-0b0e168\" data-id=\"0b0e168\" data-element_type=\"column\">\n\t\t\t<div class=\"elementor-widget-wrap elementor-element-populated\">\n\t\t\t\t\t\t<div class=\"elementor-element elementor-element-c4e56a4 elementor-widget elementor-widget-text-editor\" data-id=\"c4e56a4\" data-element_type=\"widget\" data-widget_type=\"text-editor.default\">\n\t\t\t\t<div class=\"elementor-widget-container\">\n\t\t\t\t\t\t\t<p><span style=\"font-weight: 400\">A <\/span><b>Universidade Federal de Santa Maria (UFSM)<\/b><span style=\"font-weight: 400\"> realiza, por meio da <\/span><b>Comiss\u00e3o Pr\u00f3pria de Avalia\u00e7\u00e3o (CPA)<\/b><span style=\"font-weight: 400\">, diferentes processos de avalia\u00e7\u00e3o que t\u00eam como objetivo promover a melhoria cont\u00ednua da qualidade do ensino, da gest\u00e3o e da infraestrutura universit\u00e1ria.<\/span><\/p><p><span style=\"font-weight: 400\">A <\/span><b>Avalia\u00e7\u00e3o do Processo de Ensino-Aprendizagem<\/b><span style=\"font-weight: 400\"> \u00e9 aplicada <\/span><b>semestralmente<\/b><span style=\"font-weight: 400\"> e permite que os(as) estudantes avaliem aspectos relacionados \u00e0 metodologia das aulas, ao conte\u00fado das disciplinas e \u00e0 atua\u00e7\u00e3o docente. O instrumento \u00e9 disponibilizado ao final de cada semestre pelo <\/span><a href=\"https:\/\/portal.ufsm.br\"><b>Portal Estudantil (SIE)<\/b><\/a><span style=\"font-weight: 400\"> e pelo <\/span><b>aplicativo UFSM Digital<\/b><span style=\"font-weight: 400\">, no menu <\/span><i><span style=\"font-weight: 400\">Estudante \u2192 Avalia\u00e7\u00e3o ensino-aprendizagem<\/span><\/i><span style=\"font-weight: 400\"> (caso a op\u00e7\u00e3o n\u00e3o apare\u00e7a, \u00e9 necess\u00e1rio atualizar o aplicativo).<\/span><\/p><p><span style=\"font-weight: 400\">O modelo atual, implementado em 2022, contempla tr\u00eas dimens\u00f5es principais: <\/span><b>atua\u00e7\u00e3o docente, estrat\u00e9gias de ensino e conte\u00fado das disciplinas<\/b><span style=\"font-weight: 400\">. Desde o segundo semestre de 2023, a avalia\u00e7\u00e3o passou a ser aplicada <\/span><b>individualmente para cada professor<\/b><span style=\"font-weight: 400\">, permitindo um retorno mais detalhado e construtivo. A participa\u00e7\u00e3o dos(as) estudantes \u00e9 <\/span><b>sigilosa e indispens\u00e1vel<\/b><span style=\"font-weight: 400\"> para o aprimoramento das pr\u00e1ticas pedag\u00f3gicas e o fortalecimento da cultura avaliativa na UFSM.<\/span><\/p><p><span style=\"font-weight: 400\">Complementarmente, a universidade realiza a <\/span><b>Avalia\u00e7\u00e3o Institucional Geral<\/b><span style=\"font-weight: 400\">, voltada a todos os segmentos da comunidade universit\u00e1ria \u2014 estudantes, docentes e servidores t\u00e9cnico-administrativos. Essa pesquisa re\u00fane instrumentos espec\u00edficos para cada perfil de respondente e aborda aspectos relacionados \u00e0 <\/span><b>gest\u00e3o, infraestrutura, servi\u00e7os, comunica\u00e7\u00e3o e condi\u00e7\u00f5es de trabalho e estudo<\/b><span style=\"font-weight: 400\">.<\/span><\/p><p><span style=\"font-weight: 400\">Os resultados obtidos nas avalia\u00e7\u00f5es orientam as a\u00e7\u00f5es de <\/span><b>planejamento e melhoria institucional<\/b><span style=\"font-weight: 400\">, contribuindo para a transpar\u00eancia, a qualidade acad\u00eamica e a participa\u00e7\u00e3o coletiva na constru\u00e7\u00e3o de uma universidade cada vez mais comprometida com o ensino, a pesquisa e a extens\u00e3o.<\/span><\/p>\t\t\t\t\t\t<\/div>\n\t\t\t\t<\/div>\n\t\t\t\t\t<\/div>\n\t\t<\/div>\n\t\t\t\t<div class=\"elementor-column elementor-col-33 elementor-top-column elementor-element elementor-element-c796d9e\" data-id=\"c796d9e\" data-element_type=\"column\">\n\t\t\t<div class=\"elementor-widget-wrap\">\n\t\t\t\t\t\t\t<\/div>\n\t\t<\/div>\n\t\t\t\t\t<\/div>\n\t\t<\/section>\n\t\t\t\t<\/div>\n\t\t","protected":false},"excerpt":{"rendered":"<p>A Universidade Federal de Santa Maria (UFSM) realiza, por meio da Comiss\u00e3o Pr\u00f3pria de Avalia\u00e7\u00e3o (CPA), diferentes processos de avalia\u00e7\u00e3o que t\u00eam como objetivo promover a melhoria cont\u00ednua da qualidade do ensino, da gest\u00e3o e da infraestrutura universit\u00e1ria. A Avalia\u00e7\u00e3o do Processo de Ensino-Aprendizagem \u00e9 aplicada semestralmente e permite que os(as) estudantes avaliem aspectos relacionados [&hellip;]<\/p>\n","protected":false},"author":8205,"featured_media":0,"parent":0,"menu_order":0,"comment_status":"closed","ping_status":"closed","template":"","meta":{"footnotes":""},"categories":[],"tags":[],"class_list":["post-629","page","type-page","status-publish","hentry"],"acf":[],"_links":{"self":[{"href":"https:\/\/www.ufsm.br\/cursos\/graduacao\/santa-maria\/desenho-industrial\/wp-json\/wp\/v2\/pages\/629","targetHints":{"allow":["GET"]}}],"collection":[{"href":"https:\/\/www.ufsm.br\/cursos\/graduacao\/santa-maria\/desenho-industrial\/wp-json\/wp\/v2\/pages"}],"about":[{"href":"https:\/\/www.ufsm.br\/cursos\/graduacao\/santa-maria\/desenho-industrial\/wp-json\/wp\/v2\/types\/page"}],"author":[{"embeddable":true,"href":"https:\/\/www.ufsm.br\/cursos\/graduacao\/santa-maria\/desenho-industrial\/wp-json\/wp\/v2\/users\/8205"}],"replies":[{"embeddable":true,"href":"https:\/\/www.ufsm.br\/cursos\/graduacao\/santa-maria\/desenho-industrial\/wp-json\/wp\/v2\/comments?post=629"}],"version-history":[{"count":0,"href":"https:\/\/www.ufsm.br\/cursos\/graduacao\/santa-maria\/desenho-industrial\/wp-json\/wp\/v2\/pages\/629\/revisions"}],"wp:attachment":[{"href":"https:\/\/www.ufsm.br\/cursos\/graduacao\/santa-maria\/desenho-industrial\/wp-json\/wp\/v2\/media?parent=629"}],"wp:term":[{"taxonomy":"category","embeddable":true,"href":"https:\/\/www.ufsm.br\/cursos\/graduacao\/santa-maria\/desenho-industrial\/wp-json\/wp\/v2\/categories?post=629"},{"taxonomy":"post_tag","embeddable":true,"href":"https:\/\/www.ufsm.br\/cursos\/graduacao\/santa-maria\/desenho-industrial\/wp-json\/wp\/v2\/tags?post=629"}],"curies":[{"name":"wp","href":"https:\/\/api.w.org\/{rel}","templated":true}]}}