{"id":632,"date":"2025-12-12T07:14:50","date_gmt":"2025-12-12T10:14:50","guid":{"rendered":"https:\/\/www.ufsm.br\/cursos\/graduacao\/santa-maria\/desenho-industrial\/?page_id=632"},"modified":"2025-12-12T07:25:47","modified_gmt":"2025-12-12T10:25:47","slug":"direitos-e-deveres-discentes","status":"publish","type":"page","link":"https:\/\/www.ufsm.br\/cursos\/graduacao\/santa-maria\/desenho-industrial\/direitos-e-deveres-discentes","title":{"rendered":"Direitos e Deveres Discentes"},"content":{"rendered":"\t\t<div data-elementor-type=\"wp-page\" data-elementor-id=\"632\" class=\"elementor elementor-632\">\n\t\t\t\t\t\t<section class=\"elementor-section elementor-top-section elementor-element elementor-element-986dcbf elementor-section-boxed elementor-section-height-default elementor-section-height-default\" data-id=\"986dcbf\" data-element_type=\"section\">\n\t\t\t\t\t\t<div class=\"elementor-container elementor-column-gap-default\">\n\t\t\t\t\t<div class=\"elementor-column elementor-col-66 elementor-top-column elementor-element elementor-element-364b02c\" data-id=\"364b02c\" data-element_type=\"column\">\n\t\t\t<div class=\"elementor-widget-wrap elementor-element-populated\">\n\t\t\t\t\t\t<div class=\"elementor-element elementor-element-00515bb elementor-widget elementor-widget-text-editor\" data-id=\"00515bb\" data-element_type=\"widget\" data-widget_type=\"text-editor.default\">\n\t\t\t\t<div class=\"elementor-widget-container\">\n\t\t\t\t\t\t\t<p><span style=\"font-weight: 400\">Ser estudante da UFSM implica n\u00e3o apenas direitos, mas tamb\u00e9m responsabilidades \u00e9ticas e acad\u00eamicas.<\/span><\/p><p><span style=\"font-weight: 400\">O <\/span><b>C\u00f3digo de \u00c9tica e Conviv\u00eancia Discente<\/b><span style=\"font-weight: 400\"> (Resolu\u00e7\u00e3o UFSM n\u00ba 017\/2018) define normas de conduta, princ\u00edpios de conviv\u00eancia e as san\u00e7\u00f5es aplic\u00e1veis em casos de infra\u00e7\u00e3o, assegurando um ambiente universit\u00e1rio pautado pelo respeito, pela \u00e9tica e pela liberdade.<\/span><\/p><p><span style=\"font-weight: 400\">\u00a0<\/span><\/p><h5><b>DIREITOS<\/b><\/h5><p><span style=\"font-weight: 400\">Os(as) estudantes da UFSM t\u00eam direito a:<\/span><\/p><ul><li style=\"font-weight: 400\"><b>Organiza\u00e7\u00e3o e express\u00e3o:<\/b><span style=\"font-weight: 400\"> livre organiza\u00e7\u00e3o, express\u00e3o e manifesta\u00e7\u00e3o pol\u00edtica, conforme o C\u00f3digo de \u00c9tica e Conviv\u00eancia Discente;<\/span><\/li><li style=\"font-weight: 400\"><b>Participa\u00e7\u00e3o:<\/b><span style=\"font-weight: 400\"> voz e voto nos \u00f3rg\u00e3os colegiados do curso e da Universidade, de acordo com a legisla\u00e7\u00e3o vigente;<\/span><\/li><li style=\"font-weight: 400\"><b>Acompanhamento jur\u00eddico:<\/b><span style=\"font-weight: 400\"> direito de ser assistido(a) por advogado(a) durante processos disciplinares, com presen\u00e7a obrigat\u00f3ria de pais ou respons\u00e1veis no caso de estudantes menores de idade;<\/span><\/li><li style=\"font-weight: 400\"><b>Respeito e dignidade:<\/b><span style=\"font-weight: 400\"> ser tratado(a) com respeito por autoridades, docentes e servidores;<\/span><\/li><li style=\"font-weight: 400\"><b>Igualdade de g\u00eanero:<\/b><span style=\"font-weight: 400\"> usufruir de pol\u00edticas e projetos institucionais voltados \u00e0 promo\u00e7\u00e3o da igualdade de g\u00eanero e ao empoderamento feminino;<\/span><\/li><li style=\"font-weight: 400\"><b>Acesso a servi\u00e7os:<\/b><span style=\"font-weight: 400\"> utilizar os servi\u00e7os e benef\u00edcios oferecidos pela Universidade, incluindo bibliotecas, laborat\u00f3rios, assist\u00eancia estudantil e espa\u00e7os de conviv\u00eancia.<\/span><\/li><\/ul><div>\u00a0<\/div><h5><b>DEVERES<\/b><\/h5><p><span style=\"font-weight: 400\">Entre os deveres do corpo discente, destacam-se:<\/span><\/p><ul><li style=\"font-weight: 400\"><b>Cumprir normas:<\/b><span style=\"font-weight: 400\"> conhecer e respeitar o Regimento Geral da UFSM, o C\u00f3digo de \u00c9tica e Conviv\u00eancia Discente e demais normativas vigentes;<\/span><\/li><li style=\"font-weight: 400\"><b>Respeito e conviv\u00eancia:<\/b><span style=\"font-weight: 400\"> manter conduta \u00e9tica e respeitosa com colegas, professores, servidores e autoridades;<\/span><\/li><li style=\"font-weight: 400\"><b>Assiduidade:<\/b><span style=\"font-weight: 400\"> comparecer pontualmente e de forma regular \u00e0s aulas e atividades acad\u00eamicas;<\/span><\/li><li style=\"font-weight: 400\"><b>Preserva\u00e7\u00e3o do patrim\u00f4nio:<\/b><span style=\"font-weight: 400\"> zelar pelos bens e espa\u00e7os p\u00fablicos da Universidade;<\/span><\/li><li style=\"font-weight: 400\"><b>Verdade e colabora\u00e7\u00e3o:<\/b><span style=\"font-weight: 400\"> expor os fatos com veracidade e colaborar para o esclarecimento de eventuais processos administrativos;<\/span><\/li><li style=\"font-weight: 400\"><b>N\u00e3o discrimina\u00e7\u00e3o:<\/b><span style=\"font-weight: 400\"> abster-se de qualquer forma de viol\u00eancia, opress\u00e3o, intoler\u00e2ncia, incita\u00e7\u00e3o ao \u00f3dio, racismo, xenofobia, <\/span><i><span style=\"font-weight: 400\">bullying<\/span><\/i><span style=\"font-weight: 400\">, <\/span><i><span style=\"font-weight: 400\">cyberbullying<\/span><\/i><span style=\"font-weight: 400\"> ou qualquer tipo de preconceito;<\/span><\/li><li style=\"font-weight: 400\"><b>Propriedade intelectual:<\/b><span style=\"font-weight: 400\"> n\u00e3o utilizar o nome, os s\u00edmbolos ou a propriedade intelectual da UFSM para proveito individual ou lucro.<\/span><\/li><\/ul><div>\u00a0<\/div><div>\u00a0<\/div><p><strong>Refer\u00eancias:<\/strong><\/p><p><a href=\"https:\/\/portal.ufsm.br\/documentos\/download.html?action=arquivosIndexados&amp;id=9979135&amp;download=false\">C\u00f3digo de \u00c9tica e Conviv\u00eancia Discente da UFSM<\/a><span style=\"font-weight: 400\"> \u2014 Resolu\u00e7\u00e3o n\u00ba 017\/2018, de 16 de julho de 2018<\/span><\/p>\t\t\t\t\t\t<\/div>\n\t\t\t\t<\/div>\n\t\t\t\t\t<\/div>\n\t\t<\/div>\n\t\t\t\t<div class=\"elementor-column elementor-col-33 elementor-top-column elementor-element elementor-element-e66fa99\" data-id=\"e66fa99\" data-element_type=\"column\">\n\t\t\t<div class=\"elementor-widget-wrap\">\n\t\t\t\t\t\t\t<\/div>\n\t\t<\/div>\n\t\t\t\t\t<\/div>\n\t\t<\/section>\n\t\t\t\t<\/div>\n\t\t","protected":false},"excerpt":{"rendered":"<p>Ser estudante da UFSM implica n\u00e3o apenas direitos, mas tamb\u00e9m responsabilidades \u00e9ticas e acad\u00eamicas. O C\u00f3digo de \u00c9tica e Conviv\u00eancia Discente (Resolu\u00e7\u00e3o UFSM n\u00ba 017\/2018) define normas de conduta, princ\u00edpios de conviv\u00eancia e as san\u00e7\u00f5es aplic\u00e1veis em casos de infra\u00e7\u00e3o, assegurando um ambiente universit\u00e1rio pautado pelo respeito, pela \u00e9tica e pela liberdade. \u00a0 DIREITOS Os(as) [&hellip;]<\/p>\n","protected":false},"author":8205,"featured_media":0,"parent":0,"menu_order":0,"comment_status":"closed","ping_status":"closed","template":"","meta":{"footnotes":""},"categories":[],"tags":[],"class_list":["post-632","page","type-page","status-publish","hentry"],"acf":[],"_links":{"self":[{"href":"https:\/\/www.ufsm.br\/cursos\/graduacao\/santa-maria\/desenho-industrial\/wp-json\/wp\/v2\/pages\/632","targetHints":{"allow":["GET"]}}],"collection":[{"href":"https:\/\/www.ufsm.br\/cursos\/graduacao\/santa-maria\/desenho-industrial\/wp-json\/wp\/v2\/pages"}],"about":[{"href":"https:\/\/www.ufsm.br\/cursos\/graduacao\/santa-maria\/desenho-industrial\/wp-json\/wp\/v2\/types\/page"}],"author":[{"embeddable":true,"href":"https:\/\/www.ufsm.br\/cursos\/graduacao\/santa-maria\/desenho-industrial\/wp-json\/wp\/v2\/users\/8205"}],"replies":[{"embeddable":true,"href":"https:\/\/www.ufsm.br\/cursos\/graduacao\/santa-maria\/desenho-industrial\/wp-json\/wp\/v2\/comments?post=632"}],"version-history":[{"count":0,"href":"https:\/\/www.ufsm.br\/cursos\/graduacao\/santa-maria\/desenho-industrial\/wp-json\/wp\/v2\/pages\/632\/revisions"}],"wp:attachment":[{"href":"https:\/\/www.ufsm.br\/cursos\/graduacao\/santa-maria\/desenho-industrial\/wp-json\/wp\/v2\/media?parent=632"}],"wp:term":[{"taxonomy":"category","embeddable":true,"href":"https:\/\/www.ufsm.br\/cursos\/graduacao\/santa-maria\/desenho-industrial\/wp-json\/wp\/v2\/categories?post=632"},{"taxonomy":"post_tag","embeddable":true,"href":"https:\/\/www.ufsm.br\/cursos\/graduacao\/santa-maria\/desenho-industrial\/wp-json\/wp\/v2\/tags?post=632"}],"curies":[{"name":"wp","href":"https:\/\/api.w.org\/{rel}","templated":true}]}}