{"id":638,"date":"2025-12-12T07:23:52","date_gmt":"2025-12-12T10:23:52","guid":{"rendered":"https:\/\/www.ufsm.br\/cursos\/graduacao\/santa-maria\/desenho-industrial\/?page_id=638"},"modified":"2025-12-12T07:24:47","modified_gmt":"2025-12-12T10:24:47","slug":"ufsm-estudantes-ambiente-institucional","status":"publish","type":"page","link":"https:\/\/www.ufsm.br\/cursos\/graduacao\/santa-maria\/desenho-industrial\/ufsm-estudantes-ambiente-institucional","title":{"rendered":"UFSM Estudantes \u2014 Ambiente Institucional"},"content":{"rendered":"\t\t<div data-elementor-type=\"wp-page\" data-elementor-id=\"638\" class=\"elementor elementor-638\">\n\t\t\t\t\t\t<section class=\"elementor-section elementor-top-section elementor-element elementor-element-b14e70e elementor-section-boxed elementor-section-height-default elementor-section-height-default\" data-id=\"b14e70e\" data-element_type=\"section\">\n\t\t\t\t\t\t<div class=\"elementor-container elementor-column-gap-default\">\n\t\t\t\t\t<div class=\"elementor-column elementor-col-66 elementor-top-column elementor-element elementor-element-2bb8c95\" data-id=\"2bb8c95\" data-element_type=\"column\">\n\t\t\t<div class=\"elementor-widget-wrap elementor-element-populated\">\n\t\t\t\t\t\t<div class=\"elementor-element elementor-element-78ea59f elementor-widget elementor-widget-text-editor\" data-id=\"78ea59f\" data-element_type=\"widget\" data-widget_type=\"text-editor.default\">\n\t\t\t\t<div class=\"elementor-widget-container\">\n\t\t\t\t\t\t\t<p><span style=\"font-weight: 400\">O portal <\/span><a href=\"https:\/\/www.ufsm.br\/estudantes\"><b>UFSM Estudantes<\/b><\/a><span style=\"font-weight: 400\"> re\u00fane, em um \u00fanico espa\u00e7o, os principais servi\u00e7os, informa\u00e7\u00f5es e utilidades da vida acad\u00eamica. \u00c9 a porta de entrada para sistemas, manuais, editais e calend\u00e1rios \u2014 o primeiro canal de refer\u00eancia para qualquer d\u00favida institucional.<\/span><\/p><p><span style=\"font-weight: 400\">Entre os destaques, est\u00e3o o <\/span><b>Portal Estudantil (SIE)<\/b><span style=\"font-weight: 400\">, para matr\u00edcula, notas, hist\u00f3rico e atestados; o <\/span><b>Moodle<\/b><span style=\"font-weight: 400\">, ambiente virtual de aprendizagem; a <\/span><b>Biblioteca Central<\/b><span style=\"font-weight: 400\">, com acervo f\u00edsico e digital; o acesso \u00e0s <\/span><b>Disciplinas Ofertadas<\/b><span style=\"font-weight: 400\">, ao <\/span><b>Calend\u00e1rio Acad\u00eamico e de Defesas<\/b><span style=\"font-weight: 400\">, aos <\/span><b>Editais do Benef\u00edcio Socioecon\u00f4mico (BSE)<\/b><span style=\"font-weight: 400\">, ao <\/span><b>Guia Acad\u00eamico<\/b><span style=\"font-weight: 400\">, ao <\/span><b>Manual de Sobreviv\u00eancia<\/b><span style=\"font-weight: 400\">, ao <\/span><b>Restaurante Universit\u00e1rio (RU)<\/b><span style=\"font-weight: 400\"> e ao <\/span><b>Ement\u00e1rio das disciplinas<\/b><span style=\"font-weight: 400\">.<\/span><\/p><p><span style=\"font-weight: 400\">O <\/span><a href=\"https:\/\/www.ufsm.br\/manual-de-sobrevivencia-para-estudante\"><b>Manual de Sobreviv\u00eancia para Estudantes da UFSM<\/b><\/a><span style=\"font-weight: 400\"> facilita a chegada dos calouros e a perman\u00eancia dos veteranos, reunindo mapas dos campi, rotas de \u00f4nibus, telefones \u00fateis, orienta\u00e7\u00f5es passo a passo (como obten\u00e7\u00e3o da carteirinha do RU e da ATU) e dicas pr\u00e1ticas sobre o cotidiano universit\u00e1rio.<\/span><\/p>\t\t\t\t\t\t<\/div>\n\t\t\t\t<\/div>\n\t\t\t\t\t<\/div>\n\t\t<\/div>\n\t\t\t\t<div class=\"elementor-column elementor-col-33 elementor-top-column elementor-element elementor-element-5496df7\" data-id=\"5496df7\" data-element_type=\"column\">\n\t\t\t<div class=\"elementor-widget-wrap\">\n\t\t\t\t\t\t\t<\/div>\n\t\t<\/div>\n\t\t\t\t\t<\/div>\n\t\t<\/section>\n\t\t\t\t<\/div>\n\t\t","protected":false},"excerpt":{"rendered":"<p>O portal UFSM Estudantes re\u00fane, em um \u00fanico espa\u00e7o, os principais servi\u00e7os, informa\u00e7\u00f5es e utilidades da vida acad\u00eamica. \u00c9 a porta de entrada para sistemas, manuais, editais e calend\u00e1rios \u2014 o primeiro canal de refer\u00eancia para qualquer d\u00favida institucional. Entre os destaques, est\u00e3o o Portal Estudantil (SIE), para matr\u00edcula, notas, hist\u00f3rico e atestados; o Moodle, [&hellip;]<\/p>\n","protected":false},"author":8205,"featured_media":0,"parent":0,"menu_order":0,"comment_status":"closed","ping_status":"closed","template":"","meta":{"footnotes":""},"categories":[],"tags":[],"class_list":["post-638","page","type-page","status-publish","hentry"],"acf":[],"_links":{"self":[{"href":"https:\/\/www.ufsm.br\/cursos\/graduacao\/santa-maria\/desenho-industrial\/wp-json\/wp\/v2\/pages\/638","targetHints":{"allow":["GET"]}}],"collection":[{"href":"https:\/\/www.ufsm.br\/cursos\/graduacao\/santa-maria\/desenho-industrial\/wp-json\/wp\/v2\/pages"}],"about":[{"href":"https:\/\/www.ufsm.br\/cursos\/graduacao\/santa-maria\/desenho-industrial\/wp-json\/wp\/v2\/types\/page"}],"author":[{"embeddable":true,"href":"https:\/\/www.ufsm.br\/cursos\/graduacao\/santa-maria\/desenho-industrial\/wp-json\/wp\/v2\/users\/8205"}],"replies":[{"embeddable":true,"href":"https:\/\/www.ufsm.br\/cursos\/graduacao\/santa-maria\/desenho-industrial\/wp-json\/wp\/v2\/comments?post=638"}],"version-history":[{"count":0,"href":"https:\/\/www.ufsm.br\/cursos\/graduacao\/santa-maria\/desenho-industrial\/wp-json\/wp\/v2\/pages\/638\/revisions"}],"wp:attachment":[{"href":"https:\/\/www.ufsm.br\/cursos\/graduacao\/santa-maria\/desenho-industrial\/wp-json\/wp\/v2\/media?parent=638"}],"wp:term":[{"taxonomy":"category","embeddable":true,"href":"https:\/\/www.ufsm.br\/cursos\/graduacao\/santa-maria\/desenho-industrial\/wp-json\/wp\/v2\/categories?post=638"},{"taxonomy":"post_tag","embeddable":true,"href":"https:\/\/www.ufsm.br\/cursos\/graduacao\/santa-maria\/desenho-industrial\/wp-json\/wp\/v2\/tags?post=638"}],"curies":[{"name":"wp","href":"https:\/\/api.w.org\/{rel}","templated":true}]}}